{"id":5269,"date":"2022-08-08T20:48:53","date_gmt":"2022-08-08T20:48:53","guid":{"rendered":"https:\/\/www.sunkaraoke.hu\/index.php\/termek\/marta-joco-o-jo-anyam\/"},"modified":"2026-01-06T10:39:12","modified_gmt":"2026-01-06T08:39:12","slug":"marta-joco-o-jo-anyam","status":"publish","type":"product","link":"https:\/\/www.sunkaraoke.hu\/index.php\/termek\/marta-joco-o-jo-anyam\/","title":{"rendered":"<div class=\"wcmp-player-container product-5269\"><audio controlslist=\"nodownload\" data-product=\"5269\"  volume=\"1\"  preload=\"none\" data-lazyloading=\"none\" class=\"wcmp-player track mejs-classic\" data-duration=\"0:32\" data-estimated_duration=\"4\"><source src=\"https:\/\/www.sunkaraoke.hu\/wp-content\/uploads\/2022\/08\/O-jo-anyam-Marta_demo.mp3\" type=\"audio\/mp3\" \/><\/audio><\/div>M\u00e1rta Joc\u00f3 &#8211; \u00d3 j\u00f3 any\u00e1m (Original)"},"content":{"rendered":"<p><strong>03:20<\/strong> | <strong><img loading=\"lazy\" decoding=\"async\" class=\"alignnone size-full wp-image-467\" src=\"https:\/\/www.sunkaraoke.hu\/wp-content\/uploads\/2022\/07\/choir_2-copy.webp\" alt=\"\" width=\"30\" height=\"30\" \/> <\/strong><\/p>\n","protected":false},"excerpt":{"rendered":"<h5>Bits\u0171r\u0171s\u00e9g: 320 kb\/s<br \/>\nHossz: 03:20<br \/>\nVok\u00e1lt tartalmaz: Nem <img loading=\"lazy\" decoding=\"async\" class=\"alignnone size-full wp-image-467\" src=\"http:\/\/www.sunkaraoke.hu\/wp-content\/uploads\/2022\/07\/choir_2-copy.png\" alt=\"\" width=\"30\" height=\"30\" \/><strong style=\"font-size: 16px;\"><br \/>\n<\/strong><\/h5>\n<p>&#8212;Intro&#8212;<\/p>\n<p>Valamit elmondan\u00e9k \u00e9n neked,<br \/>\n\u00c1ldjon meg a j\u00f3 Isten t\u00e9gedet.<br \/>\nK\u00f6sz\u00f6n\u00f6m hogy mindig mellettem volt\u00e1l.<br \/>\nHa beteg voltam, te \u00e1polt\u00e1l.<\/p>\n<p>Nem voltam soha, egy j\u00f3 gyerek,<br \/>\nAnnyi b\u00e1natot okoztam \u00e9n neked.<br \/>\nA bajban mindig \u00e9rtem ki\u00e1llt\u00e1l.<br \/>\nAz eg\u00e9szs\u00e9gemre vigy\u00e1zt\u00e1l.<\/p>\n<p>\u00d3 j\u00f3 any\u00e1m, ne s\u00edrj k\u00e9rlek,<br \/>\nNem oldanak meg semmit a k\u00f6nnyek.<br \/>\nSok boldogs\u00e1got k\u00edv\u00e1nok n\u00e9ked,<br \/>\nSz\u00e1m\u00edthatsz r\u00e1m, am\u00edg csak \u00e9lek.<\/p>\n<p>J\u00f3 any\u00e1m, ne s\u00edrj k\u00e9rlek,<br \/>\nNem oldanak meg semmit a k\u00f6nnyek.<br \/>\nLegyen hossz\u00fa, boldog az \u00e9leted,<br \/>\nEzt sz\u00edvb\u0151l k\u00edv\u00e1nom neked.<\/p>\n<p>&#8212;Solo&#8212;<\/p>\n<p>Megb\u00e1ntottalak, bocs\u00e1natot k\u00e9rek,<br \/>\nH\u00e1l\u00e1s vagyok m\u00e9g mindig az \u00e9gnek.<br \/>\nAranyba \u00f6lt\u00f6ztetem az \u00e9leted,<br \/>\nMegcs\u00f3kolom a k\u00e9t kezed.<\/p>\n<p>Megtan\u00edtott\u00e1l szeretni,<br \/>\nHa b\u00e1nat \u00e9r, akkor is csak nevetni.<br \/>\nK\u00f6sz\u00f6n\u00f6m hogy mindig mellettem volt\u00e1l.<br \/>\nHa beteg voltam, te \u00e1polt\u00e1l.<\/p>\n<p>\u00d3 j\u00f3 any\u00e1m, ne s\u00edrj k\u00e9rlek,<br \/>\nNem oldanak meg semmit a k\u00f6nnyek.<br \/>\nSok boldogs\u00e1got k\u00edv\u00e1nok n\u00e9ked,<br \/>\nSz\u00e1m\u00edthatsz r\u00e1m, am\u00edg csak \u00e9lek.<\/p>\n<p>J\u00f3 any\u00e1m, ne s\u00edrj k\u00e9rlek,<br \/>\nNem oldanak meg semmit a k\u00f6nnyek.<br \/>\nLegyen hossz\u00fa, boldog az \u00e9leted,<br \/>\nEzt sz\u00edvb\u0151l k\u00edv\u00e1nom neked.<\/p>\n<p>&#8212;Solo&#8212;<\/p>\n<p>\u00d3 j\u00f3 any\u00e1m, ne s\u00edrj k\u00e9rlek,<br \/>\nNem oldanak meg semmit a k\u00f6nnyek.<br \/>\nSok boldogs\u00e1got k\u00edv\u00e1nok n\u00e9ked,<br \/>\nSz\u00e1m\u00edthatsz r\u00e1m, am\u00edg csak \u00e9lek.<\/p>\n<p>J\u00f3 any\u00e1m, ne s\u00edrj k\u00e9rlek,<br \/>\nNem oldanak meg semmit a k\u00f6nnyek.<br \/>\nSok boldogs\u00e1got k\u00edv\u00e1nok n\u00e9ked,<br \/>\nSz\u00e1m\u00edthatsz r\u00e1m, am\u00edg csak \u00e9lek.<\/p>\n<p>J\u00f3 any\u00e1m, ne s\u00edrj k\u00e9rlek,<br \/>\nNem oldanak meg semmit a k\u00f6nnyek.<br \/>\nLegyen hossz\u00fa, boldog az \u00e9leted,<br \/>\nEzt sz\u00edvb\u0151l k\u00edv\u00e1nom neked.<\/p>\n","protected":false},"featured_media":8752,"template":"","meta":{"site-sidebar-layout":"default","site-content-layout":"default","ast-site-content-layout":"default","site-content-style":"default","site-sidebar-style":"default","ast-global-header-display":"","ast-banner-title-visibility":"","ast-main-header-display":"","ast-hfb-above-header-display":"","ast-hfb-below-header-display":"","ast-hfb-mobile-header-display":"","site-post-title":"","ast-breadcrumbs-content":"","ast-featured-img":"","footer-sml-layout":"","theme-transparent-header-meta":"default","adv-header-id-meta":"","stick-header-meta":"","header-above-stick-meta":"","header-main-stick-meta":"","header-below-stick-meta":"","astra-migrate-meta-layouts":"set","ast-page-background-enabled":"default","ast-page-background-meta":{"desktop":{"background-color":"var(--ast-global-color-4)","background-image":"","background-repeat":"repeat","background-position":"center center","background-size":"auto","background-attachment":"scroll","background-type":"","background-media":"","overlay-type":"","overlay-color":"","overlay-opacity":"","overlay-gradient":""},"tablet":{"background-color":"","background-image":"","background-repeat":"repeat","background-position":"center center","background-size":"auto","background-attachment":"scroll","background-type":"","background-media":"","overlay-type":"","overlay-color":"","overlay-opacity":"","overlay-gradient":""},"mobile":{"background-color":"","background-image":"","background-repeat":"repeat","background-position":"center center","background-size":"auto","background-attachment":"scroll","background-type":"","background-media":"","overlay-type":"","overlay-color":"","overlay-opacity":"","overlay-gradient":""}},"ast-content-background-meta":{"desktop":{"background-color":"var(--ast-global-color-5)","background-image":"","background-repeat":"repeat","background-position":"center center","background-size":"auto","background-attachment":"scroll","background-type":"","background-media":"","overlay-type":"","overlay-color":"","overlay-opacity":"","overlay-gradient":""},"tablet":{"background-color":"var(--ast-global-color-5)","background-image":"","background-repeat":"repeat","background-position":"center center","background-size":"auto","background-attachment":"scroll","background-type":"","background-media":"","overlay-type":"","overlay-color":"","overlay-opacity":"","overlay-gradient":""},"mobile":{"background-color":"var(--ast-global-color-5)","background-image":"","background-repeat":"repeat","background-position":"center center","background-size":"auto","background-attachment":"scroll","background-type":"","background-media":"","overlay-type":"","overlay-color":"","overlay-opacity":"","overlay-gradient":""}}},"product_cat":[46],"product_tag":[],"class_list":["post-5269","product","type-product","status-publish","has-post-thumbnail","hentry","product_cat-eredeti-karaoke-dalok","desktop-align-left","tablet-align-left","mobile-align-left"],"_links":{"self":[{"href":"https:\/\/www.sunkaraoke.hu\/index.php\/wp-json\/wp\/v2\/product\/5269","targetHints":{"allow":["GET"]}}],"collection":[{"href":"https:\/\/www.sunkaraoke.hu\/index.php\/wp-json\/wp\/v2\/product"}],"about":[{"href":"https:\/\/www.sunkaraoke.hu\/index.php\/wp-json\/wp\/v2\/types\/product"}],"wp:featuredmedia":[{"embeddable":true,"href":"https:\/\/www.sunkaraoke.hu\/index.php\/wp-json\/wp\/v2\/media\/8752"}],"wp:attachment":[{"href":"https:\/\/www.sunkaraoke.hu\/index.php\/wp-json\/wp\/v2\/media?parent=5269"}],"wp:term":[{"taxonomy":"product_cat","embeddable":true,"href":"https:\/\/www.sunkaraoke.hu\/index.php\/wp-json\/wp\/v2\/product_cat?post=5269"},{"taxonomy":"product_tag","embeddable":true,"href":"https:\/\/www.sunkaraoke.hu\/index.php\/wp-json\/wp\/v2\/product_tag?post=5269"}],"curies":[{"name":"wp","href":"https:\/\/api.w.org\/{rel}","templated":true}]}}