{"id":5206,"date":"2022-08-08T20:48:47","date_gmt":"2022-08-08T20:48:47","guid":{"rendered":"https:\/\/www.sunkaraoke.hu\/index.php\/termek\/matyi-es-a-hegedus-mozdonyszoke-az-en-babam\/"},"modified":"2026-01-06T10:39:13","modified_gmt":"2026-01-06T08:39:13","slug":"matyi-es-a-hegedus-mozdonyszoke-az-en-babam","status":"publish","type":"product","link":"https:\/\/www.sunkaraoke.hu\/index.php\/termek\/matyi-es-a-hegedus-mozdonyszoke-az-en-babam\/","title":{"rendered":"<div class=\"wcmp-player-container product-5206\"><audio controlslist=\"nodownload\" data-product=\"5206\"  volume=\"1\"  preload=\"none\" data-lazyloading=\"none\" class=\"wcmp-player track mejs-classic\" ><source src=\"https:\/\/www.sunkaraoke.hu\/wp-content\/uploads\/wcmp\/06e6cbe621ba15034dc991ee1359a216.mp3\" type=\"audio\/mp3\" \/><\/audio><\/div>Matyi \u00e9s a heged\u00fbs &#8211; Mozdonysz\u00f5ke az \u00e9n bab\u00e1m"},"content":{"rendered":"<p><strong>03:01<\/strong> | <strong><img loading=\"lazy\" decoding=\"async\" class=\"alignnone size-full wp-image-467\" src=\"https:\/\/www.sunkaraoke.hu\/wp-content\/uploads\/2022\/07\/choir_2-copy.webp\" alt=\"\" width=\"30\" height=\"30\" \/> <\/p>\n","protected":false},"excerpt":{"rendered":"<p><strong>Bits\u0171r\u0171s\u00e9g: <\/strong>196kb\/s<strong><br \/>\n<\/strong><strong>Hossz: <\/strong>03:01<strong><br \/>\n<\/strong><strong style=\"font-size: 16px;\">Vok\u00e1lt tartalmaz: <\/strong>Nem <img loading=\"lazy\" decoding=\"async\" class=\"alignnone size-full wp-image-467\" src=\"http:\/\/www.sunkaraoke.hu\/wp-content\/uploads\/2022\/07\/choir_2-copy.png\" alt=\"\" width=\"30\" height=\"30\" \/><strong style=\"font-size: 16px;\"><br \/>\n<\/strong><\/p>\n<p>&nbsp;<\/p>\n<p>&#8212;Intr\u00f3&#8212;<br \/>\nMozdony sz\u0151ke az \u00e9n r\u00f3zs\u00e1m a S\u00e1ra,<br \/>\nnincsen n\u00e1la szebb asszony a vil\u00e1gban.<br \/>\nHa lefekszik a h\u00f3feh\u00e9r \u00e1gy\u00e1ba,<br \/>\nH\u00f3feh\u00e9rke H\u00f3feh\u00e9rke sem j\u00f6het a nyom\u00e1ba.<br \/>\nHa lefekszik a h\u00f3feh\u00e9r \u00e1gy\u00e1ba,<br \/>\nH\u00f3feh\u00e9rke H\u00f3feh\u00e9rke sem j\u00f6het a nyom\u00e1ba.<br \/>\n&#8212;Sz\u00f3l\u00f3&#8212;<br \/>\nMozdony sz\u0151ke az \u00e9n r\u00f3zs\u00e1m a S\u00e1ra,<br \/>\nb\u00fcszke r\u00e1, hogy a nev\u00e9nek nincs p\u00e1rja.<br \/>\nMozdony sz\u0151ke a vil\u00e1gon m\u00e9g egy nincs,<br \/>\na r\u00f3zs\u00e1mnak, a r\u00f3zs\u00e1mnak sz\u0151kes\u00e9ge dr\u00e1ga kincs.<br \/>\nMozdony sz\u0151ke a vil\u00e1gon m\u00e9g egy nincs,<br \/>\na r\u00f3zs\u00e1mnak, a r\u00f3zs\u00e1mnak sz\u0151kes\u00e9ge dr\u00e1ga kincs.<br \/>\n&#8212;Sz\u00f3l\u00f3&#8212;<br \/>\nKisz\u0151k\u00fclt a feles\u00e9gem a dr\u00e1ga,<br \/>\nalul, fel\u00fcl p\u00faderes a pof\u00e1ja.<br \/>\nH\u00e1rom h\u00e9tig sztr\u00e1jkolhat a feneke,<br \/>\nhogy a rosseb hogy a rosseb enn\u00e9 meg a fest\u00e9ket.<br \/>\nH\u00e1rom h\u00e9tig sztr\u00e1jkolhat a feneke,<br \/>\nhogy a rosseb hogy a rosseb enn\u00e9 meg a fest\u00e9ket.<br \/>\n&#8212;Sz\u00f3l\u00f3&#8212;<br \/>\nMozdony sz\u0151ke a vil\u00e1gon m\u00e9g egy nincs,<br \/>\na r\u00f3zs\u00e1mnak a r\u00f3zs\u00e1mnak sz\u0151kes\u00e9ge dr\u00e1ga kincs.<br \/>\nMozdony sz\u0151ke a vil\u00e1gon m\u00e9g egy nincs,<br \/>\na r\u00f3zs\u00e1mnak a r\u00f3zs\u00e1mnak sz\u0151kes\u00e9ge dr\u00e1ga kincs.<br \/>\n&#8212;V\u00e9ge&#8212; <\/p>\n","protected":false},"featured_media":9296,"template":"","meta":{"site-sidebar-layout":"default","site-content-layout":"default","ast-site-content-layout":"","site-content-style":"default","site-sidebar-style":"default","ast-global-header-display":"","ast-banner-title-visibility":"","ast-main-header-display":"","ast-hfb-above-header-display":"","ast-hfb-below-header-display":"","ast-hfb-mobile-header-display":"","site-post-title":"","ast-breadcrumbs-content":"","ast-featured-img":"","footer-sml-layout":"","theme-transparent-header-meta":"default","adv-header-id-meta":"","stick-header-meta":"","header-above-stick-meta":"","header-main-stick-meta":"","header-below-stick-meta":"","astra-migrate-meta-layouts":"default","ast-page-background-enabled":"default","ast-page-background-meta":{"desktop":{"background-color":"var(--ast-global-color-4)","background-image":"","background-repeat":"repeat","background-position":"center center","background-size":"auto","background-attachment":"scroll","background-type":"","background-media":"","overlay-type":"","overlay-color":"","overlay-opacity":"","overlay-gradient":""},"tablet":{"background-color":"","background-image":"","background-repeat":"repeat","background-position":"center center","background-size":"auto","background-attachment":"scroll","background-type":"","background-media":"","overlay-type":"","overlay-color":"","overlay-opacity":"","overlay-gradient":""},"mobile":{"background-color":"","background-image":"","background-repeat":"repeat","background-position":"center center","background-size":"auto","background-attachment":"scroll","background-type":"","background-media":"","overlay-type":"","overlay-color":"","overlay-opacity":"","overlay-gradient":""}},"ast-content-background-meta":{"desktop":{"background-color":"var(--ast-global-color-5)","background-image":"","background-repeat":"repeat","background-position":"center center","background-size":"auto","background-attachment":"scroll","background-type":"","background-media":"","overlay-type":"","overlay-color":"","overlay-opacity":"","overlay-gradient":""},"tablet":{"background-color":"var(--ast-global-color-5)","background-image":"","background-repeat":"repeat","background-position":"center center","background-size":"auto","background-attachment":"scroll","background-type":"","background-media":"","overlay-type":"","overlay-color":"","overlay-opacity":"","overlay-gradient":""},"mobile":{"background-color":"var(--ast-global-color-5)","background-image":"","background-repeat":"repeat","background-position":"center center","background-size":"auto","background-attachment":"scroll","background-type":"","background-media":"","overlay-type":"","overlay-color":"","overlay-opacity":"","overlay-gradient":""}}},"product_cat":[48],"product_tag":[],"class_list":["post-5206","product","type-product","status-publish","has-post-thumbnail","hentry","product_cat-sunkaraoke-dalok","desktop-align-left","tablet-align-left","mobile-align-left"],"_links":{"self":[{"href":"https:\/\/www.sunkaraoke.hu\/index.php\/wp-json\/wp\/v2\/product\/5206","targetHints":{"allow":["GET"]}}],"collection":[{"href":"https:\/\/www.sunkaraoke.hu\/index.php\/wp-json\/wp\/v2\/product"}],"about":[{"href":"https:\/\/www.sunkaraoke.hu\/index.php\/wp-json\/wp\/v2\/types\/product"}],"wp:featuredmedia":[{"embeddable":true,"href":"https:\/\/www.sunkaraoke.hu\/index.php\/wp-json\/wp\/v2\/media\/9296"}],"wp:attachment":[{"href":"https:\/\/www.sunkaraoke.hu\/index.php\/wp-json\/wp\/v2\/media?parent=5206"}],"wp:term":[{"taxonomy":"product_cat","embeddable":true,"href":"https:\/\/www.sunkaraoke.hu\/index.php\/wp-json\/wp\/v2\/product_cat?post=5206"},{"taxonomy":"product_tag","embeddable":true,"href":"https:\/\/www.sunkaraoke.hu\/index.php\/wp-json\/wp\/v2\/product_tag?post=5206"}],"curies":[{"name":"wp","href":"https:\/\/api.w.org\/{rel}","templated":true}]}}