{"id":5204,"date":"2022-08-08T20:48:46","date_gmt":"2022-08-08T20:48:46","guid":{"rendered":"https:\/\/www.sunkaraoke.hu\/index.php\/termek\/loretta-elfujta-a-szel\/"},"modified":"2025-04-12T07:18:18","modified_gmt":"2025-04-12T07:18:18","slug":"loretta-elfujta-a-szel","status":"publish","type":"product","link":"https:\/\/www.sunkaraoke.hu\/index.php\/termek\/loretta-elfujta-a-szel\/","title":{"rendered":"<div class=\"wcmp-player-container product-5204\"><audio controlslist=\"nodownload\" data-product=\"5204\"  volume=\"1\"  preload=\"none\" data-lazyloading=\"none\" class=\"wcmp-player track mejs-classic\" data-duration=\"0:37\" data-estimated_duration=\"4\"><source src=\"https:\/\/www.sunkaraoke.hu\/wp-content\/uploads\/2022\/08\/Elfujta-a-szel-Orig-Loretta-SB.-kdemoo.mp3\" type=\"audio\/mp3\" \/><\/audio><\/div>Loretta &#8211; Elf\u00fajta a sz\u00e9l (Original)"},"content":{"rendered":"<p><strong>03:23<\/strong> | <strong><img loading=\"lazy\" decoding=\"async\" class=\"alignnone size-full wp-image-467\" src=\"https:\/\/www.sunkaraoke.hu\/wp-content\/uploads\/2022\/07\/choir_2-copy.webp\" alt=\"\" width=\"30\" height=\"30\" \/> <\/strong><\/p>\n","protected":false},"excerpt":{"rendered":"<h6><strong>Bits\u0171r\u0171s\u00e9g: 320<\/strong>kb\/s<strong><br \/>\n<\/strong><strong>Hossz: <\/strong>03:23<strong><br \/>\n<\/strong><strong style=\"font-size: 16px;\">Vok\u00e1lt tartalmaz: <\/strong>Nem <img loading=\"lazy\" decoding=\"async\" class=\"alignnone size-full wp-image-467\" src=\"http:\/\/www.sunkaraoke.hu\/wp-content\/uploads\/2022\/07\/choir_2-copy.png\" alt=\"\" width=\"30\" height=\"30\" \/><strong style=\"font-size: 16px;\"><br \/>\n<\/strong><\/h6>\n<p>Sunkaraoke mp3 st\u00fadi\u00f3 \/ www.sunkaraoke.hu \/ Inf: Tel: 06 20 4275001<\/p>\n<p>&#8212;Intr\u00f3&#8212;<br \/>\nElf\u00fajta a sz\u00e9l az \u00e9n b\u00e1natom,<br \/>\nmostm\u00e1r csak a sz\u00edvemre hallgatok,<br \/>\nazt hitted hogy csak te vagy \u00e9s senki m\u00e1s,<br \/>\nnagyon nagyon t\u00e9vedt\u00e9l kisbab\u00e1m.<br \/>\nRafin\u00e1ltan j\u00e1tszottad a fejedet,<br \/>\nm\u00e1t\u00f3l kezdve tudjad a te helyedet,<br \/>\nhova tettem eddig \u00e9n az eszemet,<br \/>\nholnap elfelejtem a te nevedet.<br \/>\n&#8212;Sz\u00f3l\u00f3&#8212;<br \/>\nEngem v\u00e1r a vil\u00e1g, k\u00e9rlek hogy most figyelj r\u00e1m,<br \/>\ntudnod kell hogy szeretlek, mert szabadnak sz\u00fclettem,<br \/>\nelmegyek \u00e9n t\u0151led tov\u00e1bb \u00f6r\u00f6kre.<br \/>\nNe tarts vissza hadd menjek, \u00edgy \u00e9lem az \u00e9letem,<br \/>\nelmegyek \u00e9n messze innen , de nem teveled.<br \/>\nElf\u00fajta a sz\u00e9l az \u00e9n b\u00e1natom,<br \/>\nmostm\u00e1r csak a sz\u00edvemre hallgatok,<br \/>\nazt hitted hogy csak te vagy \u00e9s senki m\u00e1s,<br \/>\nnagyon nagyon t\u00e9vedt\u00e9l kisbab\u00e1m.<br \/>\nRafin\u00e1ltan j\u00e1tszottad a fejedet,<br \/>\nm\u00e1t\u00f3l kezdve tudjad a te helyedet,<br \/>\nhova tettem eddig \u00e9n az eszemet,<br \/>\nholnap elfelejtem a te nevedet.<br \/>\n&#8212;Sz\u00f3l\u00f3&#8212;<br \/>\nHagyj\u00e1l \u00e9lni engem, \u00e9rtsd meg m\u00e1r nem szeretlek,<br \/>\ncsal\u00f3dtam \u00e9n tebenned, f\u00e1jd\u00edtod a sz\u00edvemet,<br \/>\nm\u00e1shoz megyek, te m\u00e1r nekem nem kellesz.<br \/>\nLegy\u00e9l boldog n\u00e9lk\u00fclem, csak legyen ki elvisel,<br \/>\nminden j\u00f3t imm\u00e1ron, bye bye \u00e9g veled.<br \/>\nElf\u00fajta a sz\u00e9l az \u00e9n b\u00e1natom,<br \/>\nmostm\u00e1r csak a sz\u00edvemre hallgatok,<br \/>\nazt hitted hogy csak te vagy \u00e9s senki m\u00e1s,<br \/>\nnagyon nagyon t\u00e9vedt\u00e9l kisbab\u00e1m.<br \/>\nRafin\u00e1ltan j\u00e1tszottad a fejedet,<br \/>\nm\u00e1t\u00f3l kezdve tudjad a te helyedet,<br \/>\nhova tettem eddig \u00e9n az eszemet,<br \/>\nholnap elfelejtem a te nevedet.<br \/>\n&#8212;Sz\u00f3l\u00f3&#8212;<br \/>\nElf\u00fajta a sz\u00e9l az \u00e9n b\u00e1natom,<br \/>\nmostm\u00e1r csak a sz\u00edvemre hallgatok,<br \/>\nazt hitted hogy csak te vagy \u00e9s senki m\u00e1s,<br \/>\nnagyon nagyon t\u00e9vedt\u00e9l kisbab\u00e1m.<br \/>\nRafin\u00e1ltan j\u00e1tszottad a fejedet,<br \/>\nm\u00e1t\u00f3l kezdve tudjad a te helyedet,<br \/>\nhova tettem eddig \u00e9n az eszemet,<br \/>\nholnap elfelejtem a te nevedet.<br \/>\n&#8212;V\u00e9ge&#8212;<\/p>\n","protected":false},"featured_media":8735,"template":"","meta":{"site-sidebar-layout":"default","site-content-layout":"default","ast-site-content-layout":"default","site-content-style":"default","site-sidebar-style":"default","ast-global-header-display":"","ast-banner-title-visibility":"","ast-main-header-display":"","ast-hfb-above-header-display":"","ast-hfb-below-header-display":"","ast-hfb-mobile-header-display":"","site-post-title":"","ast-breadcrumbs-content":"","ast-featured-img":"","footer-sml-layout":"","theme-transparent-header-meta":"default","adv-header-id-meta":"","stick-header-meta":"","header-above-stick-meta":"","header-main-stick-meta":"","header-below-stick-meta":"","astra-migrate-meta-layouts":"set","ast-page-background-enabled":"default","ast-page-background-meta":{"desktop":{"background-color":"var(--ast-global-color-4)","background-image":"","background-repeat":"repeat","background-position":"center center","background-size":"auto","background-attachment":"scroll","background-type":"","background-media":"","overlay-type":"","overlay-color":"","overlay-opacity":"","overlay-gradient":""},"tablet":{"background-color":"","background-image":"","background-repeat":"repeat","background-position":"center center","background-size":"auto","background-attachment":"scroll","background-type":"","background-media":"","overlay-type":"","overlay-color":"","overlay-opacity":"","overlay-gradient":""},"mobile":{"background-color":"","background-image":"","background-repeat":"repeat","background-position":"center center","background-size":"auto","background-attachment":"scroll","background-type":"","background-media":"","overlay-type":"","overlay-color":"","overlay-opacity":"","overlay-gradient":""}},"ast-content-background-meta":{"desktop":{"background-color":"var(--ast-global-color-5)","background-image":"","background-repeat":"repeat","background-position":"center center","background-size":"auto","background-attachment":"scroll","background-type":"","background-media":"","overlay-type":"","overlay-color":"","overlay-opacity":"","overlay-gradient":""},"tablet":{"background-color":"var(--ast-global-color-5)","background-image":"","background-repeat":"repeat","background-position":"center center","background-size":"auto","background-attachment":"scroll","background-type":"","background-media":"","overlay-type":"","overlay-color":"","overlay-opacity":"","overlay-gradient":""},"mobile":{"background-color":"var(--ast-global-color-5)","background-image":"","background-repeat":"repeat","background-position":"center center","background-size":"auto","background-attachment":"scroll","background-type":"","background-media":"","overlay-type":"","overlay-color":"","overlay-opacity":"","overlay-gradient":""}}},"product_cat":[48],"product_tag":[],"class_list":["post-5204","product","type-product","status-publish","has-post-thumbnail","hentry","product_cat-sunkaraoke-dalok","desktop-align-left","tablet-align-left","mobile-align-left"],"_links":{"self":[{"href":"https:\/\/www.sunkaraoke.hu\/index.php\/wp-json\/wp\/v2\/product\/5204","targetHints":{"allow":["GET"]}}],"collection":[{"href":"https:\/\/www.sunkaraoke.hu\/index.php\/wp-json\/wp\/v2\/product"}],"about":[{"href":"https:\/\/www.sunkaraoke.hu\/index.php\/wp-json\/wp\/v2\/types\/product"}],"wp:featuredmedia":[{"embeddable":true,"href":"https:\/\/www.sunkaraoke.hu\/index.php\/wp-json\/wp\/v2\/media\/8735"}],"wp:attachment":[{"href":"https:\/\/www.sunkaraoke.hu\/index.php\/wp-json\/wp\/v2\/media?parent=5204"}],"wp:term":[{"taxonomy":"product_cat","embeddable":true,"href":"https:\/\/www.sunkaraoke.hu\/index.php\/wp-json\/wp\/v2\/product_cat?post=5204"},{"taxonomy":"product_tag","embeddable":true,"href":"https:\/\/www.sunkaraoke.hu\/index.php\/wp-json\/wp\/v2\/product_tag?post=5204"}],"curies":[{"name":"wp","href":"https:\/\/api.w.org\/{rel}","templated":true}]}}