{"id":5203,"date":"2022-08-08T20:48:46","date_gmt":"2022-08-08T20:48:46","guid":{"rendered":"https:\/\/www.sunkaraoke.hu\/index.php\/termek\/bodi-guszti-es-a-feketeszemek-kire-csillog-a-szemed-2017-remix-transzp-v\/"},"modified":"2025-09-14T06:01:19","modified_gmt":"2025-09-14T04:01:19","slug":"bodi-guszti-es-a-feketeszemek-kire-csillog-a-szemed-2017-remix-transzp-v","status":"publish","type":"product","link":"https:\/\/www.sunkaraoke.hu\/index.php\/termek\/bodi-guszti-es-a-feketeszemek-kire-csillog-a-szemed-2017-remix-transzp-v\/","title":{"rendered":"<div class=\"wcmp-player-container product-5203\"><audio controlslist=\"nodownload\" data-product=\"5203\"  volume=\"1\"  preload=\"none\" data-lazyloading=\"none\" class=\"wcmp-player track mejs-classic\" data-duration=\"0:30\" data-estimated_duration=\"3\"><source src=\"https:\/\/www.sunkaraoke.hu\/wp-content\/uploads\/2022\/08\/Kire-csillog-2017.-Remix-Transz-SB.-_demo.mp3\" type=\"audio\/mp3\" \/><\/audio><\/div>B\u00f3di Guszti \u00e9s a Feketeszemek &#8211; Kire csillog a szemed 2017. Remix."},"content":{"rendered":"<p><strong>03:26<\/strong> | <strong><img loading=\"lazy\" decoding=\"async\" class=\"alignnone size-full wp-image-467\" src=\"https:\/\/www.sunkaraoke.hu\/wp-content\/uploads\/2022\/07\/choir_2-copy.webp\" alt=\"\" width=\"30\" height=\"30\" \/> <strong> | <img loading=\"lazy\" decoding=\"async\" class=\"alignnone size-full wp-image-613\" src=\"https:\/\/www.sunkaraoke.hu\/wp-content\/uploads\/2022\/07\/transzponalas.webp\" alt=\"\" width=\"30\" height=\"30\" \/>\u00a0 + 3<\/strong><\/strong><\/p>\n","protected":false},"excerpt":{"rendered":"<h5><strong>Bits\u0171r\u0171s\u00e9g: 320 kb\/s<\/strong><br \/>\n<strong>Hossz: 03:26<\/strong><br \/>\n<strong>Vok\u00e1lt tartalmaz: Nem <img loading=\"lazy\" decoding=\"async\" class=\"alignnone size-full wp-image-467\" src=\"http:\/\/www.sunkaraoke.hu\/wp-content\/uploads\/2022\/07\/choir_2-copy.png\" alt=\"\" width=\"30\" height=\"30\" \/><\/strong><\/h5>\n<h5><strong>Transzpon\u00e1l\u00e1s: <img decoding=\"async\" src=\"http:\/\/www.sunkaraoke.hu\/wp-content\/uploads\/2022\/07\/transzponalas.png\" \/> +3<\/strong><\/h5>\n<h5><\/h5>\n<p>&#8212;Intr\u00f3&#8212;<br \/>\nK\u00f6nnycsepp a szememben,<br \/>\nszerelem a sz\u00edvemben.<br \/>\nAmikor r\u00e1d gondolok,<br \/>\nszemeimb\u0151l a k\u00f6nny csorog.<br \/>\nSzeretn\u00e9lek elfeledni,<br \/>\nde tudom Devla nem lehet.<br \/>\nF\u00e9lt\u00e9kenny\u00e9 tetted a sz\u00edvem,<br \/>\nelfeledni t\u00e9ged nem lehet.<\/p>\n<p>Kire csillog a szemed,<br \/>\nkinek mondod szeretlek?<br \/>\nMost hol keresselek,\u00f3h szerelem?<br \/>\nKire csillog a szemed,<br \/>\nkinek mondod szeretlek?<br \/>\nMost hol keresselek,\u00f3h szerelem?<\/p>\n<p>Elrep\u00fcln\u00e9k veled messze,<br \/>\nahol soha nem j\u00e1rt\u00e1l.<br \/>\n\u00c1t\u00f6lelni csak engem szeretn\u00e9l,<br \/>\nmegb\u00e1nn\u00e1d az \u00f6sszes b\u0171n\u00f6det.<br \/>\nSzeretn\u00e9lek elfeledni,<br \/>\nde tudom Devla nem lehet.<br \/>\nF\u00e9lt\u00e9kenny\u00e9 tetted a sz\u00edvem,<br \/>\nelfeldni t\u00e9ged nem lehet.<\/p>\n<p>Kire csillog a szemed,<br \/>\nkinek mondod szeretlek?<br \/>\nMost hol keresselek,\u00f3h szerelem?<br \/>\nKire csillog a szemed,<br \/>\nkinek mondod szeretlek?<br \/>\nMost hol keresselek,\u00f3h szerelem?<br \/>\n&#8212;Sz\u00f3l\u00f3&#8212;<br \/>\nK\u00f6nnycsepp a szememben,<br \/>\nszerelem a sz\u00edvemben.<br \/>\nAmikor r\u00e1d gondolok,<br \/>\nszemeimb\u0151l a k\u00f6nny csorog.<br \/>\nSzeretn\u00e9lek elfeledni,<br \/>\nde tudom Devla nem lehet.<br \/>\nF\u00e9lt\u00e9kenny\u00e9 tetted a sz\u00edvem,<br \/>\nezt elfeldni nem lehet.<br \/>\nKire csillog a szemed,<br \/>\nkinek mondod szeretlek?<br \/>\nMost hol keresselek,\u00f3h szerelem?<br \/>\nKire csillog a szemed,<br \/>\nkinek mondod szeretlek?<br \/>\nMost hol keresselek,\u00f3h szerelem?<br \/>\n&#8212;V\u00e9ge&#8212;<\/p>\n","protected":false},"featured_media":8719,"template":"","meta":{"site-sidebar-layout":"default","site-content-layout":"default","ast-site-content-layout":"","site-content-style":"default","site-sidebar-style":"default","ast-global-header-display":"","ast-banner-title-visibility":"","ast-main-header-display":"","ast-hfb-above-header-display":"","ast-hfb-below-header-display":"","ast-hfb-mobile-header-display":"","site-post-title":"","ast-breadcrumbs-content":"","ast-featured-img":"","footer-sml-layout":"","theme-transparent-header-meta":"default","adv-header-id-meta":"","stick-header-meta":"","header-above-stick-meta":"","header-main-stick-meta":"","header-below-stick-meta":"","astra-migrate-meta-layouts":"default","ast-page-background-enabled":"default","ast-page-background-meta":{"desktop":{"background-color":"var(--ast-global-color-4)","background-image":"","background-repeat":"repeat","background-position":"center center","background-size":"auto","background-attachment":"scroll","background-type":"","background-media":"","overlay-type":"","overlay-color":"","overlay-opacity":"","overlay-gradient":""},"tablet":{"background-color":"","background-image":"","background-repeat":"repeat","background-position":"center center","background-size":"auto","background-attachment":"scroll","background-type":"","background-media":"","overlay-type":"","overlay-color":"","overlay-opacity":"","overlay-gradient":""},"mobile":{"background-color":"","background-image":"","background-repeat":"repeat","background-position":"center center","background-size":"auto","background-attachment":"scroll","background-type":"","background-media":"","overlay-type":"","overlay-color":"","overlay-opacity":"","overlay-gradient":""}},"ast-content-background-meta":{"desktop":{"background-color":"var(--ast-global-color-5)","background-image":"","background-repeat":"repeat","background-position":"center center","background-size":"auto","background-attachment":"scroll","background-type":"","background-media":"","overlay-type":"","overlay-color":"","overlay-opacity":"","overlay-gradient":""},"tablet":{"background-color":"var(--ast-global-color-5)","background-image":"","background-repeat":"repeat","background-position":"center center","background-size":"auto","background-attachment":"scroll","background-type":"","background-media":"","overlay-type":"","overlay-color":"","overlay-opacity":"","overlay-gradient":""},"mobile":{"background-color":"var(--ast-global-color-5)","background-image":"","background-repeat":"repeat","background-position":"center center","background-size":"auto","background-attachment":"scroll","background-type":"","background-media":"","overlay-type":"","overlay-color":"","overlay-opacity":"","overlay-gradient":""}}},"product_cat":[48],"product_tag":[],"class_list":["post-5203","product","type-product","status-publish","has-post-thumbnail","hentry","product_cat-sunkaraoke-dalok","desktop-align-left","tablet-align-left","mobile-align-left"],"_links":{"self":[{"href":"https:\/\/www.sunkaraoke.hu\/index.php\/wp-json\/wp\/v2\/product\/5203","targetHints":{"allow":["GET"]}}],"collection":[{"href":"https:\/\/www.sunkaraoke.hu\/index.php\/wp-json\/wp\/v2\/product"}],"about":[{"href":"https:\/\/www.sunkaraoke.hu\/index.php\/wp-json\/wp\/v2\/types\/product"}],"wp:featuredmedia":[{"embeddable":true,"href":"https:\/\/www.sunkaraoke.hu\/index.php\/wp-json\/wp\/v2\/media\/8719"}],"wp:attachment":[{"href":"https:\/\/www.sunkaraoke.hu\/index.php\/wp-json\/wp\/v2\/media?parent=5203"}],"wp:term":[{"taxonomy":"product_cat","embeddable":true,"href":"https:\/\/www.sunkaraoke.hu\/index.php\/wp-json\/wp\/v2\/product_cat?post=5203"},{"taxonomy":"product_tag","embeddable":true,"href":"https:\/\/www.sunkaraoke.hu\/index.php\/wp-json\/wp\/v2\/product_tag?post=5203"}],"curies":[{"name":"wp","href":"https:\/\/api.w.org\/{rel}","templated":true}]}}