{"id":5201,"date":"2022-08-08T20:48:46","date_gmt":"2022-08-08T20:48:46","guid":{"rendered":"https:\/\/www.sunkaraoke.hu\/index.php\/termek\/piros-bela-piros-mulatos-mix-03\/"},"modified":"2025-04-07T05:13:03","modified_gmt":"2025-04-07T05:13:03","slug":"piros-bela-piros-mulatos-mix-03","status":"publish","type":"product","link":"https:\/\/www.sunkaraoke.hu\/index.php\/termek\/piros-bela-piros-mulatos-mix-03\/","title":{"rendered":"<div class=\"wcmp-player-container product-5201\"><audio controlslist=\"nodownload\" data-product=\"5201\"  volume=\"1\"  preload=\"none\" data-lazyloading=\"none\" class=\"wcmp-player track mejs-classic\" data-duration=\"0:32\" data-estimated_duration=\"4\"><source src=\"https:\/\/www.sunkaraoke.hu\/wp-content\/uploads\/2022\/08\/Piros-Bela-mulatos-mix-03.-kdemooo.mp3\" type=\"audio\/mp3\" \/><\/audio><\/div>Piros B\u00e9la &#8211; Piros Mulat\u00f3s mix 03. (Original)"},"content":{"rendered":"<p><strong>07:31<\/strong> | <strong><img loading=\"lazy\" decoding=\"async\" class=\"alignnone size-full wp-image-467\" src=\"https:\/\/www.sunkaraoke.hu\/wp-content\/uploads\/2022\/07\/choir_2-copy.webp\" alt=\"\" width=\"30\" height=\"30\" \/> <\/strong><\/p>\n","protected":false},"excerpt":{"rendered":"<h6><strong>Bits\u0171r\u0171s\u00e9g: 320<\/strong>kb\/s<strong><br \/>\n<\/strong><strong>Hossz: <\/strong>07:31<strong><br \/>\n<\/strong><strong style=\"font-size: 16px;\">Vok\u00e1lt tartalmaz: <\/strong>Nem <img loading=\"lazy\" decoding=\"async\" class=\"alignnone size-full wp-image-467\" src=\"http:\/\/www.sunkaraoke.hu\/wp-content\/uploads\/2022\/07\/choir_2-copy.png\" alt=\"\" width=\"30\" height=\"30\" \/><strong style=\"font-size: 16px;\"><br \/>\n<\/strong><\/h6>\n<p>Sunkaraoke mp3 st\u00fadi\u00f3 \/ www.sunkaraoke.hu \/ Inf: Tel: 06 20 4275001<\/p>\n<p>&#8212;Intr\u00f3&#8212;<br \/>\nFekete a k\u00f6k\u00e9ny feh\u00e9r a vir\u00e1ga,<br \/>\nbort iszik a leg\u00e9ny piros az orc\u00e1ja<br \/>\nazt hiszik a l\u00e1nyok, hogy p\u00fcnk\u00f6sdi r\u00f3zsa,<br \/>\npedig a szerelem l\u00e1ngja lobog rajta.<br \/>\nAzt hiszik a l\u00e1nyok, hogy p\u00fcnk\u00f6sdi r\u00f3zsa,<br \/>\npedig a szerelem l\u00e1ngja lobog rajta.<\/p>\n<p>Fekete faluban feh\u00e9r torony l\u00e1tszik,<br \/>\n\u00fagy l\u00e1tom a bab\u00e1m a m\u00e1s karj\u00e1ban j\u00e1tszik.<br \/>\nNem is, az hogy b\u00e1nom m\u00e9g is csak sajn\u00e1lom,<br \/>\nmikor a bab\u00e1mat a m\u00e1s karj\u00e1ban, l\u00e1tom.<br \/>\nNem is, az hogy b\u00e1nom m\u00e9g is csak sajn\u00e1lom,<br \/>\nmikor a bab\u00e1mat a m\u00e1s karj\u00e1ban, l\u00e1tom.<br \/>\n&#8212;Sz\u00f3l\u00f3&#8212;<br \/>\nFekete cserepes h\u00e1rom emeletes a gyarmati b\u00edr\u00f3 h\u00e1za,<br \/>\ns\u00edrva s\u00e9t\u00e1l benne s\u00edrva, s\u00e9t\u00e1l benne a gyarmati b\u00edr\u00f3 l\u00e1nya.<br \/>\nMinden l\u00e1nynak van bab\u00e1ja,<br \/>\nkivel, mulat a cs\u00e1rd\u00e1ba,<br \/>\nhej csak az eny\u00e9m, csuhaj csak az eny\u00e9m,<br \/>\nhervad el a kasz\u00e1rny\u00e1ban.<br \/>\nMinden l\u00e1nynak van bab\u00e1ja,<br \/>\nkivel, mulat a cs\u00e1rd\u00e1ba,<br \/>\nhej csak az eny\u00e9m, csuhaj csak az eny\u00e9m,<br \/>\nhervad el a kasz\u00e1rny\u00e1ban.<br \/>\nBe fogom a lovam, befogom a lovam,<br \/>\na z\u00f6ldre festett kis kocsimba.<br \/>\nElviszem a b\u00faz\u00e1t elviszem a b\u00faz\u00e1t,<br \/>\na t\u00faristv\u00e1ndi vizimalomba.<br \/>\nMegk\u00e9rem a lisztes moln\u00e1rt,<br \/>\n\u0151r\u00f6lje meg a b\u00faz\u00e1mat,<br \/>\n\u00edgy is m\u00e1s \u00f6leli \u00fagy is m\u00e1s \u00f6leli,<br \/>\nodahaza a bab\u00e1mat.<br \/>\nMegk\u00e9rem a lisztes moln\u00e1rt,<br \/>\n\u0151r\u00f6lje meg a b\u00faz\u00e1mat,<br \/>\n\u00edgy is m\u00e1s \u00f6leli \u00fagy is m\u00e1s \u00f6leli,<br \/>\nodahaza a bab\u00e1mat.<\/p>\n<p>Csingi lingi cs\u00e1rda, csingi lingi cs\u00e1rda,<br \/>\nfeh\u00e9rre van kimeszelve,<br \/>\nodaj\u00e1r a r\u00f3zs\u00e1m, odaj\u00e1r a r\u00f3zs\u00e1m,<br \/>\nminden \u00e1ldott szombat este.<br \/>\nMinden l\u00e1nynak van bab\u00e1ja,<br \/>\nkivel, mulat a cs\u00e1rd\u00e1ba,<br \/>\nhej csak az eny\u00e9m, csuhaj csak az eny\u00e9m,<br \/>\nhervad el a kasz\u00e1rny\u00e1ban.<br \/>\nMinden l\u00e1nynak van bab\u00e1ja,<br \/>\nkivel, mulat a cs\u00e1rd\u00e1ba,<br \/>\nhej csak az eny\u00e9m, csuhaj csak az eny\u00e9m,<br \/>\nhervad el a kasz\u00e1rny\u00e1ban.<br \/>\n&#8212;Sz\u00f3l\u00f3&#8212;<br \/>\nN\u00e1d fedeles kis h\u00e1zik\u00f3m le\u00e9gett az \u00e9jjel,<br \/>\nm\u00edg a r\u00f3zs\u00e1m \u00f6lelgettem a vadvir\u00e1gos r\u00e9ten.<br \/>\nBenne \u00e9gett a jegykend\u0151m varj\u00e1l bab\u00e1m m\u00e1sat,<br \/>\ncs\u00f3kolom a cs\u00f3kra termett piciny piros sz\u00e1dat.<br \/>\nBenne \u00e9gett a jegykend\u0151m varj\u00e1l bab\u00e1m m\u00e1sat,<br \/>\ncs\u00f3kolom a cs\u00f3kra termett piciny piros sz\u00e1dat.<br \/>\nN\u00e1d fedeles kish\u00e1zik\u00f3m \u00fajra fel \u00e9p\u00edtem,<br \/>\naz udvar\u00e1t r\u00f3zsa f\u00e1val k\u00f6rbe beker\u00edtem.<br \/>\nPiros r\u00f3zsa feh\u00e9r r\u00f3zsa ny\u00edlik a kertemben,<br \/>\nhej de az\u00e9rt a legszebb vir\u00e1g a r\u00f3zs\u00e1m lesz benne.<br \/>\nPiros r\u00f3zsa feh\u00e9r r\u00f3zsa ny\u00edlik a kertemben,<br \/>\nhej de az\u00e9rt a legszebb vir\u00e1g a r\u00f3zs\u00e1m lesz benne.<br \/>\n&#8212;V\u00e9ge&#8212;<\/p>\n","protected":false},"featured_media":12989,"template":"","meta":{"site-sidebar-layout":"default","site-content-layout":"default","ast-site-content-layout":"default","site-content-style":"default","site-sidebar-style":"default","ast-global-header-display":"","ast-banner-title-visibility":"","ast-main-header-display":"","ast-hfb-above-header-display":"","ast-hfb-below-header-display":"","ast-hfb-mobile-header-display":"","site-post-title":"","ast-breadcrumbs-content":"","ast-featured-img":"","footer-sml-layout":"","theme-transparent-header-meta":"default","adv-header-id-meta":"","stick-header-meta":"","header-above-stick-meta":"","header-main-stick-meta":"","header-below-stick-meta":"","astra-migrate-meta-layouts":"set","ast-page-background-enabled":"default","ast-page-background-meta":{"desktop":{"background-color":"var(--ast-global-color-4)","background-image":"","background-repeat":"repeat","background-position":"center center","background-size":"auto","background-attachment":"scroll","background-type":"","background-media":"","overlay-type":"","overlay-color":"","overlay-opacity":"","overlay-gradient":""},"tablet":{"background-color":"","background-image":"","background-repeat":"repeat","background-position":"center center","background-size":"auto","background-attachment":"scroll","background-type":"","background-media":"","overlay-type":"","overlay-color":"","overlay-opacity":"","overlay-gradient":""},"mobile":{"background-color":"","background-image":"","background-repeat":"repeat","background-position":"center center","background-size":"auto","background-attachment":"scroll","background-type":"","background-media":"","overlay-type":"","overlay-color":"","overlay-opacity":"","overlay-gradient":""}},"ast-content-background-meta":{"desktop":{"background-color":"var(--ast-global-color-5)","background-image":"","background-repeat":"repeat","background-position":"center center","background-size":"auto","background-attachment":"scroll","background-type":"","background-media":"","overlay-type":"","overlay-color":"","overlay-opacity":"","overlay-gradient":""},"tablet":{"background-color":"var(--ast-global-color-5)","background-image":"","background-repeat":"repeat","background-position":"center center","background-size":"auto","background-attachment":"scroll","background-type":"","background-media":"","overlay-type":"","overlay-color":"","overlay-opacity":"","overlay-gradient":""},"mobile":{"background-color":"var(--ast-global-color-5)","background-image":"","background-repeat":"repeat","background-position":"center center","background-size":"auto","background-attachment":"scroll","background-type":"","background-media":"","overlay-type":"","overlay-color":"","overlay-opacity":"","overlay-gradient":""}}},"product_cat":[48],"product_tag":[],"class_list":["post-5201","product","type-product","status-publish","has-post-thumbnail","hentry","product_cat-sunkaraoke-dalok","desktop-align-left","tablet-align-left","mobile-align-left"],"_links":{"self":[{"href":"https:\/\/www.sunkaraoke.hu\/index.php\/wp-json\/wp\/v2\/product\/5201","targetHints":{"allow":["GET"]}}],"collection":[{"href":"https:\/\/www.sunkaraoke.hu\/index.php\/wp-json\/wp\/v2\/product"}],"about":[{"href":"https:\/\/www.sunkaraoke.hu\/index.php\/wp-json\/wp\/v2\/types\/product"}],"wp:featuredmedia":[{"embeddable":true,"href":"https:\/\/www.sunkaraoke.hu\/index.php\/wp-json\/wp\/v2\/media\/12989"}],"wp:attachment":[{"href":"https:\/\/www.sunkaraoke.hu\/index.php\/wp-json\/wp\/v2\/media?parent=5201"}],"wp:term":[{"taxonomy":"product_cat","embeddable":true,"href":"https:\/\/www.sunkaraoke.hu\/index.php\/wp-json\/wp\/v2\/product_cat?post=5201"},{"taxonomy":"product_tag","embeddable":true,"href":"https:\/\/www.sunkaraoke.hu\/index.php\/wp-json\/wp\/v2\/product_tag?post=5201"}],"curies":[{"name":"wp","href":"https:\/\/api.w.org\/{rel}","templated":true}]}}