{"id":5196,"date":"2022-08-08T20:48:46","date_gmt":"2022-08-08T20:48:46","guid":{"rendered":"https:\/\/www.sunkaraoke.hu\/index.php\/termek\/tesok-ha-elmesz-tolem\/"},"modified":"2026-02-14T07:36:20","modified_gmt":"2026-02-14T05:36:20","slug":"tesok-ha-elmesz-tolem","status":"publish","type":"product","link":"https:\/\/www.sunkaraoke.hu\/index.php\/termek\/tesok-ha-elmesz-tolem\/","title":{"rendered":"<div class=\"wcmp-player-container product-5196\"><audio controlslist=\"nodownload\" data-product=\"5196\"  volume=\"1\"  preload=\"none\" data-lazyloading=\"none\" class=\"wcmp-player track mejs-classic\" data-duration=\"0:34\" data-estimated_duration=\"4\"><source src=\"https:\/\/www.sunkaraoke.hu\/wp-content\/uploads\/2022\/08\/Ha-elmesz-tolem-Tesok-SB._demo.mp3\" type=\"audio\/mp3\" \/><\/audio><\/div>Tes\u00f3k &#8211; Ha elm\u00e9sz t\u0151lem (Original)"},"content":{"rendered":"<p><strong>03:05<\/strong> | <strong><img loading=\"lazy\" decoding=\"async\" class=\"alignnone size-full wp-image-467\" src=\"https:\/\/www.sunkaraoke.hu\/wp-content\/uploads\/2022\/07\/choir_2-copy.webp\" alt=\"\" width=\"30\" height=\"30\" \/> <\/strong><\/p>\n","protected":false},"excerpt":{"rendered":"<h6><strong>Bits\u0171r\u0171s\u00e9g: 320 kb\/s<\/strong><br \/>\n<strong>Hossz: 03:05<\/strong><br \/>\n<strong>Vok\u00e1lt tartalmaz: Nem <img loading=\"lazy\" decoding=\"async\" class=\"alignnone size-full wp-image-467\" src=\"http:\/\/www.sunkaraoke.hu\/wp-content\/uploads\/2022\/07\/choir_2-copy.png\" alt=\"\" width=\"30\" height=\"30\" \/><\/strong><strong style=\"font-size: 16px;\"><br \/>\n<\/strong><\/h6>\n<p>Sunkaraoke mp3 st\u00fadi\u00f3 \/ www.sunkaraoke.hu \/ Inf: Tel: 06 20 4275001<\/p>\n<p>&#8212;Intr\u00f3&#8212;<br \/>\nF\u00e9l \u00e9v telt el, nem voltak vit\u00e1k,<br \/>\nneked m\u00e9gis m\u00e1s kell, aki majd im\u00e1d,<br \/>\n\u00c9n m\u00e1r biztos nem, nem k\u00f6ny\u00f6rg\u00f6m nem,<br \/>\nhogyha menned kell h\u00e1t ennyi,<br \/>\nnem tart vissza t\u00f6bb\u00e9 senki.<\/p>\n<p>Ha elm\u00e9sz t\u0151lem nem siratlak,<br \/>\n\u00fagy is tudom m\u00e1snap,<br \/>\naz ajt\u00f3m el\u0151tt \u00fagy mint mindig s\u00edrva megtal\u00e1llak.<br \/>\nHa elm\u00e9sz t\u0151lem nem siratlak,<br \/>\n\u00fagy is tudom m\u00e1snap,<br \/>\naz ajt\u00f3m el\u0151tt mint annyiszor m\u00e1r,s\u00edrva megtal\u00e1llak.<br \/>\n&#8212;Sz\u00f3l\u00f3&#8212;<br \/>\nHa k\u00e9rt\u00e9l mentem, ott voltam veled,<br \/>\nde te m\u00e9gis m\u00e1snak adtad sz\u00edvedet.<br \/>\n\u00c9n m\u00e1r biztos nem, nem k\u00f6ny\u00f6rg\u00f6m nem,<br \/>\nhogyha menned kell h\u00e1t ennyi,<br \/>\nnem tart vissza t\u00f6bb\u00e9 senki.<\/p>\n<p>Ha elm\u00e9sz t\u0151lem nem siratlak,<br \/>\n\u00fagy is tudom m\u00e1snap,<br \/>\naz ajt\u00f3m el\u0151tt \u00fagy mint mindig,s\u00edrva megtal\u00e1llak.<br \/>\nHa elm\u00e9sz t\u0151lem nem siratlak,<br \/>\n\u00fagy is tudom m\u00e1snap,<br \/>\naz ajt\u00f3m el\u0151tt mint annyiszor m\u00e1r s\u00edrva megtal\u00e1llak.<br \/>\n&#8212;Sz\u00f3l\u00f3&#8212;<br \/>\nHa elm\u00e9sz t\u0151lem nem siratlak,<br \/>\n\u00fagy is tudom m\u00e1snap,<br \/>\naz ajt\u00f3m el\u0151tt \u00fagy mint mindig s\u00edrva megtal\u00e1llak.<br \/>\nHa elm\u00e9sz t\u0151lem nem siratlak,<br \/>\n\u00fagy is tudom m\u00e1snap,<br \/>\naz ajt\u00f3m el\u0151tt mint annyiszor m\u00e1r, s\u00edrva megtal\u00e1llak.<br \/>\nHa elm\u00e9sz t\u0151lem nem siratlak,<br \/>\n\u00fagy is tudom m\u00e1snap,<br \/>\naz ajt\u00f3m el\u0151tt \u00fagy mint mindig, s\u00edrva megtal\u00e1llak.<br \/>\nHa elm\u00e9sz t\u0151lem nem siratlak,<br \/>\n\u00fagy is tudom m\u00e1snap,<br \/>\naz ajt\u00f3m el\u0151tt mint annyiszor m\u00e1r s\u00edrva megtal\u00e1llak.<br \/>\nAz ajt\u00f3m el\u0151tt mint annyiszor m\u00e1r s\u00edrva megtal\u00e1llak.<br \/>\n&#8212;V\u00e9ge&#8212;<\/p>\n","protected":false},"featured_media":8715,"template":"","meta":{"site-sidebar-layout":"default","site-content-layout":"default","ast-site-content-layout":"default","site-content-style":"default","site-sidebar-style":"default","ast-global-header-display":"","ast-banner-title-visibility":"","ast-main-header-display":"","ast-hfb-above-header-display":"","ast-hfb-below-header-display":"","ast-hfb-mobile-header-display":"","site-post-title":"","ast-breadcrumbs-content":"","ast-featured-img":"","footer-sml-layout":"","theme-transparent-header-meta":"default","adv-header-id-meta":"","stick-header-meta":"","header-above-stick-meta":"","header-main-stick-meta":"","header-below-stick-meta":"","astra-migrate-meta-layouts":"set","ast-page-background-enabled":"default","ast-page-background-meta":{"desktop":{"background-color":"var(--ast-global-color-4)","background-image":"","background-repeat":"repeat","background-position":"center center","background-size":"auto","background-attachment":"scroll","background-type":"","background-media":"","overlay-type":"","overlay-color":"","overlay-opacity":"","overlay-gradient":""},"tablet":{"background-color":"","background-image":"","background-repeat":"repeat","background-position":"center center","background-size":"auto","background-attachment":"scroll","background-type":"","background-media":"","overlay-type":"","overlay-color":"","overlay-opacity":"","overlay-gradient":""},"mobile":{"background-color":"","background-image":"","background-repeat":"repeat","background-position":"center center","background-size":"auto","background-attachment":"scroll","background-type":"","background-media":"","overlay-type":"","overlay-color":"","overlay-opacity":"","overlay-gradient":""}},"ast-content-background-meta":{"desktop":{"background-color":"var(--ast-global-color-5)","background-image":"","background-repeat":"repeat","background-position":"center center","background-size":"auto","background-attachment":"scroll","background-type":"","background-media":"","overlay-type":"","overlay-color":"","overlay-opacity":"","overlay-gradient":""},"tablet":{"background-color":"var(--ast-global-color-5)","background-image":"","background-repeat":"repeat","background-position":"center center","background-size":"auto","background-attachment":"scroll","background-type":"","background-media":"","overlay-type":"","overlay-color":"","overlay-opacity":"","overlay-gradient":""},"mobile":{"background-color":"var(--ast-global-color-5)","background-image":"","background-repeat":"repeat","background-position":"center center","background-size":"auto","background-attachment":"scroll","background-type":"","background-media":"","overlay-type":"","overlay-color":"","overlay-opacity":"","overlay-gradient":""}}},"product_cat":[48],"product_tag":[],"class_list":["post-5196","product","type-product","status-publish","has-post-thumbnail","hentry","product_cat-sunkaraoke-dalok","desktop-align-left","tablet-align-left","mobile-align-left"],"_links":{"self":[{"href":"https:\/\/www.sunkaraoke.hu\/index.php\/wp-json\/wp\/v2\/product\/5196","targetHints":{"allow":["GET"]}}],"collection":[{"href":"https:\/\/www.sunkaraoke.hu\/index.php\/wp-json\/wp\/v2\/product"}],"about":[{"href":"https:\/\/www.sunkaraoke.hu\/index.php\/wp-json\/wp\/v2\/types\/product"}],"wp:featuredmedia":[{"embeddable":true,"href":"https:\/\/www.sunkaraoke.hu\/index.php\/wp-json\/wp\/v2\/media\/8715"}],"wp:attachment":[{"href":"https:\/\/www.sunkaraoke.hu\/index.php\/wp-json\/wp\/v2\/media?parent=5196"}],"wp:term":[{"taxonomy":"product_cat","embeddable":true,"href":"https:\/\/www.sunkaraoke.hu\/index.php\/wp-json\/wp\/v2\/product_cat?post=5196"},{"taxonomy":"product_tag","embeddable":true,"href":"https:\/\/www.sunkaraoke.hu\/index.php\/wp-json\/wp\/v2\/product_tag?post=5196"}],"curies":[{"name":"wp","href":"https:\/\/api.w.org\/{rel}","templated":true}]}}