{"id":5193,"date":"2022-08-08T20:48:45","date_gmt":"2022-08-08T20:48:45","guid":{"rendered":"https:\/\/www.sunkaraoke.hu\/index.php\/termek\/notar-mary-ugy-hianyzol\/"},"modified":"2026-02-14T07:36:20","modified_gmt":"2026-02-14T05:36:20","slug":"notar-mary-ugy-hianyzol","status":"publish","type":"product","link":"https:\/\/www.sunkaraoke.hu\/index.php\/termek\/notar-mary-ugy-hianyzol\/","title":{"rendered":"<div class=\"wcmp-player-container product-5193\"><audio controlslist=\"nodownload\" data-product=\"5193\"  volume=\"1\"  preload=\"none\" data-lazyloading=\"none\" class=\"wcmp-player track mejs-classic\" data-duration=\"0:31\" data-estimated_duration=\"4\"><source src=\"https:\/\/www.sunkaraoke.hu\/wp-content\/uploads\/2022\/08\/Ugy-hianyzol-Notar-orig-SB._demo.mp3\" type=\"audio\/mp3\" \/><\/audio><\/div>Notar Mary &#8211; \u00dagy hi\u00e1nyzol (Original)"},"content":{"rendered":"<p><strong>03:21<\/strong> | <strong><img loading=\"lazy\" decoding=\"async\" class=\"alignnone size-full wp-image-467\" src=\"https:\/\/www.sunkaraoke.hu\/wp-content\/uploads\/2022\/07\/choir_2-copy.webp\" alt=\"\" width=\"30\" height=\"30\" \/> <\/strong><\/p>\n","protected":false},"excerpt":{"rendered":"<h6>Bits\u0171r\u0171s\u00e9g: 320kb\/s<br \/>\nHossz: 03:21<br \/>\nVok\u00e1lt tartalmaz: Nem <img loading=\"lazy\" decoding=\"async\" class=\"alignnone size-full wp-image-467\" src=\"http:\/\/www.sunkaraoke.hu\/wp-content\/uploads\/2022\/07\/choir_2-copy.png\" alt=\"\" width=\"30\" height=\"30\" \/><strong style=\"font-size: 16px;\"><br \/>\n<\/strong><\/h6>\n<p>Sunkaraoke mp3 st\u00fadi\u00f3 \/ www.sunkaraoke.hu \/ Inf: Tel: 06 20 4275001<\/p>\n<p>&#8212;Intr\u00f3&#8212;<br \/>\nR\u00e9ges r\u00e9gen meg\u00e1lmodtam, hogy veled \u00e9lek boldogs\u00e1gban,<br \/>\nhogy te leszel az \u00e9letem, \u00f3h a mindenem.<br \/>\nNekem nem kell m\u00e1s m\u00e1r soha,<br \/>\nnem vagyok \u00e9n olyan ostoba,<br \/>\nhogy m\u00e1snak adjam \u00e1t a te sz\u00edvedet.<\/p>\n<p>\u00d3h,\u00f3h,\u00f3h, \u00fagy hi\u00e1nyzol ha nem vagy egy percig velem,<br \/>\nmeghaln\u00e9k ha nem lenn\u00e9l m\u00e1r \u00e9n mellettem,<br \/>\naz \u00e9n sz\u00edvem ott \u00e9l m\u00e1r a te sz\u00edvedben,<br \/>\n\u00f3h dib,dib,dob, dibi,dibi,dobog, a sz\u00edvem.<br \/>\n\u00d3h,\u00f3h,\u00f3h, \u00fagy hi\u00e1nyzol ha nem vagy egy percig velem,<br \/>\nmeghaln\u00e9k ha nem lenn\u00e9l m\u00e1r \u00e9n mellettem,<br \/>\naz \u00e9n sz\u00edvem ott \u00e9l m\u00e1r a te sz\u00edvedben,<br \/>\n\u00f3h dib,dib,dob, dibi,dibi,dobog, a sz\u00edvem.<br \/>\n&#8212;Sz\u00f3l\u00f3&#8212;<br \/>\nMinek k\u00e9ne nagy gazdags\u00e1g,hogyha nem lenne boldogs\u00e1g,<br \/>\nhogyha nem lenne boldogs\u00e1g, devl\u00e1l\u00e9<br \/>\nA j\u00f3 istent megk\u00e9rem \u00e9n, hogy \u00f6r\u00f6kk\u00e9 l\u00e9gy az eny\u00e9m,<br \/>\n\u00f6r\u00f6kk\u00e9 egym\u00e1s\u00e9, \u00f3h temer\u00e1v!<br \/>\n\u00d3h,\u00f3h,\u00f3h, \u00fagy hi\u00e1nyzol ha nem vagy egy percig velem,<br \/>\nmeghaln\u00e9k ha nem lenn\u00e9l m\u00e1r \u00e9n mellettem,<br \/>\naz \u00e9n sz\u00edvem ott \u00e9l m\u00e1r a te sz\u00edvedben,<br \/>\n\u00f3h dib,dib,dob, dibi,dibi,dobog, \u00f3h a sz\u00edvem.<br \/>\n\u00d3h,\u00f3h,\u00f3h, \u00fagy hi\u00e1nyzol ha nem vagy egy percig velem,<br \/>\nmeghaln\u00e9k ha nem lenn\u00e9l m\u00e1r \u00e9n mellettem,<br \/>\naz \u00e9n sz\u00edvem ott \u00e9l m\u00e1r a te sz\u00edvedben,<br \/>\n\u00f3h dib,dib,dob, dibi,dibi,dobog, \u00f3h a sz\u00edvem.<br \/>\n\u00d3h,\u00f3h,\u00f3h, \u00fagy hi\u00e1nyzol ha nem vagy egy percig velem,<br \/>\nmeghaln\u00e9k ha nem lenn\u00e9l m\u00e1r \u00e9n mellettem,<br \/>\naz \u00e9n sz\u00edvem ott \u00e9l m\u00e1r a te sz\u00edvedben,<br \/>\n\u00f3h dib,dib,dob, dibi,dibi,dobog, \u00f3h a sz\u00edvem.<br \/>\n\u00d3h,\u00f3h,\u00f3h, \u00fagy hi\u00e1nyzol ha nem vagy egy percig velem,<br \/>\nmeghaln\u00e9k ha nem lenn\u00e9l m\u00e1r \u00e9n mellettem,<br \/>\naz \u00e9n sz\u00edvem ott \u00e9l m\u00e1r a te sz\u00edvedben,<br \/>\n\u00f3h dib,dib,dob, dibi,dibi,dobog, \u00f3h a sz\u00edvem.<br \/>\n&#8212;V\u00e9ge&#8212;<\/p>\n","protected":false},"featured_media":8740,"template":"","meta":{"site-sidebar-layout":"default","site-content-layout":"default","ast-site-content-layout":"default","site-content-style":"default","site-sidebar-style":"default","ast-global-header-display":"","ast-banner-title-visibility":"","ast-main-header-display":"","ast-hfb-above-header-display":"","ast-hfb-below-header-display":"","ast-hfb-mobile-header-display":"","site-post-title":"","ast-breadcrumbs-content":"","ast-featured-img":"","footer-sml-layout":"","theme-transparent-header-meta":"default","adv-header-id-meta":"","stick-header-meta":"","header-above-stick-meta":"","header-main-stick-meta":"","header-below-stick-meta":"","astra-migrate-meta-layouts":"set","ast-page-background-enabled":"default","ast-page-background-meta":{"desktop":{"background-color":"var(--ast-global-color-4)","background-image":"","background-repeat":"repeat","background-position":"center center","background-size":"auto","background-attachment":"scroll","background-type":"","background-media":"","overlay-type":"","overlay-color":"","overlay-opacity":"","overlay-gradient":""},"tablet":{"background-color":"","background-image":"","background-repeat":"repeat","background-position":"center center","background-size":"auto","background-attachment":"scroll","background-type":"","background-media":"","overlay-type":"","overlay-color":"","overlay-opacity":"","overlay-gradient":""},"mobile":{"background-color":"","background-image":"","background-repeat":"repeat","background-position":"center center","background-size":"auto","background-attachment":"scroll","background-type":"","background-media":"","overlay-type":"","overlay-color":"","overlay-opacity":"","overlay-gradient":""}},"ast-content-background-meta":{"desktop":{"background-color":"var(--ast-global-color-5)","background-image":"","background-repeat":"repeat","background-position":"center center","background-size":"auto","background-attachment":"scroll","background-type":"","background-media":"","overlay-type":"","overlay-color":"","overlay-opacity":"","overlay-gradient":""},"tablet":{"background-color":"var(--ast-global-color-5)","background-image":"","background-repeat":"repeat","background-position":"center center","background-size":"auto","background-attachment":"scroll","background-type":"","background-media":"","overlay-type":"","overlay-color":"","overlay-opacity":"","overlay-gradient":""},"mobile":{"background-color":"var(--ast-global-color-5)","background-image":"","background-repeat":"repeat","background-position":"center center","background-size":"auto","background-attachment":"scroll","background-type":"","background-media":"","overlay-type":"","overlay-color":"","overlay-opacity":"","overlay-gradient":""}}},"product_cat":[48],"product_tag":[],"class_list":["post-5193","product","type-product","status-publish","has-post-thumbnail","hentry","product_cat-sunkaraoke-dalok","desktop-align-left","tablet-align-left","mobile-align-left"],"_links":{"self":[{"href":"https:\/\/www.sunkaraoke.hu\/index.php\/wp-json\/wp\/v2\/product\/5193","targetHints":{"allow":["GET"]}}],"collection":[{"href":"https:\/\/www.sunkaraoke.hu\/index.php\/wp-json\/wp\/v2\/product"}],"about":[{"href":"https:\/\/www.sunkaraoke.hu\/index.php\/wp-json\/wp\/v2\/types\/product"}],"wp:featuredmedia":[{"embeddable":true,"href":"https:\/\/www.sunkaraoke.hu\/index.php\/wp-json\/wp\/v2\/media\/8740"}],"wp:attachment":[{"href":"https:\/\/www.sunkaraoke.hu\/index.php\/wp-json\/wp\/v2\/media?parent=5193"}],"wp:term":[{"taxonomy":"product_cat","embeddable":true,"href":"https:\/\/www.sunkaraoke.hu\/index.php\/wp-json\/wp\/v2\/product_cat?post=5193"},{"taxonomy":"product_tag","embeddable":true,"href":"https:\/\/www.sunkaraoke.hu\/index.php\/wp-json\/wp\/v2\/product_tag?post=5193"}],"curies":[{"name":"wp","href":"https:\/\/api.w.org\/{rel}","templated":true}]}}