{"id":5191,"date":"2022-08-08T20:48:45","date_gmt":"2022-08-08T20:48:45","guid":{"rendered":"https:\/\/www.sunkaraoke.hu\/index.php\/termek\/simon-duo-talald-ki-gyorsan-a-gondolatom-2017-new\/"},"modified":"2026-02-14T07:36:20","modified_gmt":"2026-02-14T05:36:20","slug":"simon-duo-talald-ki-gyorsan-a-gondolatom-2017-new","status":"publish","type":"product","link":"https:\/\/www.sunkaraoke.hu\/index.php\/termek\/simon-duo-talald-ki-gyorsan-a-gondolatom-2017-new\/","title":{"rendered":"<div class=\"wcmp-player-container product-5191\"><audio controlslist=\"nodownload\" data-product=\"5191\"  volume=\"1\"  preload=\"none\" data-lazyloading=\"none\" class=\"wcmp-player track mejs-classic\" data-duration=\"0:33\" data-estimated_duration=\"4\"><source src=\"https:\/\/www.sunkaraoke.hu\/wp-content\/uploads\/2022\/08\/Talald-ki-gyorsan-a-gondolatom-2017-New-SB.-kdemoo.mp3\" type=\"audio\/mp3\" \/><\/audio><\/div>Simon Du\u00f3 &#8211; Tal\u00e1ld ki gyorsan a gondolatom NEW (Original)"},"content":{"rendered":"<p><strong>03:41<\/strong> | <strong><img loading=\"lazy\" decoding=\"async\" class=\"alignnone size-full wp-image-467\" src=\"https:\/\/www.sunkaraoke.hu\/wp-content\/uploads\/2022\/07\/choir_2-copy.webp\" alt=\"\" width=\"30\" height=\"30\" \/> <\/strong><\/p>\n","protected":false},"excerpt":{"rendered":"<h6><strong>Bits\u0171r\u0171s\u00e9g: 320<\/strong>kb\/s<strong><br \/>\n<\/strong><strong>Hossz: <\/strong>03:41<strong><br \/>\n<\/strong><strong style=\"font-size: 16px;\">Vok\u00e1lt tartalmaz: <\/strong>Nem <img loading=\"lazy\" decoding=\"async\" class=\"alignnone size-full wp-image-467\" src=\"http:\/\/www.sunkaraoke.hu\/wp-content\/uploads\/2022\/07\/choir_2-copy.png\" alt=\"\" width=\"30\" height=\"30\" \/><strong style=\"font-size: 16px;\"><br \/>\n<\/strong><\/h6>\n<p>Sunkaraoke mp3 st\u00fadi\u00f3 \/ www.sunkaraoke.hu \/ Inf: Tel: 06 20 4275001<\/p>\n<p>&#8211;Intr\u00f3&#8212;<br \/>\nAmikor \u00e9rkezel estefel\u00e9, leslek az ablakon \u00e1t,<br \/>\nnyitom az ajt\u00f3t \u00e9s egyszeriben, mosolyog r\u00e1m a vil\u00e1g!<br \/>\nSz\u00ednesnek l\u00e1tom a sz\u00fcrk\u00fcletet, mik\u00f6zben b\u00e1mulok r\u00e1d,<br \/>\ncsoda finom vagy esti boldogs\u00e1g.<br \/>\nH\u00e9j, h\u00e9j, h\u00e9j, tal\u00e1ld ki gyorsan a gondolatom,<br \/>\nmi az amit szeretn\u00e9k?<br \/>\nTal\u00e1ld el gyorsan a hangulatom,<br \/>\nh\u00fazd ki a sz\u00edved antenn\u00e1j\u00e1t!<br \/>\nTal\u00e1ld ki gyorsan a gondolatom,<br \/>\nnagyon okos lehetn\u00e9l.<br \/>\nTudod te j\u00f3l, na \u00e9s \u00e9n is tudom,<br \/>\nszeretn\u00e9m, ha szeretn\u00e9l!<br \/>\nForr\u00f3 a k\u00e1v\u00e9 az asztalon \u00e1ll, t\u00e1lc\u00e1n a s\u00f3s s\u00fctem\u00e9ny,<br \/>\nott az ital, na \u00e9s ott a poh\u00e1r, mindenre gondolok \u00e9n.<br \/>\nRemek a k\u00e1v\u00e9, a s\u00f3s s\u00fctem\u00e9ny, igazi f\u0151nyerem\u00e9ny,<br \/>\nvalahogy m\u00e9gis, m\u00e1st k\u00edv\u00e1nok \u00e9n.<br \/>\nH\u00e9j, h\u00e9j, h\u00e9j, tal\u00e1ld ki gyorsan a gondolatom,<br \/>\nvalamit \u00fagy szeretn\u00e9k.<br \/>\nTal\u00e1ld el gyorsan a hangulatom,<br \/>\n\u00edg\u00e9rem \u00e9n, hogy nem j\u00e1rsz rosszul.<br \/>\nTal\u00e1ld ki gyorsan a gondolatom,<br \/>\nnagyon okos lehetn\u00e9l,<br \/>\ntudod te j\u00f3l, na \u00e9s \u00e9n is tudom,<br \/>\nszeretn\u00e9m, ha szeretn\u00e9l.<br \/>\n&#8212;Sz\u00f3l\u00f3&#8212;<br \/>\nH\u00e9j, h\u00e9j, h\u00e9j, tal\u00e1ld ki gyorsan a gondolatom,<br \/>\nmi az amit szeretn\u00e9k?<br \/>\nTal\u00e1ld el gyorsan a hangulatom,<br \/>\nh\u00fazd ki a sz\u00edved antenn\u00e1j\u00e1t!<br \/>\nTal\u00e1ld ki gyorsan a gondolatom,<br \/>\nnagyon okos lehetn\u00e9l.<br \/>\nTudod te j\u00f3l, na \u00e9s \u00e9n is tudom,<br \/>\nszeretn\u00e9m, ha szeretn\u00e9l!<br \/>\nH\u00e9j, h\u00e9j, h\u00e9j, tal\u00e1ld ki gyorsan a gondolatom,<br \/>\nmi az amit szeretn\u00e9k?<br \/>\nTal\u00e1ld el gyorsan a hangulatom,<br \/>\nh\u00fazd ki a sz\u00edved antenn\u00e1j\u00e1t!<br \/>\nTal\u00e1ld ki gyorsan a gondolatom,<br \/>\nnagyon okos lehetn\u00e9l.<br \/>\nTudod te j\u00f3l, na \u00e9s \u00e9n is tudom,<br \/>\nszeretn\u00e9m, ha szeretn\u00e9l!<br \/>\n&#8212;V\u00e9ge&#8212;<\/p>\n","protected":false},"featured_media":8720,"template":"","meta":{"site-sidebar-layout":"default","site-content-layout":"default","ast-site-content-layout":"default","site-content-style":"default","site-sidebar-style":"default","ast-global-header-display":"","ast-banner-title-visibility":"","ast-main-header-display":"","ast-hfb-above-header-display":"","ast-hfb-below-header-display":"","ast-hfb-mobile-header-display":"","site-post-title":"","ast-breadcrumbs-content":"","ast-featured-img":"","footer-sml-layout":"","theme-transparent-header-meta":"default","adv-header-id-meta":"","stick-header-meta":"","header-above-stick-meta":"","header-main-stick-meta":"","header-below-stick-meta":"","astra-migrate-meta-layouts":"set","ast-page-background-enabled":"default","ast-page-background-meta":{"desktop":{"background-color":"var(--ast-global-color-4)","background-image":"","background-repeat":"repeat","background-position":"center center","background-size":"auto","background-attachment":"scroll","background-type":"","background-media":"","overlay-type":"","overlay-color":"","overlay-opacity":"","overlay-gradient":""},"tablet":{"background-color":"","background-image":"","background-repeat":"repeat","background-position":"center center","background-size":"auto","background-attachment":"scroll","background-type":"","background-media":"","overlay-type":"","overlay-color":"","overlay-opacity":"","overlay-gradient":""},"mobile":{"background-color":"","background-image":"","background-repeat":"repeat","background-position":"center center","background-size":"auto","background-attachment":"scroll","background-type":"","background-media":"","overlay-type":"","overlay-color":"","overlay-opacity":"","overlay-gradient":""}},"ast-content-background-meta":{"desktop":{"background-color":"var(--ast-global-color-5)","background-image":"","background-repeat":"repeat","background-position":"center center","background-size":"auto","background-attachment":"scroll","background-type":"","background-media":"","overlay-type":"","overlay-color":"","overlay-opacity":"","overlay-gradient":""},"tablet":{"background-color":"var(--ast-global-color-5)","background-image":"","background-repeat":"repeat","background-position":"center center","background-size":"auto","background-attachment":"scroll","background-type":"","background-media":"","overlay-type":"","overlay-color":"","overlay-opacity":"","overlay-gradient":""},"mobile":{"background-color":"var(--ast-global-color-5)","background-image":"","background-repeat":"repeat","background-position":"center center","background-size":"auto","background-attachment":"scroll","background-type":"","background-media":"","overlay-type":"","overlay-color":"","overlay-opacity":"","overlay-gradient":""}}},"product_cat":[46],"product_tag":[],"class_list":["post-5191","product","type-product","status-publish","has-post-thumbnail","hentry","product_cat-eredeti-karaoke-dalok","desktop-align-left","tablet-align-left","mobile-align-left"],"_links":{"self":[{"href":"https:\/\/www.sunkaraoke.hu\/index.php\/wp-json\/wp\/v2\/product\/5191","targetHints":{"allow":["GET"]}}],"collection":[{"href":"https:\/\/www.sunkaraoke.hu\/index.php\/wp-json\/wp\/v2\/product"}],"about":[{"href":"https:\/\/www.sunkaraoke.hu\/index.php\/wp-json\/wp\/v2\/types\/product"}],"wp:featuredmedia":[{"embeddable":true,"href":"https:\/\/www.sunkaraoke.hu\/index.php\/wp-json\/wp\/v2\/media\/8720"}],"wp:attachment":[{"href":"https:\/\/www.sunkaraoke.hu\/index.php\/wp-json\/wp\/v2\/media?parent=5191"}],"wp:term":[{"taxonomy":"product_cat","embeddable":true,"href":"https:\/\/www.sunkaraoke.hu\/index.php\/wp-json\/wp\/v2\/product_cat?post=5191"},{"taxonomy":"product_tag","embeddable":true,"href":"https:\/\/www.sunkaraoke.hu\/index.php\/wp-json\/wp\/v2\/product_tag?post=5191"}],"curies":[{"name":"wp","href":"https:\/\/api.w.org\/{rel}","templated":true}]}}