{"id":5190,"date":"2022-08-08T20:48:45","date_gmt":"2022-08-08T20:48:45","guid":{"rendered":"https:\/\/www.sunkaraoke.hu\/index.php\/termek\/piros-bela-piros-mulatos-mix-02\/"},"modified":"2025-06-08T06:49:56","modified_gmt":"2025-06-08T04:49:56","slug":"piros-bela-piros-mulatos-mix-02","status":"publish","type":"product","link":"https:\/\/www.sunkaraoke.hu\/index.php\/termek\/piros-bela-piros-mulatos-mix-02\/","title":{"rendered":"<div class=\"wcmp-player-container product-5190\"><audio controlslist=\"nodownload\" data-product=\"5190\"  volume=\"1\"  preload=\"none\" data-lazyloading=\"none\" class=\"wcmp-player track mejs-classic\" data-duration=\"0:32\" data-estimated_duration=\"4\"><source src=\"https:\/\/www.sunkaraoke.hu\/wp-content\/uploads\/2022\/08\/Piros-Bela-Mulatos-mix-02-Orig.-kdemooo.mp3\" type=\"audio\/mp3\" \/><\/audio><\/div>Piros B\u00e9la &#8211; Piros Mulat\u00f3s mix 02. (Original)"},"content":{"rendered":"<p><strong>10:49<\/strong> | <strong><img loading=\"lazy\" decoding=\"async\" class=\"alignnone size-full wp-image-467\" src=\"https:\/\/www.sunkaraoke.hu\/wp-content\/uploads\/2022\/07\/choir_2-copy.webp\" alt=\"\" width=\"30\" height=\"30\" \/> <\/strong><\/p>\n","protected":false},"excerpt":{"rendered":"<h6><strong>Bits\u0171r\u0171s\u00e9g: 320<\/strong>kb\/s<strong><br \/>\n<\/strong><strong>Hossz: <\/strong>10:49<strong><br \/>\n<\/strong><strong style=\"font-size: 16px;\">Vok\u00e1lt tartalmaz: <\/strong>Nem <img loading=\"lazy\" decoding=\"async\" class=\"alignnone size-full wp-image-467\" src=\"http:\/\/www.sunkaraoke.hu\/wp-content\/uploads\/2022\/07\/choir_2-copy.png\" alt=\"\" width=\"30\" height=\"30\" \/><strong style=\"font-size: 16px;\"><br \/>\n<\/strong><\/h6>\n<p>Sunkaraoke mp3 st\u00fadi\u00f3 \/ www.sunkaraoke.hu \/ Inf: Tel: 06 20 4275001<\/p>\n<p>&#8212;Intr\u00f3&#8212;<br \/>\nVadk\u00f6rtefa feh\u00e9ret vir\u00e1gzik,<br \/>\nkis pej lovam alatta cik\u00e1zik.<br \/>\nCik\u00e1zz, lovam, cik\u00e1zz utolj\u00e1ra,<br \/>\nholnap megy\u00fcnk Csehszlov\u00e1ki\u00e1ba.<br \/>\nCik\u00e1zz, lovam, cik\u00e1zz utolj\u00e1ra,<br \/>\nholnap megy\u00fcnk Csehszlov\u00e1ki\u00e1ba.<\/p>\n<p>Jaj, Istenem, hogy kell odamenni,<br \/>\nhogy kell a r\u00f3zs\u00e1mt\u00f3l b\u00facs\u00fat venni?<br \/>\nHa \u00f6lelem, f\u00e1jnak a karjaim,<br \/>\nha cs\u00f3kolom, hullnak a k\u00f6nnyeim.<br \/>\nHa \u00f6lelem, f\u00e1jnak a karjaim,<br \/>\nha cs\u00f3kolom, hullnak a k\u00f6nnyeim.<\/p>\n<p>R\u00f3zsa , r\u00f3zsa sz\u00e1zlevel\u0171 r\u00f3zsa,<br \/>\nbokr\u00e9t\u00e1ba k\u00f6tni de j\u00f3 volna.<br \/>\nA r\u00f3zs\u00e1nak t\u00f6vise nem volna,<br \/>\n\u00e9nn\u00e9kem is sz\u00e1zszor k\u00f6nnyebb volna.<br \/>\nA r\u00f3zs\u00e1nak t\u00f6vise nem volna,<br \/>\n\u00e9nn\u00e9kem is sz\u00e1zszor k\u00f6nnyebb volna.<br \/>\nSzatm\u00e1ron m\u00e1r f\u00fajj\u00e1k a harson\u00e1t,<br \/>\nminden kisl\u00e1ny v\u00e1rja a bab\u00e1j\u00e1t.<br \/>\n\u00c9n is az\u00e9rt mentem a fon\u00f3h\u00e1zba,<br \/>\nnyolc \u00f3r\u00e1ra v\u00e1rom a bab\u00e1mat.<br \/>\n\u00c9n is az\u00e9rt mentem a fon\u00f3h\u00e1zba,<br \/>\nnyolc \u00f3r\u00e1ra v\u00e1rom a bab\u00e1mat.<br \/>\n&#8212;Sz\u00f3l\u00f3&#8212;<br \/>\nDe szeretn\u00e9k hajnalcsillag lenni,<br \/>\nbab\u00e1m ablak\u00e1ba beragyogni,<br \/>\nberagyogn\u00e9k hozz\u00e1ja, hajnalba,<br \/>\ncs\u00f3kot k\u00e9rn\u00e9k t\u0151le utolj\u00e1ra.<br \/>\nBeragyogn\u00e9k hozz\u00e1ja, hajnalba,<br \/>\ncs\u00f3kot k\u00e9rn\u00e9k t\u0151le utolj\u00e1ra.<\/p>\n<p>Dombon van az \u00f6zvegyasszony h\u00e1za,<br \/>\nbenne van a l\u00e1nya vetett \u00e1gya,<br \/>\nbenne van a selyem \u00e1gy meg a takar\u00f3,<br \/>\nez a kisl\u00e1ny de kedvemre val\u00f3.<br \/>\nBenne van a selyem \u00e1gy meg a takar\u00f3,<br \/>\nez a kisl\u00e1ny de kedvemre val\u00f3.<br \/>\nF\u00fajja a sz\u00e9l a tarpai hegyet,<br \/>\nbenne viszi az \u00e9n szerelmemet,<br \/>\nmegyek any\u00e1m kifogom bel\u0151le,<br \/>\nh\u00e1rom \u00e9vig voltam a szeret\u0151je!<br \/>\nMegyek any\u00e1m kifogom bel\u0151le,<br \/>\nh\u00e1rom \u00e9vig voltam a szeret\u0151je!<br \/>\nSz\u00e1nom-b\u00e1nom, hogy \u00edgy cselekedtem,<br \/>\nhogy \u00e9n v\u00e9led szerelembe estem,<br \/>\nszerelembe nem estem, csak sz\u00f3ba,<br \/>\nsajn\u00e1lom de, nem tehetek r\u00f3la.<br \/>\nszerelembe nem estem, csak sz\u00f3ba,<br \/>\nsajn\u00e1lom de, nem tehetek r\u00f3la.<br \/>\nSz\u00e1nom-b\u00e1nom, hogy megh\u00e1zasodtam,<br \/>\na leg\u00e9nys\u00e9gem gy\u00e1szba bor\u00edtottam,<br \/>\nmert \u00e9n n\u00e9kem nem szabad szeretni,<br \/>\nnem szabad a l\u00e1nyokat meg\u00f6lelni.<br \/>\nMert \u00e9n n\u00e9kem nem szabad szeretni,<br \/>\nnem szabad a l\u00e1nyokat meg\u00f6lelni.<br \/>\n&#8212;Sz\u00f3l\u00f3&#8212;<br \/>\n\u00c9letemnek van egy s\u00f6t\u00e9t pontja,<br \/>\nhogy a n\u0151knek lettem a bolondja.<br \/>\nEl\u0151l h\u00e1tul vizit\u00e1lom \u0151ket,<br \/>\ncsak \u00fagy n\u00e9zem az \u00faton men\u0151ket,<br \/>\nmert im\u00e1dom jaj a csinos n\u0151ket.<br \/>\nEl\u0151l h\u00e1tul vizit\u00e1lom \u0151ket,<br \/>\ncsak \u00fagy n\u00e9zem az \u00faton men\u0151ket,<br \/>\nmert im\u00e1dom jaj a csinos n\u0151ket.<\/p>\n<p>Egy vas\u00e1rnap,haza fel\u00e9 mentem,<br \/>\negy b\u0171b\u00e1jos n\u0151 j\u00f6tt velem szemben,<br \/>\narc\u00e1t s\u0171r\u0171 f\u00e1tyol bor\u00edtotta,<br \/>\na sz\u00edvemet megbolond\u00edtotta,<br \/>\na sz\u00edvemet meg is bolond\u00edtotta.<br \/>\nArc\u00e1t s\u0171r\u0171 f\u00e1tyol bor\u00edtotta,<br \/>\na sz\u00edvemet megbolond\u00edtotta,<br \/>\na sz\u00edvemet meg is bolond\u00edtotta.<\/p>\n<p>Mint egy kutyus loholtam ut\u00e1na,<br \/>\na ligetbe \u00e9rt\u00fcnk nemsok\u00e1ra,<br \/>\nott a dr\u00e1ga lecs\u00fccs\u00fclt egy padra,<br \/>\n\u00e9s \u00e9n az alkalmat megragadva,<br \/>\nmell\u00e9 \u00fcltem \u00e9s f\u0171zni kezdtem nyomban.<br \/>\nOtt a dr\u00e1ga lecs\u00fccs\u00fclt egy padra,<br \/>\n\u00e9s \u00e9n az alkalmat megragadva,<br \/>\nmell\u00e9 \u00fcltem \u00e9s f\u0171zni kezdtem nyomban.<\/p>\n<p>\u00c1m amint a n\u0151t jav\u00e1ban f\u0171ztem,<br \/>\nmegjelent az \u00e9n kis feles\u00e9gem,<br \/>\nnem sz\u00f3lt az egy \u00e1rva sz\u00f3t se n\u00e9kem<br \/>\ncsak vagy k\u00e9tszer \u00fagy teremtett k\u00e9pen,<br \/>\nhogy az eget nagyb\u0151g\u0151nek n\u00e9ztem.<br \/>\nNem sz\u00f3lt az egy \u00e1rva sz\u00f3t se n\u00e9kem<br \/>\ncsak vagy k\u00e9tszer \u00fagy teremtett k\u00e9pen,<br \/>\nhogy az eget nagyb\u0151g\u0151nek n\u00e9ztem.<\/p>\n<p>De \u00e9n ez\u00e9rt nagyon haragudtam<br \/>\nmert a pofont \u00e1rtatlanul kaptam,<br \/>\nmert akit \u00e9n olyan sz\u00e9pnek v\u00e9ltem<br \/>\nlevette a f\u00e1tyol\u00e1t is k\u00e9rem,<br \/>\nk\u00e9pzelj\u00e9k el az any\u00f3som volt n\u00e9kem.<br \/>\nMert akit \u00e9n olyan sz\u00e9pnek v\u00e9ltem<br \/>\nlevette a f\u00e1tyol\u00e1t is k\u00e9rem,<br \/>\nk\u00e9pzelj\u00e9k el az any\u00f3som volt n\u00e9kem.<br \/>\n&#8212;Sz\u00f3l\u00f3&#8212;-<br \/>\nHat nap \u00f3ta sz\u00f3l a n\u00f3ta, nem pihentem \u00e9n az\u00f3ta,<br \/>\n\u00e1t\u00f6lelve tart a p\u00e1rom, hatnak a fele h\u00e1rom,<br \/>\na pici cs\u00f3kos sz\u00e1dat v\u00e1rom,\u00fagyis te leszel a p\u00e1rom.<br \/>\nF\u00e9lrer\u00fagtam a csizma sark\u00e1t,elh\u00edvattam a zirci varg\u00e1t,<br \/>\n\u00fcsse jobban r\u00e1ja,m\u00edg a banda muzsik\u00e1lja.<br \/>\nF\u00e9lrer\u00fagtam a csizma sark\u00e1t,elh\u00edvattam a zirci varg\u00e1t,<br \/>\n\u00fcsse jobban r\u00e1ja,m\u00edg a banda muzsik\u00e1lja.<br \/>\nHat nap \u00f3ta sz\u00f3l a n\u00f3ta, nem pihentem \u00e9n az\u00f3ta,<br \/>\n\u00e1t\u00f6lelve tart a p\u00e1rom, hatnak a fele h\u00e1rom,<br \/>\na pici cs\u00f3kos sz\u00e1dat v\u00e1rom,\u00fagyis te leszel a p\u00e1rom.<br \/>\nF\u00e9lrer\u00fagtam a csizma sark\u00e1t,elh\u00edvattam a zirci varg\u00e1t,<br \/>\n\u00fcsse jobban r\u00e1ja,m\u00edg a banda muzsik\u00e1lja.<br \/>\nF\u00e9lrer\u00fagtam a csizma sark\u00e1t,elh\u00edvattam a zirci varg\u00e1t,<br \/>\n\u00fcsse jobban r\u00e1ja,m\u00edg a banda muzsik\u00e1lja.<br \/>\nM\u00edg a banda muzsik\u00e1lja.<\/p>\n<p>&#8212;V\u00e9ge&#8212;<\/p>\n","protected":false},"featured_media":12989,"template":"","meta":{"site-sidebar-layout":"default","site-content-layout":"default","ast-site-content-layout":"default","site-content-style":"default","site-sidebar-style":"default","ast-global-header-display":"","ast-banner-title-visibility":"","ast-main-header-display":"","ast-hfb-above-header-display":"","ast-hfb-below-header-display":"","ast-hfb-mobile-header-display":"","site-post-title":"","ast-breadcrumbs-content":"","ast-featured-img":"","footer-sml-layout":"","theme-transparent-header-meta":"default","adv-header-id-meta":"","stick-header-meta":"","header-above-stick-meta":"","header-main-stick-meta":"","header-below-stick-meta":"","astra-migrate-meta-layouts":"set","ast-page-background-enabled":"default","ast-page-background-meta":{"desktop":{"background-color":"var(--ast-global-color-4)","background-image":"","background-repeat":"repeat","background-position":"center center","background-size":"auto","background-attachment":"scroll","background-type":"","background-media":"","overlay-type":"","overlay-color":"","overlay-opacity":"","overlay-gradient":""},"tablet":{"background-color":"","background-image":"","background-repeat":"repeat","background-position":"center center","background-size":"auto","background-attachment":"scroll","background-type":"","background-media":"","overlay-type":"","overlay-color":"","overlay-opacity":"","overlay-gradient":""},"mobile":{"background-color":"","background-image":"","background-repeat":"repeat","background-position":"center center","background-size":"auto","background-attachment":"scroll","background-type":"","background-media":"","overlay-type":"","overlay-color":"","overlay-opacity":"","overlay-gradient":""}},"ast-content-background-meta":{"desktop":{"background-color":"var(--ast-global-color-5)","background-image":"","background-repeat":"repeat","background-position":"center center","background-size":"auto","background-attachment":"scroll","background-type":"","background-media":"","overlay-type":"","overlay-color":"","overlay-opacity":"","overlay-gradient":""},"tablet":{"background-color":"var(--ast-global-color-5)","background-image":"","background-repeat":"repeat","background-position":"center center","background-size":"auto","background-attachment":"scroll","background-type":"","background-media":"","overlay-type":"","overlay-color":"","overlay-opacity":"","overlay-gradient":""},"mobile":{"background-color":"var(--ast-global-color-5)","background-image":"","background-repeat":"repeat","background-position":"center center","background-size":"auto","background-attachment":"scroll","background-type":"","background-media":"","overlay-type":"","overlay-color":"","overlay-opacity":"","overlay-gradient":""}}},"product_cat":[48],"product_tag":[],"class_list":["post-5190","product","type-product","status-publish","has-post-thumbnail","hentry","product_cat-sunkaraoke-dalok","desktop-align-left","tablet-align-left","mobile-align-left"],"_links":{"self":[{"href":"https:\/\/www.sunkaraoke.hu\/index.php\/wp-json\/wp\/v2\/product\/5190","targetHints":{"allow":["GET"]}}],"collection":[{"href":"https:\/\/www.sunkaraoke.hu\/index.php\/wp-json\/wp\/v2\/product"}],"about":[{"href":"https:\/\/www.sunkaraoke.hu\/index.php\/wp-json\/wp\/v2\/types\/product"}],"wp:featuredmedia":[{"embeddable":true,"href":"https:\/\/www.sunkaraoke.hu\/index.php\/wp-json\/wp\/v2\/media\/12989"}],"wp:attachment":[{"href":"https:\/\/www.sunkaraoke.hu\/index.php\/wp-json\/wp\/v2\/media?parent=5190"}],"wp:term":[{"taxonomy":"product_cat","embeddable":true,"href":"https:\/\/www.sunkaraoke.hu\/index.php\/wp-json\/wp\/v2\/product_cat?post=5190"},{"taxonomy":"product_tag","embeddable":true,"href":"https:\/\/www.sunkaraoke.hu\/index.php\/wp-json\/wp\/v2\/product_tag?post=5190"}],"curies":[{"name":"wp","href":"https:\/\/api.w.org\/{rel}","templated":true}]}}