{"id":5189,"date":"2022-08-08T20:48:45","date_gmt":"2022-08-08T20:48:45","guid":{"rendered":"https:\/\/www.sunkaraoke.hu\/index.php\/termek\/bodi-csabi-meg-az-angyalok-is-irigykednek\/"},"modified":"2025-09-28T07:37:05","modified_gmt":"2025-09-28T05:37:05","slug":"bodi-csabi-meg-az-angyalok-is-irigykednek","status":"publish","type":"product","link":"https:\/\/www.sunkaraoke.hu\/index.php\/termek\/bodi-csabi-meg-az-angyalok-is-irigykednek\/","title":{"rendered":"<div class=\"wcmp-player-container product-5189\"><audio controlslist=\"nodownload\" data-product=\"5189\"  volume=\"1\"  preload=\"none\" data-lazyloading=\"none\" class=\"wcmp-player track mejs-classic\" data-duration=\"0:38\" data-estimated_duration=\"4\"><source src=\"https:\/\/www.sunkaraoke.hu\/wp-content\/uploads\/2022\/08\/Meg-az-angyalok-is-irigykednek-SB.-demoo.mp3\" type=\"audio\/mp3\" \/><\/audio><\/div>B\u00f3di Csabi &#8211; M\u00e9g az angyalok is irigykednek (Original)"},"content":{"rendered":"<p><strong>03:48<\/strong> | <strong><img loading=\"lazy\" decoding=\"async\" class=\"alignnone size-full wp-image-467\" src=\"https:\/\/www.sunkaraoke.hu\/wp-content\/uploads\/2022\/07\/choir_2-copy.webp\" alt=\"\" width=\"30\" height=\"30\" \/> <\/strong><\/p>\n","protected":false},"excerpt":{"rendered":"<h6><strong>Bits\u0171r\u0171s\u00e9g: 320<\/strong>kb\/s<strong><br \/>\n<\/strong><strong>Hossz: <\/strong>03:48<strong><br \/>\n<\/strong><strong style=\"font-size: 16px;\">Vok\u00e1lt tartalmaz: <\/strong>Nem <img loading=\"lazy\" decoding=\"async\" class=\"alignnone size-full wp-image-467\" src=\"http:\/\/www.sunkaraoke.hu\/wp-content\/uploads\/2022\/07\/choir_2-copy.png\" alt=\"\" width=\"30\" height=\"30\" \/><strong style=\"font-size: 16px;\"><br \/>\n<\/strong><\/h6>\n<p>Sunkaraoke mp3 st\u00fadi\u00f3 \/ www.sunkaraoke.hu \/ Inf: Tel: 06 20 4275001<\/p>\n<p>&#8212;Intr\u00f3&#8212;<br \/>\n\u00c1lmomban azt l\u00e1ttam, \u00e9reztem itt vagy mellettem,<br \/>\n\u00e9n mellettem.<br \/>\n\u00d6lelt\u00e9l, cs\u00f3kolt\u00e1l, szerelmet vallott\u00e1l n\u00e9kem,<br \/>\nigen n\u00e9kem.<br \/>\nN\u00e9zd a telihold csak r\u00e1nk ragyog,<br \/>\na sarki f\u00e9nyben t\u00e1ncolnak a csillagok.<\/p>\n<p>M\u00e9g az angyalok is irigykednek r\u00e1nk,<br \/>\nmert a mennyben sincsen ilyen boldogs\u00e1g.<br \/>\nEgy perc alatt szeretni. egy \u00e9let kev\u00e9s feledni.<br \/>\nA f\u00f6ldi kincs m\u00e1r nek\u00fcnk nem sz\u00e1m\u00edt.<br \/>\nM\u00e9g az angyalok is irigykednek r\u00e1nk,<br \/>\nmert a mennyben sincsen ilyen boldogs\u00e1g.<br \/>\nEgy perc alatt szeretni. egy \u00e9let kev\u00e9s feledni.<br \/>\nA f\u00f6ldi kincs m\u00e1r nek\u00fcnk nem sz\u00e1m\u00edt.<br \/>\n&#8212;Sz\u00f3l\u00f3&#8212;<br \/>\n\u00c1lmomban azt l\u00e1ttam, \u00e9reztem itt vagy mellettem,<br \/>\n\u00e9n mellettem.<br \/>\n\u00d6lelt\u00e9l, cs\u00f3kolt\u00e1l, szerelmet vallott\u00e1l n\u00e9kem,<br \/>\nigen n\u00e9kem.<br \/>\nN\u00e9zd a telihold csak r\u00e1nk ragyog,<br \/>\na sarki f\u00e9nyben t\u00e1ncolnak a csillagok.<\/p>\n<p>M\u00e9g az angyalok is irigykednek r\u00e1nk,<br \/>\nmert a mennyben sincsen ilyen boldogs\u00e1g.<br \/>\nEgy perc alatt szeretni. egy \u00e9let kev\u00e9s feledni.<br \/>\nA f\u00f6ldi kincs m\u00e1r nek\u00fcnk nem sz\u00e1m\u00edt.<br \/>\nM\u00e9g az angyalok is irigykednek r\u00e1nk,<br \/>\nmert a mennyben sincsen ilyen boldogs\u00e1g.<br \/>\nEgy perc alatt szeretni. egy \u00e9let kev\u00e9s feledni.<br \/>\nA f\u00f6ldi kincs m\u00e1r nek\u00fcnk nem sz\u00e1m\u00edt.<br \/>\nS\u00e1,n\u00e1,n\u00e1,n\u00e1,n\u00e1&#8230;&#8230;..<br \/>\nM\u00e9g az angyalok is irigykednek r\u00e1nk,<br \/>\nmert a mennyben sincsen ilyen boldogs\u00e1g.<br \/>\nEgy perc alatt szeretni. egy \u00e9let kev\u00e9s feledni.<br \/>\nA f\u00f6ldi kincs m\u00e1r nek\u00fcnk nem sz\u00e1m\u00edt.<br \/>\nM\u00e9g az angyalok is irigykednek r\u00e1nk,<br \/>\nmert a mennyben sincsen ilyen boldogs\u00e1g.<br \/>\nEgy perc alatt szeretni. egy \u00e9let kev\u00e9s feledni.<br \/>\nA f\u00f6ldi kincs m\u00e1r nek\u00fcnk nem sz\u00e1m\u00edt.<br \/>\nM\u00e9g az angyalok is irigykednek r\u00e1nk,<br \/>\nmert a mennyben sincsen ilyen boldogs\u00e1g.<br \/>\nEgy perc alatt szeretni. egy \u00e9let kev\u00e9s feledni.<br \/>\nA f\u00f6ldi kincs m\u00e1r nek\u00fcnk nem sz\u00e1m\u00edt.<br \/>\n&#8212;V\u00e9ge&#8212;<\/p>\n","protected":false},"featured_media":8742,"template":"","meta":{"site-sidebar-layout":"default","site-content-layout":"default","ast-site-content-layout":"default","site-content-style":"default","site-sidebar-style":"default","ast-global-header-display":"","ast-banner-title-visibility":"","ast-main-header-display":"","ast-hfb-above-header-display":"","ast-hfb-below-header-display":"","ast-hfb-mobile-header-display":"","site-post-title":"","ast-breadcrumbs-content":"","ast-featured-img":"","footer-sml-layout":"","theme-transparent-header-meta":"default","adv-header-id-meta":"","stick-header-meta":"","header-above-stick-meta":"","header-main-stick-meta":"","header-below-stick-meta":"","astra-migrate-meta-layouts":"set","ast-page-background-enabled":"default","ast-page-background-meta":{"desktop":{"background-color":"var(--ast-global-color-4)","background-image":"","background-repeat":"repeat","background-position":"center center","background-size":"auto","background-attachment":"scroll","background-type":"","background-media":"","overlay-type":"","overlay-color":"","overlay-opacity":"","overlay-gradient":""},"tablet":{"background-color":"","background-image":"","background-repeat":"repeat","background-position":"center center","background-size":"auto","background-attachment":"scroll","background-type":"","background-media":"","overlay-type":"","overlay-color":"","overlay-opacity":"","overlay-gradient":""},"mobile":{"background-color":"","background-image":"","background-repeat":"repeat","background-position":"center center","background-size":"auto","background-attachment":"scroll","background-type":"","background-media":"","overlay-type":"","overlay-color":"","overlay-opacity":"","overlay-gradient":""}},"ast-content-background-meta":{"desktop":{"background-color":"var(--ast-global-color-5)","background-image":"","background-repeat":"repeat","background-position":"center center","background-size":"auto","background-attachment":"scroll","background-type":"","background-media":"","overlay-type":"","overlay-color":"","overlay-opacity":"","overlay-gradient":""},"tablet":{"background-color":"var(--ast-global-color-5)","background-image":"","background-repeat":"repeat","background-position":"center center","background-size":"auto","background-attachment":"scroll","background-type":"","background-media":"","overlay-type":"","overlay-color":"","overlay-opacity":"","overlay-gradient":""},"mobile":{"background-color":"var(--ast-global-color-5)","background-image":"","background-repeat":"repeat","background-position":"center center","background-size":"auto","background-attachment":"scroll","background-type":"","background-media":"","overlay-type":"","overlay-color":"","overlay-opacity":"","overlay-gradient":""}}},"product_cat":[48],"product_tag":[],"class_list":["post-5189","product","type-product","status-publish","has-post-thumbnail","hentry","product_cat-sunkaraoke-dalok","desktop-align-left","tablet-align-left","mobile-align-left"],"_links":{"self":[{"href":"https:\/\/www.sunkaraoke.hu\/index.php\/wp-json\/wp\/v2\/product\/5189","targetHints":{"allow":["GET"]}}],"collection":[{"href":"https:\/\/www.sunkaraoke.hu\/index.php\/wp-json\/wp\/v2\/product"}],"about":[{"href":"https:\/\/www.sunkaraoke.hu\/index.php\/wp-json\/wp\/v2\/types\/product"}],"wp:featuredmedia":[{"embeddable":true,"href":"https:\/\/www.sunkaraoke.hu\/index.php\/wp-json\/wp\/v2\/media\/8742"}],"wp:attachment":[{"href":"https:\/\/www.sunkaraoke.hu\/index.php\/wp-json\/wp\/v2\/media?parent=5189"}],"wp:term":[{"taxonomy":"product_cat","embeddable":true,"href":"https:\/\/www.sunkaraoke.hu\/index.php\/wp-json\/wp\/v2\/product_cat?post=5189"},{"taxonomy":"product_tag","embeddable":true,"href":"https:\/\/www.sunkaraoke.hu\/index.php\/wp-json\/wp\/v2\/product_tag?post=5189"}],"curies":[{"name":"wp","href":"https:\/\/api.w.org\/{rel}","templated":true}]}}