{"id":5183,"date":"2022-08-08T20:48:45","date_gmt":"2022-08-08T20:48:45","guid":{"rendered":"https:\/\/www.sunkaraoke.hu\/index.php\/termek\/simon-duo-se-veled-se-nelkuled-2017-remix\/"},"modified":"2025-12-21T17:37:39","modified_gmt":"2025-12-21T15:37:39","slug":"simon-duo-se-veled-se-nelkuled-2017-remix","status":"publish","type":"product","link":"https:\/\/www.sunkaraoke.hu\/index.php\/termek\/simon-duo-se-veled-se-nelkuled-2017-remix\/","title":{"rendered":"<div class=\"wcmp-player-container product-5183\"><audio controlslist=\"nodownload\" data-product=\"5183\"  volume=\"1\"  preload=\"none\" data-lazyloading=\"none\" class=\"wcmp-player track mejs-classic\" data-duration=\"0:33\" data-estimated_duration=\"4\"><source src=\"https:\/\/www.sunkaraoke.hu\/wp-content\/uploads\/2022\/08\/Talald-ki-gyorsan-a-gondolatom-2017-New-SB.-kdemoo2-1.mp3\" type=\"audio\/mp3\" \/><\/audio><\/div>Simon Du\u00f3 &#8211; Se veled se n\u00e9lk\u00fcled (Original SB RMX Edition)"},"content":{"rendered":"<p><strong>03:41<\/strong> | <strong><img loading=\"lazy\" decoding=\"async\" class=\"alignnone size-full wp-image-467\" src=\"https:\/\/www.sunkaraoke.hu\/wp-content\/uploads\/2022\/07\/choir_2-copy.webp\" alt=\"\" width=\"30\" height=\"30\" \/> <\/strong><\/p>\n","protected":false},"excerpt":{"rendered":"<h5>Bits\u0171r\u0171s\u00e9g: 320kb\/s<br \/>\nHossz: 03:41<br \/>\nVok\u00e1lt tartalmaz: Nem <img loading=\"lazy\" decoding=\"async\" class=\"alignnone size-full wp-image-467\" src=\"http:\/\/www.sunkaraoke.hu\/wp-content\/uploads\/2022\/07\/choir_2-copy.png\" alt=\"\" width=\"30\" height=\"30\" \/><strong style=\"font-size: 16px;\"><br \/>\n<\/strong><\/h5>\n<p>Sunkaraoke mp3 st\u00fadi\u00f3 \/ www.sunkaraoke.hu \/ Inf: Tel: 06 20 4275001<\/p>\n<p>&#8212;Intr\u00f3&#8212;<br \/>\nMicsoda \u00e9jjel, \u00e9s micsoda \u00e9rz\u00e9s,<br \/>\nazt hittem, nem m\u00e1s, csak fut\u00f3 kaland.<br \/>\nV\u00e1rom, hogy csengess, v\u00e1rom, hogy felh\u00edvsz,<br \/>\nde szeretn\u00e9m hinni, hogy velem maradsz.<br \/>\nNevetve \u00e9lek, de akarom \u0151t, keresem \u0151t, szeretem \u0151t,<br \/>\n\u00e9s mint egy k\u00e1rtyaj\u00e1t\u00e9kos,<br \/>\nmindent egy lapra tettem fel \u00e9n.<br \/>\nSe veled, se n\u00e9lk\u00fcled, \u00e9lni nem tudok,<br \/>\nde neh\u00e9z eld\u00f6ntenem, csiki csuki \u00e1llapot!<br \/>\nSe veled, se n\u00e9lk\u00fcled ,\u00e9lni nem tudok,<br \/>\nszabadulni t\u0151led \u00e9n, t\u00f6bb\u00e9 nem fogok.<br \/>\nHa mell\u00e9m b\u00fajsz v\u00e9gre, \u00e9s egy\u00fctt van minden,<br \/>\n\u00fagy \u00e9rzem, jobb m\u00e1r nem is lehet.<br \/>\nDe elj\u00f6n a reggel, s vele egy \u00faj nap,<br \/>\ntal\u00e1n m\u00e1r m\u00e1s kell, \u00edgy nem mehet!<br \/>\nNevetve \u00e9lek, de akarom \u0151t,<br \/>\nkeresem \u0151t, szeretem \u0151t,<br \/>\n\u00e9s mint egy k\u00e1rtyaj\u00e1t\u00e9kos,<br \/>\nmindent egy lapra tettem fel \u00e9n.<br \/>\nSe veled, se n\u00e9lk\u00fcled, \u00e9lni nem tudok,<br \/>\nde neh\u00e9z eld\u00f6ntenem, csiki csuki \u00e1llapot!<br \/>\nSe veled, se n\u00e9lk\u00fcled, \u00e9lni nem tudok,<br \/>\nszabadulni t\u0151led \u00e9n, t\u00f6bb\u00e9 nem fogok.<br \/>\n&#8212;Sz\u00f3l\u00f3&#8212;<br \/>\nSe veled, se n\u00e9lk\u00fcled, \u00e9lni nem tudok,<br \/>\nde neh\u00e9z eld\u00f6ntenem, csiki csuki \u00e1llapot!<br \/>\nSe veled, se n\u00e9lk\u00fcled, \u00e9lni nem tudok,<br \/>\nszabadulni t\u0151led \u00e9n t\u00f6bb\u00e9 nem fogok.<br \/>\nSe veled, se n\u00e9lk\u00fcled, \u00e9lni nem tudok,<br \/>\nde neh\u00e9z eld\u00f6ntenem, csiki csuki \u00e1llapot!<br \/>\nSe veled, se n\u00e9lk\u00fcled, \u00e9lni nem tudok,<br \/>\nszabadulni t\u0151led \u00e9n t\u00f6bb\u00e9 nem fogok.<br \/>\n&#8212;V\u00e9ge&#8212;<\/p>\n","protected":false},"featured_media":8720,"template":"","meta":{"site-sidebar-layout":"default","site-content-layout":"default","ast-site-content-layout":"default","site-content-style":"default","site-sidebar-style":"default","ast-global-header-display":"","ast-banner-title-visibility":"","ast-main-header-display":"","ast-hfb-above-header-display":"","ast-hfb-below-header-display":"","ast-hfb-mobile-header-display":"","site-post-title":"","ast-breadcrumbs-content":"","ast-featured-img":"","footer-sml-layout":"","theme-transparent-header-meta":"default","adv-header-id-meta":"","stick-header-meta":"","header-above-stick-meta":"","header-main-stick-meta":"","header-below-stick-meta":"","astra-migrate-meta-layouts":"set","ast-page-background-enabled":"default","ast-page-background-meta":{"desktop":{"background-color":"var(--ast-global-color-4)","background-image":"","background-repeat":"repeat","background-position":"center center","background-size":"auto","background-attachment":"scroll","background-type":"","background-media":"","overlay-type":"","overlay-color":"","overlay-opacity":"","overlay-gradient":""},"tablet":{"background-color":"","background-image":"","background-repeat":"repeat","background-position":"center center","background-size":"auto","background-attachment":"scroll","background-type":"","background-media":"","overlay-type":"","overlay-color":"","overlay-opacity":"","overlay-gradient":""},"mobile":{"background-color":"","background-image":"","background-repeat":"repeat","background-position":"center center","background-size":"auto","background-attachment":"scroll","background-type":"","background-media":"","overlay-type":"","overlay-color":"","overlay-opacity":"","overlay-gradient":""}},"ast-content-background-meta":{"desktop":{"background-color":"var(--ast-global-color-5)","background-image":"","background-repeat":"repeat","background-position":"center center","background-size":"auto","background-attachment":"scroll","background-type":"","background-media":"","overlay-type":"","overlay-color":"","overlay-opacity":"","overlay-gradient":""},"tablet":{"background-color":"var(--ast-global-color-5)","background-image":"","background-repeat":"repeat","background-position":"center center","background-size":"auto","background-attachment":"scroll","background-type":"","background-media":"","overlay-type":"","overlay-color":"","overlay-opacity":"","overlay-gradient":""},"mobile":{"background-color":"var(--ast-global-color-5)","background-image":"","background-repeat":"repeat","background-position":"center center","background-size":"auto","background-attachment":"scroll","background-type":"","background-media":"","overlay-type":"","overlay-color":"","overlay-opacity":"","overlay-gradient":""}}},"product_cat":[46],"product_tag":[],"class_list":["post-5183","product","type-product","status-publish","has-post-thumbnail","hentry","product_cat-eredeti-karaoke-dalok","desktop-align-left","tablet-align-left","mobile-align-left"],"_links":{"self":[{"href":"https:\/\/www.sunkaraoke.hu\/index.php\/wp-json\/wp\/v2\/product\/5183","targetHints":{"allow":["GET"]}}],"collection":[{"href":"https:\/\/www.sunkaraoke.hu\/index.php\/wp-json\/wp\/v2\/product"}],"about":[{"href":"https:\/\/www.sunkaraoke.hu\/index.php\/wp-json\/wp\/v2\/types\/product"}],"wp:featuredmedia":[{"embeddable":true,"href":"https:\/\/www.sunkaraoke.hu\/index.php\/wp-json\/wp\/v2\/media\/8720"}],"wp:attachment":[{"href":"https:\/\/www.sunkaraoke.hu\/index.php\/wp-json\/wp\/v2\/media?parent=5183"}],"wp:term":[{"taxonomy":"product_cat","embeddable":true,"href":"https:\/\/www.sunkaraoke.hu\/index.php\/wp-json\/wp\/v2\/product_cat?post=5183"},{"taxonomy":"product_tag","embeddable":true,"href":"https:\/\/www.sunkaraoke.hu\/index.php\/wp-json\/wp\/v2\/product_tag?post=5183"}],"curies":[{"name":"wp","href":"https:\/\/api.w.org\/{rel}","templated":true}]}}