{"id":5181,"date":"2022-08-08T20:48:44","date_gmt":"2022-08-08T20:48:44","guid":{"rendered":"https:\/\/www.sunkaraoke.hu\/index.php\/termek\/suzy-hej-dalade-2017-transzp-v\/"},"modified":"2025-09-28T07:37:05","modified_gmt":"2025-09-28T05:37:05","slug":"suzy-hej-dalade-2017-transzp-v","status":"publish","type":"product","link":"https:\/\/www.sunkaraoke.hu\/index.php\/termek\/suzy-hej-dalade-2017-transzp-v\/","title":{"rendered":"<div class=\"wcmp-player-container product-5181\"><audio controlslist=\"nodownload\" data-product=\"5181\"  volume=\"1\"  preload=\"none\" data-lazyloading=\"none\" class=\"wcmp-player track mejs-classic\" data-duration=\"0:33\" data-estimated_duration=\"4\"><source src=\"https:\/\/www.sunkaraoke.hu\/wp-content\/uploads\/2022\/08\/Hej-dalale-Suzy-Transz-SB.-demoo.mp3\" type=\"audio\/mp3\" \/><\/audio><\/div>Suzy &#8211; Hej dal\u00e1d\u00e9 (SB Edition)"},"content":{"rendered":"<p><strong>03:42<\/strong> | <strong><img loading=\"lazy\" decoding=\"async\" class=\"alignnone size-full wp-image-467\" src=\"https:\/\/www.sunkaraoke.hu\/wp-content\/uploads\/2022\/07\/choir_2-copy.webp\" alt=\"\" width=\"30\" height=\"30\" \/> <strong> | <img loading=\"lazy\" decoding=\"async\" class=\"alignnone size-full wp-image-613\" src=\"https:\/\/www.sunkaraoke.hu\/wp-content\/uploads\/2022\/07\/transzponalas.webp\" alt=\"\" width=\"30\" height=\"30\" \/> <\/strong><strong>+5<\/strong><\/strong><\/p>\n","protected":false},"excerpt":{"rendered":"<h6><strong>Bits\u0171r\u0171s\u00e9g: 320<\/strong>kb\/s<strong><br \/>\n<\/strong><strong>Hossz: <\/strong>03:42<strong><br \/>\n<\/strong><strong style=\"font-size: 16px;\">Vok\u00e1lt tartalmaz: <\/strong>Nem <img loading=\"lazy\" decoding=\"async\" class=\"alignnone size-full wp-image-467\" src=\"http:\/\/www.sunkaraoke.hu\/wp-content\/uploads\/2022\/07\/choir_2-copy.png\" alt=\"\" width=\"30\" height=\"30\" \/><strong style=\"font-size: 16px;\"><br \/>\n<\/strong><strong>Transzpon\u00e1l\u00e1s: <\/strong><img loading=\"lazy\" decoding=\"async\" class=\"alignnone size-full wp-image-613\" src=\"http:\/\/www.sunkaraoke.hu\/wp-content\/uploads\/2022\/07\/transzponalas.png\" alt=\"\" width=\"30\" height=\"30\" \/> +5<\/h6>\n<p>Sunkaraoke mp3 st\u00fadi\u00f3 \/ www.sunkaraoke.hu \/ Inf: Tel: 06 20 4275001<\/p>\n<p>&#8212;Intr\u00f3&#8212;<br \/>\nHej dal\u00e1d\u00e9, dal\u00e1d\u00e9,<br \/>\nbeteg lett a cig\u00e1nyn\u00e9 hej.<br \/>\nSzalm\u00e1t tettek al\u00e1ja hej,<br \/>\nle\u00e9gett a cig\u00e1nyasszony szokny\u00e1ja.<br \/>\nNekimenjek, ne menjek,<br \/>\na fekete szemednek.<br \/>\nR\u00e1m n\u00e9zt\u00e9l, azt nevett\u00e9l hej,<br \/>\nmegtudt\u00e1k, hogy cig\u00e1nyasszonyt szerett\u00e9l.<br \/>\nVerd meg Isten, verd meg azt,<br \/>\nkinek sz\u00edve nem igaz.<br \/>\nL\u00e1m ez eny\u00e9m igaz volt hej,<br \/>\nm\u00e9gis megcsalatkozott a s\u00f6t\u00e9tben.<br \/>\n&#8212;Sz\u00f3l\u00f3&#8212;-<br \/>\nH\u00e1rom hord\u00f3 borom van,<br \/>\nmind a h\u00e1rom csapon van,<br \/>\n\u00e9n fekszem a csap al\u00e1 hej,<br \/>\nte meg r\u00f3zs\u00e1m fekszel a paplany al\u00e1.<br \/>\nKi t\u00e1ncol a kocsm\u00e1ban,<br \/>\nroma cs\u00e1v\u00f3 mag\u00e1ba\u2019.<br \/>\nKi annak a bab\u00e1ja hej,<br \/>\nszeg\u00e9ny Julcsa s\u00edrva s\u00e9t\u00e1l ut\u00e1na.<br \/>\n&#8212;Sz\u00f3l\u00f3&#8212;<br \/>\nHej dal\u00e1d\u00e9, dal\u00e1d\u00e9,<br \/>\nbeteg lett a cig\u00e1nyn\u00e9.<br \/>\nSzalm\u00e1t tettek al\u00e1ja hej,<br \/>\nle\u00e9gett a cig\u00e1nyasszony szokny\u00e1ja.<br \/>\nNekimenjek, ne menjek,<br \/>\na fekete szemednek.<br \/>\nR\u00e1m n\u00e9zt\u00e9l, azt nevett\u00e9l hej,<br \/>\nmegtudt\u00e1k, hogy cig\u00e1nyasszonyt szerett\u00e9l.<br \/>\nVerd meg Isten, verd meg azt,<br \/>\nkinek sz\u00edve nem igaz.<br \/>\nL\u00e1m ez eny\u00e9m igaz volt hej,<br \/>\nm\u00e9gis megcsalatkozott a s\u00f6t\u00e9tben.<br \/>\n&#8212;Sz\u00f3l\u00f3&#8212;<br \/>\nH\u00e1rom hord\u00f3 borom van,<br \/>\nmind a h\u00e1rom csapon van,<br \/>\n\u00e9n fekszem a csap al\u00e1 hej,<br \/>\nte meg r\u00f3zs\u00e1m fekszel a paplany al\u00e1.<br \/>\nKi t\u00e1ncol a kocsm\u00e1ban,<br \/>\nroma cs\u00e1v\u00f3 mag\u00e1ba\u2019.<br \/>\nKi annak a bab\u00e1ja hej,<br \/>\nszeg\u00e9ny Julcsa s\u00edrva s\u00e9t\u00e1l ut\u00e1na.<br \/>\n&#8212;V\u00e9ge&#8212;<\/p>\n","protected":false},"featured_media":9887,"template":"","meta":{"site-sidebar-layout":"default","site-content-layout":"default","ast-site-content-layout":"default","site-content-style":"default","site-sidebar-style":"default","ast-global-header-display":"","ast-banner-title-visibility":"","ast-main-header-display":"","ast-hfb-above-header-display":"","ast-hfb-below-header-display":"","ast-hfb-mobile-header-display":"","site-post-title":"","ast-breadcrumbs-content":"","ast-featured-img":"","footer-sml-layout":"","theme-transparent-header-meta":"default","adv-header-id-meta":"","stick-header-meta":"","header-above-stick-meta":"","header-main-stick-meta":"","header-below-stick-meta":"","astra-migrate-meta-layouts":"set","ast-page-background-enabled":"default","ast-page-background-meta":{"desktop":{"background-color":"var(--ast-global-color-4)","background-image":"","background-repeat":"repeat","background-position":"center center","background-size":"auto","background-attachment":"scroll","background-type":"","background-media":"","overlay-type":"","overlay-color":"","overlay-opacity":"","overlay-gradient":""},"tablet":{"background-color":"","background-image":"","background-repeat":"repeat","background-position":"center center","background-size":"auto","background-attachment":"scroll","background-type":"","background-media":"","overlay-type":"","overlay-color":"","overlay-opacity":"","overlay-gradient":""},"mobile":{"background-color":"","background-image":"","background-repeat":"repeat","background-position":"center center","background-size":"auto","background-attachment":"scroll","background-type":"","background-media":"","overlay-type":"","overlay-color":"","overlay-opacity":"","overlay-gradient":""}},"ast-content-background-meta":{"desktop":{"background-color":"var(--ast-global-color-5)","background-image":"","background-repeat":"repeat","background-position":"center center","background-size":"auto","background-attachment":"scroll","background-type":"","background-media":"","overlay-type":"","overlay-color":"","overlay-opacity":"","overlay-gradient":""},"tablet":{"background-color":"var(--ast-global-color-5)","background-image":"","background-repeat":"repeat","background-position":"center center","background-size":"auto","background-attachment":"scroll","background-type":"","background-media":"","overlay-type":"","overlay-color":"","overlay-opacity":"","overlay-gradient":""},"mobile":{"background-color":"var(--ast-global-color-5)","background-image":"","background-repeat":"repeat","background-position":"center center","background-size":"auto","background-attachment":"scroll","background-type":"","background-media":"","overlay-type":"","overlay-color":"","overlay-opacity":"","overlay-gradient":""}}},"product_cat":[48],"product_tag":[],"class_list":["post-5181","product","type-product","status-publish","has-post-thumbnail","hentry","product_cat-sunkaraoke-dalok","desktop-align-left","tablet-align-left","mobile-align-left"],"_links":{"self":[{"href":"https:\/\/www.sunkaraoke.hu\/index.php\/wp-json\/wp\/v2\/product\/5181","targetHints":{"allow":["GET"]}}],"collection":[{"href":"https:\/\/www.sunkaraoke.hu\/index.php\/wp-json\/wp\/v2\/product"}],"about":[{"href":"https:\/\/www.sunkaraoke.hu\/index.php\/wp-json\/wp\/v2\/types\/product"}],"wp:featuredmedia":[{"embeddable":true,"href":"https:\/\/www.sunkaraoke.hu\/index.php\/wp-json\/wp\/v2\/media\/9887"}],"wp:attachment":[{"href":"https:\/\/www.sunkaraoke.hu\/index.php\/wp-json\/wp\/v2\/media?parent=5181"}],"wp:term":[{"taxonomy":"product_cat","embeddable":true,"href":"https:\/\/www.sunkaraoke.hu\/index.php\/wp-json\/wp\/v2\/product_cat?post=5181"},{"taxonomy":"product_tag","embeddable":true,"href":"https:\/\/www.sunkaraoke.hu\/index.php\/wp-json\/wp\/v2\/product_tag?post=5181"}],"curies":[{"name":"wp","href":"https:\/\/api.w.org\/{rel}","templated":true}]}}