{"id":5178,"date":"2022-08-08T20:48:44","date_gmt":"2022-08-08T20:48:44","guid":{"rendered":"https:\/\/www.sunkaraoke.hu\/index.php\/termek\/fiesta-mezedes-nyar-2017-no-rapp\/"},"modified":"2025-04-12T07:39:12","modified_gmt":"2025-04-12T07:39:12","slug":"fiesta-mezedes-nyar-2017-no-rapp","status":"publish","type":"product","link":"https:\/\/www.sunkaraoke.hu\/index.php\/termek\/fiesta-mezedes-nyar-2017-no-rapp\/","title":{"rendered":"<div class=\"wcmp-player-container product-5178\"><audio controlslist=\"nodownload\" data-product=\"5178\"  volume=\"1\"  preload=\"none\" data-lazyloading=\"none\" class=\"wcmp-player track mejs-classic\" data-duration=\"0:34\" data-estimated_duration=\"4\"><source src=\"https:\/\/www.sunkaraoke.hu\/wp-content\/uploads\/2022\/08\/Mezedes-nyar-orig-No-Rapp-SB.-demoo.mp3\" type=\"audio\/mp3\" \/><\/audio><\/div>Fiesta &#8211; M\u00e9z\u00e9des ny\u00e1r \/No Rapp\/ (Original SB edition)"},"content":{"rendered":"<p><strong>03:25<\/strong> | <strong><img loading=\"lazy\" decoding=\"async\" class=\"alignnone size-full wp-image-467\" src=\"https:\/\/www.sunkaraoke.hu\/wp-content\/uploads\/2022\/07\/choir_2-copy.webp\" alt=\"\" width=\"30\" height=\"30\" \/> <\/strong><\/p>\n","protected":false},"excerpt":{"rendered":"<h6><strong>Bits\u0171r\u0171s\u00e9g: 320<\/strong>kb\/s<strong><br \/>\n<\/strong><strong>Hossz: <\/strong>03:25<strong><br \/>\n<\/strong><strong style=\"font-size: 16px;\">Vok\u00e1lt tartalmaz: <\/strong>Nem <img loading=\"lazy\" decoding=\"async\" class=\"alignnone size-full wp-image-467\" src=\"http:\/\/www.sunkaraoke.hu\/wp-content\/uploads\/2022\/07\/choir_2-copy.png\" alt=\"\" width=\"30\" height=\"30\" \/><strong style=\"font-size: 16px;\"><br \/>\n<\/strong><\/h6>\n<p>Sunkaraoke mp3 st\u00fadi\u00f3 \/ www.sunkaraoke.hu \/ Inf: Tel: 06 20 4275001<\/p>\n<p>&#8212;Intr\u00f3&#8212;<br \/>\nForr\u00f3 m\u00e9z\u00e9des ny\u00e1r, rohan a sz\u00edv egy m\u00e1sik ut\u00e1n,<br \/>\nk\u00f6nny\u0171 z\u00e1por es\u0151, sz\u00f6kik mint csalfa rossz szeret\u0151.<br \/>\nA nap fent j\u00e1r az \u00e9gen \u00e9s v\u00edzben t\u00e1ncol,<br \/>\nl\u00e1gyan k\u00f6r\u00e9m b\u00fajt a f\u00e9ny \u00e9s elvar\u00e1zsol.<br \/>\nAzt\u00e1n a sz\u00e9l f\u00fajta fel\u00e9m t\u00e1volr\u00f3l halkan,<br \/>\nminden benne volt egy r\u00e9gi dalban.<br \/>\nOlyan ismer\u0151s a dallam,<br \/>\nadj hanger\u0151t hogy halljam,<br \/>\nmert nem sz\u00f3l semmi m\u00e1sr\u00f3l,<br \/>\ncsak a m\u00fal\u00f3 boldogs\u00e1gr\u00f3l.<br \/>\nOlyan ismer\u0151s a dallam,<br \/>\nadj hanger\u0151t hogy halljam,<br \/>\nmert nem sz\u00f3l csak a ny\u00e1rr\u00f3l,<br \/>\nm\u00e9rt j\u00e1r annyit t\u00e1vol.<br \/>\nForr\u00f3 m\u00e9z\u00e9des ny\u00e1r, ahogy egy gyermek \u00fagy \u00f6lel \u00e1t,<br \/>\ncs\u00f3kod \u00e1lmot \u00edg\u00e9r, azt\u00e1n elhagy v\u00e9get is \u00e9r.<br \/>\nA nap fent j\u00e1r az \u00e9gen \u00e9s v\u00edzben t\u00e1ncol,<br \/>\nl\u00e1gyan k\u00f6r\u00e9m b\u00fajt a f\u00e9ny \u00e9s elvar\u00e1zsol.<br \/>\nAzt\u00e1n a sz\u00e9l f\u00fajta fel\u00e9m t\u00e1volr\u00f3l halkan,<br \/>\nminden benne volt egy r\u00e9gi dalban.<br \/>\nOlyan ismer\u0151s a dallam,<br \/>\nadj hanger\u0151t hogy halljam,<br \/>\nmert nem sz\u00f3l semmi m\u00e1sr\u00f3l,<br \/>\ncsak a m\u00fal\u00f3 boldogs\u00e1gr\u00f3l.<br \/>\nOlyan ismer\u0151s a dallam,<br \/>\nadj hanger\u0151t hogy halljam,<br \/>\nmert nem sz\u00f3l csak a ny\u00e1rr\u00f3l,<br \/>\nm\u00e9rt j\u00e1r annyit t\u00e1vol.<br \/>\n&#8212;Sz\u00f3l\u00f3&#8212;<br \/>\nOlyan ismer\u0151s a dallam,<br \/>\nadj hanger\u0151t hogy halljam,<br \/>\nmert nem sz\u00f3l semmi m\u00e1sr\u00f3l,<br \/>\ncsak a m\u00fal\u00f3 boldogs\u00e1gr\u00f3l.<br \/>\nOlyan ismer\u0151s a dallam,<br \/>\nadj hanger\u0151t hogy halljam,<br \/>\nmert nem sz\u00f3l csak a ny\u00e1rr\u00f3l,<br \/>\nm\u00e9rt j\u00e1r annyit t\u00e1vol.<br \/>\nOlyan ismer\u0151s a dallam,<br \/>\nadj hanger\u0151t hogy halljam,<br \/>\nmert nem sz\u00f3l csak a ny\u00e1rr\u00f3l,<br \/>\nm\u00e9rt j\u00e1r annyit t\u00e1vol.<br \/>\n&#8212;V\u00e9ge&#8212;<\/p>\n","protected":false},"featured_media":10522,"template":"","meta":{"site-sidebar-layout":"default","site-content-layout":"default","ast-site-content-layout":"default","site-content-style":"default","site-sidebar-style":"default","ast-global-header-display":"","ast-banner-title-visibility":"","ast-main-header-display":"","ast-hfb-above-header-display":"","ast-hfb-below-header-display":"","ast-hfb-mobile-header-display":"","site-post-title":"","ast-breadcrumbs-content":"","ast-featured-img":"","footer-sml-layout":"","theme-transparent-header-meta":"default","adv-header-id-meta":"","stick-header-meta":"","header-above-stick-meta":"","header-main-stick-meta":"","header-below-stick-meta":"","astra-migrate-meta-layouts":"set","ast-page-background-enabled":"default","ast-page-background-meta":{"desktop":{"background-color":"var(--ast-global-color-4)","background-image":"","background-repeat":"repeat","background-position":"center center","background-size":"auto","background-attachment":"scroll","background-type":"","background-media":"","overlay-type":"","overlay-color":"","overlay-opacity":"","overlay-gradient":""},"tablet":{"background-color":"","background-image":"","background-repeat":"repeat","background-position":"center center","background-size":"auto","background-attachment":"scroll","background-type":"","background-media":"","overlay-type":"","overlay-color":"","overlay-opacity":"","overlay-gradient":""},"mobile":{"background-color":"","background-image":"","background-repeat":"repeat","background-position":"center center","background-size":"auto","background-attachment":"scroll","background-type":"","background-media":"","overlay-type":"","overlay-color":"","overlay-opacity":"","overlay-gradient":""}},"ast-content-background-meta":{"desktop":{"background-color":"var(--ast-global-color-5)","background-image":"","background-repeat":"repeat","background-position":"center center","background-size":"auto","background-attachment":"scroll","background-type":"","background-media":"","overlay-type":"","overlay-color":"","overlay-opacity":"","overlay-gradient":""},"tablet":{"background-color":"var(--ast-global-color-5)","background-image":"","background-repeat":"repeat","background-position":"center center","background-size":"auto","background-attachment":"scroll","background-type":"","background-media":"","overlay-type":"","overlay-color":"","overlay-opacity":"","overlay-gradient":""},"mobile":{"background-color":"var(--ast-global-color-5)","background-image":"","background-repeat":"repeat","background-position":"center center","background-size":"auto","background-attachment":"scroll","background-type":"","background-media":"","overlay-type":"","overlay-color":"","overlay-opacity":"","overlay-gradient":""}}},"product_cat":[48],"product_tag":[],"class_list":["post-5178","product","type-product","status-publish","has-post-thumbnail","hentry","product_cat-sunkaraoke-dalok","desktop-align-left","tablet-align-left","mobile-align-left"],"_links":{"self":[{"href":"https:\/\/www.sunkaraoke.hu\/index.php\/wp-json\/wp\/v2\/product\/5178","targetHints":{"allow":["GET"]}}],"collection":[{"href":"https:\/\/www.sunkaraoke.hu\/index.php\/wp-json\/wp\/v2\/product"}],"about":[{"href":"https:\/\/www.sunkaraoke.hu\/index.php\/wp-json\/wp\/v2\/types\/product"}],"wp:featuredmedia":[{"embeddable":true,"href":"https:\/\/www.sunkaraoke.hu\/index.php\/wp-json\/wp\/v2\/media\/10522"}],"wp:attachment":[{"href":"https:\/\/www.sunkaraoke.hu\/index.php\/wp-json\/wp\/v2\/media?parent=5178"}],"wp:term":[{"taxonomy":"product_cat","embeddable":true,"href":"https:\/\/www.sunkaraoke.hu\/index.php\/wp-json\/wp\/v2\/product_cat?post=5178"},{"taxonomy":"product_tag","embeddable":true,"href":"https:\/\/www.sunkaraoke.hu\/index.php\/wp-json\/wp\/v2\/product_tag?post=5178"}],"curies":[{"name":"wp","href":"https:\/\/api.w.org\/{rel}","templated":true}]}}