{"id":5173,"date":"2022-08-08T20:48:43","date_gmt":"2022-08-08T20:48:43","guid":{"rendered":"https:\/\/www.sunkaraoke.hu\/index.php\/termek\/roberto-nem-szulettem-en-kiralynak\/"},"modified":"2025-05-25T05:38:32","modified_gmt":"2025-05-25T05:38:32","slug":"roberto-nem-szulettem-en-kiralynak","status":"publish","type":"product","link":"https:\/\/www.sunkaraoke.hu\/index.php\/termek\/roberto-nem-szulettem-en-kiralynak\/","title":{"rendered":"<div class=\"wcmp-player-container product-5173\"><audio controlslist=\"nodownload\" data-product=\"5173\"  volume=\"1\"  preload=\"none\" data-lazyloading=\"none\" class=\"wcmp-player track mejs-classic\" data-duration=\"0:32\" data-estimated_duration=\"4\"><source src=\"https:\/\/www.sunkaraoke.hu\/wp-content\/uploads\/2022\/08\/Nem-szulettem-en-kiralynak-SB.-kdemoo.mp3\" type=\"audio\/mp3\" \/><\/audio><\/div>Roberto &#8211; Nem sz\u00fclettem \u00e9n kir\u00e1lynak (Original)"},"content":{"rendered":"<p><strong>03:55<\/strong> | <strong><img loading=\"lazy\" decoding=\"async\" class=\"alignnone size-full wp-image-467\" src=\"https:\/\/www.sunkaraoke.hu\/wp-content\/uploads\/2022\/07\/choir_2-copy.webp\" alt=\"\" width=\"30\" height=\"30\" \/> <\/strong><\/p>\n","protected":false},"excerpt":{"rendered":"<h5><strong>Bits\u0171r\u0171s\u00e9g: 320kb\/s<\/strong><br \/>\n<strong>Hossz: 03:55<\/strong><br \/>\n<strong>Vok\u00e1lt tartalmaz: Nem <img loading=\"lazy\" decoding=\"async\" class=\"alignnone size-full wp-image-467\" src=\"http:\/\/www.sunkaraoke.hu\/wp-content\/uploads\/2022\/07\/choir_2-copy.png\" alt=\"\" width=\"30\" height=\"30\" \/><\/strong><strong style=\"font-size: 16px;\"><br \/>\n<\/strong><\/h5>\n<p>Sunkaraoke mp3 st\u00fadi\u00f3 \/ www.sunkaraoke.hu \/ Inf: Tel: 06 20 4275001<\/p>\n<p>&#8212;Intr\u00f3&#8212;<\/p>\n<p>Nem sz\u00fclettem \u00e9n kir\u00e1lynak, csak egy szabolcsi zsiv\u00e1nynak,<br \/>\nnekem a sz\u00edvemben van a gazdags\u00e1g.<br \/>\nNincsen nekem koron\u00e1m, sem h\u00e9t emeletes palot\u00e1m,<br \/>\ncsak egy kopott zongor\u00e1m.<\/p>\n<p>Annyi helyet \u00e9n bej\u00e1rtam,<br \/>\nmulattam \u00e9v vid\u00e1man, k\u00f6sz\u00f6n\u00f6m \u00f3h istenem.<br \/>\nRem\u00e9lem kedveltek,mert \u00e9n j\u00f3kedvb\u0151l \u00e9neklek,<br \/>\nvalamit m\u00e9g elmondok nektek.<\/p>\n<p>Nem sz\u00fclettem \u00e9n kir\u00e1lynak, csak egy szabolcsi zsiv\u00e1nynak,<br \/>\nnekem a sz\u00edvemben van a gazdags\u00e1g.<br \/>\nNincsen nekem koron\u00e1m, sem h\u00e9t emeletes palot\u00e1m,<br \/>\ncsak egy kopott zongor\u00e1m.<br \/>\nNem sz\u00fclettem \u00e9n kir\u00e1lynak, csak egy szabolcsi zsiv\u00e1nynak,<br \/>\nnekem a sz\u00edvemben van a gazdags\u00e1g.<br \/>\nNincsen nekem koron\u00e1m, sem h\u00e9t emeletes palot\u00e1m,<br \/>\ncsak egy kopott zongor\u00e1m.<br \/>\nS\u00e1,n\u00e1,n\u00e1,n\u00e1&#8230;.<\/p>\n<p>Annyit s\u00edrtam, nevettem, a k\u00f6z\u00f6ns\u00e9gem szeretem,<br \/>\nisten \u00e1ldjon meg titeket.<br \/>\nNem kell nekem kir\u00e1lys\u00e1g, csak mulasson velem a t\u00e1rsas\u00e1g,<br \/>\na mulat\u00f3s zene legyen veletek.<\/p>\n<p>Nem sz\u00fclettem \u00e9n kir\u00e1lynak, csak egy szabolcsi zsiv\u00e1nynak,<br \/>\nnekem a sz\u00edvemben van a gazdags\u00e1g.<br \/>\nNincsen nekem koron\u00e1m, sem h\u00e9t emeletes palot\u00e1m,<br \/>\ncsak egy kopott zongor\u00e1m.<br \/>\nNem sz\u00fclettem \u00e9n kir\u00e1lynak, csak egy szabolcsi zsiv\u00e1nynak,<br \/>\nnekem a sz\u00edvemben van a gazdags\u00e1g.<br \/>\nNincsen nekem koron\u00e1m, sem h\u00e9t emeletes palot\u00e1m,<br \/>\ncsak egy kopott zongor\u00e1m.<br \/>\n&#8212;V\u00e9ge&#8212;<\/p>\n","protected":false},"featured_media":9021,"template":"","meta":{"site-sidebar-layout":"default","site-content-layout":"default","ast-site-content-layout":"default","site-content-style":"default","site-sidebar-style":"default","ast-global-header-display":"","ast-banner-title-visibility":"","ast-main-header-display":"","ast-hfb-above-header-display":"","ast-hfb-below-header-display":"","ast-hfb-mobile-header-display":"","site-post-title":"","ast-breadcrumbs-content":"","ast-featured-img":"","footer-sml-layout":"","theme-transparent-header-meta":"default","adv-header-id-meta":"","stick-header-meta":"","header-above-stick-meta":"","header-main-stick-meta":"","header-below-stick-meta":"","astra-migrate-meta-layouts":"set","ast-page-background-enabled":"default","ast-page-background-meta":{"desktop":{"background-color":"var(--ast-global-color-4)","background-image":"","background-repeat":"repeat","background-position":"center center","background-size":"auto","background-attachment":"scroll","background-type":"","background-media":"","overlay-type":"","overlay-color":"","overlay-opacity":"","overlay-gradient":""},"tablet":{"background-color":"","background-image":"","background-repeat":"repeat","background-position":"center center","background-size":"auto","background-attachment":"scroll","background-type":"","background-media":"","overlay-type":"","overlay-color":"","overlay-opacity":"","overlay-gradient":""},"mobile":{"background-color":"","background-image":"","background-repeat":"repeat","background-position":"center center","background-size":"auto","background-attachment":"scroll","background-type":"","background-media":"","overlay-type":"","overlay-color":"","overlay-opacity":"","overlay-gradient":""}},"ast-content-background-meta":{"desktop":{"background-color":"var(--ast-global-color-5)","background-image":"","background-repeat":"repeat","background-position":"center center","background-size":"auto","background-attachment":"scroll","background-type":"","background-media":"","overlay-type":"","overlay-color":"","overlay-opacity":"","overlay-gradient":""},"tablet":{"background-color":"var(--ast-global-color-5)","background-image":"","background-repeat":"repeat","background-position":"center center","background-size":"auto","background-attachment":"scroll","background-type":"","background-media":"","overlay-type":"","overlay-color":"","overlay-opacity":"","overlay-gradient":""},"mobile":{"background-color":"var(--ast-global-color-5)","background-image":"","background-repeat":"repeat","background-position":"center center","background-size":"auto","background-attachment":"scroll","background-type":"","background-media":"","overlay-type":"","overlay-color":"","overlay-opacity":"","overlay-gradient":""}}},"product_cat":[48],"product_tag":[],"class_list":["post-5173","product","type-product","status-publish","has-post-thumbnail","hentry","product_cat-sunkaraoke-dalok","desktop-align-left","tablet-align-left","mobile-align-left"],"_links":{"self":[{"href":"https:\/\/www.sunkaraoke.hu\/index.php\/wp-json\/wp\/v2\/product\/5173","targetHints":{"allow":["GET"]}}],"collection":[{"href":"https:\/\/www.sunkaraoke.hu\/index.php\/wp-json\/wp\/v2\/product"}],"about":[{"href":"https:\/\/www.sunkaraoke.hu\/index.php\/wp-json\/wp\/v2\/types\/product"}],"wp:featuredmedia":[{"embeddable":true,"href":"https:\/\/www.sunkaraoke.hu\/index.php\/wp-json\/wp\/v2\/media\/9021"}],"wp:attachment":[{"href":"https:\/\/www.sunkaraoke.hu\/index.php\/wp-json\/wp\/v2\/media?parent=5173"}],"wp:term":[{"taxonomy":"product_cat","embeddable":true,"href":"https:\/\/www.sunkaraoke.hu\/index.php\/wp-json\/wp\/v2\/product_cat?post=5173"},{"taxonomy":"product_tag","embeddable":true,"href":"https:\/\/www.sunkaraoke.hu\/index.php\/wp-json\/wp\/v2\/product_tag?post=5173"}],"curies":[{"name":"wp","href":"https:\/\/api.w.org\/{rel}","templated":true}]}}