{"id":5172,"date":"2022-08-08T20:48:43","date_gmt":"2022-08-08T20:48:43","guid":{"rendered":"https:\/\/www.sunkaraoke.hu\/index.php\/termek\/didi-lamour-roberto-csavargok-zenelek\/"},"modified":"2025-08-03T07:44:56","modified_gmt":"2025-08-03T05:44:56","slug":"didi-lamour-roberto-csavargok-zenelek","status":"publish","type":"product","link":"https:\/\/www.sunkaraoke.hu\/index.php\/termek\/didi-lamour-roberto-csavargok-zenelek\/","title":{"rendered":"<div class=\"wcmp-player-container product-5172\"><audio controlslist=\"nodownload\" data-product=\"5172\"  volume=\"1\"  preload=\"none\" data-lazyloading=\"none\" class=\"wcmp-player track mejs-classic\" data-duration=\"0:32\" data-estimated_duration=\"4\"><source src=\"https:\/\/www.sunkaraoke.hu\/wp-content\/uploads\/2022\/08\/Csavargok-zenelek-Vok-Didi.-demooo.mp3\" type=\"audio\/mp3\" \/><\/audio><\/div>Didi Lamour &#038; Robert\u00f3 &#8211; Csavargok zen\u00e9lek (Original)"},"content":{"rendered":"<p><strong>03:04<\/strong> | <strong><img loading=\"lazy\" decoding=\"async\" class=\"alignnone size-full wp-image-466\" src=\"https:\/\/www.sunkaraoke.hu\/wp-content\/uploads\/2022\/07\/choir_1-copy.webp\" alt=\"\" width=\"30\" height=\"30\" \/> <\/strong><\/p>\n","protected":false},"excerpt":{"rendered":"<h6><strong>Bits\u0171r\u0171s\u00e9g: 320<\/strong>kb\/s<strong><br \/>\n<\/strong><strong>Hossz: <\/strong>03:04<strong><br \/>\n<\/strong><strong style=\"font-size: 16px;\">Vok\u00e1lt tartalmaz: <\/strong>Igen <img loading=\"lazy\" decoding=\"async\" class=\"alignnone size-full wp-image-466\" src=\"http:\/\/www.sunkaraoke.hu\/wp-content\/uploads\/2022\/07\/choir_1-copy.png\" alt=\"\" width=\"30\" height=\"30\" \/><strong style=\"font-size: 16px;\"><br \/>\n<\/strong><\/h6>\n<p>Sunkaraoke mp3 st\u00fadi\u00f3 \/ www.sunkaraoke.hu \/ Inf: Tel: 06 20 4275001<\/p>\n<p>&#8212;Intr\u00f3&#8212;<br \/>\nElindulok utamon, fejemen a kalapom,<br \/>\nkezemben egy sz\u00e1l git\u00e1r,<br \/>\neg\u00e9sz ny\u00e1ron utazom, v\u00e1r re\u00e1m a Balaton,<br \/>\nir\u00e1ny a nagyvil\u00e1g.<br \/>\nMeg\u00e1llok a peronon, \u00e9rkezik a vonatom,<br \/>\ns velem j\u00f6n egy j\u00f3 bar\u00e1t.<br \/>\n\u00e9nekel\u00fcnk mulatunk, t\u00e1ncolunk \u00e9s dalolunk,<br \/>\npengesd Robi a git\u00e1rt.<\/p>\n<p>Csavargok zen\u00e9lek, v\u00edgan \u00e9lek \u00e9n,<br \/>\nde hogyha elhagy m\u00e9g azt se b\u00e1nom \u00e9n.<br \/>\nJ\u00e1rom az utam a szerencse elk\u00eds\u00e9r,<br \/>\na bolond a sz\u00edvem senkivel nem cser\u00e9l.<\/p>\n<p>Egy k\u00e9t felest megiszunk, ut\u00e1na meg mulatunk,<br \/>\nfejre \u00e1ll a nagyvil\u00e1g.<br \/>\nK\u00f6rbe vesznek a csajok, erre mit is mondhatok,<br \/>\nh\u00fazzad Didi ne sajn\u00e1ld.<br \/>\nTihany , F\u00fcred, Badacsony, bort iszunk ma Csopakon,<br \/>\nbalatoni muskot\u00e1lyt.<br \/>\nSi\u00f3fokon bulizunk, az Arany partra ki dzsalunk,<br \/>\ncsumi, csumi, zs\u00e1m\u00f3 zs\u00e1r.<br \/>\nCsavargok zen\u00e9lek, v\u00edgan \u00e9lek \u00e9n,<br \/>\nde hogyha elhagy m\u00e9g azt se b\u00e1nom \u00e9n.<br \/>\nJ\u00e1rom az utam a szerencse elk\u00eds\u00e9r,<br \/>\na bolond a sz\u00edvem senkivel nem cser\u00e9l.<br \/>\n&#8212;Sz\u00f3l\u00f3&#8212;<br \/>\nCsavargok zen\u00e9lek, v\u00edgan \u00e9lek \u00e9n,<br \/>\nde hogyha elhagy m\u00e9g azt se b\u00e1nom \u00e9n.<br \/>\nJ\u00e1rom az utam a szerencse elk\u00eds\u00e9r,<br \/>\na bolond a sz\u00edvem senkivel nem cser\u00e9l.<br \/>\nCsavargok zen\u00e9lek, v\u00edgan \u00e9lek \u00e9n,<br \/>\nde hogyha elhagy m\u00e9g azt se b\u00e1nom \u00e9n.<br \/>\nJ\u00e1rom az utam a szerencse elk\u00eds\u00e9r,<br \/>\na bolond a sz\u00edvem senkivel nem cser\u00e9l.<br \/>\n&#8212;V\u00e9ge&#8212;<\/p>\n","protected":false},"featured_media":721,"template":"","meta":{"site-sidebar-layout":"default","site-content-layout":"default","ast-site-content-layout":"default","site-content-style":"default","site-sidebar-style":"default","ast-global-header-display":"","ast-banner-title-visibility":"","ast-main-header-display":"","ast-hfb-above-header-display":"","ast-hfb-below-header-display":"","ast-hfb-mobile-header-display":"","site-post-title":"","ast-breadcrumbs-content":"","ast-featured-img":"","footer-sml-layout":"","theme-transparent-header-meta":"default","adv-header-id-meta":"","stick-header-meta":"","header-above-stick-meta":"","header-main-stick-meta":"","header-below-stick-meta":"","astra-migrate-meta-layouts":"set","ast-page-background-enabled":"default","ast-page-background-meta":{"desktop":{"background-color":"var(--ast-global-color-4)","background-image":"","background-repeat":"repeat","background-position":"center center","background-size":"auto","background-attachment":"scroll","background-type":"","background-media":"","overlay-type":"","overlay-color":"","overlay-opacity":"","overlay-gradient":""},"tablet":{"background-color":"","background-image":"","background-repeat":"repeat","background-position":"center center","background-size":"auto","background-attachment":"scroll","background-type":"","background-media":"","overlay-type":"","overlay-color":"","overlay-opacity":"","overlay-gradient":""},"mobile":{"background-color":"","background-image":"","background-repeat":"repeat","background-position":"center center","background-size":"auto","background-attachment":"scroll","background-type":"","background-media":"","overlay-type":"","overlay-color":"","overlay-opacity":"","overlay-gradient":""}},"ast-content-background-meta":{"desktop":{"background-color":"var(--ast-global-color-5)","background-image":"","background-repeat":"repeat","background-position":"center center","background-size":"auto","background-attachment":"scroll","background-type":"","background-media":"","overlay-type":"","overlay-color":"","overlay-opacity":"","overlay-gradient":""},"tablet":{"background-color":"var(--ast-global-color-5)","background-image":"","background-repeat":"repeat","background-position":"center center","background-size":"auto","background-attachment":"scroll","background-type":"","background-media":"","overlay-type":"","overlay-color":"","overlay-opacity":"","overlay-gradient":""},"mobile":{"background-color":"var(--ast-global-color-5)","background-image":"","background-repeat":"repeat","background-position":"center center","background-size":"auto","background-attachment":"scroll","background-type":"","background-media":"","overlay-type":"","overlay-color":"","overlay-opacity":"","overlay-gradient":""}}},"product_cat":[46],"product_tag":[],"class_list":["post-5172","product","type-product","status-publish","has-post-thumbnail","hentry","product_cat-eredeti-karaoke-dalok","desktop-align-left","tablet-align-left","mobile-align-left"],"_links":{"self":[{"href":"https:\/\/www.sunkaraoke.hu\/index.php\/wp-json\/wp\/v2\/product\/5172","targetHints":{"allow":["GET"]}}],"collection":[{"href":"https:\/\/www.sunkaraoke.hu\/index.php\/wp-json\/wp\/v2\/product"}],"about":[{"href":"https:\/\/www.sunkaraoke.hu\/index.php\/wp-json\/wp\/v2\/types\/product"}],"wp:featuredmedia":[{"embeddable":true,"href":"https:\/\/www.sunkaraoke.hu\/index.php\/wp-json\/wp\/v2\/media\/721"}],"wp:attachment":[{"href":"https:\/\/www.sunkaraoke.hu\/index.php\/wp-json\/wp\/v2\/media?parent=5172"}],"wp:term":[{"taxonomy":"product_cat","embeddable":true,"href":"https:\/\/www.sunkaraoke.hu\/index.php\/wp-json\/wp\/v2\/product_cat?post=5172"},{"taxonomy":"product_tag","embeddable":true,"href":"https:\/\/www.sunkaraoke.hu\/index.php\/wp-json\/wp\/v2\/product_tag?post=5172"}],"curies":[{"name":"wp","href":"https:\/\/api.w.org\/{rel}","templated":true}]}}