{"id":5171,"date":"2022-08-08T20:48:43","date_gmt":"2022-08-08T20:48:43","guid":{"rendered":"https:\/\/www.sunkaraoke.hu\/index.php\/termek\/didi-lamour-egy-rozsafan-megszamlaltam\/"},"modified":"2025-09-28T07:37:05","modified_gmt":"2025-09-28T05:37:05","slug":"didi-lamour-egy-rozsafan-megszamlaltam","status":"publish","type":"product","link":"https:\/\/www.sunkaraoke.hu\/index.php\/termek\/didi-lamour-egy-rozsafan-megszamlaltam\/","title":{"rendered":"<div class=\"wcmp-player-container product-5171\"><audio controlslist=\"nodownload\" data-product=\"5171\"  volume=\"1\"  preload=\"none\" data-lazyloading=\"none\" class=\"wcmp-player track mejs-classic\" data-duration=\"0:39\" data-estimated_duration=\"4\"><source src=\"https:\/\/www.sunkaraoke.hu\/wp-content\/uploads\/2022\/08\/Egy-rozsafan-vok-Didi.-demoo.mp3\" type=\"audio\/mp3\" \/><\/audio><\/div>Didi Lamour &#8211; Egy r\u00f3zsaf\u00e1n megsz\u00e1ml\u00e1ltam  (Original)"},"content":{"rendered":"<p><strong>03:26<\/strong> | <strong><img loading=\"lazy\" decoding=\"async\" class=\"alignnone size-full wp-image-466\" src=\"https:\/\/www.sunkaraoke.hu\/wp-content\/uploads\/2022\/07\/choir_1-copy.webp\" alt=\"\" width=\"30\" height=\"30\" \/> <\/strong><\/p>\n","protected":false},"excerpt":{"rendered":"<h6><strong>Bits\u0171r\u0171s\u00e9g: 320<\/strong>kb\/s<strong><br \/>\n<\/strong><strong>Hossz: <\/strong>03:26<strong><br \/>\n<\/strong><strong style=\"font-size: 16px;\">Vok\u00e1lt tartalmaz: <\/strong>Igen <img loading=\"lazy\" decoding=\"async\" class=\"alignnone size-full wp-image-466\" src=\"http:\/\/www.sunkaraoke.hu\/wp-content\/uploads\/2022\/07\/choir_1-copy.png\" alt=\"\" width=\"30\" height=\"30\" \/><strong style=\"font-size: 16px;\"><br \/>\n<\/strong><\/h6>\n<p>Sunkaraoke mp3 st\u00fadi\u00f3 \/ www.sunkaraoke.hu \/ Inf: Tel: 06 20 4275001<\/p>\n<p>&nbsp;<\/p>\n<p>&#8212;Intr\u00f3&#8212;<br \/>\nEgy r\u00f3zsaf\u00e1n megsz\u00e1ml\u00e1ltam sz\u00e1z r\u00f3zs\u00e1t,<br \/>\nmind a sz\u00e1zat elk\u00fcld\u00f6m \u00e9n tehozz\u00e1d,<br \/>\na sz\u00e1z r\u00f3zsa illat\u00e1val \u00fczenem,<br \/>\nhogy te legy\u00e9l az \u00e9n dr\u00e1ga kedvesem.<br \/>\nA sz\u00e1z r\u00f3zsa illat\u00e1val \u00fczenem,<br \/>\nhogy te legy\u00e9l az \u00e9n dr\u00e1ga kedvesem.<\/p>\n<p>Nem vagyok sz\u00e9p csak a szemem fekete,<br \/>\nnem leszek \u00e9n az erd\u0151ben remete,<br \/>\nsem remete sem a f\u00fcgef\u00e1nak az \u00e1ga,<br \/>\n\u00e9n vagyok az kinek nincsen bab\u00e1ja.<br \/>\nSem remete sem a f\u00fcgef\u00e1nak az \u00e1ga,<br \/>\n\u00e9n vagyok az kinek nincsen bab\u00e1ja.<br \/>\n&#8212;Sz\u00f3l\u00f3&#8212;<br \/>\n\u00dagy szeretlek hogy ann\u00e1l szebben nem lehet,<br \/>\nlehozom n\u00e9ked a g\u00f6nc\u00f6l szekeret,<br \/>\nfel\u00fcltetlek a r\u00fadj\u00e1ra \u00e9s elmegy\u00fcnk,<br \/>\nhogy m\u00e9g az \u00f6reg Szent P\u00e9ter sem b\u00edr vel\u00fcnk.<br \/>\nFel\u00fcltetlek a r\u00fadj\u00e1ra \u00e9s elmegy\u00fcnk,<br \/>\nhogy m\u00e9g az \u00f6reg Szent P\u00e9ter sem b\u00edr vel\u00fcnk.<\/p>\n<p>Nem vagyok sz\u00e9p csak a szemem fekete,<br \/>\nnem leszek \u00e9n az erd\u0151ben remete,<br \/>\nsem remete sem a f\u00fcgef\u00e1nak az \u00e1ga,<br \/>\n\u00e9n vagyok az kinek nincsen bab\u00e1ja.<br \/>\nSem remete sem a f\u00fcgef\u00e1nak az \u00e1ga,<br \/>\n\u00e9n vagyok az kinek nincsen bab\u00e1ja.<br \/>\n&#8212;Sz\u00f3l\u00f3&#8212;<br \/>\nEgy r\u00f3zsaf\u00e1n megsz\u00e1ml\u00e1ltam sz\u00e1z r\u00f3zs\u00e1t,<br \/>\nmind a sz\u00e1zat elk\u00fcld\u00f6m \u00e9n tehozz\u00e1d,<br \/>\na sz\u00e1z r\u00f3zsa illat\u00e1val \u00fczenem,<br \/>\nhogy te legy\u00e9l az \u00e9n dr\u00e1ga kedvesem.<br \/>\nA sz\u00e1z r\u00f3zsa illat\u00e1val \u00fczenem,<br \/>\nhogy te legy\u00e9l az \u00e9n dr\u00e1ga kedvesem.<br \/>\nNem vagyok sz\u00e9p csak a szemem fekete,<br \/>\nnem leszek \u00e9n az erd\u0151ben remete,<br \/>\nsem remete sem a f\u00fcgef\u00e1nak az \u00e1ga,<br \/>\n\u00e9n vagyok az kinek nincsen bab\u00e1ja.<br \/>\nSem remete sem a f\u00fcgef\u00e1nak az \u00e1ga,<br \/>\n\u00e9n vagyok az kinek nincsen bab\u00e1ja.<br \/>\n&#8212;V\u00e9ge&#8212;<\/p>\n","protected":false},"featured_media":721,"template":"","meta":{"site-sidebar-layout":"default","site-content-layout":"default","ast-site-content-layout":"default","site-content-style":"default","site-sidebar-style":"default","ast-global-header-display":"","ast-banner-title-visibility":"","ast-main-header-display":"","ast-hfb-above-header-display":"","ast-hfb-below-header-display":"","ast-hfb-mobile-header-display":"","site-post-title":"","ast-breadcrumbs-content":"","ast-featured-img":"","footer-sml-layout":"","theme-transparent-header-meta":"default","adv-header-id-meta":"","stick-header-meta":"","header-above-stick-meta":"","header-main-stick-meta":"","header-below-stick-meta":"","astra-migrate-meta-layouts":"set","ast-page-background-enabled":"default","ast-page-background-meta":{"desktop":{"background-color":"var(--ast-global-color-4)","background-image":"","background-repeat":"repeat","background-position":"center center","background-size":"auto","background-attachment":"scroll","background-type":"","background-media":"","overlay-type":"","overlay-color":"","overlay-opacity":"","overlay-gradient":""},"tablet":{"background-color":"","background-image":"","background-repeat":"repeat","background-position":"center center","background-size":"auto","background-attachment":"scroll","background-type":"","background-media":"","overlay-type":"","overlay-color":"","overlay-opacity":"","overlay-gradient":""},"mobile":{"background-color":"","background-image":"","background-repeat":"repeat","background-position":"center center","background-size":"auto","background-attachment":"scroll","background-type":"","background-media":"","overlay-type":"","overlay-color":"","overlay-opacity":"","overlay-gradient":""}},"ast-content-background-meta":{"desktop":{"background-color":"var(--ast-global-color-5)","background-image":"","background-repeat":"repeat","background-position":"center center","background-size":"auto","background-attachment":"scroll","background-type":"","background-media":"","overlay-type":"","overlay-color":"","overlay-opacity":"","overlay-gradient":""},"tablet":{"background-color":"var(--ast-global-color-5)","background-image":"","background-repeat":"repeat","background-position":"center center","background-size":"auto","background-attachment":"scroll","background-type":"","background-media":"","overlay-type":"","overlay-color":"","overlay-opacity":"","overlay-gradient":""},"mobile":{"background-color":"var(--ast-global-color-5)","background-image":"","background-repeat":"repeat","background-position":"center center","background-size":"auto","background-attachment":"scroll","background-type":"","background-media":"","overlay-type":"","overlay-color":"","overlay-opacity":"","overlay-gradient":""}}},"product_cat":[46],"product_tag":[],"class_list":["post-5171","product","type-product","status-publish","has-post-thumbnail","hentry","product_cat-eredeti-karaoke-dalok","desktop-align-left","tablet-align-left","mobile-align-left"],"_links":{"self":[{"href":"https:\/\/www.sunkaraoke.hu\/index.php\/wp-json\/wp\/v2\/product\/5171","targetHints":{"allow":["GET"]}}],"collection":[{"href":"https:\/\/www.sunkaraoke.hu\/index.php\/wp-json\/wp\/v2\/product"}],"about":[{"href":"https:\/\/www.sunkaraoke.hu\/index.php\/wp-json\/wp\/v2\/types\/product"}],"wp:featuredmedia":[{"embeddable":true,"href":"https:\/\/www.sunkaraoke.hu\/index.php\/wp-json\/wp\/v2\/media\/721"}],"wp:attachment":[{"href":"https:\/\/www.sunkaraoke.hu\/index.php\/wp-json\/wp\/v2\/media?parent=5171"}],"wp:term":[{"taxonomy":"product_cat","embeddable":true,"href":"https:\/\/www.sunkaraoke.hu\/index.php\/wp-json\/wp\/v2\/product_cat?post=5171"},{"taxonomy":"product_tag","embeddable":true,"href":"https:\/\/www.sunkaraoke.hu\/index.php\/wp-json\/wp\/v2\/product_tag?post=5171"}],"curies":[{"name":"wp","href":"https:\/\/api.w.org\/{rel}","templated":true}]}}