{"id":5170,"date":"2022-08-08T20:48:43","date_gmt":"2022-08-08T20:48:43","guid":{"rendered":"https:\/\/www.sunkaraoke.hu\/index.php\/termek\/didi-lamour-nincsen-penzem-de-majd-lesz\/"},"modified":"2025-04-12T05:48:05","modified_gmt":"2025-04-12T05:48:05","slug":"didi-lamour-nincsen-penzem-de-majd-lesz","status":"publish","type":"product","link":"https:\/\/www.sunkaraoke.hu\/index.php\/termek\/didi-lamour-nincsen-penzem-de-majd-lesz\/","title":{"rendered":"<div class=\"wcmp-player-container product-5170\"><audio controlslist=\"nodownload\" data-product=\"5170\"  volume=\"1\"  preload=\"none\" data-lazyloading=\"none\" class=\"wcmp-player track mejs-classic\" data-duration=\"0:34\" data-estimated_duration=\"4\"><source src=\"https:\/\/www.sunkaraoke.hu\/wp-content\/uploads\/2022\/08\/Nincsen-penzem-vok-Didi.-demoo.mp3\" type=\"audio\/mp3\" \/><\/audio><\/div>Didi Lamour &#8211; Nincsen p\u00e9nzem de majd lesz (Original)"},"content":{"rendered":"<p><strong>03:10<\/strong> | <strong><img loading=\"lazy\" decoding=\"async\" class=\"alignnone size-full wp-image-466\" src=\"https:\/\/www.sunkaraoke.hu\/wp-content\/uploads\/2022\/07\/choir_1-copy.webp\" alt=\"\" width=\"30\" height=\"30\" \/> <\/strong><\/p>\n","protected":false},"excerpt":{"rendered":"<h6><strong>Bits\u0171r\u0171s\u00e9g: 320<\/strong>kb\/s<strong><br \/>\n<\/strong><strong>Hossz: <\/strong>03:10<strong><br \/>\n<\/strong><strong style=\"font-size: 16px;\">Vok\u00e1lt tartalmaz: <\/strong>Igen <img loading=\"lazy\" decoding=\"async\" class=\"alignnone size-full wp-image-466\" src=\"http:\/\/www.sunkaraoke.hu\/wp-content\/uploads\/2022\/07\/choir_1-copy.png\" alt=\"\" width=\"30\" height=\"30\" \/><strong style=\"font-size: 16px;\"><br \/>\n<\/strong><\/h6>\n<p>Sunkaraoke mp3 st\u00fadi\u00f3 \/ www.sunkaraoke.hu \/ Inf: Tel: 06 20 4275001<\/p>\n<p>&#8212;Intr\u00f3&#8212;<br \/>\nNincsen p\u00e9nzem de majd lesz,<br \/>\nmajd J\u00e1szszentgy\u00f6rgy\u00f6n v\u00e1s\u00e1r lesz.<br \/>\nEladom a sz\u0151k\u00e9t meg a feket\u00e9t,<br \/>\n\u00f6lelem a barna menyecsk\u00e9t.<br \/>\nEladom a sz\u0151k\u00e9t meg a feket\u00e9t,<br \/>\n\u00f6lelem a barna menyecsk\u00e9t.<\/p>\n<p>Van t\u00edz lovam, mind s\u00e1rga,<br \/>\neladom a t\u00fari v\u00e1s\u00e1rba.<br \/>\nLesz bel\u0151le p\u00e9nzem forintom,<br \/>\ncs\u00f3kolom a sz\u00e1dat galambom.<br \/>\nLesz bel\u0151le p\u00e9nzem forintom,<br \/>\ncs\u00f3kolom a sz\u00e1dat galambom.<\/p>\n<p>&#8212;Sz\u00f3l\u00f3&#8212;<br \/>\nNincsen p\u00e9nzem de majd lesz,<br \/>\nmajd J\u00e1szszentgy\u00f6rgy\u00f6n v\u00e1s\u00e1r lesz.<br \/>\nEladom a sz\u0151k\u00e9t meg a feket\u00e9t,<br \/>\n\u00f6lelem a barna menyecsk\u00e9t.<br \/>\nEladom a sz\u0151k\u00e9t meg a feket\u00e9t,<br \/>\n\u00f6lelem a barna menyecsk\u00e9t.<\/p>\n<p>Van t\u00edz lovam, mind s\u00e1rga,<br \/>\neladom a t\u00fari v\u00e1s\u00e1rba.<br \/>\nLesz bel\u0151le p\u00e9nzem forintom,<br \/>\ncs\u00f3kolom a sz\u00e1dat galambom.<br \/>\nLesz bel\u0151le p\u00e9nzem forintom,<br \/>\ncs\u00f3kolom a sz\u00e1dat galambom.<\/p>\n<p>Sz\u00e9p a bab\u00e1m ruh\u00e1ja,<br \/>\njaj de sokan irigyek r\u00e1ja.<br \/>\nMeggy piros a l\u00e1b\u00e1n a csizm\u00e1ja,<br \/>\nolyan mint az \u00e9des kis sz\u00e1ja.<br \/>\nMeggy piros a l\u00e1b\u00e1n a csizm\u00e1ja,<br \/>\nolyan mint az \u00e9des kis sz\u00e1ja.<br \/>\n&#8212;Sz\u00f3l\u00f3&#8212;<br \/>\nNincsen p\u00e9nzem de majd lesz,<br \/>\nmajd J\u00e1szszentgy\u00f6rgy\u00f6n v\u00e1s\u00e1r lesz.<br \/>\nEladom a sz\u0151k\u00e9t meg a feket\u00e9t,<br \/>\n\u00f6lelem a barna menyecsk\u00e9t.<br \/>\nEladom a sz\u0151k\u00e9t meg a feket\u00e9t,<br \/>\n\u00f6lelem a barna menyecsk\u00e9t.<br \/>\nVan t\u00edz lovam, mind s\u00e1rga,<br \/>\neladom a t\u00fari v\u00e1s\u00e1rba.<br \/>\nLesz bel\u0151le p\u00e9nzem forintom,<br \/>\ncs\u00f3kolom a sz\u00e1dat galambom.<br \/>\nLesz bel\u0151le p\u00e9nzem forintom,<br \/>\ncs\u00f3kolom a sz\u00e1dat galambom.<\/p>\n<p>Sz\u00e9p a bab\u00e1m ruh\u00e1ja,<br \/>\njaj de sokan irigyek r\u00e1ja.<br \/>\nMeggy piros a l\u00e1b\u00e1n a csizm\u00e1ja,<br \/>\nolyan mint az \u00e9des kis sz\u00e1ja.<br \/>\nMeggy piros a l\u00e1b\u00e1n a csizm\u00e1ja,<br \/>\nolyan mint az \u00e9des kis sz\u00e1ja.<br \/>\n&#8212;V\u00e9ge&#8212;<\/p>\n","protected":false},"featured_media":721,"template":"","meta":{"site-sidebar-layout":"default","site-content-layout":"default","ast-site-content-layout":"default","site-content-style":"default","site-sidebar-style":"default","ast-global-header-display":"","ast-banner-title-visibility":"","ast-main-header-display":"","ast-hfb-above-header-display":"","ast-hfb-below-header-display":"","ast-hfb-mobile-header-display":"","site-post-title":"","ast-breadcrumbs-content":"","ast-featured-img":"","footer-sml-layout":"","theme-transparent-header-meta":"default","adv-header-id-meta":"","stick-header-meta":"","header-above-stick-meta":"","header-main-stick-meta":"","header-below-stick-meta":"","astra-migrate-meta-layouts":"set","ast-page-background-enabled":"default","ast-page-background-meta":{"desktop":{"background-color":"var(--ast-global-color-4)","background-image":"","background-repeat":"repeat","background-position":"center center","background-size":"auto","background-attachment":"scroll","background-type":"","background-media":"","overlay-type":"","overlay-color":"","overlay-opacity":"","overlay-gradient":""},"tablet":{"background-color":"","background-image":"","background-repeat":"repeat","background-position":"center center","background-size":"auto","background-attachment":"scroll","background-type":"","background-media":"","overlay-type":"","overlay-color":"","overlay-opacity":"","overlay-gradient":""},"mobile":{"background-color":"","background-image":"","background-repeat":"repeat","background-position":"center center","background-size":"auto","background-attachment":"scroll","background-type":"","background-media":"","overlay-type":"","overlay-color":"","overlay-opacity":"","overlay-gradient":""}},"ast-content-background-meta":{"desktop":{"background-color":"var(--ast-global-color-5)","background-image":"","background-repeat":"repeat","background-position":"center center","background-size":"auto","background-attachment":"scroll","background-type":"","background-media":"","overlay-type":"","overlay-color":"","overlay-opacity":"","overlay-gradient":""},"tablet":{"background-color":"var(--ast-global-color-5)","background-image":"","background-repeat":"repeat","background-position":"center center","background-size":"auto","background-attachment":"scroll","background-type":"","background-media":"","overlay-type":"","overlay-color":"","overlay-opacity":"","overlay-gradient":""},"mobile":{"background-color":"var(--ast-global-color-5)","background-image":"","background-repeat":"repeat","background-position":"center center","background-size":"auto","background-attachment":"scroll","background-type":"","background-media":"","overlay-type":"","overlay-color":"","overlay-opacity":"","overlay-gradient":""}}},"product_cat":[46],"product_tag":[],"class_list":["post-5170","product","type-product","status-publish","has-post-thumbnail","hentry","product_cat-eredeti-karaoke-dalok","desktop-align-left","tablet-align-left","mobile-align-left"],"_links":{"self":[{"href":"https:\/\/www.sunkaraoke.hu\/index.php\/wp-json\/wp\/v2\/product\/5170","targetHints":{"allow":["GET"]}}],"collection":[{"href":"https:\/\/www.sunkaraoke.hu\/index.php\/wp-json\/wp\/v2\/product"}],"about":[{"href":"https:\/\/www.sunkaraoke.hu\/index.php\/wp-json\/wp\/v2\/types\/product"}],"wp:featuredmedia":[{"embeddable":true,"href":"https:\/\/www.sunkaraoke.hu\/index.php\/wp-json\/wp\/v2\/media\/721"}],"wp:attachment":[{"href":"https:\/\/www.sunkaraoke.hu\/index.php\/wp-json\/wp\/v2\/media?parent=5170"}],"wp:term":[{"taxonomy":"product_cat","embeddable":true,"href":"https:\/\/www.sunkaraoke.hu\/index.php\/wp-json\/wp\/v2\/product_cat?post=5170"},{"taxonomy":"product_tag","embeddable":true,"href":"https:\/\/www.sunkaraoke.hu\/index.php\/wp-json\/wp\/v2\/product_tag?post=5170"}],"curies":[{"name":"wp","href":"https:\/\/api.w.org\/{rel}","templated":true}]}}