{"id":5160,"date":"2022-08-08T20:48:42","date_gmt":"2022-08-08T20:48:42","guid":{"rendered":"https:\/\/www.sunkaraoke.hu\/index.php\/termek\/slager-tibo-kek-a-szeme-2013-2\/"},"modified":"2026-01-06T10:39:14","modified_gmt":"2026-01-06T08:39:14","slug":"slager-tibo-kek-a-szeme-2013-2","status":"publish","type":"product","link":"https:\/\/www.sunkaraoke.hu\/index.php\/termek\/slager-tibo-kek-a-szeme-2013-2\/","title":{"rendered":"<div class=\"wcmp-player-container product-5160\"><audio controlslist=\"nodownload\" data-product=\"5160\"  volume=\"1\"  preload=\"none\" data-lazyloading=\"none\" class=\"wcmp-player track mejs-classic\" data-duration=\"0:35\" data-estimated_duration=\"4\"><source src=\"https:\/\/www.sunkaraoke.hu\/wp-content\/uploads\/2022\/08\/Kek-a-szeme-2013-Voc.-demoo.mp3\" type=\"audio\/mp3\" \/><\/audio><\/div>Sl\u00e1ger Tib\u00f3 &#8211; K\u00e9k a szeme NEW (Original)"},"content":{"rendered":"<p><strong>03:47<\/strong> | <strong><img loading=\"lazy\" decoding=\"async\" class=\"alignnone size-full wp-image-466\" src=\"https:\/\/www.sunkaraoke.hu\/wp-content\/uploads\/2022\/07\/choir_1-copy.webp\" alt=\"\" width=\"30\" height=\"30\" \/> <\/strong><\/p>\n","protected":false},"excerpt":{"rendered":"<h6><strong>Bits\u0171r\u0171s\u00e9g: 320<\/strong>kb\/s<strong><br \/>\n<\/strong><strong>Hossz: <\/strong>03:47<strong><br \/>\n<\/strong><strong style=\"font-size: 16px;\">Vok\u00e1lt tartalmaz: <\/strong>Igen <img loading=\"lazy\" decoding=\"async\" class=\"alignnone size-full wp-image-466\" src=\"http:\/\/www.sunkaraoke.hu\/wp-content\/uploads\/2022\/07\/choir_1-copy.png\" alt=\"\" width=\"30\" height=\"30\" \/><strong style=\"font-size: 16px;\"><br \/>\n<\/strong><\/h6>\n<p>Sunkaraoke mp3 st\u00fadi\u00f3 \/ www.sunkaraoke.hu \/ Inf: Tel: 06 20 4275001<\/p>\n<p>&#8212;Intr\u00f3&#8212;<br \/>\n\u00c1lom t\u0171nj el nem \u00e9rdekelsz,<br \/>\nma nem alszom el.<br \/>\nH\u00e1rom \u00e9jjel is \u00fajra l\u00e1tlak,<br \/>\nha nem j\u00f6n k\u00f6zbe semmi sem.<br \/>\nEgyed\u00fcl nem p\u00f3tol a rem\u00e9ny,<br \/>\nvalaki kell aki hazak\u00eds\u00e9r, s a sz\u00edvemben \u00e9l.<br \/>\nK\u00e9k a szeme, arca csupa der\u0171,<br \/>\nn\u00e1la sz\u00f6veg h\u00f3d\u00edt a meseszer\u0171,<br \/>\n\u00e9s a keze, ha a v\u00e1llamra ker\u00fcl,<br \/>\na szerelem nem ker\u00fcl.<br \/>\nJ\u00f3 a zene, t\u00e1ncol minden velem,<br \/>\nnem is t\u00f6rt\u00e9nt m\u00e9g soha-soha ilyen,<br \/>\ncsak tudn\u00e1m hogy hol j\u00e1r az eszem,<br \/>\ntele van a sz\u00edvem vele.<br \/>\n&#8212;Sz\u00f3l\u00f3&#8212;<br \/>\n\u00c1lom t\u0171nj el nem \u00e9rdekelsz,<br \/>\nma nem alszom el.<br \/>\nH\u00e1rom \u00e9jjel is \u00fajra l\u00e1tlak,<br \/>\nha nem j\u00f6n k\u00f6zbe semmi sem.<br \/>\nEgyed\u00fcl nem p\u00f3tol a rem\u00e9ny,<br \/>\nvalaki kell aki hazak\u00eds\u00e9r, s a sz\u00edvemben \u00e9l.<br \/>\nK\u00e9k a szeme, arca csupa der\u0171,<br \/>\nn\u00e1la sz\u00f6veg h\u00f3d\u00edt a meseszer\u0171,<br \/>\n\u00e9s a keze, ha a v\u00e1llamra ker\u00fcl,<br \/>\na szerelem nem ker\u00fcl.<br \/>\nJ\u00f3 a zene, t\u00e1ncol minden velem,<br \/>\nnem is t\u00f6rt\u00e9nt m\u00e9g soha-soha ilyen,<br \/>\ncsak tudn\u00e1m hogy hol j\u00e1r az eszem,<br \/>\ntele van a sz\u00edvem vele.<br \/>\nK\u00e9k a szeme, arca csupa der\u0171,<br \/>\nn\u00e1la sz\u00f6veg h\u00f3d\u00edt a meseszer\u0171,<br \/>\n\u00e9s a keze, ha a v\u00e1llamra ker\u00fcl,<br \/>\na szerelem nem ker\u00fcl.<br \/>\nJ\u00f3 a zene, t\u00e1ncol minden velem,<br \/>\nnem is t\u00f6rt\u00e9nt m\u00e9g soha-soha ilyen,<br \/>\ncsak tudn\u00e1m hogy hol j\u00e1r az eszem,<br \/>\ntele van a sz\u00edvem vele.<br \/>\nK\u00e9k a szeme, arca csupa der\u0171,<br \/>\nn\u00e1la sz\u00f6veg h\u00f3d\u00edt a meseszer\u0171,<br \/>\n\u00e9s a keze, ha a v\u00e1llamra ker\u00fcl,<br \/>\na szerelem nem ker\u00fcl.<br \/>\nJ\u00f3 a zene, t\u00e1ncol minden velem,<br \/>\nnem is t\u00f6rt\u00e9nt m\u00e9g soha-soha ilyen,<br \/>\ncsak tudn\u00e1m hogy hol j\u00e1r az eszem,<br \/>\ntele van a sz\u00edvem vele.<br \/>\nK\u00e9k a szeme, arca csupa der\u0171,<br \/>\nn\u00e1la sz\u00f6veg h\u00f3d\u00edt a meseszer\u0171,<br \/>\n\u00e9s a keze, ha a v\u00e1llamra ker\u00fcl,<br \/>\na szerelem nem ker\u00fcl.<br \/>\n&#8212;V\u00e9ge&#8212;<\/p>\n","protected":false},"featured_media":9289,"template":"","meta":{"site-sidebar-layout":"default","site-content-layout":"default","ast-site-content-layout":"default","site-content-style":"default","site-sidebar-style":"default","ast-global-header-display":"","ast-banner-title-visibility":"","ast-main-header-display":"","ast-hfb-above-header-display":"","ast-hfb-below-header-display":"","ast-hfb-mobile-header-display":"","site-post-title":"","ast-breadcrumbs-content":"","ast-featured-img":"","footer-sml-layout":"","theme-transparent-header-meta":"default","adv-header-id-meta":"","stick-header-meta":"","header-above-stick-meta":"","header-main-stick-meta":"","header-below-stick-meta":"","astra-migrate-meta-layouts":"set","ast-page-background-enabled":"default","ast-page-background-meta":{"desktop":{"background-color":"var(--ast-global-color-4)","background-image":"","background-repeat":"repeat","background-position":"center center","background-size":"auto","background-attachment":"scroll","background-type":"","background-media":"","overlay-type":"","overlay-color":"","overlay-opacity":"","overlay-gradient":""},"tablet":{"background-color":"","background-image":"","background-repeat":"repeat","background-position":"center center","background-size":"auto","background-attachment":"scroll","background-type":"","background-media":"","overlay-type":"","overlay-color":"","overlay-opacity":"","overlay-gradient":""},"mobile":{"background-color":"","background-image":"","background-repeat":"repeat","background-position":"center center","background-size":"auto","background-attachment":"scroll","background-type":"","background-media":"","overlay-type":"","overlay-color":"","overlay-opacity":"","overlay-gradient":""}},"ast-content-background-meta":{"desktop":{"background-color":"var(--ast-global-color-5)","background-image":"","background-repeat":"repeat","background-position":"center center","background-size":"auto","background-attachment":"scroll","background-type":"","background-media":"","overlay-type":"","overlay-color":"","overlay-opacity":"","overlay-gradient":""},"tablet":{"background-color":"var(--ast-global-color-5)","background-image":"","background-repeat":"repeat","background-position":"center center","background-size":"auto","background-attachment":"scroll","background-type":"","background-media":"","overlay-type":"","overlay-color":"","overlay-opacity":"","overlay-gradient":""},"mobile":{"background-color":"var(--ast-global-color-5)","background-image":"","background-repeat":"repeat","background-position":"center center","background-size":"auto","background-attachment":"scroll","background-type":"","background-media":"","overlay-type":"","overlay-color":"","overlay-opacity":"","overlay-gradient":""}}},"product_cat":[46],"product_tag":[],"class_list":["post-5160","product","type-product","status-publish","has-post-thumbnail","hentry","product_cat-eredeti-karaoke-dalok","desktop-align-left","tablet-align-left","mobile-align-left"],"_links":{"self":[{"href":"https:\/\/www.sunkaraoke.hu\/index.php\/wp-json\/wp\/v2\/product\/5160","targetHints":{"allow":["GET"]}}],"collection":[{"href":"https:\/\/www.sunkaraoke.hu\/index.php\/wp-json\/wp\/v2\/product"}],"about":[{"href":"https:\/\/www.sunkaraoke.hu\/index.php\/wp-json\/wp\/v2\/types\/product"}],"wp:featuredmedia":[{"embeddable":true,"href":"https:\/\/www.sunkaraoke.hu\/index.php\/wp-json\/wp\/v2\/media\/9289"}],"wp:attachment":[{"href":"https:\/\/www.sunkaraoke.hu\/index.php\/wp-json\/wp\/v2\/media?parent=5160"}],"wp:term":[{"taxonomy":"product_cat","embeddable":true,"href":"https:\/\/www.sunkaraoke.hu\/index.php\/wp-json\/wp\/v2\/product_cat?post=5160"},{"taxonomy":"product_tag","embeddable":true,"href":"https:\/\/www.sunkaraoke.hu\/index.php\/wp-json\/wp\/v2\/product_tag?post=5160"}],"curies":[{"name":"wp","href":"https:\/\/api.w.org\/{rel}","templated":true}]}}