{"id":5157,"date":"2022-08-08T20:48:42","date_gmt":"2022-08-08T20:48:42","guid":{"rendered":"https:\/\/www.sunkaraoke.hu\/index.php\/termek\/farao-porsche-szerelem-2017-2\/"},"modified":"2026-01-06T10:39:14","modified_gmt":"2026-01-06T08:39:14","slug":"farao-porsche-szerelem-2017-2","status":"publish","type":"product","link":"https:\/\/www.sunkaraoke.hu\/index.php\/termek\/farao-porsche-szerelem-2017-2\/","title":{"rendered":"<div class=\"wcmp-player-container product-5157\"><audio controlslist=\"nodownload\" data-product=\"5157\"  volume=\"1\"  preload=\"none\" data-lazyloading=\"none\" class=\"wcmp-player track mejs-classic\" data-duration=\"0:36\" data-estimated_duration=\"4\"><source src=\"https:\/\/www.sunkaraoke.hu\/wp-content\/uploads\/2022\/08\/Porsche-szerelem-Voc-2017-Farao-SB.demooo.mp3\" type=\"audio\/mp3\" \/><\/audio><\/div>F\u00e1ra\u00f3  &#8211; Porsche szerelem (Original SB. Edition)"},"content":{"rendered":"<p><strong>03:21<\/strong> | <strong><img loading=\"lazy\" decoding=\"async\" class=\"alignnone size-full wp-image-466\" src=\"https:\/\/www.sunkaraoke.hu\/wp-content\/uploads\/2022\/07\/choir_1-copy.webp\" alt=\"\" width=\"30\" height=\"30\" \/> <\/strong><\/p>\n","protected":false},"excerpt":{"rendered":"<h6><strong>Bits\u0171r\u0171s\u00e9g: 320<\/strong>kb\/s<strong><br \/>\n<\/strong><strong>Hossz: <\/strong>03:21<strong><br \/>\n<\/strong><strong style=\"font-size: 16px;\">Vok\u00e1lt tartalmaz: <\/strong>Igen <img loading=\"lazy\" decoding=\"async\" class=\"alignnone size-full wp-image-466\" src=\"http:\/\/www.sunkaraoke.hu\/wp-content\/uploads\/2022\/07\/choir_1-copy.png\" alt=\"\" width=\"30\" height=\"30\" \/><strong style=\"font-size: 16px;\"><br \/>\n<\/strong><\/h6>\n<p>Sunkaraoke mp3 st\u00fadi\u00f3 \/ www.sunkaraoke.hu \/ Inf: Tel: 06 20 4275001<\/p>\n<p>&#8212;Intr\u00f3&#8212;<br \/>\nSz\u00e1guld\u00e1s, porsche, szerelem, sz\u00e1guld\u00e1s,<br \/>\nporsche, szerelem, sz\u00e1guld\u00e1s, \u00f3-\u00f3h-\u00f3-\u00f3o\u00f3!<br \/>\nSz\u00e1guld\u00e1s, porsche, szerelem, sz\u00e1guld\u00e1s,<br \/>\nporsche, szerelem, sz\u00e1guld\u00e1s, \u00f3-\u00f3h-\u00f3-\u00f3o\u00f3!<\/p>\n<p>Sz\u00e1guldunk, \u00e9lvezd az iram\u00e1t,<br \/>\ns\u00f3lyomk\u00e9nt k\u00e9kl\u0151 hegyeken \u00e1t,<br \/>\nz\u00fagva s\u00fcv\u00edt a sz\u00e9l ,l\u00fcktet, felsistereg a g\u00e9p,<br \/>\n\u00e9rzem sz\u00e9d\u00edt\u0151, vad m\u00e1mor\u00e1t.<br \/>\nSz\u00e1guldunk, f\u00fcst\u00f6l a radi\u00e1l,<br \/>\ngyorsabban, vonza a nagy ide\u00e1lt.<br \/>\nSzikr\u00e1zik a brili\u00e1ns, \u00e9s egy porsche oly eleg\u00e1ns,<br \/>\nf\u00e9nyes kr\u00f3mac\u00e9l, t\u00fckr\u00f6s met\u00e1l.<\/p>\n<p>Pomp\u00e1s utakon \u00e9des szerelem,<br \/>\n\u00e9les kanyar ut\u00e1n cser\u00e9l\u00fcnk,<br \/>\nfelb\u0151g a motor, rajtad van a sor,<br \/>\nangyalszem\u0171, csak egyszer \u00e9l\u00fcnk!<br \/>\nMinden suhan, a lomb, az erd\u0151,<br \/>\nfodros hajad a sz\u00e9lben,<br \/>\nk\u00e9t szem sugara fenn, a felh\u0151n,<br \/>\nt\u00e1ncol kacag a f\u00e9nyben.<br \/>\nEsz, p\u00e9, esz&#8230;&#8230;<br \/>\nNyolc henger, majd sz\u00e9tvet az er\u0151,<br \/>\nmellettem az \u00e1lom gy\u00f6ny\u00f6r\u0171 n\u0151,<br \/>\nesztelen a rohan\u00e1s, hajr\u00e1 megt\u00f6rhet a var\u00e1zs,<br \/>\nde mindez oly csod\u00e1s, el\u0151kel\u0151.<\/p>\n<p>Pomp\u00e1s utakon \u00e9des szerelem,<br \/>\n\u00e9les kanyar ut\u00e1n cser\u00e9l\u00fcnk,<br \/>\nfelb\u0151g a motor, rajtad van a sor,<br \/>\nangyalszem\u0171, csak egyszer \u00e9l\u00fcnk!<br \/>\nMinden suhan, a lomb, az erd\u0151,<br \/>\nfodros hajad a sz\u00e9lben,<br \/>\nk\u00e9t szem sugara fenn, a felh\u0151n,<br \/>\nt\u00e1ncol kacag a f\u00e9nyben.<br \/>\nSz\u00e1guld\u00e1s, porsche, szerelem, sz\u00e1guld\u00e1s,<br \/>\nporsche, szerelem, sz\u00e1guld\u00e1s, \u00f3-\u00f3h-\u00f3-\u00f3o\u00f3!<br \/>\nSz\u00e1guld\u00e1s, porsche, szerelem, sz\u00e1guld\u00e1s,<br \/>\nporsche, szerelem, sz\u00e1guld\u00e1s, \u00f3-\u00f3h-\u00f3-\u00f3o\u00f3!<\/p>\n<p>&#8212;V\u00e9ge&#8212;<\/p>\n","protected":false},"featured_media":9691,"template":"","meta":{"site-sidebar-layout":"default","site-content-layout":"default","ast-site-content-layout":"default","site-content-style":"default","site-sidebar-style":"default","ast-global-header-display":"","ast-banner-title-visibility":"","ast-main-header-display":"","ast-hfb-above-header-display":"","ast-hfb-below-header-display":"","ast-hfb-mobile-header-display":"","site-post-title":"","ast-breadcrumbs-content":"","ast-featured-img":"","footer-sml-layout":"","theme-transparent-header-meta":"default","adv-header-id-meta":"","stick-header-meta":"","header-above-stick-meta":"","header-main-stick-meta":"","header-below-stick-meta":"","astra-migrate-meta-layouts":"set","ast-page-background-enabled":"default","ast-page-background-meta":{"desktop":{"background-color":"var(--ast-global-color-4)","background-image":"","background-repeat":"repeat","background-position":"center center","background-size":"auto","background-attachment":"scroll","background-type":"","background-media":"","overlay-type":"","overlay-color":"","overlay-opacity":"","overlay-gradient":""},"tablet":{"background-color":"","background-image":"","background-repeat":"repeat","background-position":"center center","background-size":"auto","background-attachment":"scroll","background-type":"","background-media":"","overlay-type":"","overlay-color":"","overlay-opacity":"","overlay-gradient":""},"mobile":{"background-color":"","background-image":"","background-repeat":"repeat","background-position":"center center","background-size":"auto","background-attachment":"scroll","background-type":"","background-media":"","overlay-type":"","overlay-color":"","overlay-opacity":"","overlay-gradient":""}},"ast-content-background-meta":{"desktop":{"background-color":"var(--ast-global-color-5)","background-image":"","background-repeat":"repeat","background-position":"center center","background-size":"auto","background-attachment":"scroll","background-type":"","background-media":"","overlay-type":"","overlay-color":"","overlay-opacity":"","overlay-gradient":""},"tablet":{"background-color":"var(--ast-global-color-5)","background-image":"","background-repeat":"repeat","background-position":"center center","background-size":"auto","background-attachment":"scroll","background-type":"","background-media":"","overlay-type":"","overlay-color":"","overlay-opacity":"","overlay-gradient":""},"mobile":{"background-color":"var(--ast-global-color-5)","background-image":"","background-repeat":"repeat","background-position":"center center","background-size":"auto","background-attachment":"scroll","background-type":"","background-media":"","overlay-type":"","overlay-color":"","overlay-opacity":"","overlay-gradient":""}}},"product_cat":[48],"product_tag":[],"class_list":["post-5157","product","type-product","status-publish","has-post-thumbnail","hentry","product_cat-sunkaraoke-dalok","desktop-align-left","tablet-align-left","mobile-align-left"],"_links":{"self":[{"href":"https:\/\/www.sunkaraoke.hu\/index.php\/wp-json\/wp\/v2\/product\/5157","targetHints":{"allow":["GET"]}}],"collection":[{"href":"https:\/\/www.sunkaraoke.hu\/index.php\/wp-json\/wp\/v2\/product"}],"about":[{"href":"https:\/\/www.sunkaraoke.hu\/index.php\/wp-json\/wp\/v2\/types\/product"}],"wp:featuredmedia":[{"embeddable":true,"href":"https:\/\/www.sunkaraoke.hu\/index.php\/wp-json\/wp\/v2\/media\/9691"}],"wp:attachment":[{"href":"https:\/\/www.sunkaraoke.hu\/index.php\/wp-json\/wp\/v2\/media?parent=5157"}],"wp:term":[{"taxonomy":"product_cat","embeddable":true,"href":"https:\/\/www.sunkaraoke.hu\/index.php\/wp-json\/wp\/v2\/product_cat?post=5157"},{"taxonomy":"product_tag","embeddable":true,"href":"https:\/\/www.sunkaraoke.hu\/index.php\/wp-json\/wp\/v2\/product_tag?post=5157"}],"curies":[{"name":"wp","href":"https:\/\/api.w.org\/{rel}","templated":true}]}}