{"id":5156,"date":"2022-08-08T20:48:42","date_gmt":"2022-08-08T20:48:42","guid":{"rendered":"https:\/\/www.sunkaraoke.hu\/index.php\/termek\/loretta-nem-vagyok-en-almos-transzp-v\/"},"modified":"2026-02-14T07:36:20","modified_gmt":"2026-02-14T05:36:20","slug":"loretta-nem-vagyok-en-almos-transzp-v","status":"publish","type":"product","link":"https:\/\/www.sunkaraoke.hu\/index.php\/termek\/loretta-nem-vagyok-en-almos-transzp-v\/","title":{"rendered":"<div class=\"wcmp-player-container product-5156\"><audio controlslist=\"nodownload\" data-product=\"5156\"  volume=\"1\"  preload=\"none\" data-lazyloading=\"none\" class=\"wcmp-player track mejs-classic\" data-duration=\"0:34\" data-estimated_duration=\"4\"><source src=\"https:\/\/www.sunkaraoke.hu\/wp-content\/uploads\/2022\/08\/Nem-vagyok-en-almos-transz-SB.-demooo.mp3\" type=\"audio\/mp3\" \/><\/audio><\/div>Loretta &#8211; Nem vagyok \u00e9n \u00e1lmos (SB Edition)"},"content":{"rendered":"<p><strong>02:45<\/strong> | <strong><img loading=\"lazy\" decoding=\"async\" class=\"alignnone size-full wp-image-467\" src=\"https:\/\/www.sunkaraoke.hu\/wp-content\/uploads\/2022\/07\/choir_2-copy.webp\" alt=\"\" width=\"30\" height=\"30\" \/> <strong> | <img loading=\"lazy\" decoding=\"async\" class=\"alignnone size-full wp-image-613\" src=\"https:\/\/www.sunkaraoke.hu\/wp-content\/uploads\/2022\/07\/transzponalas.webp\" alt=\"\" width=\"30\" height=\"30\" \/> <\/strong><strong>+6<\/strong><\/strong><\/p>\n","protected":false},"excerpt":{"rendered":"<h6><strong>Bits\u0171r\u0171s\u00e9g: 320<\/strong>kb\/s<strong><br \/>\n<\/strong><strong>Hossz: <\/strong>02:45<strong><br \/>\n<\/strong><strong style=\"font-size: 16px;\">Vok\u00e1lt tartalmaz: <\/strong>Nem <img loading=\"lazy\" decoding=\"async\" class=\"alignnone size-full wp-image-467\" src=\"http:\/\/www.sunkaraoke.hu\/wp-content\/uploads\/2022\/07\/choir_2-copy.png\" alt=\"\" width=\"30\" height=\"30\" \/><strong style=\"font-size: 16px;\"><br \/>\n<\/strong><strong>Transzpon\u00e1l\u00e1s: <\/strong><img loading=\"lazy\" decoding=\"async\" class=\"alignnone size-full wp-image-613\" src=\"http:\/\/www.sunkaraoke.hu\/wp-content\/uploads\/2022\/07\/transzponalas.png\" alt=\"\" width=\"30\" height=\"30\" \/> +6<\/h6>\n<p>Sunkaraoke mp3 st\u00fadi\u00f3 \/ www.sunkaraoke.hu \/ Inf: Tel: 06 20 4275001<\/p>\n<p>&#8212;Intr\u00f3&#8212;<br \/>\nJ\u00e1lom,\u00e1lom, \u00e1lom&#8230;&#8230;<br \/>\nNem vagyok \u00e9n \u00e1lmos mint a cica,<br \/>\nnincs is ebbe k\u00e9rem semmi hiba,<br \/>\nne legyen abba k\u00f6zt\u00fcnk vita,<br \/>\nhogy bulizom m\u00e1r k\u00e9t \u00e9jszaka.<br \/>\nNe legyen abba k\u00f6zt\u00fcnk vita,<br \/>\nbuli van m\u00e1r k\u00e9t \u00e9jszaka.<\/p>\n<p>Addig t\u00e1ncolok am\u00edg akarok,<br \/>\nm\u00edg az \u00fcvegb\u0151l az ital el nem fogy.<br \/>\nR\u00f6vid az \u00e9let, de az a l\u00e9nyeg,<br \/>\nhogy addig bulizok am\u00edg \u00e9lek.<\/p>\n<p>Nem vagyok \u00e9n \u00e1lmos mint a cica,<br \/>\nnincs is ebbe k\u00e9rem semmi hiba,<br \/>\nne legyen abba k\u00f6zt\u00fcnk vita,<br \/>\nhogy bulizom m\u00e1r k\u00e9t \u00e9jszaka.<br \/>\nNe legyen abba k\u00f6zt\u00fcnk vita,<br \/>\nbuli van m\u00e1r k\u00e9t \u00e9jszaka.<\/p>\n<p>Nem tudom m\u00e9g, hova jutok,<br \/>\nrem\u00e9lem hogy megt\u00e1ltosodok.<br \/>\nDe am\u00edg nem, csakis bulizok,<br \/>\ngyertek sr\u00e1cok, t\u00e1ncoljatok.<br \/>\n&#8212;Sz\u00f3l\u00f3&#8212;-<br \/>\nNem vagyok \u00e9n \u00e1lmos mint a cica,<br \/>\nnincs is ebbe k\u00e9rem semmi hiba,<br \/>\nne legyen abba k\u00f6zt\u00fcnk vita,<br \/>\nhogy bulizom m\u00e1r k\u00e9t \u00e9jszaka.<br \/>\nNe legyen abba k\u00f6zt\u00fcnk vita,<br \/>\nbuli van m\u00e1r k\u00e9t \u00e9jszaka.<\/p>\n<p>Cs\u00f3r\u00f3 vagyok de megmutatom,<br \/>\nlesz m\u00e9g n\u00e9kem h\u00e1zam kincsem.<br \/>\nBoldog vagyok de nem b\u00e1nk\u00f3dom,<br \/>\nmert p\u00e1romat majd \u00e9n megtal\u00e1lom.<br \/>\nNem vagyok \u00e9n \u00e1lmos mint a cica,<br \/>\nnincs is ebbe k\u00e9rem semmi hiba,<br \/>\nne legyen abba k\u00f6zt\u00fcnk vita,<br \/>\nhogy bulizom m\u00e1r k\u00e9t \u00e9jszaka.<br \/>\nNe legyen abba k\u00f6zt\u00fcnk vita,<br \/>\nbuli van m\u00e1r k\u00e9t \u00e9jszaka.<br \/>\nNem vagyok \u00e9n \u00e1lmos mint a cica,<br \/>\nnincs is ebbe k\u00e9rem semmi hiba,<br \/>\nne legyen abba k\u00f6zt\u00fcnk vita,<br \/>\nhogy bulizom m\u00e1r k\u00e9t \u00e9jszaka.<br \/>\nNe legyen abba k\u00f6zt\u00fcnk vita,<br \/>\nbuli van m\u00e1r k\u00e9t \u00e9jszaka.<br \/>\n&#8212;V\u00e9ge&#8212;<\/p>\n","protected":false},"featured_media":8735,"template":"","meta":{"site-sidebar-layout":"default","site-content-layout":"default","ast-site-content-layout":"default","site-content-style":"default","site-sidebar-style":"default","ast-global-header-display":"","ast-banner-title-visibility":"","ast-main-header-display":"","ast-hfb-above-header-display":"","ast-hfb-below-header-display":"","ast-hfb-mobile-header-display":"","site-post-title":"","ast-breadcrumbs-content":"","ast-featured-img":"","footer-sml-layout":"","theme-transparent-header-meta":"default","adv-header-id-meta":"","stick-header-meta":"","header-above-stick-meta":"","header-main-stick-meta":"","header-below-stick-meta":"","astra-migrate-meta-layouts":"set","ast-page-background-enabled":"default","ast-page-background-meta":{"desktop":{"background-color":"var(--ast-global-color-4)","background-image":"","background-repeat":"repeat","background-position":"center center","background-size":"auto","background-attachment":"scroll","background-type":"","background-media":"","overlay-type":"","overlay-color":"","overlay-opacity":"","overlay-gradient":""},"tablet":{"background-color":"","background-image":"","background-repeat":"repeat","background-position":"center center","background-size":"auto","background-attachment":"scroll","background-type":"","background-media":"","overlay-type":"","overlay-color":"","overlay-opacity":"","overlay-gradient":""},"mobile":{"background-color":"","background-image":"","background-repeat":"repeat","background-position":"center center","background-size":"auto","background-attachment":"scroll","background-type":"","background-media":"","overlay-type":"","overlay-color":"","overlay-opacity":"","overlay-gradient":""}},"ast-content-background-meta":{"desktop":{"background-color":"var(--ast-global-color-5)","background-image":"","background-repeat":"repeat","background-position":"center center","background-size":"auto","background-attachment":"scroll","background-type":"","background-media":"","overlay-type":"","overlay-color":"","overlay-opacity":"","overlay-gradient":""},"tablet":{"background-color":"var(--ast-global-color-5)","background-image":"","background-repeat":"repeat","background-position":"center center","background-size":"auto","background-attachment":"scroll","background-type":"","background-media":"","overlay-type":"","overlay-color":"","overlay-opacity":"","overlay-gradient":""},"mobile":{"background-color":"var(--ast-global-color-5)","background-image":"","background-repeat":"repeat","background-position":"center center","background-size":"auto","background-attachment":"scroll","background-type":"","background-media":"","overlay-type":"","overlay-color":"","overlay-opacity":"","overlay-gradient":""}}},"product_cat":[48],"product_tag":[],"class_list":["post-5156","product","type-product","status-publish","has-post-thumbnail","hentry","product_cat-sunkaraoke-dalok","desktop-align-left","tablet-align-left","mobile-align-left"],"_links":{"self":[{"href":"https:\/\/www.sunkaraoke.hu\/index.php\/wp-json\/wp\/v2\/product\/5156","targetHints":{"allow":["GET"]}}],"collection":[{"href":"https:\/\/www.sunkaraoke.hu\/index.php\/wp-json\/wp\/v2\/product"}],"about":[{"href":"https:\/\/www.sunkaraoke.hu\/index.php\/wp-json\/wp\/v2\/types\/product"}],"wp:featuredmedia":[{"embeddable":true,"href":"https:\/\/www.sunkaraoke.hu\/index.php\/wp-json\/wp\/v2\/media\/8735"}],"wp:attachment":[{"href":"https:\/\/www.sunkaraoke.hu\/index.php\/wp-json\/wp\/v2\/media?parent=5156"}],"wp:term":[{"taxonomy":"product_cat","embeddable":true,"href":"https:\/\/www.sunkaraoke.hu\/index.php\/wp-json\/wp\/v2\/product_cat?post=5156"},{"taxonomy":"product_tag","embeddable":true,"href":"https:\/\/www.sunkaraoke.hu\/index.php\/wp-json\/wp\/v2\/product_tag?post=5156"}],"curies":[{"name":"wp","href":"https:\/\/api.w.org\/{rel}","templated":true}]}}