{"id":5140,"date":"2022-08-08T20:48:40","date_gmt":"2022-08-08T20:48:40","guid":{"rendered":"https:\/\/www.sunkaraoke.hu\/index.php\/termek\/zoltan-erika-luftballon-2017-rmx-2\/"},"modified":"2026-01-06T10:39:15","modified_gmt":"2026-01-06T08:39:15","slug":"zoltan-erika-luftballon-2017-rmx-2","status":"publish","type":"product","link":"https:\/\/www.sunkaraoke.hu\/index.php\/termek\/zoltan-erika-luftballon-2017-rmx-2\/","title":{"rendered":"<div class=\"wcmp-player-container product-5140\"><audio controlslist=\"nodownload\" data-product=\"5140\"  volume=\"1\"  preload=\"none\" data-lazyloading=\"none\" class=\"wcmp-player track mejs-classic\" data-duration=\"0:32\" data-estimated_duration=\"4\"><source src=\"https:\/\/www.sunkaraoke.hu\/wp-content\/uploads\/2022\/08\/Luftballon-2017.-RMX-orig-voc-SB.-demo.mp3\" type=\"audio\/mp3\" \/><\/audio><\/div>Zolt\u00e1n Erika &#8211; Luftballon (Original SB. Edition)"},"content":{"rendered":"<p><strong>04:21<\/strong> | <strong><img loading=\"lazy\" decoding=\"async\" class=\"alignnone size-full wp-image-466\" src=\"https:\/\/www.sunkaraoke.hu\/wp-content\/uploads\/2022\/07\/choir_1-copy.webp\" alt=\"\" width=\"30\" height=\"30\" \/> <\/strong><\/p>\n","protected":false},"excerpt":{"rendered":"<h6><strong>Bits\u0171r\u0171s\u00e9g: 320<\/strong>kb\/s<strong><br \/>\n<\/strong><strong>Hossz: <\/strong>04:21<strong><br \/>\n<\/strong><strong style=\"font-size: 16px;\">Vok\u00e1lt tartalmaz: <\/strong>Igen <img loading=\"lazy\" decoding=\"async\" class=\"alignnone size-full wp-image-466\" src=\"http:\/\/www.sunkaraoke.hu\/wp-content\/uploads\/2022\/07\/choir_1-copy.png\" alt=\"\" width=\"30\" height=\"30\" \/><strong style=\"font-size: 16px;\"><br \/>\n<\/strong><\/h6>\n<p>Sunkaraoke mp3 st\u00fadi\u00f3 \/ www.sunkaraoke.hu \/ Inf: Tel: 06 20 4275001<\/p>\n<p>&#8212;Intr\u00f3&#8212;<br \/>\nLuftballon, kirep\u00fclt az ablakon,<br \/>\n\u00e9s h\u00e1tra se n\u00e9zve sz\u00e1ll, egyre messzebb sz\u00e1ll.<br \/>\nJ\u00f3l vagyok, s\u00edrni biztos nem fogok,<br \/>\nmert a t\u00fck\u00f6rb\u0151l a l\u00e1ny, visszamosolygott r\u00e1m.<\/p>\n<p>M\u00e1r nem f\u00e1j, b\u00e1rmi t\u00f6rt\u00e9nt is velem.<br \/>\nM\u00e1r nem f\u00e1j, ez egy elm\u00falt szerelem.<br \/>\nKicsit k\u00f6nnyen j\u00f6tt, kicsit k\u00f6nnyen ment,<br \/>\nilyen egyszer\u0171 az eg\u00e9sz.<br \/>\nKicsit felf\u00fajtuk, kicsit eltoltuk,<br \/>\n\u00e9s mind a ketten azt gondoltuk v\u00e9ge,<br \/>\n\u00edgy lett v\u00e9ge,<br \/>\ntal\u00e1n egyszer,<br \/>\nk\u00e1r lesz \u00e9rte, vagy m\u00e9gsem.<br \/>\n&#8212;Sz\u00f3l\u00f3&#8212;<br \/>\nLuftballon, kirep\u00fclt az ablakon,<br \/>\n\u00e9s h\u00e1tra se n\u00e9zve sz\u00e1ll,<br \/>\negyre messzebb sz\u00e1ll.<br \/>\nSzabad vagyok,<br \/>\na tavaszi nap feldobott,<br \/>\n\u00e9s a t\u00fck\u00f6rb\u0151l ez a l\u00e1ny,<br \/>\nminden j\u00f3t k\u00edv\u00e1nt.<br \/>\nM\u00e1r nem f\u00e1j, b\u00e1rmi t\u00f6rt\u00e9nt is velem.<br \/>\nM\u00e1r nem f\u00e1j, ez egy elm\u00falt szerelem.<br \/>\nKicsit k\u00f6nnyen j\u00f6tt, kicsit k\u00f6nnyen ment,<br \/>\nilyen egyszer\u0171 az eg\u00e9sz.<br \/>\nKicsit felf\u00fajtuk, kicsit eltoltuk,<br \/>\n\u00e9s mind a ketten azt gondoltuk v\u00e9ge,<br \/>\n\u00edgy lett v\u00e9ge,<br \/>\ntal\u00e1n egyszer,<br \/>\nk\u00e1r lesz \u00e9rte, vagy m\u00e9gsem.<br \/>\n&#8212;Sz\u00f3l\u00f3&#8212;<br \/>\nM\u00e1r nem f\u00e1j, b\u00e1rmi t\u00f6rt\u00e9nt is velem.<br \/>\nM\u00e1r nem f\u00e1j, ez egy elm\u00falt szerelem.<br \/>\nKicsit k\u00f6nnyen j\u00f6tt, kicsit k\u00f6nnyen ment,<br \/>\nilyen egyszer\u0171 az eg\u00e9sz.<br \/>\nKicsit felf\u00fajtuk, kicsit eltoltuk,<br \/>\n\u00e9s mind a ketten azt gondoltuk v\u00e9ge,<br \/>\n\u00edgy lett v\u00e9ge,<br \/>\ntal\u00e1n egyszer,<br \/>\nk\u00e1r lesz \u00e9rte, vagy m\u00e9gsem.<br \/>\n&#8212;V\u00e9ge&#8212;<\/p>\n","protected":false},"featured_media":6159,"template":"","meta":{"site-sidebar-layout":"default","site-content-layout":"default","ast-site-content-layout":"default","site-content-style":"default","site-sidebar-style":"default","ast-global-header-display":"","ast-banner-title-visibility":"","ast-main-header-display":"","ast-hfb-above-header-display":"","ast-hfb-below-header-display":"","ast-hfb-mobile-header-display":"","site-post-title":"","ast-breadcrumbs-content":"","ast-featured-img":"","footer-sml-layout":"","theme-transparent-header-meta":"default","adv-header-id-meta":"","stick-header-meta":"","header-above-stick-meta":"","header-main-stick-meta":"","header-below-stick-meta":"","astra-migrate-meta-layouts":"set","ast-page-background-enabled":"default","ast-page-background-meta":{"desktop":{"background-color":"var(--ast-global-color-4)","background-image":"","background-repeat":"repeat","background-position":"center center","background-size":"auto","background-attachment":"scroll","background-type":"","background-media":"","overlay-type":"","overlay-color":"","overlay-opacity":"","overlay-gradient":""},"tablet":{"background-color":"","background-image":"","background-repeat":"repeat","background-position":"center center","background-size":"auto","background-attachment":"scroll","background-type":"","background-media":"","overlay-type":"","overlay-color":"","overlay-opacity":"","overlay-gradient":""},"mobile":{"background-color":"","background-image":"","background-repeat":"repeat","background-position":"center center","background-size":"auto","background-attachment":"scroll","background-type":"","background-media":"","overlay-type":"","overlay-color":"","overlay-opacity":"","overlay-gradient":""}},"ast-content-background-meta":{"desktop":{"background-color":"var(--ast-global-color-5)","background-image":"","background-repeat":"repeat","background-position":"center center","background-size":"auto","background-attachment":"scroll","background-type":"","background-media":"","overlay-type":"","overlay-color":"","overlay-opacity":"","overlay-gradient":""},"tablet":{"background-color":"var(--ast-global-color-5)","background-image":"","background-repeat":"repeat","background-position":"center center","background-size":"auto","background-attachment":"scroll","background-type":"","background-media":"","overlay-type":"","overlay-color":"","overlay-opacity":"","overlay-gradient":""},"mobile":{"background-color":"var(--ast-global-color-5)","background-image":"","background-repeat":"repeat","background-position":"center center","background-size":"auto","background-attachment":"scroll","background-type":"","background-media":"","overlay-type":"","overlay-color":"","overlay-opacity":"","overlay-gradient":""}}},"product_cat":[48],"product_tag":[],"class_list":["post-5140","product","type-product","status-publish","has-post-thumbnail","hentry","product_cat-sunkaraoke-dalok","desktop-align-left","tablet-align-left","mobile-align-left"],"_links":{"self":[{"href":"https:\/\/www.sunkaraoke.hu\/index.php\/wp-json\/wp\/v2\/product\/5140","targetHints":{"allow":["GET"]}}],"collection":[{"href":"https:\/\/www.sunkaraoke.hu\/index.php\/wp-json\/wp\/v2\/product"}],"about":[{"href":"https:\/\/www.sunkaraoke.hu\/index.php\/wp-json\/wp\/v2\/types\/product"}],"wp:featuredmedia":[{"embeddable":true,"href":"https:\/\/www.sunkaraoke.hu\/index.php\/wp-json\/wp\/v2\/media\/6159"}],"wp:attachment":[{"href":"https:\/\/www.sunkaraoke.hu\/index.php\/wp-json\/wp\/v2\/media?parent=5140"}],"wp:term":[{"taxonomy":"product_cat","embeddable":true,"href":"https:\/\/www.sunkaraoke.hu\/index.php\/wp-json\/wp\/v2\/product_cat?post=5140"},{"taxonomy":"product_tag","embeddable":true,"href":"https:\/\/www.sunkaraoke.hu\/index.php\/wp-json\/wp\/v2\/product_tag?post=5140"}],"curies":[{"name":"wp","href":"https:\/\/api.w.org\/{rel}","templated":true}]}}