{"id":5136,"date":"2022-08-08T20:48:40","date_gmt":"2022-08-08T20:48:40","guid":{"rendered":"https:\/\/www.sunkaraoke.hu\/index.php\/termek\/fiesta-angelina-2017-transzp-verzio-2\/"},"modified":"2025-05-25T05:38:32","modified_gmt":"2025-05-25T05:38:32","slug":"fiesta-angelina-2017-transzp-verzio-2","status":"publish","type":"product","link":"https:\/\/www.sunkaraoke.hu\/index.php\/termek\/fiesta-angelina-2017-transzp-verzio-2\/","title":{"rendered":"<div class=\"wcmp-player-container product-5136\"><audio controlslist=\"nodownload\" data-product=\"5136\"  volume=\"1\"  preload=\"none\" data-lazyloading=\"none\" class=\"wcmp-player track mejs-classic\" data-duration=\"0:33\" data-estimated_duration=\"4\"><source src=\"https:\/\/www.sunkaraoke.hu\/wp-content\/uploads\/2022\/08\/Angelina-transz-voc-2017.-SB.-demoo.mp3\" type=\"audio\/mp3\" \/><\/audio><\/div>Fiesta &#8211; Angelina ( SB. Edition)"},"content":{"rendered":"<p><strong>03:28<\/strong> | <strong><img loading=\"lazy\" decoding=\"async\" class=\"alignnone size-full wp-image-466\" src=\"https:\/\/www.sunkaraoke.hu\/wp-content\/uploads\/2022\/07\/choir_1-copy.webp\" alt=\"\" width=\"30\" height=\"30\" \/> <strong> | <img loading=\"lazy\" decoding=\"async\" class=\"alignnone size-full wp-image-613\" src=\"https:\/\/www.sunkaraoke.hu\/wp-content\/uploads\/2022\/07\/transzponalas.webp\" alt=\"\" width=\"30\" height=\"30\" \/> <\/strong><strong>-3<\/strong><\/strong><\/p>\n","protected":false},"excerpt":{"rendered":"<h6><strong>Bits\u0171r\u0171s\u00e9g: 320<\/strong>kb\/s<strong><br \/>\n<\/strong><strong>Hossz: <\/strong>03:28<strong><br \/>\n<\/strong><strong style=\"font-size: 16px;\">Vok\u00e1lt tartalmaz: <\/strong>Igen <img loading=\"lazy\" decoding=\"async\" class=\"alignnone size-full wp-image-466\" src=\"http:\/\/www.sunkaraoke.hu\/wp-content\/uploads\/2022\/07\/choir_1-copy.png\" alt=\"\" width=\"30\" height=\"30\" \/><strong style=\"font-size: 16px;\"><br \/>\n<\/strong><strong>Transzpon\u00e1l\u00e1s: <\/strong><img loading=\"lazy\" decoding=\"async\" class=\"alignnone size-full wp-image-613\" src=\"http:\/\/www.sunkaraoke.hu\/wp-content\/uploads\/2022\/07\/transzponalas.png\" alt=\"\" width=\"30\" height=\"30\" \/> -3<\/h6>\n<p>Sunkaraoke mp3 st\u00fadi\u00f3 \/ www.sunkaraoke.hu \/ Inf: Tel: 06 20 4275001<\/p>\n<p>&#8212;Intr\u00f3&#8212;<br \/>\nForr\u00f3 ny\u00e1r volt, a sz\u00edvem nyitva,<br \/>\n\u00e9s m\u00e1r megr\u00e9szeg\u00edtett az \u00e9j.<br \/>\nLent az utc\u00e1n tartott az \u00fcnnep,<br \/>\n\u00e9s te egyszer csak hozz\u00e1m l\u00e9pt\u00e9l.<br \/>\nNem mondt\u00e1l semmit, nem k\u00e9rtem semmit,<br \/>\n\u00f3h csak t\u00e1ncoltunk \u00f3r\u00e1kon \u00e1t.<br \/>\nS elj\u00f6tt a hajnal egy cs\u00f6ndes dallal,<br \/>\n\u00e9s te elt\u0171nt\u00e9l mell\u0151lem v\u00e9gleg,<br \/>\n\u00fagyt\u0171nik v\u00e9gleg.<\/p>\n<p>K\u00f6nnyen j\u00f6tt\u00e9l, k\u00f6nnyen ment\u00e9l,<br \/>\nAngelina megm\u00e9rgezt\u00e9l.<br \/>\nK\u00f6nnyen j\u00f6tt\u00e9l, k\u00f6nnyen ment\u00e9l,<br \/>\nAngelina megm\u00e9rgezt\u00e9l.<br \/>\n&#8212;Sz\u00f3l\u00f3&#8212;<br \/>\nForr\u00f3 ny\u00e1r volt, a sz\u00edvem nyitva,<br \/>\ns engem megsz\u00e9d\u00edtett m\u00e1r az \u00e9j.<br \/>\nLent az utc\u00e1n hozz\u00e1m l\u00e9pt\u00e9l,<br \/>\nazt\u00e1n otthagyt\u00e1l oly k\u00f6nnyed\u00e9n.<br \/>\n\u00c9n most is v\u00e1rlak, m\u00e9g mind\u00edg v\u00e1rlak,<br \/>\nh\u00e1tha elj\u00f6ssz m\u00e9g egyszer majd \u00e9rtem.<br \/>\nS itt lesz a hajnal azzal a dallal,<br \/>\n\u00e9s te nem t\u0171nsz el mell\u0151lem v\u00e9gleg,<br \/>\nnem hagysz itt v\u00e9gleg.<\/p>\n<p>K\u00f6nnyen j\u00f6tt\u00e9l, k\u00f6nnyen ment\u00e9l,<br \/>\nAngelina megm\u00e9rgezt\u00e9l.<br \/>\nK\u00f6nnyen j\u00f6tt\u00e9l, k\u00f6nnyen ment\u00e9l,<br \/>\nAngelina megm\u00e9rgezt\u00e9l.<br \/>\nK\u00f6nnyen j\u00f6tt\u00e9l, k\u00f6nnyen ment\u00e9l,<br \/>\nAngelina megm\u00e9rgezt\u00e9l.<br \/>\nK\u00f6nnyen j\u00f6tt\u00e9l, k\u00f6nnyen ment\u00e9l,<br \/>\nAngelina megm\u00e9rgezt\u00e9l.<br \/>\n&#8212;Sz\u00f3l\u00f3&#8212;<br \/>\n\u00c9n most is v\u00e1rlak, m\u00e9g mind\u00edg v\u00e1rlak,<br \/>\nh\u00e1tha elj\u00f6ssz m\u00e9g egyszer majd \u00e9rtem.<br \/>\nS itt lesz a hajnal azzal a dallal,<br \/>\n\u00e9s te nem t\u0171nsz el mell\u0151lem v\u00e9gleg,<br \/>\nnem hagysz itt v\u00e9gleg.<\/p>\n<p>K\u00f6nnyen j\u00f6tt\u00e9l, k\u00f6nnyen ment\u00e9l,<br \/>\nAngelina megm\u00e9rgezt\u00e9l.<br \/>\nK\u00f6nnyen j\u00f6tt\u00e9l, k\u00f6nnyen ment\u00e9l,<br \/>\nAngelina megm\u00e9rgezt\u00e9l.<br \/>\nK\u00f6nnyen j\u00f6tt\u00e9l, k\u00f6nnyen ment\u00e9l,<br \/>\nAngelina megm\u00e9rgezt\u00e9l.<br \/>\nK\u00f6nnyen j\u00f6tt\u00e9l, k\u00f6nnyen ment\u00e9l,<br \/>\nAngelina megm\u00e9rgezt\u00e9l.<br \/>\n&#8212;V\u00e9ge&#8212;<\/p>\n","protected":false},"featured_media":10522,"template":"","meta":{"site-sidebar-layout":"default","site-content-layout":"default","ast-site-content-layout":"default","site-content-style":"default","site-sidebar-style":"default","ast-global-header-display":"","ast-banner-title-visibility":"","ast-main-header-display":"","ast-hfb-above-header-display":"","ast-hfb-below-header-display":"","ast-hfb-mobile-header-display":"","site-post-title":"","ast-breadcrumbs-content":"","ast-featured-img":"","footer-sml-layout":"","theme-transparent-header-meta":"default","adv-header-id-meta":"","stick-header-meta":"","header-above-stick-meta":"","header-main-stick-meta":"","header-below-stick-meta":"","astra-migrate-meta-layouts":"set","ast-page-background-enabled":"default","ast-page-background-meta":{"desktop":{"background-color":"var(--ast-global-color-4)","background-image":"","background-repeat":"repeat","background-position":"center center","background-size":"auto","background-attachment":"scroll","background-type":"","background-media":"","overlay-type":"","overlay-color":"","overlay-opacity":"","overlay-gradient":""},"tablet":{"background-color":"","background-image":"","background-repeat":"repeat","background-position":"center center","background-size":"auto","background-attachment":"scroll","background-type":"","background-media":"","overlay-type":"","overlay-color":"","overlay-opacity":"","overlay-gradient":""},"mobile":{"background-color":"","background-image":"","background-repeat":"repeat","background-position":"center center","background-size":"auto","background-attachment":"scroll","background-type":"","background-media":"","overlay-type":"","overlay-color":"","overlay-opacity":"","overlay-gradient":""}},"ast-content-background-meta":{"desktop":{"background-color":"var(--ast-global-color-5)","background-image":"","background-repeat":"repeat","background-position":"center center","background-size":"auto","background-attachment":"scroll","background-type":"","background-media":"","overlay-type":"","overlay-color":"","overlay-opacity":"","overlay-gradient":""},"tablet":{"background-color":"var(--ast-global-color-5)","background-image":"","background-repeat":"repeat","background-position":"center center","background-size":"auto","background-attachment":"scroll","background-type":"","background-media":"","overlay-type":"","overlay-color":"","overlay-opacity":"","overlay-gradient":""},"mobile":{"background-color":"var(--ast-global-color-5)","background-image":"","background-repeat":"repeat","background-position":"center center","background-size":"auto","background-attachment":"scroll","background-type":"","background-media":"","overlay-type":"","overlay-color":"","overlay-opacity":"","overlay-gradient":""}}},"product_cat":[48],"product_tag":[],"class_list":["post-5136","product","type-product","status-publish","has-post-thumbnail","hentry","product_cat-sunkaraoke-dalok","desktop-align-left","tablet-align-left","mobile-align-left"],"_links":{"self":[{"href":"https:\/\/www.sunkaraoke.hu\/index.php\/wp-json\/wp\/v2\/product\/5136","targetHints":{"allow":["GET"]}}],"collection":[{"href":"https:\/\/www.sunkaraoke.hu\/index.php\/wp-json\/wp\/v2\/product"}],"about":[{"href":"https:\/\/www.sunkaraoke.hu\/index.php\/wp-json\/wp\/v2\/types\/product"}],"wp:featuredmedia":[{"embeddable":true,"href":"https:\/\/www.sunkaraoke.hu\/index.php\/wp-json\/wp\/v2\/media\/10522"}],"wp:attachment":[{"href":"https:\/\/www.sunkaraoke.hu\/index.php\/wp-json\/wp\/v2\/media?parent=5136"}],"wp:term":[{"taxonomy":"product_cat","embeddable":true,"href":"https:\/\/www.sunkaraoke.hu\/index.php\/wp-json\/wp\/v2\/product_cat?post=5136"},{"taxonomy":"product_tag","embeddable":true,"href":"https:\/\/www.sunkaraoke.hu\/index.php\/wp-json\/wp\/v2\/product_tag?post=5136"}],"curies":[{"name":"wp","href":"https:\/\/api.w.org\/{rel}","templated":true}]}}