{"id":5135,"date":"2022-08-08T20:48:40","date_gmt":"2022-08-08T20:48:40","guid":{"rendered":"https:\/\/www.sunkaraoke.hu\/index.php\/termek\/ruzsa-magdolna-eden-2017-rmx\/"},"modified":"2025-03-30T16:46:51","modified_gmt":"2025-03-30T16:46:51","slug":"ruzsa-magdolna-eden-2017-rmx","status":"publish","type":"product","link":"https:\/\/www.sunkaraoke.hu\/index.php\/termek\/ruzsa-magdolna-eden-2017-rmx\/","title":{"rendered":"<div class=\"wcmp-player-container product-5135\"><audio controlslist=\"nodownload\" data-product=\"5135\"  volume=\"1\"  preload=\"none\" data-lazyloading=\"none\" class=\"wcmp-player track mejs-classic\" data-duration=\"0:35\" data-estimated_duration=\"4\"><source src=\"https:\/\/www.sunkaraoke.hu\/wp-content\/uploads\/2022\/08\/Eden-transz-SB.-demo.mp3\" type=\"audio\/mp3\" \/><\/audio><\/div>R\u00fazsa Magdi &#8211; \u00c9den (SB. Edition)"},"content":{"rendered":"<p><strong>03:38<\/strong> | <strong><img loading=\"lazy\" decoding=\"async\" class=\"alignnone size-full wp-image-467\" src=\"https:\/\/www.sunkaraoke.hu\/wp-content\/uploads\/2022\/07\/choir_2-copy.webp\" alt=\"\" width=\"30\" height=\"30\" \/> +6<\/strong><\/p>\n","protected":false},"excerpt":{"rendered":"<h6>Bits\u0171r\u0171s\u00e9g: 320kb\/s<br \/>\nHossz: 03:38<br \/>\nVok\u00e1lt tartalmaz: Nem<br \/>\nTranszpon\u00e1l\u00e1s: + 6<\/h6>\n<h6><\/h6>\n<p>Sunkaraoke mp3 st\u00fadi\u00f3 \/ www.sunkaraoke.hu \/ Inf: Tel: 06 20 4275001<\/p>\n<p>Cs\u00f3kokba bele is haltam,<br \/>\nsebeim magamon hagytam,<br \/>\nsz\u00e9p vagy a sz\u00edvedbe lestem,<br \/>\nl\u00e1gyan \u00f6lel a testem.<br \/>\n\u00c9nekelj, valami sz\u00e9pet,<br \/>\nf\u00fclembe b\u0171v\u00f6s ig\u00e9ket.<br \/>\nGyere, rep\u00fclj, hogy l\u00e1thasd,<br \/>\nakkora vagy, mint a sz\u00e1rnyad.<\/p>\n<p>Fentr\u0151l most minden m\u00e1s,<br \/>\n\u00e9denbe k\u00f3stolt\u00e1l,<br \/>\negyszer, ha ott volt\u00e1l,<br \/>\na f\u00f6ldre m\u00e1r mi\u00e9rt v\u00e1gyn\u00e1l?<\/p>\n<p>Lassan az ajkadhoz \u00e9rek,<br \/>\n\u00e1rad a l\u00e9lek, de f\u00e9lek,<br \/>\ngurul az id\u0151 az \u00e9gen,<br \/>\nm\u00e9zvir\u00e1g illat a sz\u00e9lben.<br \/>\nTenyered mutasd, hogy l\u00e1ssam,<br \/>\nsorsunk t\u00e1n \u00f6sszeforrt m\u00e1ra,<br \/>\nnevemet r\u00e1\u00edrom nagyban,<br \/>\nne vesz\u00edts el majd a bajban.<\/p>\n<p>Fentr\u0151l most minden m\u00e1s,<br \/>\n\u00e9denbe k\u00f3stolt\u00e1l,<br \/>\negyszer, ha ott volt\u00e1l,<br \/>\na f\u00f6ldre m\u00e1r mi\u00e9rt v\u00e1gyn\u00e1l?<br \/>\nFentr\u0151l most minden m\u00e1s,<br \/>\n\u00e9denbe k\u00f3stolt\u00e1l,<br \/>\negyszer, ha ott volt\u00e1l,<br \/>\na f\u00f6ldre m\u00e1r mi\u00e9rt v\u00e1gyn\u00e1l?<\/p>\n<p>\u00c9denben \u00e9bredt\u00fcnk,<br \/>\negym\u00e1sban szabadok lett\u00fcnk,<br \/>\n\u00e9denben \u00e9bredt\u00fcnk hirtelen, \u00f3h,\u00f3h,\u00f3h&#8230;<br \/>\n\u00c9denben \u00e9bredt\u00fcnk,<br \/>\negym\u00e1sban szabadok lett\u00fcnk,<br \/>\n\u00e9denben \u00e9bredt\u00fcnk hirtelen, \u00f3h,\u00f3h,\u00f3h&#8230;<\/p>\n<p>Fentr\u0151l most minden m\u00e1s,<br \/>\n\u00e9denbe k\u00f3stolt\u00e1l,<br \/>\negyszer, ha ott volt\u00e1l,<br \/>\na f\u00f6ldre m\u00e1r mi\u00e9rt v\u00e1gyn\u00e1l?<br \/>\nFentr\u0151l most minden m\u00e1s,<br \/>\n\u00e9denbe k\u00f3stolt\u00e1l,<br \/>\negyszer, ha ott volt\u00e1l,<br \/>\na f\u00f6ldre m\u00e1r mi\u00e9rt v\u00e1gyn\u00e1l?<br \/>\n&#8212;V\u00e9ge&#8212;<\/p>\n","protected":false},"featured_media":8717,"template":"","meta":{"site-sidebar-layout":"default","site-content-layout":"default","ast-site-content-layout":"default","site-content-style":"default","site-sidebar-style":"default","ast-global-header-display":"","ast-banner-title-visibility":"","ast-main-header-display":"","ast-hfb-above-header-display":"","ast-hfb-below-header-display":"","ast-hfb-mobile-header-display":"","site-post-title":"","ast-breadcrumbs-content":"","ast-featured-img":"","footer-sml-layout":"","theme-transparent-header-meta":"default","adv-header-id-meta":"","stick-header-meta":"","header-above-stick-meta":"","header-main-stick-meta":"","header-below-stick-meta":"","astra-migrate-meta-layouts":"set","ast-page-background-enabled":"default","ast-page-background-meta":{"desktop":{"background-color":"var(--ast-global-color-4)","background-image":"","background-repeat":"repeat","background-position":"center center","background-size":"auto","background-attachment":"scroll","background-type":"","background-media":"","overlay-type":"","overlay-color":"","overlay-opacity":"","overlay-gradient":""},"tablet":{"background-color":"","background-image":"","background-repeat":"repeat","background-position":"center center","background-size":"auto","background-attachment":"scroll","background-type":"","background-media":"","overlay-type":"","overlay-color":"","overlay-opacity":"","overlay-gradient":""},"mobile":{"background-color":"","background-image":"","background-repeat":"repeat","background-position":"center center","background-size":"auto","background-attachment":"scroll","background-type":"","background-media":"","overlay-type":"","overlay-color":"","overlay-opacity":"","overlay-gradient":""}},"ast-content-background-meta":{"desktop":{"background-color":"var(--ast-global-color-5)","background-image":"","background-repeat":"repeat","background-position":"center center","background-size":"auto","background-attachment":"scroll","background-type":"","background-media":"","overlay-type":"","overlay-color":"","overlay-opacity":"","overlay-gradient":""},"tablet":{"background-color":"var(--ast-global-color-5)","background-image":"","background-repeat":"repeat","background-position":"center center","background-size":"auto","background-attachment":"scroll","background-type":"","background-media":"","overlay-type":"","overlay-color":"","overlay-opacity":"","overlay-gradient":""},"mobile":{"background-color":"var(--ast-global-color-5)","background-image":"","background-repeat":"repeat","background-position":"center center","background-size":"auto","background-attachment":"scroll","background-type":"","background-media":"","overlay-type":"","overlay-color":"","overlay-opacity":"","overlay-gradient":""}}},"product_cat":[48],"product_tag":[],"class_list":["post-5135","product","type-product","status-publish","has-post-thumbnail","hentry","product_cat-sunkaraoke-dalok","desktop-align-left","tablet-align-left","mobile-align-left"],"_links":{"self":[{"href":"https:\/\/www.sunkaraoke.hu\/index.php\/wp-json\/wp\/v2\/product\/5135","targetHints":{"allow":["GET"]}}],"collection":[{"href":"https:\/\/www.sunkaraoke.hu\/index.php\/wp-json\/wp\/v2\/product"}],"about":[{"href":"https:\/\/www.sunkaraoke.hu\/index.php\/wp-json\/wp\/v2\/types\/product"}],"wp:featuredmedia":[{"embeddable":true,"href":"https:\/\/www.sunkaraoke.hu\/index.php\/wp-json\/wp\/v2\/media\/8717"}],"wp:attachment":[{"href":"https:\/\/www.sunkaraoke.hu\/index.php\/wp-json\/wp\/v2\/media?parent=5135"}],"wp:term":[{"taxonomy":"product_cat","embeddable":true,"href":"https:\/\/www.sunkaraoke.hu\/index.php\/wp-json\/wp\/v2\/product_cat?post=5135"},{"taxonomy":"product_tag","embeddable":true,"href":"https:\/\/www.sunkaraoke.hu\/index.php\/wp-json\/wp\/v2\/product_tag?post=5135"}],"curies":[{"name":"wp","href":"https:\/\/api.w.org\/{rel}","templated":true}]}}