{"id":5127,"date":"2025-04-12T07:00:39","date_gmt":"2025-04-12T07:00:39","guid":{"rendered":"https:\/\/www.sunkaraoke.hu\/index.php\/termek\/roma-dalok-rendorbacsik-new-2017\/"},"modified":"2025-05-25T05:38:33","modified_gmt":"2025-05-25T05:38:33","slug":"roma-dalok-rendorbacsik-new-2017","status":"publish","type":"product","link":"https:\/\/www.sunkaraoke.hu\/index.php\/termek\/roma-dalok-rendorbacsik-new-2017\/","title":{"rendered":"<div class=\"wcmp-player-container product-5127\"><audio controlslist=\"nodownload\" data-product=\"5127\"  volume=\"1\"  preload=\"none\" data-lazyloading=\"none\" class=\"wcmp-player track mejs-classic\" data-duration=\"0:33\" data-estimated_duration=\"4\"><source src=\"https:\/\/www.sunkaraoke.hu\/wp-content\/uploads\/2022\/08\/Rendorbacsik-New-2017-SB.kdemoo.mp3\" type=\"audio\/mp3\" \/><\/audio><\/div>Cs\u00f3r\u00e9 B\u00e9la &#8211; Rend\u0151rb\u00e1csik New (Original SB Edition)"},"content":{"rendered":"<p><strong>03:44<\/strong> | <strong><img loading=\"lazy\" decoding=\"async\" class=\"alignnone size-full wp-image-467\" src=\"https:\/\/www.sunkaraoke.hu\/wp-content\/uploads\/2022\/07\/choir_2-copy.webp\" alt=\"\" width=\"30\" height=\"30\" \/> <\/strong><\/p>\n","protected":false},"excerpt":{"rendered":"<h6><strong>Bits\u0171r\u0171s\u00e9g: 320<\/strong>kb\/s<strong><br \/>\n<\/strong><strong>Hossz: <\/strong>03:44<strong><br \/>\n<\/strong><strong style=\"font-size: 16px;\">Vok\u00e1lt tartalmaz: <\/strong>Nem <img loading=\"lazy\" decoding=\"async\" class=\"alignnone size-full wp-image-467\" src=\"http:\/\/www.sunkaraoke.hu\/wp-content\/uploads\/2022\/07\/choir_2-copy.png\" alt=\"\" width=\"30\" height=\"30\" \/><strong style=\"font-size: 16px;\"><br \/>\n<\/strong><\/h6>\n<p>Sunkaraoke mp3 st\u00fadi\u00f3 \/ www.sunkaraoke.hu \/ Inf: Tel: 06 20 4275001<\/p>\n<p>&#8212;Intr\u00f3&#8212;<br \/>\nF\u00e1radt l\u00e1bam megbotlott a j\u00e1rd\u00e1n,<br \/>\naz \u00e9hs\u00e9gt\u0151l \u00e1juldozom \u00e9n,<br \/>\nkeletiben lesz a fekv\u0151helyem,<br \/>\nahov\u00e1 most \u00fagy igyekszem \u00e9n!<br \/>\nDe rend\u0151rb\u00e1csik ne b\u00e1ntsatok engem,<br \/>\nnincsen senkim a f\u00f6ld kerek\u00e9n,<br \/>\nvolt egy kisl\u00e1ny, ki elhagyott a ny\u00e1ron,<br \/>\nezert \u00fcltem h\u00e1rom \u00e9vet \u00e9n.<br \/>\n&#8212;Sz\u00f3l\u00f3&#8212;<br \/>\nCig\u00e1nyasszony megj\u00f3solta n\u00e9kem,<br \/>\nhogy b\u00f6rt\u00f6nbe t\u00f6lt\u00f6m az eg\u00e9sz \u00e9letem,<br \/>\nlesz egy kisl\u00e1ny, ki elhagy majd engem,<br \/>\nez a j\u00f3slat beteljesedett!<br \/>\nDe, rend\u0151rb\u00e1csik ne b\u00e1ntsatok engem,<br \/>\ns\u00fajt az \u00e9let, s\u00fajt a gumibot,<br \/>\nvolt egy kisl\u00e1ny, ki elhagyott a ny\u00e1ron,<br \/>\nez\u00e9rt \u00fcltem h\u00e1rom \u00e9vet \u00e9n!<br \/>\nEgy sz\u00e1l r\u00f3zs\u00e1t adt\u00e1l ide n\u00e9kem,<br \/>\nEgy sz\u00e1l r\u00f3zs\u00e1t a ny\u00e1r elej\u00e9n,<br \/>\nAzt mondtad, hogy h\u0171s\u00e9ged vir\u00e1ga,<br \/>\nde elhervadt,m\u00e9g a ny\u00e1r elej\u00e9n!<br \/>\n&#8212;Sz\u00f3l\u00f3&#8212;<br \/>\nRend\u0151r\u00f6kt\u0151l nincsen nyugov\u00e1som,<br \/>\ns\u00fajt az \u00e9let s\u00fajt a gumibot!<br \/>\nA padl\u00f3r\u00f3l remegve fel\u00e1llok,<br \/>\ns \u00e9neklek egy r\u00e9gi dallamot.<br \/>\nRend\u0151r b\u00e1csik ne b\u00e1ntsatok engem,<br \/>\nnincsen senkim a F\u00f6ld kerek\u00e9n.<br \/>\nVolt egy kisl\u00e1ny, ki elhagyott a ny\u00e1ron,<br \/>\nez\u00e9rt \u00fcltem h\u00e1rom \u00e9vet \u00e9n!<\/p>\n<p>&#8212;V\u00e9ge&#8230;<\/p>\n","protected":false},"featured_media":18710,"template":"","meta":{"site-sidebar-layout":"default","site-content-layout":"default","ast-site-content-layout":"default","site-content-style":"default","site-sidebar-style":"default","ast-global-header-display":"","ast-banner-title-visibility":"","ast-main-header-display":"","ast-hfb-above-header-display":"","ast-hfb-below-header-display":"","ast-hfb-mobile-header-display":"","site-post-title":"","ast-breadcrumbs-content":"","ast-featured-img":"","footer-sml-layout":"","theme-transparent-header-meta":"default","adv-header-id-meta":"","stick-header-meta":"","header-above-stick-meta":"","header-main-stick-meta":"","header-below-stick-meta":"","astra-migrate-meta-layouts":"set","ast-page-background-enabled":"default","ast-page-background-meta":{"desktop":{"background-color":"var(--ast-global-color-4)","background-image":"","background-repeat":"repeat","background-position":"center center","background-size":"auto","background-attachment":"scroll","background-type":"","background-media":"","overlay-type":"","overlay-color":"","overlay-opacity":"","overlay-gradient":""},"tablet":{"background-color":"","background-image":"","background-repeat":"repeat","background-position":"center center","background-size":"auto","background-attachment":"scroll","background-type":"","background-media":"","overlay-type":"","overlay-color":"","overlay-opacity":"","overlay-gradient":""},"mobile":{"background-color":"","background-image":"","background-repeat":"repeat","background-position":"center center","background-size":"auto","background-attachment":"scroll","background-type":"","background-media":"","overlay-type":"","overlay-color":"","overlay-opacity":"","overlay-gradient":""}},"ast-content-background-meta":{"desktop":{"background-color":"var(--ast-global-color-5)","background-image":"","background-repeat":"repeat","background-position":"center center","background-size":"auto","background-attachment":"scroll","background-type":"","background-media":"","overlay-type":"","overlay-color":"","overlay-opacity":"","overlay-gradient":""},"tablet":{"background-color":"var(--ast-global-color-5)","background-image":"","background-repeat":"repeat","background-position":"center center","background-size":"auto","background-attachment":"scroll","background-type":"","background-media":"","overlay-type":"","overlay-color":"","overlay-opacity":"","overlay-gradient":""},"mobile":{"background-color":"var(--ast-global-color-5)","background-image":"","background-repeat":"repeat","background-position":"center center","background-size":"auto","background-attachment":"scroll","background-type":"","background-media":"","overlay-type":"","overlay-color":"","overlay-opacity":"","overlay-gradient":""}}},"product_cat":[48],"product_tag":[],"class_list":["post-5127","product","type-product","status-publish","has-post-thumbnail","hentry","product_cat-sunkaraoke-dalok","desktop-align-left","tablet-align-left","mobile-align-left"],"_links":{"self":[{"href":"https:\/\/www.sunkaraoke.hu\/index.php\/wp-json\/wp\/v2\/product\/5127","targetHints":{"allow":["GET"]}}],"collection":[{"href":"https:\/\/www.sunkaraoke.hu\/index.php\/wp-json\/wp\/v2\/product"}],"about":[{"href":"https:\/\/www.sunkaraoke.hu\/index.php\/wp-json\/wp\/v2\/types\/product"}],"wp:featuredmedia":[{"embeddable":true,"href":"https:\/\/www.sunkaraoke.hu\/index.php\/wp-json\/wp\/v2\/media\/18710"}],"wp:attachment":[{"href":"https:\/\/www.sunkaraoke.hu\/index.php\/wp-json\/wp\/v2\/media?parent=5127"}],"wp:term":[{"taxonomy":"product_cat","embeddable":true,"href":"https:\/\/www.sunkaraoke.hu\/index.php\/wp-json\/wp\/v2\/product_cat?post=5127"},{"taxonomy":"product_tag","embeddable":true,"href":"https:\/\/www.sunkaraoke.hu\/index.php\/wp-json\/wp\/v2\/product_tag?post=5127"}],"curies":[{"name":"wp","href":"https:\/\/api.w.org\/{rel}","templated":true}]}}