{"id":5119,"date":"2022-08-08T20:48:38","date_gmt":"2022-08-08T20:48:38","guid":{"rendered":"https:\/\/www.sunkaraoke.hu\/index.php\/termek\/kaczor-ferenc-utoljara-kuldom-neked-2017\/"},"modified":"2025-03-28T07:02:54","modified_gmt":"2025-03-28T07:02:54","slug":"kaczor-ferenc-utoljara-kuldom-neked-2017","status":"publish","type":"product","link":"https:\/\/www.sunkaraoke.hu\/index.php\/termek\/kaczor-ferenc-utoljara-kuldom-neked-2017\/","title":{"rendered":"<div class=\"wcmp-player-container product-5119\"><audio controlslist=\"nodownload\" data-product=\"5119\"  volume=\"1\"  preload=\"none\" data-lazyloading=\"none\" class=\"wcmp-player track mejs-classic\" data-duration=\"0:33\" data-estimated_duration=\"4\"><source src=\"https:\/\/www.sunkaraoke.hu\/wp-content\/uploads\/2022\/08\/Utoljara-kuldom-2017-Kaczor-SB._demo.mp3\" type=\"audio\/mp3\" \/><\/audio><\/div>Kaczor Ferenc &#8211; Utolj\u00e1ra k\u00fcld\u00f6m neked (Original)"},"content":{"rendered":"<p><strong>03:19<\/strong> | <strong><img loading=\"lazy\" decoding=\"async\" class=\"alignnone size-full wp-image-467\" src=\"https:\/\/www.sunkaraoke.hu\/wp-content\/uploads\/2022\/07\/choir_2-copy.webp\" alt=\"\" width=\"30\" height=\"30\" \/> <\/strong><\/p>\n","protected":false},"excerpt":{"rendered":"<h6>Bits\u0171r\u0171s\u00e9g: 320 kb\/s<br \/>\nHossz: 03:19<br \/>\nVok\u00e1lt tartalmaz: Nem <img loading=\"lazy\" decoding=\"async\" class=\"alignnone size-full wp-image-467\" src=\"http:\/\/www.sunkaraoke.hu\/wp-content\/uploads\/2022\/07\/choir_2-copy.png\" alt=\"\" width=\"30\" height=\"30\" \/><strong style=\"font-size: 16px;\"><br \/>\n<\/strong><\/h6>\n<p>Sunkaraoke mp3 st\u00fadi\u00f3 \/ www.sunkaraoke.hu \/ Inf: Tel: 06 20 4275001<\/p>\n<p>&#8212;Intr\u00f3&#8212;<br \/>\nUtolj\u00e1ra k\u00fcld\u00f6m neked, ezt a csokor orgon\u00e1t.<br \/>\nElfeledni m\u00e9gsem lehet, azt a m\u00e1jus \u00e9jszak\u00e1t.<br \/>\nSz\u00e9p m\u00e1jusi \u00e9jszaka volt,illatos volt kis szob\u00e1d.<br \/>\nA v\u00e1z\u00e1ban orgona volt,egy\u00fctt sz\u00edvtuk illat\u00e1t.<br \/>\nOrgonavir\u00e1g illata eg\u00e9sz l\u00e9nyem j\u00e1rja \u00e1t.<br \/>\nEszembe jut kedves szavad,hogy szereted az orgon\u00e1t.<br \/>\nAblakodat r\u00e9gen lesem, hiszen nem vagy m\u00e1r eny\u00e9m.<br \/>\nHogyha nem vagy boldog velem,\u00e9n megbocs\u00e1tok minden\u00e9rt.<br \/>\nMindent megbocs\u00e1tok neked,csak te szeress engemet.<br \/>\nHogyha nem vagy boldog velem,a j\u00f3 Isten \u00e1ldjon meg.<br \/>\nSzeretni csak egyszer szabad,f\u00f6l\u00f6sleges minden sz\u00f3.<br \/>\nSzerelmesnek oly j\u00f3,hogy az ki nem mondhat\u00f3.<br \/>\nHa \u00fagy \u00e9rzed, hogy m\u00e1r nem szeretsz,<br \/>\na sz\u00edved nem \u00e9rtem f\u00e1j.<br \/>\nMegbocs\u00e1tok mindent neked,<br \/>\nmert szereted az orgon\u00e1t!<br \/>\n&#8212;Sz\u00f3l\u00f3&#8212;<br \/>\nMindent megbocs\u00e1tok neked,csak te szeress engemet.<br \/>\nHogyha nem vagy boldog velem,a j\u00f3 Isten \u00e1ldjon meg.<br \/>\nSzeretni csak egyszer szabad,f\u00f6l\u00f6sleges minden sz\u00f3.<br \/>\nSzerelmesnek oly j\u00f3,hogy az ki nem mondhat\u00f3.<br \/>\nHa \u00fagy \u00e9rzed, hogy m\u00e1r nem szeretsz,<br \/>\na sz\u00edved nem \u00e9rtem f\u00e1j.<br \/>\nMegbocs\u00e1tok mindent neked,<br \/>\nmert szereted az orgon\u00e1t!<br \/>\nMert szereted az orgon\u00e1t!<br \/>\nMert szereted az orgon\u00e1t!<br \/>\n&#8212;V\u00e9ge&#8212;<\/p>\n","protected":false},"featured_media":8960,"template":"","meta":{"site-sidebar-layout":"default","site-content-layout":"default","ast-site-content-layout":"default","site-content-style":"default","site-sidebar-style":"default","ast-global-header-display":"","ast-banner-title-visibility":"","ast-main-header-display":"","ast-hfb-above-header-display":"","ast-hfb-below-header-display":"","ast-hfb-mobile-header-display":"","site-post-title":"","ast-breadcrumbs-content":"","ast-featured-img":"","footer-sml-layout":"","theme-transparent-header-meta":"default","adv-header-id-meta":"","stick-header-meta":"","header-above-stick-meta":"","header-main-stick-meta":"","header-below-stick-meta":"","astra-migrate-meta-layouts":"set","ast-page-background-enabled":"default","ast-page-background-meta":{"desktop":{"background-color":"var(--ast-global-color-4)","background-image":"","background-repeat":"repeat","background-position":"center center","background-size":"auto","background-attachment":"scroll","background-type":"","background-media":"","overlay-type":"","overlay-color":"","overlay-opacity":"","overlay-gradient":""},"tablet":{"background-color":"","background-image":"","background-repeat":"repeat","background-position":"center center","background-size":"auto","background-attachment":"scroll","background-type":"","background-media":"","overlay-type":"","overlay-color":"","overlay-opacity":"","overlay-gradient":""},"mobile":{"background-color":"","background-image":"","background-repeat":"repeat","background-position":"center center","background-size":"auto","background-attachment":"scroll","background-type":"","background-media":"","overlay-type":"","overlay-color":"","overlay-opacity":"","overlay-gradient":""}},"ast-content-background-meta":{"desktop":{"background-color":"var(--ast-global-color-5)","background-image":"","background-repeat":"repeat","background-position":"center center","background-size":"auto","background-attachment":"scroll","background-type":"","background-media":"","overlay-type":"","overlay-color":"","overlay-opacity":"","overlay-gradient":""},"tablet":{"background-color":"var(--ast-global-color-5)","background-image":"","background-repeat":"repeat","background-position":"center center","background-size":"auto","background-attachment":"scroll","background-type":"","background-media":"","overlay-type":"","overlay-color":"","overlay-opacity":"","overlay-gradient":""},"mobile":{"background-color":"var(--ast-global-color-5)","background-image":"","background-repeat":"repeat","background-position":"center center","background-size":"auto","background-attachment":"scroll","background-type":"","background-media":"","overlay-type":"","overlay-color":"","overlay-opacity":"","overlay-gradient":""}}},"product_cat":[48],"product_tag":[],"class_list":["post-5119","product","type-product","status-publish","has-post-thumbnail","hentry","product_cat-sunkaraoke-dalok","desktop-align-left","tablet-align-left","mobile-align-left"],"_links":{"self":[{"href":"https:\/\/www.sunkaraoke.hu\/index.php\/wp-json\/wp\/v2\/product\/5119","targetHints":{"allow":["GET"]}}],"collection":[{"href":"https:\/\/www.sunkaraoke.hu\/index.php\/wp-json\/wp\/v2\/product"}],"about":[{"href":"https:\/\/www.sunkaraoke.hu\/index.php\/wp-json\/wp\/v2\/types\/product"}],"wp:featuredmedia":[{"embeddable":true,"href":"https:\/\/www.sunkaraoke.hu\/index.php\/wp-json\/wp\/v2\/media\/8960"}],"wp:attachment":[{"href":"https:\/\/www.sunkaraoke.hu\/index.php\/wp-json\/wp\/v2\/media?parent=5119"}],"wp:term":[{"taxonomy":"product_cat","embeddable":true,"href":"https:\/\/www.sunkaraoke.hu\/index.php\/wp-json\/wp\/v2\/product_cat?post=5119"},{"taxonomy":"product_tag","embeddable":true,"href":"https:\/\/www.sunkaraoke.hu\/index.php\/wp-json\/wp\/v2\/product_tag?post=5119"}],"curies":[{"name":"wp","href":"https:\/\/api.w.org\/{rel}","templated":true}]}}