{"id":5118,"date":"2022-08-08T20:48:38","date_gmt":"2022-08-08T20:48:38","guid":{"rendered":"https:\/\/www.sunkaraoke.hu\/index.php\/termek\/bandika-varj-transzp-verzio\/"},"modified":"2025-08-03T07:44:56","modified_gmt":"2025-08-03T05:44:56","slug":"bandika-varj-transzp-verzio","status":"publish","type":"product","link":"https:\/\/www.sunkaraoke.hu\/index.php\/termek\/bandika-varj-transzp-verzio\/","title":{"rendered":"<div class=\"wcmp-player-container product-5118\"><audio controlslist=\"nodownload\" data-product=\"5118\"  volume=\"1\"  preload=\"none\" data-lazyloading=\"none\" class=\"wcmp-player track mejs-classic\" data-duration=\"0:33\" data-estimated_duration=\"4\"><source src=\"https:\/\/www.sunkaraoke.hu\/wp-content\/uploads\/2022\/08\/Varj-transzp-Bandika-E-demo.mp3\" type=\"audio\/mp3\" \/><\/audio><\/div>Bandika &#8211; V\u00e1rj (Zoly Edition)"},"content":{"rendered":"<p><strong>03:22<\/strong> | <strong><img loading=\"lazy\" decoding=\"async\" class=\"alignnone size-full wp-image-467\" src=\"https:\/\/www.sunkaraoke.hu\/wp-content\/uploads\/2022\/07\/choir_2-copy.webp\" alt=\"\" width=\"30\" height=\"30\" \/> <strong> | <img loading=\"lazy\" decoding=\"async\" class=\"alignnone size-full wp-image-613\" src=\"https:\/\/www.sunkaraoke.hu\/wp-content\/uploads\/2022\/07\/transzponalas.webp\" alt=\"\" width=\"30\" height=\"30\" \/> <\/strong><strong>-3<\/strong><\/strong><\/p>\n","protected":false},"excerpt":{"rendered":"<h6><strong>Bits\u0171r\u0171s\u00e9g: 320 <\/strong>kb\/s<strong><br \/>\n<\/strong><strong>Hossz: <\/strong>03:22<strong><br \/>\n<\/strong><strong style=\"font-size: 16px;\">Vok\u00e1lt tartalmaz: <\/strong>Nem <img loading=\"lazy\" decoding=\"async\" class=\"alignnone size-full wp-image-467\" src=\"http:\/\/www.sunkaraoke.hu\/wp-content\/uploads\/2022\/07\/choir_2-copy.png\" alt=\"\" width=\"30\" height=\"30\" \/><strong style=\"font-size: 16px;\"><br \/>\n<\/strong><strong>Transzpon\u00e1l\u00e1s: <\/strong><img loading=\"lazy\" decoding=\"async\" class=\"alignnone size-full wp-image-613\" src=\"http:\/\/www.sunkaraoke.hu\/wp-content\/uploads\/2022\/07\/transzponalas.png\" alt=\"\" width=\"30\" height=\"30\" \/> -3<\/h6>\n<p>Sunkaraoke mp3 st\u00fadi\u00f3 \/ www.sunkaraoke.hu \/ Inf: Tel: 06 20 4275001<\/p>\n<p>&#8212;Intr\u00f3&#8212;<br \/>\nSzeretn\u00e9l ugyan \u00fagy ahogy \u00e9n, \u00e9rted b\u00e1rmit megtenn\u00e9k,<br \/>\nboldogok lehetn\u00e9nk.<br \/>\nAzt mondod nem szeretsz \u00fagy f\u00e1j, de nem haragszom r\u00e1d,<br \/>\nrohann\u00e9k hozz\u00e1d kedvesem.<\/p>\n<p>Minden nap, minden \u00e9jjel v\u00e1rok r\u00e1d,<br \/>\na dalom hozz\u00e1d elf\u00fajja a sz\u00e9l.<br \/>\nSz\u00e1zszor visszas\u00edrsz majd minden \u00e9jszak\u00e1t,<br \/>\n\u00e9n itt leszek v\u00e1rok r\u00e1d ne f\u00e9lj.<\/p>\n<p>Azt mondom v\u00e1rj m\u00e9g nem b\u00facs\u00faztam el,<br \/>\nnem mehetsz \u00edgy el \u00e9rted \u00e9lek \u00e9n.<br \/>\nAzt mondom v\u00e1rj m\u00e9g \u00fajra kezdhetn\u00e9nk,<br \/>\nmindhal\u00e1lig harcolok \u00e9n a sz\u00edved\u00e9rt.<br \/>\nAzt mondom v\u00e1rj m\u00e9g nem b\u00facs\u00faztam el,<br \/>\nnem mehetsz \u00edgy el \u00e9rted \u00e9lek \u00e9n.<br \/>\nAzt mondom v\u00e1rj m\u00e9g \u00fajra kezdhetn\u00e9nk,<br \/>\nmindhal\u00e1lig harcolok \u00e9n a sz\u00edved\u00e9rt.<br \/>\n&#8212;Sz\u00f3l\u00f3&#8212;<br \/>\nMagamra hagyt\u00e1l a b\u00e1nat messze sz\u00e1ll,<br \/>\nnem vigy\u00e1ztam r\u00e1d, elment\u00e9l el sem b\u00facs\u00fazt\u00e1l.<br \/>\nM\u00e1st szeretsz \u00fagy \u00e9rzem \u00e9n,<br \/>\nnincs m\u00e9g egy es\u00e9ly, hogyan \u00e9ljek \u00e9n, n\u00e9lk\u00fcled.<\/p>\n<p>Minden nap, minden \u00e9jjel v\u00e1rok r\u00e1d,<br \/>\na dalom hozz\u00e1d elf\u00fajja a sz\u00e9l.<br \/>\nSz\u00e1zszor visszas\u00edrsz majd minden \u00e9jszak\u00e1t,<br \/>\n\u00e9n itt leszek v\u00e1rok r\u00e1d ne f\u00e9lj.<\/p>\n<p>Azt mondom v\u00e1rj m\u00e9g nem b\u00facs\u00faztam el,<br \/>\nnem mehetsz \u00edgy el \u00e9rted \u00e9lek \u00e9n.<br \/>\nAzt mondom v\u00e1rj m\u00e9g \u00fajra kezdhetn\u00e9nk,<br \/>\nmindhal\u00e1lig harcolok \u00e9n a sz\u00edved\u00e9rt.<br \/>\nAzt mondom v\u00e1rj m\u00e9g nem b\u00facs\u00faztam el,<br \/>\nnem mehetsz \u00edgy el, \u00e9rted \u00e9lek \u00e9n.<br \/>\nAzt mondom v\u00e1rj, m\u00e9g \u00fajra kezdhetn\u00e9nk,<br \/>\nmindhal\u00e1lig harcolok \u00e9n a sz\u00edved\u00e9rt.<br \/>\nV\u00e1rj m\u00e9g nem b\u00facs\u00faztam el,<br \/>\nnem mehetsz \u00edgy el \u00e9rted \u00e9lek \u00e9n.<br \/>\nAzt mondom v\u00e1rj m\u00e9g \u00fajra kezdhetn\u00e9nk,<br \/>\nmindhal\u00e1lig harcolok \u00e9n a sz\u00edved\u00e9rt.<br \/>\nAzt mondom v\u00e1rj m\u00e9g nem b\u00facs\u00faztam el,<br \/>\nnem mehetsz \u00edgy el, \u00e9rted \u00e9lek \u00e9n.<br \/>\nAzt mondom v\u00e1rj, m\u00e9g \u00fajra kezdhetn\u00e9nk,<br \/>\nmindhal\u00e1lig harcolok \u00e9n a sz\u00edved\u00e9rt.<br \/>\n&#8212;V\u00e9ge&#8212;<\/p>\n","protected":false},"featured_media":9505,"template":"","meta":{"site-sidebar-layout":"default","site-content-layout":"default","ast-site-content-layout":"default","site-content-style":"default","site-sidebar-style":"default","ast-global-header-display":"","ast-banner-title-visibility":"","ast-main-header-display":"","ast-hfb-above-header-display":"","ast-hfb-below-header-display":"","ast-hfb-mobile-header-display":"","site-post-title":"","ast-breadcrumbs-content":"","ast-featured-img":"","footer-sml-layout":"","theme-transparent-header-meta":"default","adv-header-id-meta":"","stick-header-meta":"","header-above-stick-meta":"","header-main-stick-meta":"","header-below-stick-meta":"","astra-migrate-meta-layouts":"set","ast-page-background-enabled":"default","ast-page-background-meta":{"desktop":{"background-color":"var(--ast-global-color-4)","background-image":"","background-repeat":"repeat","background-position":"center center","background-size":"auto","background-attachment":"scroll","background-type":"","background-media":"","overlay-type":"","overlay-color":"","overlay-opacity":"","overlay-gradient":""},"tablet":{"background-color":"","background-image":"","background-repeat":"repeat","background-position":"center center","background-size":"auto","background-attachment":"scroll","background-type":"","background-media":"","overlay-type":"","overlay-color":"","overlay-opacity":"","overlay-gradient":""},"mobile":{"background-color":"","background-image":"","background-repeat":"repeat","background-position":"center center","background-size":"auto","background-attachment":"scroll","background-type":"","background-media":"","overlay-type":"","overlay-color":"","overlay-opacity":"","overlay-gradient":""}},"ast-content-background-meta":{"desktop":{"background-color":"var(--ast-global-color-5)","background-image":"","background-repeat":"repeat","background-position":"center center","background-size":"auto","background-attachment":"scroll","background-type":"","background-media":"","overlay-type":"","overlay-color":"","overlay-opacity":"","overlay-gradient":""},"tablet":{"background-color":"var(--ast-global-color-5)","background-image":"","background-repeat":"repeat","background-position":"center center","background-size":"auto","background-attachment":"scroll","background-type":"","background-media":"","overlay-type":"","overlay-color":"","overlay-opacity":"","overlay-gradient":""},"mobile":{"background-color":"var(--ast-global-color-5)","background-image":"","background-repeat":"repeat","background-position":"center center","background-size":"auto","background-attachment":"scroll","background-type":"","background-media":"","overlay-type":"","overlay-color":"","overlay-opacity":"","overlay-gradient":""}}},"product_cat":[58],"product_tag":[],"class_list":["post-5118","product","type-product","status-publish","has-post-thumbnail","hentry","product_cat-erdelyi-zoltan","desktop-align-left","tablet-align-left","mobile-align-left"],"_links":{"self":[{"href":"https:\/\/www.sunkaraoke.hu\/index.php\/wp-json\/wp\/v2\/product\/5118","targetHints":{"allow":["GET"]}}],"collection":[{"href":"https:\/\/www.sunkaraoke.hu\/index.php\/wp-json\/wp\/v2\/product"}],"about":[{"href":"https:\/\/www.sunkaraoke.hu\/index.php\/wp-json\/wp\/v2\/types\/product"}],"wp:featuredmedia":[{"embeddable":true,"href":"https:\/\/www.sunkaraoke.hu\/index.php\/wp-json\/wp\/v2\/media\/9505"}],"wp:attachment":[{"href":"https:\/\/www.sunkaraoke.hu\/index.php\/wp-json\/wp\/v2\/media?parent=5118"}],"wp:term":[{"taxonomy":"product_cat","embeddable":true,"href":"https:\/\/www.sunkaraoke.hu\/index.php\/wp-json\/wp\/v2\/product_cat?post=5118"},{"taxonomy":"product_tag","embeddable":true,"href":"https:\/\/www.sunkaraoke.hu\/index.php\/wp-json\/wp\/v2\/product_tag?post=5118"}],"curies":[{"name":"wp","href":"https:\/\/api.w.org\/{rel}","templated":true}]}}