{"id":5114,"date":"2022-08-08T20:48:37","date_gmt":"2022-08-08T20:48:37","guid":{"rendered":"https:\/\/www.sunkaraoke.hu\/index.php\/termek\/loretta-ha-en-megtalalnam-eredeti-hangnem\/"},"modified":"2025-04-12T05:02:23","modified_gmt":"2025-04-12T05:02:23","slug":"loretta-ha-en-megtalalnam-eredeti-hangnem","status":"publish","type":"product","link":"https:\/\/www.sunkaraoke.hu\/index.php\/termek\/loretta-ha-en-megtalalnam-eredeti-hangnem\/","title":{"rendered":"<div class=\"wcmp-player-container product-5114\"><audio controlslist=\"nodownload\" data-product=\"5114\"  volume=\"1\"  preload=\"none\" data-lazyloading=\"none\" class=\"wcmp-player track mejs-classic\" data-duration=\"0:32\" data-estimated_duration=\"4\"><source src=\"https:\/\/www.sunkaraoke.hu\/wp-content\/uploads\/2022\/08\/Ha-en-megtalalnam-Orig-SB.-kdemoo.mp3\" type=\"audio\/mp3\" \/><\/audio><\/div>Loretta &#8211; Ha \u00e9n megtal\u00e1ln\u00e1m (SB Edition)"},"content":{"rendered":"<p><strong>02:59<\/strong> | <strong><img loading=\"lazy\" decoding=\"async\" class=\"alignnone size-full wp-image-467\" src=\"https:\/\/www.sunkaraoke.hu\/wp-content\/uploads\/2022\/07\/choir_2-copy.webp\" alt=\"\" width=\"30\" height=\"30\" \/> \/ +5<\/strong><\/p>\n","protected":false},"excerpt":{"rendered":"<h6><strong>Bits\u0171r\u0171s\u00e9g: 320kb\/s<\/strong><br \/>\n<strong>Hossz: 02:59<\/strong><br \/>\n<strong>Vok\u00e1lt tartalmaz: Nem <img loading=\"lazy\" decoding=\"async\" class=\"alignnone size-full wp-image-467\" src=\"http:\/\/www.sunkaraoke.hu\/wp-content\/uploads\/2022\/07\/choir_2-copy.png\" alt=\"\" width=\"30\" height=\"30\" \/><\/strong><br \/>\nTranszpon\u00e1l\u00e1s: Igen +5<\/h6>\n<p>Sunkaraoke mp3 st\u00fadi\u00f3 \/ www.sunkaraoke.hu \/ Inf: Tel: 06 20 4275001<\/p>\n<p>&#8212;Intr\u00f3&#8212;<br \/>\nVolt egy szerelmem,ki\u00e9rt m\u00e9g f\u00e1j a sz\u00edvem,<br \/>\nnem tudom hol van,vajon mi volt a baj.<br \/>\nDe ha \u00e9n megtal\u00e1ln\u00e1m, elmenni nem hagyn\u00e1m,<br \/>\nmegfogn\u00e1m a k\u00e9t kez\u00e9t, rabul ejten\u00e9m sz\u00edv\u00e9t.<br \/>\nDe ha \u00e9n megtal\u00e1ln\u00e1m, elmenni nem hagyn\u00e1m,<br \/>\nmegfogn\u00e1m a k\u00e9t kez\u00e9t, rabul ejten\u00e9m sz\u00edv\u00e9t.<\/p>\n<p>Hol volt hol nem volt,egyszer volt egy szerelmem,<br \/>\nmessze ment t\u0151lem,\u00e9s \u00e9n hi\u00e1ba keresem.<\/p>\n<p>De ha \u00e9n megtal\u00e1ln\u00e1m, elmenni nem hagyn\u00e1m,<br \/>\nmegfogn\u00e1m a k\u00e9t kez\u00e9t, rabul ejten\u00e9m sz\u00edv\u00e9t.<br \/>\nDe ha \u00e9n megtal\u00e1ln\u00e1m, elmenni nem hagyn\u00e1m,<br \/>\nmegfogn\u00e1m a k\u00e9t kez\u00e9t, rabul ejten\u00e9m sz\u00edv\u00e9t.<\/p>\n<p>Soha el nem feledem,am\u00edg csak \u00e9lek,<br \/>\nm\u00e9g mindig keresem,mert csak \u0151t szeretem.<\/p>\n<p>De ha \u00e9n megtal\u00e1ln\u00e1m, elmenni nem hagyn\u00e1m,<br \/>\nmegfogn\u00e1m a k\u00e9t kez\u00e9t, rabul ejten\u00e9m sz\u00edv\u00e9t.<br \/>\nDe ha \u00e9n megtal\u00e1ln\u00e1m, elmenni nem hagyn\u00e1m,<br \/>\nmegfogn\u00e1m a k\u00e9t kez\u00e9t, rabul ejten\u00e9m sz\u00edv\u00e9t.<br \/>\n&#8212;Sz\u00f3l\u00f3&#8212;<br \/>\nDe ha \u00e9n megtal\u00e1ln\u00e1m, elmenni nem hagyn\u00e1m,<br \/>\nmegfogn\u00e1m a k\u00e9t kez\u00e9t, rabul ejten\u00e9m sz\u00edv\u00e9t.<br \/>\nDe ha \u00e9n megtal\u00e1ln\u00e1m, elmenni nem hagyn\u00e1m,<br \/>\nmegfogn\u00e1m a k\u00e9t kez\u00e9t, rabul ejten\u00e9m sz\u00edv\u00e9t.<\/p>\n<p>Visszaj\u00f6tt a kedvesem,vadul dobog a sz\u00edvem,<br \/>\nszeretem nagyon,el soha nem hagyom.<br \/>\nDe ha \u00e9n megtal\u00e1ln\u00e1m, elmenni nem hagyn\u00e1m,<br \/>\nmegfogn\u00e1m a k\u00e9t kez\u00e9t, rabul ejten\u00e9m sz\u00edv\u00e9t.<br \/>\nDe ha \u00e9n megtal\u00e1ln\u00e1m, elmenni nem hagyn\u00e1m,<br \/>\nmegfogn\u00e1m a k\u00e9t kez\u00e9t, rabul ejten\u00e9m sz\u00edv\u00e9t.<br \/>\n&#8212;V\u00e9ge&#8212;<\/p>\n","protected":false},"featured_media":8735,"template":"","meta":{"site-sidebar-layout":"default","site-content-layout":"default","ast-site-content-layout":"default","site-content-style":"default","site-sidebar-style":"default","ast-global-header-display":"","ast-banner-title-visibility":"","ast-main-header-display":"","ast-hfb-above-header-display":"","ast-hfb-below-header-display":"","ast-hfb-mobile-header-display":"","site-post-title":"","ast-breadcrumbs-content":"","ast-featured-img":"","footer-sml-layout":"","theme-transparent-header-meta":"default","adv-header-id-meta":"","stick-header-meta":"","header-above-stick-meta":"","header-main-stick-meta":"","header-below-stick-meta":"","astra-migrate-meta-layouts":"set","ast-page-background-enabled":"default","ast-page-background-meta":{"desktop":{"background-color":"var(--ast-global-color-4)","background-image":"","background-repeat":"repeat","background-position":"center center","background-size":"auto","background-attachment":"scroll","background-type":"","background-media":"","overlay-type":"","overlay-color":"","overlay-opacity":"","overlay-gradient":""},"tablet":{"background-color":"","background-image":"","background-repeat":"repeat","background-position":"center center","background-size":"auto","background-attachment":"scroll","background-type":"","background-media":"","overlay-type":"","overlay-color":"","overlay-opacity":"","overlay-gradient":""},"mobile":{"background-color":"","background-image":"","background-repeat":"repeat","background-position":"center center","background-size":"auto","background-attachment":"scroll","background-type":"","background-media":"","overlay-type":"","overlay-color":"","overlay-opacity":"","overlay-gradient":""}},"ast-content-background-meta":{"desktop":{"background-color":"var(--ast-global-color-5)","background-image":"","background-repeat":"repeat","background-position":"center center","background-size":"auto","background-attachment":"scroll","background-type":"","background-media":"","overlay-type":"","overlay-color":"","overlay-opacity":"","overlay-gradient":""},"tablet":{"background-color":"var(--ast-global-color-5)","background-image":"","background-repeat":"repeat","background-position":"center center","background-size":"auto","background-attachment":"scroll","background-type":"","background-media":"","overlay-type":"","overlay-color":"","overlay-opacity":"","overlay-gradient":""},"mobile":{"background-color":"var(--ast-global-color-5)","background-image":"","background-repeat":"repeat","background-position":"center center","background-size":"auto","background-attachment":"scroll","background-type":"","background-media":"","overlay-type":"","overlay-color":"","overlay-opacity":"","overlay-gradient":""}}},"product_cat":[48],"product_tag":[],"class_list":["post-5114","product","type-product","status-publish","has-post-thumbnail","hentry","product_cat-sunkaraoke-dalok","desktop-align-left","tablet-align-left","mobile-align-left"],"_links":{"self":[{"href":"https:\/\/www.sunkaraoke.hu\/index.php\/wp-json\/wp\/v2\/product\/5114","targetHints":{"allow":["GET"]}}],"collection":[{"href":"https:\/\/www.sunkaraoke.hu\/index.php\/wp-json\/wp\/v2\/product"}],"about":[{"href":"https:\/\/www.sunkaraoke.hu\/index.php\/wp-json\/wp\/v2\/types\/product"}],"wp:featuredmedia":[{"embeddable":true,"href":"https:\/\/www.sunkaraoke.hu\/index.php\/wp-json\/wp\/v2\/media\/8735"}],"wp:attachment":[{"href":"https:\/\/www.sunkaraoke.hu\/index.php\/wp-json\/wp\/v2\/media?parent=5114"}],"wp:term":[{"taxonomy":"product_cat","embeddable":true,"href":"https:\/\/www.sunkaraoke.hu\/index.php\/wp-json\/wp\/v2\/product_cat?post=5114"},{"taxonomy":"product_tag","embeddable":true,"href":"https:\/\/www.sunkaraoke.hu\/index.php\/wp-json\/wp\/v2\/product_tag?post=5114"}],"curies":[{"name":"wp","href":"https:\/\/api.w.org\/{rel}","templated":true}]}}