{"id":5113,"date":"2022-08-08T20:48:37","date_gmt":"2022-08-08T20:48:37","guid":{"rendered":"https:\/\/www.sunkaraoke.hu\/index.php\/termek\/kaczor-ferenc-polgarmester-2017\/"},"modified":"2025-03-28T06:58:33","modified_gmt":"2025-03-28T06:58:33","slug":"kaczor-ferenc-polgarmester-2017","status":"publish","type":"product","link":"https:\/\/www.sunkaraoke.hu\/index.php\/termek\/kaczor-ferenc-polgarmester-2017\/","title":{"rendered":"<div class=\"wcmp-player-container product-5113\"><audio controlslist=\"nodownload\" data-product=\"5113\"  volume=\"1\"  preload=\"none\" data-lazyloading=\"none\" class=\"wcmp-player track mejs-classic\" data-duration=\"0:31\" data-estimated_duration=\"4\"><source src=\"https:\/\/www.sunkaraoke.hu\/wp-content\/uploads\/2022\/08\/Polgarmester-2017-Kaczor-SB._demo.mp3\" type=\"audio\/mp3\" \/><\/audio><\/div>Kaczor Ferenc &#8211; Polg\u00e1rmester (Original)"},"content":{"rendered":"<p><strong>03:39<\/strong> | <strong><img loading=\"lazy\" decoding=\"async\" class=\"alignnone size-full wp-image-467\" src=\"https:\/\/www.sunkaraoke.hu\/wp-content\/uploads\/2022\/07\/choir_2-copy.webp\" alt=\"\" width=\"30\" height=\"30\" \/> <\/strong><\/p>\n","protected":false},"excerpt":{"rendered":"<h6><strong>Bits\u0171r\u0171s\u00e9g: 320 kb\/s<\/strong><br \/>\n<strong>Hossz: 03:39<\/strong><br \/>\n<strong>Vok\u00e1lt tartalmaz: Nem <img loading=\"lazy\" decoding=\"async\" class=\"alignnone size-full wp-image-467\" src=\"http:\/\/www.sunkaraoke.hu\/wp-content\/uploads\/2022\/07\/choir_2-copy.png\" alt=\"\" width=\"30\" height=\"30\" \/><\/strong><strong style=\"font-size: 16px;\"><br \/>\n<\/strong><\/h6>\n<p>Sunkaraoke mp3 st\u00fadi\u00f3 \/ www.sunkaraoke.hu \/ Inf: Tel: 06 20 4275001<\/p>\n<p>&#8212;Intr\u00f3&#8212;<br \/>\nCs\u00f3r\u00f3 lettem,nincs kenyerem,<br \/>\nelvesztettem a munkahelyem,<br \/>\nMondj\u00e1tok meg, hogy mi lesz velem?<br \/>\nBet\u00f6rjek,vagy guber\u00e1ljak,<br \/>\njaj,istenem, mit csin\u00e1ljak<br \/>\nMondj\u00e1tok meg, hogy mit is tegyek?<br \/>\nFelmegyek a hivatalba, r\u00e1csapok, \u00e9n az asztalra,<br \/>\ns elmondom,hogy \u00e9hen fogok halni.<br \/>\nPolg\u00e1rmester,csak azt k\u00e9rem,egy kis seg\u00e9lyt adjon n\u00e9kem,<br \/>\nHadd tudjak a kocsm\u00e1ba bemenni!<br \/>\nHadd tudjak egy fr\u00f6ccs\u00f6t venni, a b\u00e1natomat elfeledni,<br \/>\nHadd tudjak egy kicsit boldog lenni!<br \/>\n&#8212;Sz\u00f3l\u00f3&#8212;<br \/>\nCs\u00f3r\u00f3 lettem,nincs kenyerem,<br \/>\nelvesztettem a munkahelyem,<br \/>\nMondj\u00e1tok meg, hogy mi lesz velem?<br \/>\nBet\u00f6rjek,vagy guber\u00e1ljak,<br \/>\njaj,istenem, mit csin\u00e1ljak<br \/>\nMondj\u00e1tok meg, hogy mit is tegyek?<br \/>\nFelmegyek a hivatalba, r\u00e1csapok, \u00e9n az asztalra,<br \/>\ns elmondom,hogy \u00e9hen fogok halni.<br \/>\nPolg\u00e1rmester,csak azt k\u00e9rem,egy kis seg\u00e9lyt adjon n\u00e9kem,<br \/>\nHadd tudjak a kocsm\u00e1ba bemenni!<br \/>\nHadd tudjak egy fr\u00f6ccs\u00f6t venni, a b\u00e1natomat elfeledni,<br \/>\nHadd tudjak egy kicsit boldog lenni!<br \/>\nPolg\u00e1rmester,csak azt k\u00e9rem,egy kis seg\u00e9lyt adjon n\u00e9kem,<br \/>\nHadd tudjak a kocsm\u00e1ba bemenni!<br \/>\nHadd tudjak egy fr\u00f6ccs\u00f6t venni, a b\u00e1natomat elfeledni,<br \/>\nHadd tudjak egy kicsit boldog lenni!<br \/>\n&#8212;V\u00e9ge&#8212;<\/p>\n","protected":false},"featured_media":8960,"template":"","meta":{"site-sidebar-layout":"default","site-content-layout":"default","ast-site-content-layout":"default","site-content-style":"default","site-sidebar-style":"default","ast-global-header-display":"","ast-banner-title-visibility":"","ast-main-header-display":"","ast-hfb-above-header-display":"","ast-hfb-below-header-display":"","ast-hfb-mobile-header-display":"","site-post-title":"","ast-breadcrumbs-content":"","ast-featured-img":"","footer-sml-layout":"","theme-transparent-header-meta":"default","adv-header-id-meta":"","stick-header-meta":"","header-above-stick-meta":"","header-main-stick-meta":"","header-below-stick-meta":"","astra-migrate-meta-layouts":"set","ast-page-background-enabled":"default","ast-page-background-meta":{"desktop":{"background-color":"var(--ast-global-color-4)","background-image":"","background-repeat":"repeat","background-position":"center center","background-size":"auto","background-attachment":"scroll","background-type":"","background-media":"","overlay-type":"","overlay-color":"","overlay-opacity":"","overlay-gradient":""},"tablet":{"background-color":"","background-image":"","background-repeat":"repeat","background-position":"center center","background-size":"auto","background-attachment":"scroll","background-type":"","background-media":"","overlay-type":"","overlay-color":"","overlay-opacity":"","overlay-gradient":""},"mobile":{"background-color":"","background-image":"","background-repeat":"repeat","background-position":"center center","background-size":"auto","background-attachment":"scroll","background-type":"","background-media":"","overlay-type":"","overlay-color":"","overlay-opacity":"","overlay-gradient":""}},"ast-content-background-meta":{"desktop":{"background-color":"var(--ast-global-color-5)","background-image":"","background-repeat":"repeat","background-position":"center center","background-size":"auto","background-attachment":"scroll","background-type":"","background-media":"","overlay-type":"","overlay-color":"","overlay-opacity":"","overlay-gradient":""},"tablet":{"background-color":"var(--ast-global-color-5)","background-image":"","background-repeat":"repeat","background-position":"center center","background-size":"auto","background-attachment":"scroll","background-type":"","background-media":"","overlay-type":"","overlay-color":"","overlay-opacity":"","overlay-gradient":""},"mobile":{"background-color":"var(--ast-global-color-5)","background-image":"","background-repeat":"repeat","background-position":"center center","background-size":"auto","background-attachment":"scroll","background-type":"","background-media":"","overlay-type":"","overlay-color":"","overlay-opacity":"","overlay-gradient":""}}},"product_cat":[48],"product_tag":[],"class_list":["post-5113","product","type-product","status-publish","has-post-thumbnail","hentry","product_cat-sunkaraoke-dalok","desktop-align-left","tablet-align-left","mobile-align-left"],"_links":{"self":[{"href":"https:\/\/www.sunkaraoke.hu\/index.php\/wp-json\/wp\/v2\/product\/5113","targetHints":{"allow":["GET"]}}],"collection":[{"href":"https:\/\/www.sunkaraoke.hu\/index.php\/wp-json\/wp\/v2\/product"}],"about":[{"href":"https:\/\/www.sunkaraoke.hu\/index.php\/wp-json\/wp\/v2\/types\/product"}],"wp:featuredmedia":[{"embeddable":true,"href":"https:\/\/www.sunkaraoke.hu\/index.php\/wp-json\/wp\/v2\/media\/8960"}],"wp:attachment":[{"href":"https:\/\/www.sunkaraoke.hu\/index.php\/wp-json\/wp\/v2\/media?parent=5113"}],"wp:term":[{"taxonomy":"product_cat","embeddable":true,"href":"https:\/\/www.sunkaraoke.hu\/index.php\/wp-json\/wp\/v2\/product_cat?post=5113"},{"taxonomy":"product_tag","embeddable":true,"href":"https:\/\/www.sunkaraoke.hu\/index.php\/wp-json\/wp\/v2\/product_tag?post=5113"}],"curies":[{"name":"wp","href":"https:\/\/api.w.org\/{rel}","templated":true}]}}