{"id":5111,"date":"2022-08-08T20:48:37","date_gmt":"2022-08-08T20:48:37","guid":{"rendered":"https:\/\/www.sunkaraoke.hu\/index.php\/termek\/stefano-mulass-testver\/"},"modified":"2025-09-28T07:37:06","modified_gmt":"2025-09-28T05:37:06","slug":"stefano-mulass-testver","status":"publish","type":"product","link":"https:\/\/www.sunkaraoke.hu\/index.php\/termek\/stefano-mulass-testver\/","title":{"rendered":"<div class=\"wcmp-player-container product-5111\"><audio controlslist=\"nodownload\" data-product=\"5111\"  volume=\"1\"  preload=\"none\" data-lazyloading=\"none\" class=\"wcmp-player track mejs-classic\" data-duration=\"0:33\" data-estimated_duration=\"4\"><source src=\"https:\/\/www.sunkaraoke.hu\/wp-content\/uploads\/2022\/08\/Mulass-testver-Stefano-SB.-kdemoo.mp3\" type=\"audio\/mp3\" \/><\/audio><\/div>Stefan\u00f3 &#8211; Mulass testv\u00e9r (Original SB. Edition)"},"content":{"rendered":"<p><strong>03:57<\/strong> | <strong><img loading=\"lazy\" decoding=\"async\" class=\"alignnone size-full wp-image-467\" src=\"https:\/\/www.sunkaraoke.hu\/wp-content\/uploads\/2022\/07\/choir_2-copy.webp\" alt=\"\" width=\"30\" height=\"30\" \/> <\/strong><\/p>\n","protected":false},"excerpt":{"rendered":"<h6><strong>Bits\u0171r\u0171s\u00e9g: 320 <\/strong>kb\/s<strong><br \/>\n<\/strong><strong>Hossz: <\/strong>03:57<strong><br \/>\n<\/strong><strong style=\"font-size: 16px;\">Vok\u00e1lt tartalmaz: <\/strong>Nem <img loading=\"lazy\" decoding=\"async\" class=\"alignnone size-full wp-image-467\" src=\"http:\/\/www.sunkaraoke.hu\/wp-content\/uploads\/2022\/07\/choir_2-copy.png\" alt=\"\" width=\"30\" height=\"30\" \/><strong style=\"font-size: 16px;\"><br \/>\n<\/strong><\/h6>\n<p>Sunkaraoke mp3 st\u00fadi\u00f3 \/ www.sunkaraoke.hu \/ Inf: Tel: 06 20 4275001<\/p>\n<p>&#8212;Intr\u00f3&#8212;<br \/>\nBety\u00e1r a te \u00e9kess\u00e9ged az eszed meg a h\u00edred, neved,<br \/>\nmeg a bety\u00e1r becs\u00fcleted.<br \/>\nA csal\u00e1dod a mindened a fiad a b\u00fcszkes\u00e9ged,<br \/>\nna meg a te feles\u00e9ged.<br \/>\nCsin\u00e1lom a kedveteket,tisztelem az eszeteket,<br \/>\nti testv\u00e9rek j\u00f3k legyetek szeretem a sz\u00edveteket!<br \/>\nCsin\u00e1lom a kedveteket,tisztelem az eszeteket,<br \/>\nti testv\u00e9rek j\u00f3k legyetek szeretem a sz\u00edveteket!<\/p>\n<p>Mulass testv\u00e9r sose b\u00e1nd, j\u00f3 az isten mindent l\u00e1t,<br \/>\na sz\u00edvedbe belel\u00e1t.<br \/>\nDobd el a b\u00e1natodat, mulasd h\u00e1t ki magadat,<br \/>\nhadd l\u00e1ssalak boldognak.<\/p>\n<p>Csin\u00e1lom a kedveteket,tisztelem az eszeteket,<br \/>\nti testv\u00e9rek j\u00f3k legyetek szeretem a sz\u00edveteket!<br \/>\nCsin\u00e1lom a kedveteket,tisztelem az eszeteket,<br \/>\nti testv\u00e9rek j\u00f3k legyetek szeretem a sz\u00edveteket!<br \/>\n&#8212;Sz\u00f3l\u00f3&#8212;<br \/>\nBulizzuk \u00e1t az \u00e9jszak\u00e1t, j\u00f6jj\u00f6n mindenki \u00e9rezze j\u00f3l mag\u00e1t,<br \/>\nt\u00e1ncoljatok vigadjatok, a parkett ma t\u00e9ged v\u00e1r,<br \/>\nmutasd meg hogy te leszel a t\u00e1nckir\u00e1ly.<br \/>\nBulizzuk \u00e1t az \u00e9jszak\u00e1t, j\u00f6jj\u00f6n mindenki \u00e9rezze j\u00f3l mag\u00e1t,<br \/>\nt\u00e1ncoljatok vigadjatok, a parkett ma t\u00e9ged v\u00e1r,<br \/>\nmutasd meg hogy te leszel a t\u00e1nckir\u00e1ly.<\/p>\n<p>Ma este itt buli van,j\u00f3 a t\u00e1rsas\u00e1g \u00edgy mindig kedvem van,<br \/>\nsz\u00f3l a zene adjad neki mindent bele,<br \/>\nne sz\u00e9gyeld magad t\u00e1ncolj gyere gyere.<br \/>\nMa este itt buli van,j\u00f3 a t\u00e1rsas\u00e1g \u00edgy mindig kedvem van,<br \/>\nsz\u00f3l a zene adjad neki mindent bele,<br \/>\nne sz\u00e9gyeld magad t\u00e1ncolj gyere gyere.<\/p>\n<p>Most forogjanak a szokny\u00e1k, l\u00e1ssuk ki engedi jobban el mag\u00e1t,<br \/>\nmutasd meg a st\u00edlusodban az egyedi figur\u00e1t, szok\u00e1sosan adj\u00e1l neki ne sajn\u00e1ld.<br \/>\n&#8212;Sz\u00f3l\u00f3&#8212;<br \/>\nMa este itt buli van,j\u00f3 a t\u00e1rsas\u00e1g \u00edgy mindig kedvem van,<br \/>\nsz\u00f3l a zene adjad neki mindent bele,<br \/>\nne sz\u00e9gyeld magad t\u00e1ncolj gyere gyere.<br \/>\nMa este itt buli van,j\u00f3 a t\u00e1rsas\u00e1g \u00edgy mindig kedvem van,<br \/>\nsz\u00f3l a zene adjad neki mindent bele,<br \/>\nne sz\u00e9gyeld magad t\u00e1ncolj gyere gyere.<br \/>\nMulass testv\u00e9r sose b\u00e1nd, j\u00f3 az isten mindent l\u00e1t,<br \/>\na sz\u00edvedbe belel\u00e1t.<br \/>\nDobd el a b\u00e1natodat, mulasd h\u00e1t ki magadat,<br \/>\nhadd l\u00e1ssalak boldognak.<\/p>\n<p>Csin\u00e1lom a kedveteket,tisztelem az eszeteket,<br \/>\nti testv\u00e9rek j\u00f3k legyetek szeretem a sz\u00edveteket!<br \/>\nCsin\u00e1lom a kedveteket,tisztelem az eszeteket,<br \/>\nti testv\u00e9rek j\u00f3k legyetek szeretem a sz\u00edveteket!<br \/>\n&#8212;V\u00e9ge&#8212;<\/p>\n","protected":false},"featured_media":10030,"template":"","meta":{"site-sidebar-layout":"default","site-content-layout":"default","ast-site-content-layout":"default","site-content-style":"default","site-sidebar-style":"default","ast-global-header-display":"","ast-banner-title-visibility":"","ast-main-header-display":"","ast-hfb-above-header-display":"","ast-hfb-below-header-display":"","ast-hfb-mobile-header-display":"","site-post-title":"","ast-breadcrumbs-content":"","ast-featured-img":"","footer-sml-layout":"","theme-transparent-header-meta":"default","adv-header-id-meta":"","stick-header-meta":"","header-above-stick-meta":"","header-main-stick-meta":"","header-below-stick-meta":"","astra-migrate-meta-layouts":"set","ast-page-background-enabled":"default","ast-page-background-meta":{"desktop":{"background-color":"var(--ast-global-color-4)","background-image":"","background-repeat":"repeat","background-position":"center center","background-size":"auto","background-attachment":"scroll","background-type":"","background-media":"","overlay-type":"","overlay-color":"","overlay-opacity":"","overlay-gradient":""},"tablet":{"background-color":"","background-image":"","background-repeat":"repeat","background-position":"center center","background-size":"auto","background-attachment":"scroll","background-type":"","background-media":"","overlay-type":"","overlay-color":"","overlay-opacity":"","overlay-gradient":""},"mobile":{"background-color":"","background-image":"","background-repeat":"repeat","background-position":"center center","background-size":"auto","background-attachment":"scroll","background-type":"","background-media":"","overlay-type":"","overlay-color":"","overlay-opacity":"","overlay-gradient":""}},"ast-content-background-meta":{"desktop":{"background-color":"var(--ast-global-color-5)","background-image":"","background-repeat":"repeat","background-position":"center center","background-size":"auto","background-attachment":"scroll","background-type":"","background-media":"","overlay-type":"","overlay-color":"","overlay-opacity":"","overlay-gradient":""},"tablet":{"background-color":"var(--ast-global-color-5)","background-image":"","background-repeat":"repeat","background-position":"center center","background-size":"auto","background-attachment":"scroll","background-type":"","background-media":"","overlay-type":"","overlay-color":"","overlay-opacity":"","overlay-gradient":""},"mobile":{"background-color":"var(--ast-global-color-5)","background-image":"","background-repeat":"repeat","background-position":"center center","background-size":"auto","background-attachment":"scroll","background-type":"","background-media":"","overlay-type":"","overlay-color":"","overlay-opacity":"","overlay-gradient":""}}},"product_cat":[48],"product_tag":[],"class_list":["post-5111","product","type-product","status-publish","has-post-thumbnail","hentry","product_cat-sunkaraoke-dalok","desktop-align-left","tablet-align-left","mobile-align-left"],"_links":{"self":[{"href":"https:\/\/www.sunkaraoke.hu\/index.php\/wp-json\/wp\/v2\/product\/5111","targetHints":{"allow":["GET"]}}],"collection":[{"href":"https:\/\/www.sunkaraoke.hu\/index.php\/wp-json\/wp\/v2\/product"}],"about":[{"href":"https:\/\/www.sunkaraoke.hu\/index.php\/wp-json\/wp\/v2\/types\/product"}],"wp:featuredmedia":[{"embeddable":true,"href":"https:\/\/www.sunkaraoke.hu\/index.php\/wp-json\/wp\/v2\/media\/10030"}],"wp:attachment":[{"href":"https:\/\/www.sunkaraoke.hu\/index.php\/wp-json\/wp\/v2\/media?parent=5111"}],"wp:term":[{"taxonomy":"product_cat","embeddable":true,"href":"https:\/\/www.sunkaraoke.hu\/index.php\/wp-json\/wp\/v2\/product_cat?post=5111"},{"taxonomy":"product_tag","embeddable":true,"href":"https:\/\/www.sunkaraoke.hu\/index.php\/wp-json\/wp\/v2\/product_tag?post=5111"}],"curies":[{"name":"wp","href":"https:\/\/api.w.org\/{rel}","templated":true}]}}