{"id":5108,"date":"2022-08-08T20:48:37","date_gmt":"2022-08-08T20:48:37","guid":{"rendered":"https:\/\/www.sunkaraoke.hu\/index.php\/termek\/tesok-boldog-vagyok\/"},"modified":"2025-09-28T07:37:06","modified_gmt":"2025-09-28T05:37:06","slug":"tesok-boldog-vagyok","status":"publish","type":"product","link":"https:\/\/www.sunkaraoke.hu\/index.php\/termek\/tesok-boldog-vagyok\/","title":{"rendered":"<div class=\"wcmp-player-container product-5108\"><audio controlslist=\"nodownload\" data-product=\"5108\"  volume=\"1\"  preload=\"none\" data-lazyloading=\"none\" class=\"wcmp-player track mejs-classic\" data-duration=\"0:33\" data-estimated_duration=\"4\"><source src=\"https:\/\/www.sunkaraoke.hu\/wp-content\/uploads\/2022\/08\/Boldog-vagyok-vok_demo.mp3\" type=\"audio\/mp3\" \/><\/audio><\/div>Tes\u00f3k &#8211; Boldog vagyok (Original)"},"content":{"rendered":"<p><strong>03:24<\/strong> | <strong><img loading=\"lazy\" decoding=\"async\" class=\"alignnone size-full wp-image-466\" src=\"https:\/\/www.sunkaraoke.hu\/wp-content\/uploads\/2022\/07\/choir_1-copy.webp\" alt=\"\" width=\"30\" height=\"30\" \/> <\/strong><\/p>\n","protected":false},"excerpt":{"rendered":"<h6><strong>Bits\u0171r\u0171s\u00e9g: 320 kb\/s<\/strong><br \/>\n<strong>Hossz: 03:24<\/strong><br \/>\n<strong>Vok\u00e1lt tartalmaz: Igen <img loading=\"lazy\" decoding=\"async\" class=\"alignnone size-full wp-image-466\" src=\"http:\/\/www.sunkaraoke.hu\/wp-content\/uploads\/2022\/07\/choir_1-copy.png\" alt=\"\" width=\"30\" height=\"30\" \/><\/strong><strong style=\"font-size: 16px;\"><br \/>\n<\/strong><\/h6>\n<p>Sunkaraoke mp3 st\u00fadi\u00f3 \/ www.sunkaraoke.hu \/ Inf: Tel: 06 20 4275001<\/p>\n<p>&#8212;Intr\u00f3&#8212;<br \/>\n\u00c9n a tied vagyok, de te nem az eny\u00e9m,<br \/>\nm\u00falhatnak a napok, nem feledlek el \u00e9n.<br \/>\nNem feledlek el m\u00edg \u00e9lek, m\u00e1s karj\u00e1ban l\u00e1tni t\u00e9ged,<br \/>\nnem akarlak \u00e9n, gyere vissza m\u00e9g.<\/p>\n<p>Boldog vagyok \u00e9n, \u00e9s m\u00e9g akarom, azt hogy itt legy\u00e9l,<br \/>\na sz\u00edvem t\u00e9ged v\u00e1r, nem feledlek m\u00e1r.<br \/>\nBoldog vagyok \u00e9n, \u00e9s m\u00e9g akarom, azt hogy itt legy\u00e9l,<br \/>\na sz\u00edvem t\u00e9ged v\u00e1r, nem feledlek m\u00e1r.<\/p>\n<p>B\u00edzom benne nagyon, hogy komolyan veszel,<br \/>\nmajd egy boldog napon csak az eny\u00e9m leszel.<\/p>\n<p>Nem feledlek el m\u00edg \u00e9lek, m\u00e1s karj\u00e1ban l\u00e1tni t\u00e9ged,<br \/>\nnem akarlak \u00e9n, gyere vissza m\u00e9g.<\/p>\n<p>Boldog vagyok \u00e9n, \u00e9s m\u00e9g akarom, azt hogy itt legy\u00e9l,<br \/>\na sz\u00edvem t\u00e9ged v\u00e1r, nem feledlek m\u00e1r.<br \/>\nBoldog vagyok \u00e9n, \u00e9s m\u00e9g akarom, azt hogy itt legy\u00e9l,<br \/>\na sz\u00edvem t\u00e9ged v\u00e1r, nem feledlek m\u00e1r.<\/p>\n<p>Na gyere n\u00e9zz r\u00e1m \u00e9n ez vagyok,<br \/>\nha nem \u00f6lelsz h\u00e1t megfagyok,<br \/>\nna gyere f\u0171tsd fel az \u00e9letem,<br \/>\ncsak te kellesz \u00e9nnekem.<\/p>\n<p>Boldog vagyok \u00e9n, \u00e9s m\u00e9g akarom, azt hogy itt legy\u00e9l,<br \/>\na sz\u00edvem t\u00e9ged v\u00e1r, nem feledlek m\u00e1r.<br \/>\nBoldog vagyok \u00e9n, \u00e9s m\u00e9g akarom, azt hogy itt legy\u00e9l,<br \/>\na sz\u00edvem t\u00e9ged v\u00e1r, nem feledlek m\u00e1r.<\/p>\n<p>Boldog vagyok \u00e9n, \u00e9s m\u00e9g akarom, azt hogy itt legy\u00e9l,<br \/>\na sz\u00edvem t\u00e9ged v\u00e1r, nem feledlek m\u00e1r.<br \/>\nBoldog vagyok \u00e9n, \u00e9s m\u00e9g akarom, azt hogy itt legy\u00e9l,<br \/>\na sz\u00edvem t\u00e9ged v\u00e1r, nem feledlek m\u00e1r.<br \/>\nnem feledlek m\u00e1r.<br \/>\n&#8212;V\u00e9ge&#8212;<\/p>\n","protected":false},"featured_media":8715,"template":"","meta":{"site-sidebar-layout":"default","site-content-layout":"default","ast-site-content-layout":"default","site-content-style":"default","site-sidebar-style":"default","ast-global-header-display":"","ast-banner-title-visibility":"","ast-main-header-display":"","ast-hfb-above-header-display":"","ast-hfb-below-header-display":"","ast-hfb-mobile-header-display":"","site-post-title":"","ast-breadcrumbs-content":"","ast-featured-img":"","footer-sml-layout":"","theme-transparent-header-meta":"default","adv-header-id-meta":"","stick-header-meta":"","header-above-stick-meta":"","header-main-stick-meta":"","header-below-stick-meta":"","astra-migrate-meta-layouts":"set","ast-page-background-enabled":"default","ast-page-background-meta":{"desktop":{"background-color":"var(--ast-global-color-4)","background-image":"","background-repeat":"repeat","background-position":"center center","background-size":"auto","background-attachment":"scroll","background-type":"","background-media":"","overlay-type":"","overlay-color":"","overlay-opacity":"","overlay-gradient":""},"tablet":{"background-color":"","background-image":"","background-repeat":"repeat","background-position":"center center","background-size":"auto","background-attachment":"scroll","background-type":"","background-media":"","overlay-type":"","overlay-color":"","overlay-opacity":"","overlay-gradient":""},"mobile":{"background-color":"","background-image":"","background-repeat":"repeat","background-position":"center center","background-size":"auto","background-attachment":"scroll","background-type":"","background-media":"","overlay-type":"","overlay-color":"","overlay-opacity":"","overlay-gradient":""}},"ast-content-background-meta":{"desktop":{"background-color":"var(--ast-global-color-5)","background-image":"","background-repeat":"repeat","background-position":"center center","background-size":"auto","background-attachment":"scroll","background-type":"","background-media":"","overlay-type":"","overlay-color":"","overlay-opacity":"","overlay-gradient":""},"tablet":{"background-color":"var(--ast-global-color-5)","background-image":"","background-repeat":"repeat","background-position":"center center","background-size":"auto","background-attachment":"scroll","background-type":"","background-media":"","overlay-type":"","overlay-color":"","overlay-opacity":"","overlay-gradient":""},"mobile":{"background-color":"var(--ast-global-color-5)","background-image":"","background-repeat":"repeat","background-position":"center center","background-size":"auto","background-attachment":"scroll","background-type":"","background-media":"","overlay-type":"","overlay-color":"","overlay-opacity":"","overlay-gradient":""}}},"product_cat":[48],"product_tag":[],"class_list":["post-5108","product","type-product","status-publish","has-post-thumbnail","hentry","product_cat-sunkaraoke-dalok","desktop-align-left","tablet-align-left","mobile-align-left"],"_links":{"self":[{"href":"https:\/\/www.sunkaraoke.hu\/index.php\/wp-json\/wp\/v2\/product\/5108","targetHints":{"allow":["GET"]}}],"collection":[{"href":"https:\/\/www.sunkaraoke.hu\/index.php\/wp-json\/wp\/v2\/product"}],"about":[{"href":"https:\/\/www.sunkaraoke.hu\/index.php\/wp-json\/wp\/v2\/types\/product"}],"wp:featuredmedia":[{"embeddable":true,"href":"https:\/\/www.sunkaraoke.hu\/index.php\/wp-json\/wp\/v2\/media\/8715"}],"wp:attachment":[{"href":"https:\/\/www.sunkaraoke.hu\/index.php\/wp-json\/wp\/v2\/media?parent=5108"}],"wp:term":[{"taxonomy":"product_cat","embeddable":true,"href":"https:\/\/www.sunkaraoke.hu\/index.php\/wp-json\/wp\/v2\/product_cat?post=5108"},{"taxonomy":"product_tag","embeddable":true,"href":"https:\/\/www.sunkaraoke.hu\/index.php\/wp-json\/wp\/v2\/product_tag?post=5108"}],"curies":[{"name":"wp","href":"https:\/\/api.w.org\/{rel}","templated":true}]}}