{"id":5101,"date":"2022-08-08T20:48:36","date_gmt":"2022-08-08T20:48:36","guid":{"rendered":"https:\/\/www.sunkaraoke.hu\/index.php\/termek\/rony-szerelem\/"},"modified":"2025-04-12T04:34:46","modified_gmt":"2025-04-12T04:34:46","slug":"rony-szerelem","status":"publish","type":"product","link":"https:\/\/www.sunkaraoke.hu\/index.php\/termek\/rony-szerelem\/","title":{"rendered":"<div class=\"wcmp-player-container product-5101\"><audio controlslist=\"nodownload\" data-product=\"5101\"  volume=\"1\"  preload=\"none\" data-lazyloading=\"none\" class=\"wcmp-player track mejs-classic\" data-duration=\"0:32\" data-estimated_duration=\"4\"><source src=\"https:\/\/www.sunkaraoke.hu\/wp-content\/uploads\/2022\/08\/Szerelem-Orig-Rony-SB.-demoo.mp3\" type=\"audio\/mp3\" \/><\/audio><\/div>Rony &#8211; Szerelem (Original)"},"content":{"rendered":"<p><strong>03:31<\/strong> | <strong><img loading=\"lazy\" decoding=\"async\" class=\"alignnone size-full wp-image-467\" src=\"https:\/\/www.sunkaraoke.hu\/wp-content\/uploads\/2022\/07\/choir_2-copy.webp\" alt=\"\" width=\"30\" height=\"30\" \/> <\/strong><\/p>\n","protected":false},"excerpt":{"rendered":"<h6><strong>Bits\u0171r\u0171s\u00e9g: 320<\/strong>kb\/s<strong><br \/>\n<\/strong><strong>Hossz: <\/strong>03:31<strong><br \/>\n<\/strong><strong style=\"font-size: 16px;\">Vok\u00e1lt tartalmaz: <\/strong>Nem <img loading=\"lazy\" decoding=\"async\" class=\"alignnone size-full wp-image-467\" src=\"http:\/\/www.sunkaraoke.hu\/wp-content\/uploads\/2022\/07\/choir_2-copy.png\" alt=\"\" width=\"30\" height=\"30\" \/><strong style=\"font-size: 16px;\"><br \/>\n<\/strong><\/h6>\n<p>Sunkaraoke mp3 st\u00fadi\u00f3 \/ www.sunkaraoke.hu \/ Inf: Tel: 06 20 4275001<\/p>\n<p>&#8212;Intr\u00f3&#8212;<br \/>\nKipp kopp, esik az es\u0151 nem b\u00e1nom \u00e9n,<br \/>\narcomba f\u00faj a h\u0171v\u00f6s sz\u00e9l,<br \/>\nmegyek m\u00edg a l\u00e1bam visz tov\u00e1bb,akarom \u00fajra az illat\u00e1t.<br \/>\nAkarom \u00fajra hogy \u00e1t\u00f6lelj, k\u00e9rlek t\u00f6bb\u00e9 ne engedj el,<br \/>\nakkor sem ha menn\u00e9k hogyha f\u00e1j,<br \/>\nha l\u00e1tod a k\u00f6nnyem csak \u00f6lelj \u00e1t.<br \/>\n\u0150szi falev\u00e9l , avaros dombokon,<br \/>\nmes\u00e9l a l\u00e9pteid mellett a l\u00e1bnyomom.<\/p>\n<p>Szerelem, eny\u00e9m vagy mondd ugye, k\u00fcldj el vagy fogadj \u00f6r\u00f6kbe,<br \/>\nszerelem, sz\u00edvemben minden dobban\u00e1s a ti\u00e9d.<br \/>\nSzerelem, eny\u00e9m vagy mondd ugye, k\u00fcldj el vagy fogadj \u00f6r\u00f6kbe,<br \/>\nszerelem, sz\u00edvemben minden dobban\u00e1s a ti\u00e9d, csak a ti\u00e9d.<br \/>\n&#8212;Sz\u00f3l\u00f3&#8212;<br \/>\nKipp kopp, esik az es\u0151 sz\u00fcntelen,<br \/>\ncsak t\u00e9ged szeretlek kedvesem,<br \/>\nmegyek m\u00edg a l\u00e1bam visz tov\u00e1bb,<br \/>\nszeretlek akkor is ha f\u00e1j.<br \/>\nAkarom \u00fajra hogy \u00e1t\u00f6lelj, k\u00e9rlek t\u00f6bb\u00e9 ne engedj el,<br \/>\nakkor sem ha menn\u00e9k hogyha f\u00e1j,<br \/>\nha l\u00e1tod a k\u00f6nnyem csak \u00f6lelj \u00e1t.<br \/>\n\u0150szi falev\u00e9l , avaros dombokon,<br \/>\nmes\u00e9l a l\u00e9pteid mellett a l\u00e1bnyomom.<br \/>\nSzerelem, eny\u00e9m vagy mondd ugye,k\u00fcldj el vagy fogadj \u00f6r\u00f6kbe,<br \/>\nszerelem, sz\u00edvemben minden dobban\u00e1s a ti\u00e9d.<br \/>\nSzerelem, eny\u00e9m vagy mondd ugye,k\u00fcldj el vagy fogadj \u00f6r\u00f6kbe,<br \/>\nszerelem, sz\u00edvemben minden dobban\u00e1s a ti\u00e9d, csak a ti\u00e9d.<br \/>\n&#8212;Sz\u00f3l\u00f3&#8212;<br \/>\nSzerelem, eny\u00e9m vagy mondd ugye,k\u00fcldj el vagy fogadj \u00f6r\u00f6kbe,<br \/>\nszerelem, sz\u00edvemben minden dobban\u00e1s a ti\u00e9d.<br \/>\nSzerelem, eny\u00e9m vagy mondd ugye,k\u00fcldj el vagy fogadj \u00f6r\u00f6kbe,<br \/>\nszerelem, sz\u00edvemben minden dobban\u00e1s a ti\u00e9d.<br \/>\nSzerelem, eny\u00e9m vagy mondd ugye,k\u00fcldj el vagy fogadj \u00f6r\u00f6kbe,<br \/>\nszerelem, sz\u00edvemben minden dobban\u00e1s a ti\u00e9d.<br \/>\nSzerelem, eny\u00e9m vagy mondd ugye,k\u00fcldj el vagy fogadj \u00f6r\u00f6kbe,<br \/>\nszerelem, sz\u00edvemben minden dobban\u00e1s a ti\u00e9d, csak a ti\u00e9d.<br \/>\n&#8212;V\u00e9ge&#8212;<\/p>\n","protected":false},"featured_media":12487,"template":"","meta":{"site-sidebar-layout":"default","site-content-layout":"default","ast-site-content-layout":"default","site-content-style":"default","site-sidebar-style":"default","ast-global-header-display":"","ast-banner-title-visibility":"","ast-main-header-display":"","ast-hfb-above-header-display":"","ast-hfb-below-header-display":"","ast-hfb-mobile-header-display":"","site-post-title":"","ast-breadcrumbs-content":"","ast-featured-img":"","footer-sml-layout":"","theme-transparent-header-meta":"default","adv-header-id-meta":"","stick-header-meta":"","header-above-stick-meta":"","header-main-stick-meta":"","header-below-stick-meta":"","astra-migrate-meta-layouts":"set","ast-page-background-enabled":"default","ast-page-background-meta":{"desktop":{"background-color":"var(--ast-global-color-4)","background-image":"","background-repeat":"repeat","background-position":"center center","background-size":"auto","background-attachment":"scroll","background-type":"","background-media":"","overlay-type":"","overlay-color":"","overlay-opacity":"","overlay-gradient":""},"tablet":{"background-color":"","background-image":"","background-repeat":"repeat","background-position":"center center","background-size":"auto","background-attachment":"scroll","background-type":"","background-media":"","overlay-type":"","overlay-color":"","overlay-opacity":"","overlay-gradient":""},"mobile":{"background-color":"","background-image":"","background-repeat":"repeat","background-position":"center center","background-size":"auto","background-attachment":"scroll","background-type":"","background-media":"","overlay-type":"","overlay-color":"","overlay-opacity":"","overlay-gradient":""}},"ast-content-background-meta":{"desktop":{"background-color":"var(--ast-global-color-5)","background-image":"","background-repeat":"repeat","background-position":"center center","background-size":"auto","background-attachment":"scroll","background-type":"","background-media":"","overlay-type":"","overlay-color":"","overlay-opacity":"","overlay-gradient":""},"tablet":{"background-color":"var(--ast-global-color-5)","background-image":"","background-repeat":"repeat","background-position":"center center","background-size":"auto","background-attachment":"scroll","background-type":"","background-media":"","overlay-type":"","overlay-color":"","overlay-opacity":"","overlay-gradient":""},"mobile":{"background-color":"var(--ast-global-color-5)","background-image":"","background-repeat":"repeat","background-position":"center center","background-size":"auto","background-attachment":"scroll","background-type":"","background-media":"","overlay-type":"","overlay-color":"","overlay-opacity":"","overlay-gradient":""}}},"product_cat":[48],"product_tag":[],"class_list":["post-5101","product","type-product","status-publish","has-post-thumbnail","hentry","product_cat-sunkaraoke-dalok","desktop-align-left","tablet-align-left","mobile-align-left"],"_links":{"self":[{"href":"https:\/\/www.sunkaraoke.hu\/index.php\/wp-json\/wp\/v2\/product\/5101","targetHints":{"allow":["GET"]}}],"collection":[{"href":"https:\/\/www.sunkaraoke.hu\/index.php\/wp-json\/wp\/v2\/product"}],"about":[{"href":"https:\/\/www.sunkaraoke.hu\/index.php\/wp-json\/wp\/v2\/types\/product"}],"wp:featuredmedia":[{"embeddable":true,"href":"https:\/\/www.sunkaraoke.hu\/index.php\/wp-json\/wp\/v2\/media\/12487"}],"wp:attachment":[{"href":"https:\/\/www.sunkaraoke.hu\/index.php\/wp-json\/wp\/v2\/media?parent=5101"}],"wp:term":[{"taxonomy":"product_cat","embeddable":true,"href":"https:\/\/www.sunkaraoke.hu\/index.php\/wp-json\/wp\/v2\/product_cat?post=5101"},{"taxonomy":"product_tag","embeddable":true,"href":"https:\/\/www.sunkaraoke.hu\/index.php\/wp-json\/wp\/v2\/product_tag?post=5101"}],"curies":[{"name":"wp","href":"https:\/\/api.w.org\/{rel}","templated":true}]}}