{"id":5099,"date":"2022-08-08T20:48:36","date_gmt":"2022-08-08T20:48:36","guid":{"rendered":"https:\/\/www.sunkaraoke.hu\/index.php\/termek\/notar-mary-hey-mr-gigolo\/"},"modified":"2025-09-28T07:37:06","modified_gmt":"2025-09-28T05:37:06","slug":"notar-mary-hey-mr-gigolo","status":"publish","type":"product","link":"https:\/\/www.sunkaraoke.hu\/index.php\/termek\/notar-mary-hey-mr-gigolo\/","title":{"rendered":"<div class=\"wcmp-player-container product-5099\"><audio controlslist=\"nodownload\" data-product=\"5099\"  volume=\"1\"  preload=\"none\" data-lazyloading=\"none\" class=\"wcmp-player track mejs-classic\" data-duration=\"0:35\" data-estimated_duration=\"4\"><source src=\"https:\/\/www.sunkaraoke.hu\/wp-content\/uploads\/2022\/08\/Hey-mr.-Gigolo-orig.-Notar-SB._demo.mp3\" type=\"audio\/mp3\" \/><\/audio><\/div>Notar Mary &#8211; Hey Mr. Gigol\u00f3 (Original)"},"content":{"rendered":"<p><strong>03:20<\/strong> | <strong><img loading=\"lazy\" decoding=\"async\" class=\"alignnone size-full wp-image-467\" src=\"https:\/\/www.sunkaraoke.hu\/wp-content\/uploads\/2022\/07\/choir_2-copy.webp\" alt=\"\" width=\"30\" height=\"30\" \/> <\/strong><\/p>\n","protected":false},"excerpt":{"rendered":"<h6><strong>Bits\u0171r\u0171s\u00e9g: 320 kb\/s<\/strong><br \/>\n<strong>Hossz: 03:20<\/strong><br \/>\n<strong>Vok\u00e1lt tartalmaz: Nem <img loading=\"lazy\" decoding=\"async\" class=\"alignnone size-full wp-image-467\" src=\"http:\/\/www.sunkaraoke.hu\/wp-content\/uploads\/2022\/07\/choir_2-copy.png\" alt=\"\" width=\"30\" height=\"30\" \/><\/strong><strong style=\"font-size: 16px;\"><br \/>\n<\/strong><\/h6>\n<p>Sunkaraoke mp3 st\u00fadi\u00f3 \/ www.sunkaraoke.hu \/ Inf: Tel: 06 20 4275001<\/p>\n<p>&#8212;-Intr\u00f3&#8212;-<br \/>\nH\u00e9j szoszi, Te ,n\u00e1 zsamo, zsamor\u00e9,\u00e1j devl\u00e1le \u00e1le \u00e1le \u00e1le.<br \/>\nH\u00e9j szoszi, Te ,n\u00e1 zsamo, zsamor\u00e9,\u00e1j devl\u00e1le \u00e1le \u00e1le \u00e1le.<\/p>\n<p>Hajam sz\u00e1la fekete,a t\u00e1ncom meg de penge,<br \/>\nna akkor megmutatom, nem csak magam futtatom.<\/p>\n<p>B\u00e1natban, h\u00e9j dicsak, dicsak dicsak,\u00f3h Mr. Gigol\u00f3 gigol\u00f3.<br \/>\nH\u00e9j dicsak, dicsak dicsak \u00f3h Mr. Gigol\u00f3 gigol\u00f3.<br \/>\nH\u00e9j dicsak, dicsak dicsak,a Mr. Gigol\u00f3 gigol\u00f3.<br \/>\nH\u00e9j dicsak, dicsak dicsak!<\/p>\n<p>H\u00e9j Mr. Gigol\u00f3 a buli nagyon j\u00f3,<br \/>\ngyere h\u00e1t velem egy\u00fctt rajosan mulatni.<br \/>\nH\u00e9j Mr. Gigol\u00f3 kedvem igen j\u00f3,<br \/>\ntudd meg, hogy ezt a kedvet nem veheti el senki.<br \/>\nH\u00e9j Mr. Gigol\u00f3 a buli nagyon j\u00f3,<br \/>\ngyere h\u00e1t velem egy\u00fctt rajosan mulatni.<br \/>\nH\u00e9j Mr. Gigol\u00f3 kedvem igen j\u00f3,<br \/>\ntudd meg, hogy ezt a kedvet nem veheti el senki.<br \/>\n&#8212;Sz\u00f3l\u00f3&#8212;<br \/>\nMert ezer \u00e9ve mulatok, Magyar cig\u00e1ny csaj vagyok,<br \/>\nh\u00e9y, de im\u00e1dom a p\u00e1link\u00e1t, Whisky-t, Bomb\u00e1-t, Tequil\u00e1-t.<\/p>\n<p>B\u00e1natban, h\u00e9j dicsak, dicsak dicsak,\u00f3h Mr. Gigol\u00f3 gigol\u00f3.<br \/>\nH\u00e9j dicsak, dicsak dicsak \u00f3h Mr. Gigol\u00f3 gigol\u00f3.<br \/>\nH\u00e9j dicsak, dicsak dicsak,a Mr. Gigol\u00f3 gigol\u00f3.<br \/>\nH\u00e9j dicsak, dicsak dicsak!<br \/>\nH\u00e9j Mr. Gigol\u00f3 a buli nagyon j\u00f3,<br \/>\ngyere h\u00e1t velem egy\u00fctt rajosan mulatni.<br \/>\nH\u00e9j Mr. Gigol\u00f3 kedvem igen j\u00f3,<br \/>\ntudd meg, hogy ezt a kedvet nem veheti el senki.<br \/>\nH\u00e9j Mr. Gigol\u00f3 a buli nagyon j\u00f3,<br \/>\ngyere h\u00e1t velem egy\u00fctt rajosan mulatni.<br \/>\nH\u00e9y Mr. Gigol\u00f3 kedvem igen j\u00f3,<br \/>\ntudd meg, hogy ezt a kedvet nem veheti el senki.<\/p>\n<p>H\u00e9y szoszi, Te ,n\u00e1 zsamo, zsamore,\u00e1j devl\u00e1le \u00e1le \u00e1le \u00e1le.<br \/>\nH\u00e9y szoszi, Te ,n\u00e1 zsamo, zsamore,\u00e1j devl\u00e1le \u00e1le \u00e1le \u00e1le.<br \/>\nH\u00e9j Mr. Gigol\u00f3 a buli nagyon j\u00f3,<br \/>\ngyere h\u00e1t velem egy\u00fctt rajosan mulatni.<br \/>\nH\u00e9j Mr. Gigol\u00f3 kedvem igen j\u00f3,<br \/>\ntudd meg, hogy ezt a kedvet nem veheti el senki.<br \/>\nH\u00e9j Mr. Gigol\u00f3 a buli nagyon j\u00f3,<br \/>\ngyere h\u00e1t velem egy\u00fctt rajosan mulatni.<br \/>\nH\u00e9y Mr. Gigol\u00f3 kedvem igen j\u00f3,<br \/>\ntudd meg, hogy ezt a kedvet nem veheti el senki.<br \/>\n&#8212;Sz\u00f3l\u00f3&#8212;<br \/>\nDe csib\u00e9sz gyerek ez a Mr. Gigol\u00f3 gigol\u00f3<br \/>\na n\u00e9z\u00e9se a j\u00e1r\u00e1sa az igen j\u00f3 , de igen j\u00f3,<br \/>\nna p\u00f6rgesd meg, na forgasd meg na adjad neki ne sajn\u00e1ld.<br \/>\nHi\u00e1ba is teszed az agyad \u00fagyis \u00e9n vagyok a szt\u00e1r.<br \/>\n&#8212;V\u00e9ge&#8212;-<\/p>\n","protected":false},"featured_media":8740,"template":"","meta":{"site-sidebar-layout":"default","site-content-layout":"default","ast-site-content-layout":"default","site-content-style":"default","site-sidebar-style":"default","ast-global-header-display":"","ast-banner-title-visibility":"","ast-main-header-display":"","ast-hfb-above-header-display":"","ast-hfb-below-header-display":"","ast-hfb-mobile-header-display":"","site-post-title":"","ast-breadcrumbs-content":"","ast-featured-img":"","footer-sml-layout":"","theme-transparent-header-meta":"default","adv-header-id-meta":"","stick-header-meta":"","header-above-stick-meta":"","header-main-stick-meta":"","header-below-stick-meta":"","astra-migrate-meta-layouts":"set","ast-page-background-enabled":"default","ast-page-background-meta":{"desktop":{"background-color":"var(--ast-global-color-4)","background-image":"","background-repeat":"repeat","background-position":"center center","background-size":"auto","background-attachment":"scroll","background-type":"","background-media":"","overlay-type":"","overlay-color":"","overlay-opacity":"","overlay-gradient":""},"tablet":{"background-color":"","background-image":"","background-repeat":"repeat","background-position":"center center","background-size":"auto","background-attachment":"scroll","background-type":"","background-media":"","overlay-type":"","overlay-color":"","overlay-opacity":"","overlay-gradient":""},"mobile":{"background-color":"","background-image":"","background-repeat":"repeat","background-position":"center center","background-size":"auto","background-attachment":"scroll","background-type":"","background-media":"","overlay-type":"","overlay-color":"","overlay-opacity":"","overlay-gradient":""}},"ast-content-background-meta":{"desktop":{"background-color":"var(--ast-global-color-5)","background-image":"","background-repeat":"repeat","background-position":"center center","background-size":"auto","background-attachment":"scroll","background-type":"","background-media":"","overlay-type":"","overlay-color":"","overlay-opacity":"","overlay-gradient":""},"tablet":{"background-color":"var(--ast-global-color-5)","background-image":"","background-repeat":"repeat","background-position":"center center","background-size":"auto","background-attachment":"scroll","background-type":"","background-media":"","overlay-type":"","overlay-color":"","overlay-opacity":"","overlay-gradient":""},"mobile":{"background-color":"var(--ast-global-color-5)","background-image":"","background-repeat":"repeat","background-position":"center center","background-size":"auto","background-attachment":"scroll","background-type":"","background-media":"","overlay-type":"","overlay-color":"","overlay-opacity":"","overlay-gradient":""}}},"product_cat":[48],"product_tag":[],"class_list":["post-5099","product","type-product","status-publish","has-post-thumbnail","hentry","product_cat-sunkaraoke-dalok","desktop-align-left","tablet-align-left","mobile-align-left"],"_links":{"self":[{"href":"https:\/\/www.sunkaraoke.hu\/index.php\/wp-json\/wp\/v2\/product\/5099","targetHints":{"allow":["GET"]}}],"collection":[{"href":"https:\/\/www.sunkaraoke.hu\/index.php\/wp-json\/wp\/v2\/product"}],"about":[{"href":"https:\/\/www.sunkaraoke.hu\/index.php\/wp-json\/wp\/v2\/types\/product"}],"wp:featuredmedia":[{"embeddable":true,"href":"https:\/\/www.sunkaraoke.hu\/index.php\/wp-json\/wp\/v2\/media\/8740"}],"wp:attachment":[{"href":"https:\/\/www.sunkaraoke.hu\/index.php\/wp-json\/wp\/v2\/media?parent=5099"}],"wp:term":[{"taxonomy":"product_cat","embeddable":true,"href":"https:\/\/www.sunkaraoke.hu\/index.php\/wp-json\/wp\/v2\/product_cat?post=5099"},{"taxonomy":"product_tag","embeddable":true,"href":"https:\/\/www.sunkaraoke.hu\/index.php\/wp-json\/wp\/v2\/product_tag?post=5099"}],"curies":[{"name":"wp","href":"https:\/\/api.w.org\/{rel}","templated":true}]}}