{"id":5092,"date":"2022-08-08T20:48:35","date_gmt":"2022-08-08T20:48:35","guid":{"rendered":"https:\/\/www.sunkaraoke.hu\/index.php\/termek\/bodi-guszti-es-a-feketeszemek-ez-a-vonat-2016-transzp-v\/"},"modified":"2025-04-12T04:36:18","modified_gmt":"2025-04-12T04:36:18","slug":"bodi-guszti-es-a-feketeszemek-ez-a-vonat-2016-transzp-v","status":"publish","type":"product","link":"https:\/\/www.sunkaraoke.hu\/index.php\/termek\/bodi-guszti-es-a-feketeszemek-ez-a-vonat-2016-transzp-v\/","title":{"rendered":"<div class=\"wcmp-player-container product-5092\"><audio controlslist=\"nodownload\" data-product=\"5092\"  volume=\"1\"  preload=\"none\" data-lazyloading=\"none\" class=\"wcmp-player track mejs-classic\" data-duration=\"0:33\" data-estimated_duration=\"4\"><source src=\"https:\/\/www.sunkaraoke.hu\/wp-content\/uploads\/2022\/08\/Ez-a-vonat-transz-bodi_demo.mp3\" type=\"audio\/mp3\" \/><\/audio><\/div>B\u00f3di Guszti \u00e9s a Feketeszemek &#8211; Ez a vonat (Original SB Edition)"},"content":{"rendered":"<p><strong>02:56<\/strong>\u00a0 \/ <strong><img loading=\"lazy\" decoding=\"async\" class=\"alignnone size-full wp-image-467\" src=\"https:\/\/www.sunkaraoke.hu\/wp-content\/uploads\/2022\/07\/choir_2-copy.webp\" alt=\"\" width=\"30\" height=\"30\" \/> \/ +2<\/strong><\/p>\n","protected":false},"excerpt":{"rendered":"<h5><strong>Bits\u0171r\u0171s\u00e9g: 320 kb\/s<\/strong><br \/>\n<strong>Hossz: 02:56<\/strong><br \/>\n<strong>Vok\u00e1lt tartalmaz: Nem <img loading=\"lazy\" decoding=\"async\" class=\"alignnone size-full wp-image-467\" src=\"http:\/\/www.sunkaraoke.hu\/wp-content\/uploads\/2022\/07\/choir_2-copy.png\" alt=\"\" width=\"30\" height=\"30\" \/><\/strong><br \/>\n<strong>Transzpon\u00e1l\u00e1s: +2<\/strong><\/h5>\n<p>Sunkaraoke mp3 st\u00fadi\u00f3 \/ www.sunkaraoke.hu \/ Inf: Tel: 06 20 4275001<\/p>\n<p>&#8212;Intr\u00f3&#8212;<br \/>\nEz a vonat ha elindult, hadd menjen,<br \/>\n\u00e9n ut\u00e1nam senki ne keseregjen,<br \/>\nha valaki \u00e9n ut\u00e1nam kesereg,<br \/>\na j\u00f3 isten k\u00e9t kez\u00e9vel \u00e1ldja meg.<br \/>\nHa valaki \u00e9n ut\u00e1nam kesereg,<br \/>\na j\u00f3 isten k\u00e9t kez\u00e9vel \u00e1ldja meg.<br \/>\nKicsi mad\u00e1r mi\u00e9rt keseregsz az \u00e1gon,<br \/>\nnem csak te vagy elhagyott a vil\u00e1gon.<br \/>\nNekem sincsen \u00e9desany\u00e1m sem ap\u00e1m,<br \/>\na j\u00f3 isten m\u00e9gis gondot visel r\u00e1m.<br \/>\nNekem sincsen \u00e9desany\u00e1m sem ap\u00e1m,<br \/>\na j\u00f3 isten m\u00e9gis gondot visel r\u00e1m.<br \/>\n&#8212;Sz\u00f3l\u00f3&#8212;<br \/>\n\u00c9letemben csak egyszer voltam boldog,<br \/>\nakkor is a k\u00e9t szememb\u0151l k\u00f6nny hullott.<br \/>\nS\u00edrtam is \u00e9n \u00f6r\u00f6m\u00f6mben hogy szeret,<br \/>\nb\u00e1natomban hogy az eny\u00e9m lehet!<br \/>\nS\u00edrtam is \u00e9n \u00f6r\u00f6m\u00f6mben hogy szeret,<br \/>\nb\u00e1natomban hogy az eny\u00e9m lehet!<br \/>\nN\u00e1,n\u00e1,n\u00e1,n\u00e1&#8230;&#8230;&#8230;<\/p>\n","protected":false},"featured_media":8719,"template":"","meta":{"site-sidebar-layout":"default","site-content-layout":"default","ast-site-content-layout":"default","site-content-style":"default","site-sidebar-style":"default","ast-global-header-display":"","ast-banner-title-visibility":"","ast-main-header-display":"","ast-hfb-above-header-display":"","ast-hfb-below-header-display":"","ast-hfb-mobile-header-display":"","site-post-title":"","ast-breadcrumbs-content":"","ast-featured-img":"","footer-sml-layout":"","theme-transparent-header-meta":"default","adv-header-id-meta":"","stick-header-meta":"","header-above-stick-meta":"","header-main-stick-meta":"","header-below-stick-meta":"","astra-migrate-meta-layouts":"set","ast-page-background-enabled":"default","ast-page-background-meta":{"desktop":{"background-color":"var(--ast-global-color-4)","background-image":"","background-repeat":"repeat","background-position":"center center","background-size":"auto","background-attachment":"scroll","background-type":"","background-media":"","overlay-type":"","overlay-color":"","overlay-opacity":"","overlay-gradient":""},"tablet":{"background-color":"","background-image":"","background-repeat":"repeat","background-position":"center center","background-size":"auto","background-attachment":"scroll","background-type":"","background-media":"","overlay-type":"","overlay-color":"","overlay-opacity":"","overlay-gradient":""},"mobile":{"background-color":"","background-image":"","background-repeat":"repeat","background-position":"center center","background-size":"auto","background-attachment":"scroll","background-type":"","background-media":"","overlay-type":"","overlay-color":"","overlay-opacity":"","overlay-gradient":""}},"ast-content-background-meta":{"desktop":{"background-color":"var(--ast-global-color-5)","background-image":"","background-repeat":"repeat","background-position":"center center","background-size":"auto","background-attachment":"scroll","background-type":"","background-media":"","overlay-type":"","overlay-color":"","overlay-opacity":"","overlay-gradient":""},"tablet":{"background-color":"var(--ast-global-color-5)","background-image":"","background-repeat":"repeat","background-position":"center center","background-size":"auto","background-attachment":"scroll","background-type":"","background-media":"","overlay-type":"","overlay-color":"","overlay-opacity":"","overlay-gradient":""},"mobile":{"background-color":"var(--ast-global-color-5)","background-image":"","background-repeat":"repeat","background-position":"center center","background-size":"auto","background-attachment":"scroll","background-type":"","background-media":"","overlay-type":"","overlay-color":"","overlay-opacity":"","overlay-gradient":""}}},"product_cat":[48],"product_tag":[],"class_list":["post-5092","product","type-product","status-publish","has-post-thumbnail","hentry","product_cat-sunkaraoke-dalok","desktop-align-left","tablet-align-left","mobile-align-left"],"_links":{"self":[{"href":"https:\/\/www.sunkaraoke.hu\/index.php\/wp-json\/wp\/v2\/product\/5092","targetHints":{"allow":["GET"]}}],"collection":[{"href":"https:\/\/www.sunkaraoke.hu\/index.php\/wp-json\/wp\/v2\/product"}],"about":[{"href":"https:\/\/www.sunkaraoke.hu\/index.php\/wp-json\/wp\/v2\/types\/product"}],"wp:featuredmedia":[{"embeddable":true,"href":"https:\/\/www.sunkaraoke.hu\/index.php\/wp-json\/wp\/v2\/media\/8719"}],"wp:attachment":[{"href":"https:\/\/www.sunkaraoke.hu\/index.php\/wp-json\/wp\/v2\/media?parent=5092"}],"wp:term":[{"taxonomy":"product_cat","embeddable":true,"href":"https:\/\/www.sunkaraoke.hu\/index.php\/wp-json\/wp\/v2\/product_cat?post=5092"},{"taxonomy":"product_tag","embeddable":true,"href":"https:\/\/www.sunkaraoke.hu\/index.php\/wp-json\/wp\/v2\/product_tag?post=5092"}],"curies":[{"name":"wp","href":"https:\/\/api.w.org\/{rel}","templated":true}]}}