{"id":5090,"date":"2022-08-08T20:48:35","date_gmt":"2022-08-08T20:48:35","guid":{"rendered":"https:\/\/www.sunkaraoke.hu\/index.php\/termek\/kocsis-janika-kocsis-janika-mulatos-mix-10\/"},"modified":"2025-04-06T11:52:20","modified_gmt":"2025-04-06T11:52:20","slug":"kocsis-janika-kocsis-janika-mulatos-mix-10","status":"publish","type":"product","link":"https:\/\/www.sunkaraoke.hu\/index.php\/termek\/kocsis-janika-kocsis-janika-mulatos-mix-10\/","title":{"rendered":"<div class=\"wcmp-player-container product-5090\"><audio controlslist=\"nodownload\" data-product=\"5090\"  volume=\"1\"  preload=\"none\" data-lazyloading=\"none\" class=\"wcmp-player track mejs-classic\" data-duration=\"0:33\" data-estimated_duration=\"4\"><source src=\"https:\/\/www.sunkaraoke.hu\/wp-content\/uploads\/2022\/08\/Kocsis-Janika-mulatos-mix-10.-E.-demooo.mp3\" type=\"audio\/mp3\" \/><\/audio><\/div>Kocsis Janika &#8211; Kocsis Janika Mulat\u00f3s mix 10. (Zoly Edition)"},"content":{"rendered":"<p><strong>06:53<\/strong> | <strong><img loading=\"lazy\" decoding=\"async\" class=\"alignnone size-full wp-image-467\" src=\"https:\/\/www.sunkaraoke.hu\/wp-content\/uploads\/2022\/07\/choir_2-copy.webp\" alt=\"\" width=\"30\" height=\"30\" \/> <\/strong><\/p>\n","protected":false},"excerpt":{"rendered":"<h6><strong>Bits\u0171r\u0171s\u00e9g: 320kb\/s<\/strong><br \/>\n<strong>Hossz: 06:53<\/strong><br \/>\n<strong>Vok\u00e1lt tartalmaz: Nem <img loading=\"lazy\" decoding=\"async\" class=\"alignnone size-full wp-image-467\" src=\"http:\/\/www.sunkaraoke.hu\/wp-content\/uploads\/2022\/07\/choir_2-copy.png\" alt=\"\" width=\"30\" height=\"30\" \/><\/strong><strong style=\"font-size: 16px;\"><br \/>\n<\/strong><\/h6>\n<p>Sunkaraoke mp3 st\u00fadi\u00f3 \/ www.sunkaraoke.hu \/ Inf: Tel: 06 20 4275001<\/p>\n<p>&#8212;Intr\u00f3&#8212;<br \/>\nSej Rozika, Rozika de r\u00f6vid a szokny\u00e1ja,<br \/>\ntal\u00e1n bizony tecnikus a bab\u00e1ja,<br \/>\nnem tecnikus traktoros az \u00e9n bab\u00e1m,<br \/>\nnappal sz\u00e1nt \u00e9s dolgozik, este pedig hozz\u00e1m j\u00e1r.<br \/>\nNem tecnikus traktoros az \u00e9n bab\u00e1m,<br \/>\nnappal sz\u00e1nt \u00e9s dolgozik, este pedig hozz\u00e1m j\u00e1r.<br \/>\nMeg\u00fczenem sej-haj a szeret\u0151m anyj\u00e1nak,<br \/>\nring\u00f3b\u00f6lcs\u0151t csin\u00e1ljon a l\u00e1ny\u00e1nak,<br \/>\nRing\u00f3b\u00f6lcs\u0151t, r\u00e1csos legyen a sz\u00e9le,<br \/>\nhogy a kicsi traktoros ki ne essen bel\u0151le.<br \/>\nRing\u00f3b\u00f6lcs\u0151t, r\u00e1csos legyen a sz\u00e9le,<br \/>\nhogy a kicsi traktoros ki ne essen bel\u0151le.<br \/>\n&#8212;Sz\u00f3l\u00f3&#8212;<br \/>\nEz a helyzet jaj de neh\u00e9z,<br \/>\nmindegyik l\u00e1ny, engemet n\u00e9z,<br \/>\na hajamat is bev\u00e1gtam,<br \/>\njaj, istenem mit csin\u00e1ljak?<br \/>\n\u00d3h,\u00f3h, Istenem, adja nekik egy kis t\u00fcrelmet,<br \/>\nmert mindegyiknek, sz\u00e9p vagyok.<br \/>\nMert meg t\u00e9pik egym\u00e1st, \u00e9rtem a l\u00e1nyok,<br \/>\nmert mindegyiknek raj vagyok.<br \/>\n\u00d3h,\u00f3h, Istenem, adj nekik egy kis t\u00fcrelmet,<br \/>\nmert mindegyiknek, sz\u00e9p vagyok.<br \/>\nMert meg t\u00e9pik egym\u00e1st, \u00e9rtem a l\u00e1nyok,<br \/>\nmert mindegyiknek raj vagyok.<\/p>\n<p>Ha kimegyek az utc\u00e1ra,mindegyik l\u00e1ny j\u00f6n ut\u00e1nam.<br \/>\nMegsz\u00e9d\u00edt mind egyt\u0151l egyig,a t\u00edzt\u0151l a tizenegyig.<br \/>\n\u00d3h,\u00f3h, Istenem, adja nekik egy kis t\u00fcrelmet,<br \/>\nmert mindegyiknek, sz\u00e9p vagyok.<br \/>\nMert meg t\u00e9pik egym\u00e1st, \u00e9rtem a l\u00e1nyok,<br \/>\nmert mindegyiknek raj vagyok.<br \/>\n\u00d3h,\u00f3h, Istenem, adj nekik egy kis t\u00fcrelmet,<br \/>\nmert mindegyiknek, sz\u00e9p vagyok.<br \/>\nMert meg t\u00e9pik egym\u00e1st, \u00e9rtem a l\u00e1nyok,<br \/>\nmert mindegyiknek raj vagyok.<br \/>\n&#8212;Sz\u00f3l\u00f3&#8212;<br \/>\nEz a helyzet jaj de neh\u00e9z,<br \/>\nmindegyik l\u00e1ny, engemet n\u00e9z,<br \/>\na hajamat is bev\u00e1gtam,<br \/>\njaj, istenem mit csin\u00e1ljak?<br \/>\n\u00d3h,\u00f3h, Istenem, adja nekik egy kis t\u00fcrelmet,<br \/>\nmert mindegyiknek, sz\u00e9p vagyok.<br \/>\nMert meg t\u00e9pik egym\u00e1st, \u00e9rtem a l\u00e1nyok,<br \/>\nmert mindegyiknek raj vagyok.<br \/>\n\u00d3h,\u00f3h, Istenem, adj nekik egy kis t\u00fcrelmet,<br \/>\nmert mindegyiknek, sz\u00e9p vagyok.<br \/>\nMert meg t\u00e9pik egym\u00e1st, \u00e9rtem a l\u00e1nyok,<br \/>\nmert mindegyiknek raj vagyok.<br \/>\nHa kimegyek az utc\u00e1ra,mindegyik l\u00e1ny j\u00f6n ut\u00e1nam.<br \/>\nMegsz\u00e9d\u00edt mind egyt\u0151l egyig,a t\u00edzt\u0151l a tizenegyig.<br \/>\n\u00d3h,\u00f3h, Istenem, adja nekik egy kis t\u00fcrelmet,<br \/>\nmert mindegyiknek, sz\u00e9p vagyok.<br \/>\nMert meg t\u00e9pik egym\u00e1st, \u00e9rtem a l\u00e1nyok,<br \/>\nmert mindegyiknek raj vagyok.<br \/>\n\u00d3h,\u00f3h, Istenem, adj nekik egy kis t\u00fcrelmet,<br \/>\nmert mindegyiknek, sz\u00e9p vagyok.<br \/>\nMert meg t\u00e9pik egym\u00e1st, \u00e9rtem a l\u00e1nyok,<br \/>\nmert mindegyiknek raj vagyok.<br \/>\n&#8212;Sz\u00f3l\u00f3&#8212;<br \/>\nNyitva van a sz\u00e1zados \u00far ablaka,<br \/>\nbarna kisl\u00e1ny s\u00edrva s\u00e9t\u00e1l alatta.<br \/>\n\u00c1llj meg, kisl\u00e1ny, barna kisl\u00e1ny egy sz\u00f3ra,<br \/>\n\u00e9n leszek a sz\u00edved vigasztal\u00f3ja.<br \/>\n\u00c1llj meg, kisl\u00e1ny, barna kisl\u00e1ny egy sz\u00f3ra,<br \/>\n\u00e9n leszek a sz\u00edved vigasztal\u00f3ja.<\/p>\n<p>Nem \u00e1llok meg a sz\u00e1zados \u00far szav\u00e1ra,<br \/>\nnem leszek a sz\u00e1zados \u00far bab\u00e1ja.<br \/>\nVan m\u00e1r n\u00e9kem a sz\u00e1zadj\u00e1ban egy k\u00f6zleg\u00e9ny,<br \/>\nkit nem adn\u00e9k sz\u00e1zados \u00far mag\u00e1\u00e9rt.<br \/>\nVan m\u00e1r n\u00e9kem a sz\u00e1zadj\u00e1ban egy k\u00f6zleg\u00e9ny,<br \/>\nkit nem adn\u00e9k sz\u00e1zados \u00far mag\u00e1\u00e9rt.<br \/>\n&#8212;V\u00e9ge&#8212;<\/p>\n","protected":false},"featured_media":8738,"template":"","meta":{"site-sidebar-layout":"default","site-content-layout":"default","ast-site-content-layout":"default","site-content-style":"default","site-sidebar-style":"default","ast-global-header-display":"","ast-banner-title-visibility":"","ast-main-header-display":"","ast-hfb-above-header-display":"","ast-hfb-below-header-display":"","ast-hfb-mobile-header-display":"","site-post-title":"","ast-breadcrumbs-content":"","ast-featured-img":"","footer-sml-layout":"","theme-transparent-header-meta":"default","adv-header-id-meta":"","stick-header-meta":"","header-above-stick-meta":"","header-main-stick-meta":"","header-below-stick-meta":"","astra-migrate-meta-layouts":"set","ast-page-background-enabled":"default","ast-page-background-meta":{"desktop":{"background-color":"var(--ast-global-color-4)","background-image":"","background-repeat":"repeat","background-position":"center center","background-size":"auto","background-attachment":"scroll","background-type":"","background-media":"","overlay-type":"","overlay-color":"","overlay-opacity":"","overlay-gradient":""},"tablet":{"background-color":"","background-image":"","background-repeat":"repeat","background-position":"center center","background-size":"auto","background-attachment":"scroll","background-type":"","background-media":"","overlay-type":"","overlay-color":"","overlay-opacity":"","overlay-gradient":""},"mobile":{"background-color":"","background-image":"","background-repeat":"repeat","background-position":"center center","background-size":"auto","background-attachment":"scroll","background-type":"","background-media":"","overlay-type":"","overlay-color":"","overlay-opacity":"","overlay-gradient":""}},"ast-content-background-meta":{"desktop":{"background-color":"var(--ast-global-color-5)","background-image":"","background-repeat":"repeat","background-position":"center center","background-size":"auto","background-attachment":"scroll","background-type":"","background-media":"","overlay-type":"","overlay-color":"","overlay-opacity":"","overlay-gradient":""},"tablet":{"background-color":"var(--ast-global-color-5)","background-image":"","background-repeat":"repeat","background-position":"center center","background-size":"auto","background-attachment":"scroll","background-type":"","background-media":"","overlay-type":"","overlay-color":"","overlay-opacity":"","overlay-gradient":""},"mobile":{"background-color":"var(--ast-global-color-5)","background-image":"","background-repeat":"repeat","background-position":"center center","background-size":"auto","background-attachment":"scroll","background-type":"","background-media":"","overlay-type":"","overlay-color":"","overlay-opacity":"","overlay-gradient":""}}},"product_cat":[58],"product_tag":[],"class_list":["post-5090","product","type-product","status-publish","has-post-thumbnail","hentry","product_cat-erdelyi-zoltan","desktop-align-left","tablet-align-left","mobile-align-left"],"_links":{"self":[{"href":"https:\/\/www.sunkaraoke.hu\/index.php\/wp-json\/wp\/v2\/product\/5090","targetHints":{"allow":["GET"]}}],"collection":[{"href":"https:\/\/www.sunkaraoke.hu\/index.php\/wp-json\/wp\/v2\/product"}],"about":[{"href":"https:\/\/www.sunkaraoke.hu\/index.php\/wp-json\/wp\/v2\/types\/product"}],"wp:featuredmedia":[{"embeddable":true,"href":"https:\/\/www.sunkaraoke.hu\/index.php\/wp-json\/wp\/v2\/media\/8738"}],"wp:attachment":[{"href":"https:\/\/www.sunkaraoke.hu\/index.php\/wp-json\/wp\/v2\/media?parent=5090"}],"wp:term":[{"taxonomy":"product_cat","embeddable":true,"href":"https:\/\/www.sunkaraoke.hu\/index.php\/wp-json\/wp\/v2\/product_cat?post=5090"},{"taxonomy":"product_tag","embeddable":true,"href":"https:\/\/www.sunkaraoke.hu\/index.php\/wp-json\/wp\/v2\/product_tag?post=5090"}],"curies":[{"name":"wp","href":"https:\/\/api.w.org\/{rel}","templated":true}]}}