{"id":5089,"date":"2022-08-08T20:48:35","date_gmt":"2022-08-08T20:48:35","guid":{"rendered":"https:\/\/www.sunkaraoke.hu\/index.php\/termek\/jolly-feat-phat-beat-darabokra-torted-a-szivem-2016-transzp-no-rapp-verzio\/"},"modified":"2025-04-12T04:35:30","modified_gmt":"2025-04-12T04:35:30","slug":"jolly-feat-phat-beat-darabokra-torted-a-szivem-2016-transzp-no-rapp-verzio","status":"publish","type":"product","link":"https:\/\/www.sunkaraoke.hu\/index.php\/termek\/jolly-feat-phat-beat-darabokra-torted-a-szivem-2016-transzp-no-rapp-verzio\/","title":{"rendered":"<div class=\"wcmp-player-container product-5089\"><audio controlslist=\"nodownload\" data-product=\"5089\"  volume=\"1\"  preload=\"none\" data-lazyloading=\"none\" class=\"wcmp-player track mejs-classic\" data-duration=\"0:33\" data-estimated_duration=\"4\"><source src=\"https:\/\/www.sunkaraoke.hu\/wp-content\/uploads\/2022\/08\/Darabokra-torted-a-transz-JollyS_demo.mp3\" type=\"audio\/mp3\" \/><\/audio><\/div>Jolly Feat Phat Beat &#8211; Darabokra t\u00f6rted a sz\u00edvem \/No Rapp  ( SB Edition)"},"content":{"rendered":"<p><strong>03:27<\/strong> | <strong><img loading=\"lazy\" decoding=\"async\" class=\"alignnone size-full wp-image-467\" src=\"https:\/\/www.sunkaraoke.hu\/wp-content\/uploads\/2022\/07\/choir_2-copy.webp\" alt=\"\" width=\"30\" height=\"30\" \/> <strong> | <img loading=\"lazy\" decoding=\"async\" class=\"alignnone size-full wp-image-613\" src=\"https:\/\/www.sunkaraoke.hu\/wp-content\/uploads\/2022\/07\/transzponalas.webp\" alt=\"\" width=\"30\" height=\"30\" \/> -2<\/strong><\/strong><\/p>\n","protected":false},"excerpt":{"rendered":"<h5><strong>Bits\u0171r\u0171s\u00e9g: 320 kb\/s<\/strong><br \/>\n<strong>Hossz: 03:27<\/strong><br \/>\n<strong>Vok\u00e1lt tartalmaz: Nem <img loading=\"lazy\" decoding=\"async\" class=\"alignnone size-full wp-image-467\" src=\"http:\/\/www.sunkaraoke.hu\/wp-content\/uploads\/2022\/07\/choir_2-copy.png\" alt=\"\" width=\"30\" height=\"30\" \/><\/strong><br \/>\n<strong>Transzpon\u00e1lt: Igen -2<\/strong><\/h5>\n<p>Sunkaraoke mp3 st\u00fadi\u00f3 \/ www.sunkaraoke.hu \/ Inf: Tel: 06 20 4275001<\/p>\n<p>&#8212;Intr\u00f3&#8212;<br \/>\nLehet m\u00e1r nem is akarom, hogy visszagyere,<br \/>\nlehet le is tagadom, hogy ismertelek,<br \/>\nkider\u00fclt nem volt szerelem, sajnos \u00fagy t\u0171nik,<br \/>\nm\u00e1ra beborult az \u00e9g, nem m\u0171k\u00f6dik.<br \/>\nDe \u00e9n m\u00e9gis visszav\u00e1rlak m\u00e9g,hi\u00e1ba tagadom,<br \/>\nhiszem azt hogy van rem\u00e9ny, pedig nem akarom.<br \/>\nHova t\u0171nt a sok eml\u00e9k, magamt\u00f3l k\u00e9rdezem,<br \/>\nm\u00e9gsem voltam j\u00f3 neked, vesztettem.<\/p>\n<p>Darabokra t\u00f6rted a sz\u00edvem,<br \/>\nnem tudom hogy mit akarok m\u00e9g t\u0151led.<br \/>\nDarabokra hullott az \u00e1lmom,<br \/>\nnem akarok harcolni t\u00f6bb\u00e9 \u00e9rted.<br \/>\nDarabokra t\u00f6rted a sz\u00edvem,<br \/>\nm\u00e1r nem is tudom mit szerettem meg benned.<br \/>\nDarabokra hullott az \u00e1lmom,<br \/>\nrossz helyen kerestem a boldogs\u00e1gom.<br \/>\n&#8212;Sz\u00f3l\u00f3&#8212;<br \/>\nHa visszasodor az \u00e9let m\u00e1r nem lehet,<br \/>\nha mondan\u00e1l m\u00e9g sz\u00e9pet m\u00e1r nem hiszek,<br \/>\nnekem te volt\u00e1l a v\u00e9gzet beismerem,<br \/>\nm\u00e9gis \u00faj \u00e9letet kezdek jobb lesz nekem.<\/p>\n<p>De \u00e9n m\u00e9gis visszav\u00e1rlak m\u00e9g,hi\u00e1ba tagadom,<br \/>\nhiszem azt hogy van rem\u00e9ny, pedig nem akarom.<br \/>\nHova t\u0171nt a sok eml\u00e9k, magamt\u00f3l k\u00e9rdezem,<br \/>\nm\u00e9gsem voltam j\u00f3 neked, vesztettem.<\/p>\n<p>Darabokra t\u00f6rted a sz\u00edvem,<br \/>\nnem tudom hogy mit akarok m\u00e9g t\u0151led.<br \/>\nDarabokra hullott az \u00e1lmom,<br \/>\nnem akarok harcolni t\u00f6bb\u00e9 \u00e9rted.<br \/>\nDarabokra t\u00f6rted a sz\u00edvem,<br \/>\nm\u00e1r nem is tudom mit szerettem meg benned.<br \/>\nDarabokra hullott az \u00e1lmom,<br \/>\nrossz helyen kerestem a boldogs\u00e1gom.<br \/>\nDarabokra t\u00f6rted a sz\u00edvem!<br \/>\n&#8212;V\u00e9ge&#8212;<\/p>\n","protected":false},"featured_media":6147,"template":"","meta":{"site-sidebar-layout":"default","site-content-layout":"default","ast-site-content-layout":"default","site-content-style":"default","site-sidebar-style":"default","ast-global-header-display":"","ast-banner-title-visibility":"","ast-main-header-display":"","ast-hfb-above-header-display":"","ast-hfb-below-header-display":"","ast-hfb-mobile-header-display":"","site-post-title":"","ast-breadcrumbs-content":"","ast-featured-img":"","footer-sml-layout":"","theme-transparent-header-meta":"default","adv-header-id-meta":"","stick-header-meta":"","header-above-stick-meta":"","header-main-stick-meta":"","header-below-stick-meta":"","astra-migrate-meta-layouts":"set","ast-page-background-enabled":"default","ast-page-background-meta":{"desktop":{"background-color":"var(--ast-global-color-4)","background-image":"","background-repeat":"repeat","background-position":"center center","background-size":"auto","background-attachment":"scroll","background-type":"","background-media":"","overlay-type":"","overlay-color":"","overlay-opacity":"","overlay-gradient":""},"tablet":{"background-color":"","background-image":"","background-repeat":"repeat","background-position":"center center","background-size":"auto","background-attachment":"scroll","background-type":"","background-media":"","overlay-type":"","overlay-color":"","overlay-opacity":"","overlay-gradient":""},"mobile":{"background-color":"","background-image":"","background-repeat":"repeat","background-position":"center center","background-size":"auto","background-attachment":"scroll","background-type":"","background-media":"","overlay-type":"","overlay-color":"","overlay-opacity":"","overlay-gradient":""}},"ast-content-background-meta":{"desktop":{"background-color":"var(--ast-global-color-5)","background-image":"","background-repeat":"repeat","background-position":"center center","background-size":"auto","background-attachment":"scroll","background-type":"","background-media":"","overlay-type":"","overlay-color":"","overlay-opacity":"","overlay-gradient":""},"tablet":{"background-color":"var(--ast-global-color-5)","background-image":"","background-repeat":"repeat","background-position":"center center","background-size":"auto","background-attachment":"scroll","background-type":"","background-media":"","overlay-type":"","overlay-color":"","overlay-opacity":"","overlay-gradient":""},"mobile":{"background-color":"var(--ast-global-color-5)","background-image":"","background-repeat":"repeat","background-position":"center center","background-size":"auto","background-attachment":"scroll","background-type":"","background-media":"","overlay-type":"","overlay-color":"","overlay-opacity":"","overlay-gradient":""}}},"product_cat":[48],"product_tag":[],"class_list":["post-5089","product","type-product","status-publish","has-post-thumbnail","hentry","product_cat-sunkaraoke-dalok","desktop-align-left","tablet-align-left","mobile-align-left"],"_links":{"self":[{"href":"https:\/\/www.sunkaraoke.hu\/index.php\/wp-json\/wp\/v2\/product\/5089","targetHints":{"allow":["GET"]}}],"collection":[{"href":"https:\/\/www.sunkaraoke.hu\/index.php\/wp-json\/wp\/v2\/product"}],"about":[{"href":"https:\/\/www.sunkaraoke.hu\/index.php\/wp-json\/wp\/v2\/types\/product"}],"wp:featuredmedia":[{"embeddable":true,"href":"https:\/\/www.sunkaraoke.hu\/index.php\/wp-json\/wp\/v2\/media\/6147"}],"wp:attachment":[{"href":"https:\/\/www.sunkaraoke.hu\/index.php\/wp-json\/wp\/v2\/media?parent=5089"}],"wp:term":[{"taxonomy":"product_cat","embeddable":true,"href":"https:\/\/www.sunkaraoke.hu\/index.php\/wp-json\/wp\/v2\/product_cat?post=5089"},{"taxonomy":"product_tag","embeddable":true,"href":"https:\/\/www.sunkaraoke.hu\/index.php\/wp-json\/wp\/v2\/product_tag?post=5089"}],"curies":[{"name":"wp","href":"https:\/\/api.w.org\/{rel}","templated":true}]}}