{"id":5086,"date":"2022-08-08T20:48:35","date_gmt":"2022-08-08T20:48:35","guid":{"rendered":"https:\/\/www.sunkaraoke.hu\/index.php\/termek\/tesok-szaz-gyertya-egjen\/"},"modified":"2025-03-28T16:40:55","modified_gmt":"2025-03-28T16:40:55","slug":"tesok-szaz-gyertya-egjen","status":"publish","type":"product","link":"https:\/\/www.sunkaraoke.hu\/index.php\/termek\/tesok-szaz-gyertya-egjen\/","title":{"rendered":"<div class=\"wcmp-player-container product-5086\"><audio controlslist=\"nodownload\" data-product=\"5086\"  volume=\"1\"  preload=\"none\" data-lazyloading=\"none\" class=\"wcmp-player track mejs-classic\" data-duration=\"0:31\" data-estimated_duration=\"4\"><source src=\"https:\/\/www.sunkaraoke.hu\/wp-content\/uploads\/2022\/08\/Szaz-gyertya-egjen-Tesok-SB_demo.mp3\" type=\"audio\/mp3\" \/><\/audio><\/div>Tes\u00f3k &#8211; Sz\u00e1z gyertya \u00e9gjen (Original)"},"content":{"rendered":"<p><strong>03:49<\/strong> | <strong><img loading=\"lazy\" decoding=\"async\" class=\"alignnone size-full wp-image-467\" src=\"https:\/\/www.sunkaraoke.hu\/wp-content\/uploads\/2022\/07\/choir_2-copy.webp\" alt=\"\" width=\"30\" height=\"30\" \/> <\/strong><\/p>\n","protected":false},"excerpt":{"rendered":"<h6>Bits\u0171r\u0171s\u00e9g: 320 kb\/s<br \/>\nHossz: 03:49<br \/>\nVok\u00e1lt tartalmaz: Nem <img loading=\"lazy\" decoding=\"async\" class=\"alignnone size-full wp-image-467\" src=\"http:\/\/www.sunkaraoke.hu\/wp-content\/uploads\/2022\/07\/choir_2-copy.png\" alt=\"\" width=\"30\" height=\"30\" \/><strong style=\"font-size: 16px;\"><br \/>\n<\/strong><\/h6>\n<p>Sunkaraoke mp3 st\u00fadi\u00f3 \/ www.sunkaraoke.hu \/ Inf: Tel: 06 20 4275001<\/p>\n<p>&#8212;Intr\u00f3&#8212;<br \/>\nAngyal sz\u00e1ll, e sz\u00e9p szent \u00e9jszak\u00e1n,<br \/>\nhogy els\u00f6p\u00f6rj\u00f6n minden gondot amerre csak j\u00e1r,<br \/>\nangyal sz\u00e1ll, h\u00f3 az udvaron,<br \/>\naj\u00e1nd\u00e9kra v\u00e1r\u00f3 gyermek cs\u00fcng az ablakon.<br \/>\nJ\u00e9gvir\u00e1g ha felragyog, feny\u0151 illat sz\u00e1ll,<br \/>\nazt hirdetik e sz\u00e9p napon, szent kar\u00e1csony v\u00e1r.<\/p>\n<p>Sz\u00e1z gyertya \u00e9gjen, mint egy sz\u00e9p mes\u00e9ben,<br \/>\nminden ember boldog legyen \u00e9s \u00e9let vid\u00e1m.<br \/>\nSz\u00e1z gyertya \u00e9gjen, hadd l\u00e1ss\u00e1k az \u00e9gen,<br \/>\nhogy sz\u00edv\u00fcnkben m\u00e9g ott \u00e9lnek, kik fent vannak ma m\u00e1r.<br \/>\n&#8212;Sz\u00f3l\u00f3&#8212;<\/p>\n<p>Hallgass r\u00e1m, kit szeretsz \u00f3vd nagyon,<br \/>\nkar\u00e1csonykor \u00e9rzed \u0151 a legnagyobb vagyon,<br \/>\ns ha elm\u00falt m\u00e1r ne s\u00edrj a k\u00e9peken,<br \/>\nminden napot \u00fagy \u00e9lj mint a legszebb \u00fcnnepen.<br \/>\nJ\u00e9gvir\u00e1g ha felragyog, feny\u0151 illat sz\u00e1ll,<br \/>\nazt hirdetik e sz\u00e9p napon, szent kar\u00e1csony v\u00e1r.<\/p>\n<p>Sz\u00e1z gyertya \u00e9gjen, mint egy sz\u00e9p mes\u00e9ben,<br \/>\nminden ember boldog legyen \u00e9s \u00e9let vid\u00e1m.<br \/>\nSz\u00e1z gyertya \u00e9gjen, hadd l\u00e1ss\u00e1k az \u00e9gen,<br \/>\nhogy sz\u00edv\u00fcnkben m\u00e9g ott \u00e9lnek, kik fent vannak ma m\u00e1r.<\/p>\n<p>&#8212;Sz\u00f3l\u00f3&#8212;<\/p>\n<p>Sz\u00e1z gyertya \u00e9gjen, mint egy sz\u00e9p mes\u00e9ben,<br \/>\nminden ember boldog legyen \u00e9s \u00e9let vid\u00e1m.<br \/>\nSz\u00e1z gyertya \u00e9gjen, hadd l\u00e1ss\u00e1k az \u00e9gen,<br \/>\nhogy sz\u00edv\u00fcnkben m\u00e9g ott \u00e9lnek, kik fent vannak ma m\u00e1r.<\/p>\n<p>Sz\u00e1z gyertya \u00e9gjen, mint egy sz\u00e9p mes\u00e9ben,<br \/>\nminden ember boldog legyen \u00e9s \u00e9let vid\u00e1m.<br \/>\nSz\u00e1z gyertya \u00e9gjen, hadd l\u00e1ss\u00e1k az \u00e9gen,<br \/>\nhogy sz\u00edv\u00fcnkben m\u00e9g ott \u00e9lnek, kik fent vannak ma m\u00e1r,<br \/>\nhogy sz\u00edv\u00fcnkben m\u00e9g ott \u00e9lnek, kik fent vannak ma m\u00e1r,<br \/>\nminden ember boldog legyen \u00e9s \u00e9let vid\u00e1m.<br \/>\n&#8212;V\u00e9ge&#8212;<\/p>\n","protected":false},"featured_media":8715,"template":"","meta":{"site-sidebar-layout":"default","site-content-layout":"default","ast-site-content-layout":"default","site-content-style":"default","site-sidebar-style":"default","ast-global-header-display":"","ast-banner-title-visibility":"","ast-main-header-display":"","ast-hfb-above-header-display":"","ast-hfb-below-header-display":"","ast-hfb-mobile-header-display":"","site-post-title":"","ast-breadcrumbs-content":"","ast-featured-img":"","footer-sml-layout":"","theme-transparent-header-meta":"default","adv-header-id-meta":"","stick-header-meta":"","header-above-stick-meta":"","header-main-stick-meta":"","header-below-stick-meta":"","astra-migrate-meta-layouts":"set","ast-page-background-enabled":"default","ast-page-background-meta":{"desktop":{"background-color":"var(--ast-global-color-4)","background-image":"","background-repeat":"repeat","background-position":"center center","background-size":"auto","background-attachment":"scroll","background-type":"","background-media":"","overlay-type":"","overlay-color":"","overlay-opacity":"","overlay-gradient":""},"tablet":{"background-color":"","background-image":"","background-repeat":"repeat","background-position":"center center","background-size":"auto","background-attachment":"scroll","background-type":"","background-media":"","overlay-type":"","overlay-color":"","overlay-opacity":"","overlay-gradient":""},"mobile":{"background-color":"","background-image":"","background-repeat":"repeat","background-position":"center center","background-size":"auto","background-attachment":"scroll","background-type":"","background-media":"","overlay-type":"","overlay-color":"","overlay-opacity":"","overlay-gradient":""}},"ast-content-background-meta":{"desktop":{"background-color":"var(--ast-global-color-5)","background-image":"","background-repeat":"repeat","background-position":"center center","background-size":"auto","background-attachment":"scroll","background-type":"","background-media":"","overlay-type":"","overlay-color":"","overlay-opacity":"","overlay-gradient":""},"tablet":{"background-color":"var(--ast-global-color-5)","background-image":"","background-repeat":"repeat","background-position":"center center","background-size":"auto","background-attachment":"scroll","background-type":"","background-media":"","overlay-type":"","overlay-color":"","overlay-opacity":"","overlay-gradient":""},"mobile":{"background-color":"var(--ast-global-color-5)","background-image":"","background-repeat":"repeat","background-position":"center center","background-size":"auto","background-attachment":"scroll","background-type":"","background-media":"","overlay-type":"","overlay-color":"","overlay-opacity":"","overlay-gradient":""}}},"product_cat":[48],"product_tag":[],"class_list":["post-5086","product","type-product","status-publish","has-post-thumbnail","hentry","product_cat-sunkaraoke-dalok","desktop-align-left","tablet-align-left","mobile-align-left"],"_links":{"self":[{"href":"https:\/\/www.sunkaraoke.hu\/index.php\/wp-json\/wp\/v2\/product\/5086","targetHints":{"allow":["GET"]}}],"collection":[{"href":"https:\/\/www.sunkaraoke.hu\/index.php\/wp-json\/wp\/v2\/product"}],"about":[{"href":"https:\/\/www.sunkaraoke.hu\/index.php\/wp-json\/wp\/v2\/types\/product"}],"wp:featuredmedia":[{"embeddable":true,"href":"https:\/\/www.sunkaraoke.hu\/index.php\/wp-json\/wp\/v2\/media\/8715"}],"wp:attachment":[{"href":"https:\/\/www.sunkaraoke.hu\/index.php\/wp-json\/wp\/v2\/media?parent=5086"}],"wp:term":[{"taxonomy":"product_cat","embeddable":true,"href":"https:\/\/www.sunkaraoke.hu\/index.php\/wp-json\/wp\/v2\/product_cat?post=5086"},{"taxonomy":"product_tag","embeddable":true,"href":"https:\/\/www.sunkaraoke.hu\/index.php\/wp-json\/wp\/v2\/product_tag?post=5086"}],"curies":[{"name":"wp","href":"https:\/\/api.w.org\/{rel}","templated":true}]}}