{"id":5082,"date":"2022-08-08T20:48:34","date_gmt":"2022-08-08T20:48:34","guid":{"rendered":"https:\/\/www.sunkaraoke.hu\/index.php\/termek\/jolly-buli-van-ma-este-2016\/"},"modified":"2025-04-11T16:26:13","modified_gmt":"2025-04-11T16:26:13","slug":"jolly-buli-van-ma-este-2016","status":"publish","type":"product","link":"https:\/\/www.sunkaraoke.hu\/index.php\/termek\/jolly-buli-van-ma-este-2016\/","title":{"rendered":"<div class=\"wcmp-player-container product-5082\"><audio controlslist=\"nodownload\" data-product=\"5082\"  volume=\"1\"  preload=\"none\" data-lazyloading=\"none\" class=\"wcmp-player track mejs-classic\" data-duration=\"0:32\" data-estimated_duration=\"4\"><source src=\"https:\/\/www.sunkaraoke.hu\/wp-content\/uploads\/2022\/08\/Buli-van-ma-este-Jolly-2016.-SB._demo.mp3\" type=\"audio\/mp3\" \/><\/audio><\/div>Jolly &#8211; Buli van ma este (Original)"},"content":{"rendered":"<p><strong>03:46<\/strong> | <strong><img loading=\"lazy\" decoding=\"async\" class=\"alignnone size-full wp-image-467\" src=\"https:\/\/www.sunkaraoke.hu\/wp-content\/uploads\/2022\/07\/choir_2-copy.webp\" alt=\"\" width=\"30\" height=\"30\" \/> <\/strong><\/p>\n","protected":false},"excerpt":{"rendered":"<h5>Bits\u0171r\u0171s\u00e9g: 320 kb\/s<br \/>\nHossz: 03:46<br \/>\nVok\u00e1lt tartalmaz: Nem <img loading=\"lazy\" decoding=\"async\" class=\"alignnone size-full wp-image-467\" src=\"http:\/\/www.sunkaraoke.hu\/wp-content\/uploads\/2022\/07\/choir_2-copy.png\" alt=\"\" width=\"30\" height=\"30\" \/><strong style=\"font-size: 16px;\"><br \/>\n<\/strong><\/h5>\n<p>Sunkaraoke mp3 st\u00fadi\u00f3 \/ www.sunkaraoke.hu \/ Inf: Tel: 06 20 4275001<\/p>\n<p>Buli van ma este ma mindent szabad,<br \/>\nr\u00e1zd meg a tested, \u00e9rezd j\u00f3l magad.<br \/>\nIgyunk m\u00e9g egyet, na gyere ide,<br \/>\nhogy m\u00e9sz ma haza, ne t\u00f6r\u0151dj vele!<br \/>\nEz az este nagy buli lesz,<br \/>\ngyere kell kicsim csak a kezed.<br \/>\nEg\u00e9sz \u00e9jjel r\u00e1zni fogom,<br \/>\nmert ez most az \u00e9n napom.<br \/>\nAj\u00e1nd\u00e9kba csak azt k\u00e9rem,<br \/>\nadd a kezed, t\u00e1ncolj velem.<br \/>\nNem vehetik el a kezed,<br \/>\nam\u00edg itt bulizol velem.<br \/>\nBuli van ma este ma mindent szabad,<br \/>\nr\u00e1zd meg a tested, \u00e9rezd j\u00f3l magad.<br \/>\nIgyunk m\u00e9g egyet, na gyere ide,<br \/>\nhogy m\u00e9sz haza, ne t\u00f6r\u0151dj vele!<br \/>\nBuli van ma este ma mindent szabad,<br \/>\nr\u00e1zd meg a tested, \u00e9rezd j\u00f3l magad.<br \/>\nIgyunk m\u00e9g egyet, na gyere ide,<br \/>\nhogy m\u00e9sz haza, ne t\u00f6r\u0151dj vele!<br \/>\nEz az este nagy buli lesz,<br \/>\ngyere kell kicsim csak a kezed.<br \/>\nEg\u00e9sz \u00e9jjel r\u00e1zni fogom,<br \/>\nmert ez most az \u00e9n napom.<\/p>\n<p>Aj\u00e1nd\u00e9kba csak azt k\u00e9rem,<br \/>\nadd a kezed, t\u00e1ncolj velem.<br \/>\nNem vehetik el a kezed,<br \/>\nam\u00edg itt bulizol velem.<\/p>\n<p>Buli van ma este ma mindent szabad,<br \/>\nr\u00e1zd meg a tested, \u00e9rezd j\u00f3l magad.<br \/>\nIgyunk m\u00e9g egyet, na gyere ide,<br \/>\nhogy m\u00e9sz haza, ne t\u00f6r\u0151dj vele!<br \/>\nBuli van ma este ma mindent szabad,<br \/>\nr\u00e1zd meg a tested, \u00e9rezd j\u00f3l magad.<br \/>\nIgyunk m\u00e9g egyet, na gyere ide,<br \/>\nhogy m\u00e9sz haza, ne t\u00f6r\u0151dj vele!<br \/>\n&#8212;Sz\u00f3l\u00f3&#8212;(02:21)<br \/>\nBuli van ma este ma mindent szabad,<br \/>\nr\u00e1zd meg a tested, \u00e9rezd j\u00f3l magad.<br \/>\nIgyunk m\u00e9g egyet, na gyere ide,<br \/>\nhogy m\u00e9sz haza, ne t\u00f6r\u0151dj vele!<br \/>\nBuli van ma este ma mindent szabad,<br \/>\nr\u00e1zd meg a tested, \u00e9rezd j\u00f3l magad.<br \/>\nIgyunk m\u00e9g egyet, na gyere ide,<br \/>\nhogy m\u00e9sz haza, ne t\u00f6r\u0151dj vele!<br \/>\nJ\u00e1lom, \u00e1lom, \u00e1lom&#8230;&#8230;.(Ki\u00e1ll 03:15)<br \/>\nBuli van ma este ma mindent szabad,<br \/>\nr\u00e1zd meg a tested, \u00e9rezd j\u00f3l magad.<br \/>\nIgyunk m\u00e9g egyet, na gyere ide,<br \/>\nhogy m\u00e9sz haza, ne t\u00f6r\u0151dj vele!<br \/>\nBuli van ma este ma mindent szabad,<br \/>\nr\u00e1zd meg a tested, \u00e9rezd j\u00f3l magad.<br \/>\nIgyunk m\u00e9g egyet, na gyere ide,<br \/>\nhogy m\u00e9sz haza, ne t\u00f6r\u0151dj vele!<br \/>\n&#8212;V\u00e9ge&#8212;<\/p>\n","protected":false},"featured_media":6147,"template":"","meta":{"site-sidebar-layout":"default","site-content-layout":"default","ast-site-content-layout":"default","site-content-style":"default","site-sidebar-style":"default","ast-global-header-display":"","ast-banner-title-visibility":"","ast-main-header-display":"","ast-hfb-above-header-display":"","ast-hfb-below-header-display":"","ast-hfb-mobile-header-display":"","site-post-title":"","ast-breadcrumbs-content":"","ast-featured-img":"","footer-sml-layout":"","theme-transparent-header-meta":"default","adv-header-id-meta":"","stick-header-meta":"","header-above-stick-meta":"","header-main-stick-meta":"","header-below-stick-meta":"","astra-migrate-meta-layouts":"set","ast-page-background-enabled":"default","ast-page-background-meta":{"desktop":{"background-color":"var(--ast-global-color-4)","background-image":"","background-repeat":"repeat","background-position":"center center","background-size":"auto","background-attachment":"scroll","background-type":"","background-media":"","overlay-type":"","overlay-color":"","overlay-opacity":"","overlay-gradient":""},"tablet":{"background-color":"","background-image":"","background-repeat":"repeat","background-position":"center center","background-size":"auto","background-attachment":"scroll","background-type":"","background-media":"","overlay-type":"","overlay-color":"","overlay-opacity":"","overlay-gradient":""},"mobile":{"background-color":"","background-image":"","background-repeat":"repeat","background-position":"center center","background-size":"auto","background-attachment":"scroll","background-type":"","background-media":"","overlay-type":"","overlay-color":"","overlay-opacity":"","overlay-gradient":""}},"ast-content-background-meta":{"desktop":{"background-color":"var(--ast-global-color-5)","background-image":"","background-repeat":"repeat","background-position":"center center","background-size":"auto","background-attachment":"scroll","background-type":"","background-media":"","overlay-type":"","overlay-color":"","overlay-opacity":"","overlay-gradient":""},"tablet":{"background-color":"var(--ast-global-color-5)","background-image":"","background-repeat":"repeat","background-position":"center center","background-size":"auto","background-attachment":"scroll","background-type":"","background-media":"","overlay-type":"","overlay-color":"","overlay-opacity":"","overlay-gradient":""},"mobile":{"background-color":"var(--ast-global-color-5)","background-image":"","background-repeat":"repeat","background-position":"center center","background-size":"auto","background-attachment":"scroll","background-type":"","background-media":"","overlay-type":"","overlay-color":"","overlay-opacity":"","overlay-gradient":""}}},"product_cat":[48],"product_tag":[],"class_list":["post-5082","product","type-product","status-publish","has-post-thumbnail","hentry","product_cat-sunkaraoke-dalok","desktop-align-left","tablet-align-left","mobile-align-left"],"_links":{"self":[{"href":"https:\/\/www.sunkaraoke.hu\/index.php\/wp-json\/wp\/v2\/product\/5082","targetHints":{"allow":["GET"]}}],"collection":[{"href":"https:\/\/www.sunkaraoke.hu\/index.php\/wp-json\/wp\/v2\/product"}],"about":[{"href":"https:\/\/www.sunkaraoke.hu\/index.php\/wp-json\/wp\/v2\/types\/product"}],"wp:featuredmedia":[{"embeddable":true,"href":"https:\/\/www.sunkaraoke.hu\/index.php\/wp-json\/wp\/v2\/media\/6147"}],"wp:attachment":[{"href":"https:\/\/www.sunkaraoke.hu\/index.php\/wp-json\/wp\/v2\/media?parent=5082"}],"wp:term":[{"taxonomy":"product_cat","embeddable":true,"href":"https:\/\/www.sunkaraoke.hu\/index.php\/wp-json\/wp\/v2\/product_cat?post=5082"},{"taxonomy":"product_tag","embeddable":true,"href":"https:\/\/www.sunkaraoke.hu\/index.php\/wp-json\/wp\/v2\/product_tag?post=5082"}],"curies":[{"name":"wp","href":"https:\/\/api.w.org\/{rel}","templated":true}]}}