{"id":5068,"date":"2022-08-08T20:48:33","date_gmt":"2022-08-08T20:48:33","guid":{"rendered":"https:\/\/www.sunkaraoke.hu\/index.php\/termek\/bodi-csabi-hej-na-na-na-2016\/"},"modified":"2025-06-08T06:49:05","modified_gmt":"2025-06-08T04:49:05","slug":"bodi-csabi-hej-na-na-na-2016","status":"publish","type":"product","link":"https:\/\/www.sunkaraoke.hu\/index.php\/termek\/bodi-csabi-hej-na-na-na-2016\/","title":{"rendered":"<div class=\"wcmp-player-container product-5068\"><audio controlslist=\"nodownload\" data-product=\"5068\"  volume=\"1\"  preload=\"none\" data-lazyloading=\"none\" class=\"wcmp-player track mejs-classic\" data-duration=\"0:31\" data-estimated_duration=\"4\"><source src=\"https:\/\/www.sunkaraoke.hu\/wp-content\/uploads\/2022\/08\/Hej-na-na-Bodi-2016.-Edemooo.mp3\" type=\"audio\/mp3\" \/><\/audio><\/div>B\u00f3di Csabi &#8211; H\u00e9j n\u00e1 n\u00e1 n\u00e1 (Original)"},"content":{"rendered":"<p><strong>02:23<\/strong> | <strong><img loading=\"lazy\" decoding=\"async\" class=\"alignnone size-full wp-image-467\" src=\"https:\/\/www.sunkaraoke.hu\/wp-content\/uploads\/2022\/07\/choir_2-copy.webp\" alt=\"\" width=\"30\" height=\"30\" \/> <\/strong><\/p>\n","protected":false},"excerpt":{"rendered":"<h6><strong>Bits\u0171r\u0171s\u00e9g: 320<\/strong>kb\/s<strong><br \/>\n<\/strong><strong>Hossz: <\/strong>02:23<strong><br \/>\n<\/strong><strong style=\"font-size: 16px;\">Vok\u00e1lt tartalmaz: <\/strong>Nem <img loading=\"lazy\" decoding=\"async\" class=\"alignnone size-full wp-image-467\" src=\"http:\/\/www.sunkaraoke.hu\/wp-content\/uploads\/2022\/07\/choir_2-copy.png\" alt=\"\" width=\"30\" height=\"30\" \/><strong style=\"font-size: 16px;\"><br \/>\n<\/strong><\/h6>\n<p>Sunkaraoke mp3 st\u00fadi\u00f3 \/ www.sunkaraoke.hu \/ Inf: Tel: 06 20 4275001<\/p>\n<p>&#8212;Intr\u00f3&#8212;<br \/>\nP\u00e1, r\u00e1, p\u00e1, p\u00e1 ,r\u00e1&#8230;.<br \/>\n&#8212;Sz\u00f3l\u00f3&#8212;<br \/>\nAny\u00e1nak a b\u00fcszkes\u00e9ge, ap\u00e1nak a szeme f\u00e9nye,<br \/>\nsz\u00e9p gyermekem, sz\u00e9p gyermekem,<br \/>\nte vagy ami b\u00fcszkes\u00e9g\u00fcnk, te vagy ami f\u00f6ldi kincs\u00fcnk,<br \/>\nsz\u00e9p gyermekem, sz\u00e9p gyermekem.<br \/>\nMinden \u00e9vben erre v\u00e1runk, ez\u00e9rt mulat a csal\u00e1dunk,<br \/>\ns\u00e9j, n\u00e1, n\u00e1, n\u00e1, n\u00e1,s\u00e9j, n\u00e1, n\u00e1, n\u00e1, n\u00e1,<br \/>\nboldog legy\u00e9l azt k\u00edv\u00e1nom , a vil\u00e1gon nincsen p\u00e1rod,<br \/>\nsz\u00e9p gyermekem, sz\u00e9p gyermekem.<br \/>\n&#8212;Sz\u00f3l\u00f3&#8212;<br \/>\nAny\u00e1nak a b\u00fcszkes\u00e9ge, ap\u00e1nak a szeme f\u00e9nye,<br \/>\nsz\u00e9p gyermekem, sz\u00e9p gyermekem,<br \/>\nsz\u00e9p vagy, sz\u00e9p gyermekem,n\u00e1,n\u00e1,n\u00e1&#8230;<\/p>\n<p>Ezer f\u0151s a buli n\u00e1lunk, h\u00e1rom napig meg sem \u00e1llunk,<br \/>\ns\u00e9j, n\u00e1, n\u00e1, n\u00e1, n\u00e1,s\u00e9j, n\u00e1, n\u00e1, n\u00e1, n\u00e1,<br \/>\nvan bor,van,s\u00f6r,van p\u00e1linka, bacardi,whisky,k\u00f3la,<br \/>\ns\u00e9j, n\u00e1, n\u00e1, n\u00e1, n\u00e1,s\u00e9j, n\u00e1, n\u00e1, n\u00e1, n\u00e1.<br \/>\nMinden \u00e9vben erre v\u00e1runk, ez\u00e9rt mulat a csal\u00e1dunk,<br \/>\ns\u00e9j, n\u00e1, n\u00e1, n\u00e1, n\u00e1,s\u00e9j, n\u00e1, n\u00e1, n\u00e1, n\u00e1,<br \/>\nboldog legy\u00e9l azt k\u00edv\u00e1nom , a vil\u00e1gon nincsen p\u00e1rod<br \/>\ns\u00e9j, n\u00e1, n\u00e1, n\u00e1, n\u00e1,s\u00e9j, n\u00e1, n\u00e1, n\u00e1, n\u00e1.<br \/>\n&#8212;V\u00e9ge&#8212;<\/p>\n","protected":false},"featured_media":8742,"template":"","meta":{"site-sidebar-layout":"default","site-content-layout":"default","ast-site-content-layout":"default","site-content-style":"default","site-sidebar-style":"default","ast-global-header-display":"","ast-banner-title-visibility":"","ast-main-header-display":"","ast-hfb-above-header-display":"","ast-hfb-below-header-display":"","ast-hfb-mobile-header-display":"","site-post-title":"","ast-breadcrumbs-content":"","ast-featured-img":"","footer-sml-layout":"","theme-transparent-header-meta":"default","adv-header-id-meta":"","stick-header-meta":"","header-above-stick-meta":"","header-main-stick-meta":"","header-below-stick-meta":"","astra-migrate-meta-layouts":"set","ast-page-background-enabled":"default","ast-page-background-meta":{"desktop":{"background-color":"var(--ast-global-color-4)","background-image":"","background-repeat":"repeat","background-position":"center center","background-size":"auto","background-attachment":"scroll","background-type":"","background-media":"","overlay-type":"","overlay-color":"","overlay-opacity":"","overlay-gradient":""},"tablet":{"background-color":"","background-image":"","background-repeat":"repeat","background-position":"center center","background-size":"auto","background-attachment":"scroll","background-type":"","background-media":"","overlay-type":"","overlay-color":"","overlay-opacity":"","overlay-gradient":""},"mobile":{"background-color":"","background-image":"","background-repeat":"repeat","background-position":"center center","background-size":"auto","background-attachment":"scroll","background-type":"","background-media":"","overlay-type":"","overlay-color":"","overlay-opacity":"","overlay-gradient":""}},"ast-content-background-meta":{"desktop":{"background-color":"var(--ast-global-color-5)","background-image":"","background-repeat":"repeat","background-position":"center center","background-size":"auto","background-attachment":"scroll","background-type":"","background-media":"","overlay-type":"","overlay-color":"","overlay-opacity":"","overlay-gradient":""},"tablet":{"background-color":"var(--ast-global-color-5)","background-image":"","background-repeat":"repeat","background-position":"center center","background-size":"auto","background-attachment":"scroll","background-type":"","background-media":"","overlay-type":"","overlay-color":"","overlay-opacity":"","overlay-gradient":""},"mobile":{"background-color":"var(--ast-global-color-5)","background-image":"","background-repeat":"repeat","background-position":"center center","background-size":"auto","background-attachment":"scroll","background-type":"","background-media":"","overlay-type":"","overlay-color":"","overlay-opacity":"","overlay-gradient":""}}},"product_cat":[58],"product_tag":[],"class_list":["post-5068","product","type-product","status-publish","has-post-thumbnail","hentry","product_cat-erdelyi-zoltan","desktop-align-left","tablet-align-left","mobile-align-left"],"_links":{"self":[{"href":"https:\/\/www.sunkaraoke.hu\/index.php\/wp-json\/wp\/v2\/product\/5068","targetHints":{"allow":["GET"]}}],"collection":[{"href":"https:\/\/www.sunkaraoke.hu\/index.php\/wp-json\/wp\/v2\/product"}],"about":[{"href":"https:\/\/www.sunkaraoke.hu\/index.php\/wp-json\/wp\/v2\/types\/product"}],"wp:featuredmedia":[{"embeddable":true,"href":"https:\/\/www.sunkaraoke.hu\/index.php\/wp-json\/wp\/v2\/media\/8742"}],"wp:attachment":[{"href":"https:\/\/www.sunkaraoke.hu\/index.php\/wp-json\/wp\/v2\/media?parent=5068"}],"wp:term":[{"taxonomy":"product_cat","embeddable":true,"href":"https:\/\/www.sunkaraoke.hu\/index.php\/wp-json\/wp\/v2\/product_cat?post=5068"},{"taxonomy":"product_tag","embeddable":true,"href":"https:\/\/www.sunkaraoke.hu\/index.php\/wp-json\/wp\/v2\/product_tag?post=5068"}],"curies":[{"name":"wp","href":"https:\/\/api.w.org\/{rel}","templated":true}]}}