{"id":5065,"date":"2022-08-08T20:48:33","date_gmt":"2022-08-08T20:48:33","guid":{"rendered":"https:\/\/www.sunkaraoke.hu\/index.php\/termek\/yanni-szerelmes-lett-az-en-szivem\/"},"modified":"2025-04-11T17:12:41","modified_gmt":"2025-04-11T17:12:41","slug":"yanni-szerelmes-lett-az-en-szivem","status":"publish","type":"product","link":"https:\/\/www.sunkaraoke.hu\/index.php\/termek\/yanni-szerelmes-lett-az-en-szivem\/","title":{"rendered":"<div class=\"wcmp-player-container product-5065\"><audio controlslist=\"nodownload\" data-product=\"5065\"  volume=\"1\"  preload=\"none\" data-lazyloading=\"none\" class=\"wcmp-player track mejs-classic\" data-duration=\"0:34\" data-estimated_duration=\"4\"><source src=\"https:\/\/www.sunkaraoke.hu\/wp-content\/uploads\/2022\/08\/Szerelmes-lett-az-en-Daavid-SB.-kdemoo.mp3\" type=\"audio\/mp3\" \/><\/audio><\/div>Yanni &#8211; Szerelmes lett az \u00e9n sz\u00edvem (Original SB Edition)"},"content":{"rendered":"<p><strong>03:14<\/strong> | <strong><img loading=\"lazy\" decoding=\"async\" class=\"alignnone size-full wp-image-467\" src=\"https:\/\/www.sunkaraoke.hu\/wp-content\/uploads\/2022\/07\/choir_2-copy.webp\" alt=\"\" width=\"30\" height=\"30\" \/> <\/strong><\/p>\n","protected":false},"excerpt":{"rendered":"<h6><strong>Bits\u0171r\u0171s\u00e9g: 320<\/strong>kb\/s<strong><br \/>\n<\/strong><strong>Hossz: <\/strong>03:14<strong><br \/>\n<\/strong><strong style=\"font-size: 16px;\">Vok\u00e1lt tartalmaz: <\/strong>Nem <img loading=\"lazy\" decoding=\"async\" class=\"alignnone size-full wp-image-467\" src=\"http:\/\/www.sunkaraoke.hu\/wp-content\/uploads\/2022\/07\/choir_2-copy.png\" alt=\"\" width=\"30\" height=\"30\" \/><strong style=\"font-size: 16px;\"><br \/>\n<\/strong><\/h6>\n<p>Sunkaraoke mp3 st\u00fadi\u00f3 \/ www.sunkaraoke.hu \/ Inf: Tel: 06 20 4275001<\/p>\n<p>&#8212;Intr\u00f3&#8212;<br \/>\nS\u00e1rga rig\u00f3 sz\u00e1ll az \u00e9gen, de j\u00f3 kedvem van ma n\u00e9kem,<br \/>\nde j\u00f3 kedvem van ma n\u00e9kem, \u00fagy \u00e9rzem.<br \/>\nSzerelmes lett az \u00e9n sz\u00edvem, \u0151 lett az \u00e9n f\u00e9ltett kincsem,<br \/>\njaj Istenem mit tegyek.<br \/>\nSzerelmes lett az \u00e9n sz\u00edvem, rajta k\u00edv\u00fcl m\u00e1som sincsen,<br \/>\njaj m\u00e9rt van \u00edgy, de szeretem.<br \/>\n&#8212;Sz\u00f3l\u00f3&#8212;<br \/>\nA faluba \u00e9n bemegyek, ott v\u00e1r r\u00e1m a szerelmem,<br \/>\nott v\u00e1r r\u00e1m a szerelmem, ma \u00e9jjel.<br \/>\nSzerelmes lett az \u00e9n sz\u00edvem, \u0151 lett az \u00e9n f\u00e9ltett kincsem,<br \/>\njaj Istenem mit tegyek.<br \/>\nSzerelmes lett az \u00e9n sz\u00edvem, rajta k\u00edv\u00fcl m\u00e1som sincsen,<br \/>\njaj m\u00e9rt van \u00edgy, de szeretem.<br \/>\n&#8212;Sz\u00f3l\u00f3&#8212;<br \/>\nSzerelmes lett az \u00e9n sz\u00edvem, \u0151 lett az \u00e9n f\u00e9ltett kincsem,<br \/>\njaj Istenem mit tegyek.<br \/>\nSzerelmes lett az \u00e9n sz\u00edvem, rajta k\u00edv\u00fcl m\u00e1som sincsen,<br \/>\njaj m\u00e9rt van \u00edgy, de szeretem.<br \/>\nSzerelmes lett az \u00e9n sz\u00edvem, \u0151 lett az \u00e9n f\u00e9ltett kincsem,<br \/>\njaj Istenem mit tegyek.<br \/>\nSzerelmes lett az \u00e9n sz\u00edvem, rajta k\u00edv\u00fcl m\u00e1som sincsen,<br \/>\njaj m\u00e9rt van \u00edgy, de szeretem.<br \/>\n&#8212;V\u00e9ge&#8212;<\/p>\n","protected":false},"featured_media":9506,"template":"","meta":{"site-sidebar-layout":"default","site-content-layout":"default","ast-site-content-layout":"default","site-content-style":"default","site-sidebar-style":"default","ast-global-header-display":"","ast-banner-title-visibility":"","ast-main-header-display":"","ast-hfb-above-header-display":"","ast-hfb-below-header-display":"","ast-hfb-mobile-header-display":"","site-post-title":"","ast-breadcrumbs-content":"","ast-featured-img":"","footer-sml-layout":"","theme-transparent-header-meta":"default","adv-header-id-meta":"","stick-header-meta":"","header-above-stick-meta":"","header-main-stick-meta":"","header-below-stick-meta":"","astra-migrate-meta-layouts":"set","ast-page-background-enabled":"default","ast-page-background-meta":{"desktop":{"background-color":"var(--ast-global-color-4)","background-image":"","background-repeat":"repeat","background-position":"center center","background-size":"auto","background-attachment":"scroll","background-type":"","background-media":"","overlay-type":"","overlay-color":"","overlay-opacity":"","overlay-gradient":""},"tablet":{"background-color":"","background-image":"","background-repeat":"repeat","background-position":"center center","background-size":"auto","background-attachment":"scroll","background-type":"","background-media":"","overlay-type":"","overlay-color":"","overlay-opacity":"","overlay-gradient":""},"mobile":{"background-color":"","background-image":"","background-repeat":"repeat","background-position":"center center","background-size":"auto","background-attachment":"scroll","background-type":"","background-media":"","overlay-type":"","overlay-color":"","overlay-opacity":"","overlay-gradient":""}},"ast-content-background-meta":{"desktop":{"background-color":"var(--ast-global-color-5)","background-image":"","background-repeat":"repeat","background-position":"center center","background-size":"auto","background-attachment":"scroll","background-type":"","background-media":"","overlay-type":"","overlay-color":"","overlay-opacity":"","overlay-gradient":""},"tablet":{"background-color":"var(--ast-global-color-5)","background-image":"","background-repeat":"repeat","background-position":"center center","background-size":"auto","background-attachment":"scroll","background-type":"","background-media":"","overlay-type":"","overlay-color":"","overlay-opacity":"","overlay-gradient":""},"mobile":{"background-color":"var(--ast-global-color-5)","background-image":"","background-repeat":"repeat","background-position":"center center","background-size":"auto","background-attachment":"scroll","background-type":"","background-media":"","overlay-type":"","overlay-color":"","overlay-opacity":"","overlay-gradient":""}}},"product_cat":[48],"product_tag":[],"class_list":["post-5065","product","type-product","status-publish","has-post-thumbnail","hentry","product_cat-sunkaraoke-dalok","desktop-align-left","tablet-align-left","mobile-align-left"],"_links":{"self":[{"href":"https:\/\/www.sunkaraoke.hu\/index.php\/wp-json\/wp\/v2\/product\/5065","targetHints":{"allow":["GET"]}}],"collection":[{"href":"https:\/\/www.sunkaraoke.hu\/index.php\/wp-json\/wp\/v2\/product"}],"about":[{"href":"https:\/\/www.sunkaraoke.hu\/index.php\/wp-json\/wp\/v2\/types\/product"}],"wp:featuredmedia":[{"embeddable":true,"href":"https:\/\/www.sunkaraoke.hu\/index.php\/wp-json\/wp\/v2\/media\/9506"}],"wp:attachment":[{"href":"https:\/\/www.sunkaraoke.hu\/index.php\/wp-json\/wp\/v2\/media?parent=5065"}],"wp:term":[{"taxonomy":"product_cat","embeddable":true,"href":"https:\/\/www.sunkaraoke.hu\/index.php\/wp-json\/wp\/v2\/product_cat?post=5065"},{"taxonomy":"product_tag","embeddable":true,"href":"https:\/\/www.sunkaraoke.hu\/index.php\/wp-json\/wp\/v2\/product_tag?post=5065"}],"curies":[{"name":"wp","href":"https:\/\/api.w.org\/{rel}","templated":true}]}}