{"id":5064,"date":"2022-08-08T20:48:33","date_gmt":"2022-08-08T20:48:33","guid":{"rendered":"https:\/\/www.sunkaraoke.hu\/index.php\/termek\/tesok-jo-istenem\/"},"modified":"2025-04-11T17:20:49","modified_gmt":"2025-04-11T17:20:49","slug":"tesok-jo-istenem","status":"publish","type":"product","link":"https:\/\/www.sunkaraoke.hu\/index.php\/termek\/tesok-jo-istenem\/","title":{"rendered":"<div class=\"wcmp-player-container product-5064\"><audio controlslist=\"nodownload\" data-product=\"5064\"  volume=\"1\"  preload=\"none\" data-lazyloading=\"none\" class=\"wcmp-player track mejs-classic\" data-duration=\"0:31\" data-estimated_duration=\"4\"><source src=\"https:\/\/www.sunkaraoke.hu\/wp-content\/uploads\/2022\/08\/Jo-istenem-Tesok-SB.-_demo.mp3\" type=\"audio\/mp3\" \/><\/audio><\/div>Tes\u00f3k &#8211; J\u00f3 Istenem (Original)"},"content":{"rendered":"<p><strong>03:19<\/strong> | <strong><img loading=\"lazy\" decoding=\"async\" class=\"alignnone size-full wp-image-467\" src=\"https:\/\/www.sunkaraoke.hu\/wp-content\/uploads\/2022\/07\/choir_2-copy.webp\" alt=\"\" width=\"30\" height=\"30\" \/> <\/strong><\/p>\n","protected":false},"excerpt":{"rendered":"<h6><strong>Bits\u0171r\u0171s\u00e9g: 320 kb\/s<\/strong><br \/>\n<strong>Hossz: 03:19<\/strong><br \/>\n<strong>Vok\u00e1lt tartalmaz: Nem <img loading=\"lazy\" decoding=\"async\" class=\"alignnone size-full wp-image-467\" src=\"http:\/\/www.sunkaraoke.hu\/wp-content\/uploads\/2022\/07\/choir_2-copy.png\" alt=\"\" width=\"30\" height=\"30\" \/><\/strong><strong style=\"font-size: 16px;\"><br \/>\n<\/strong><\/h6>\n<p>Sunkaraoke mp3 st\u00fadi\u00f3 \/ www.sunkaraoke.hu \/ Inf: Tel: 06 20 4275001<\/p>\n<p>&#8212;Intr\u00f3&#8212;<br \/>\nJ\u00f3 istenem adj\u00e1l n\u00e9kem, egy icipici boldogs\u00e1got,<br \/>\nmostan\u00e1ban csak h\u00fazattam, a sok l\u00f3v\u00e9t elmulattam,<br \/>\ncsin\u00e1ltam az ad\u00f3ss\u00e1got.<br \/>\nIttam reggel , ittam este, aj de nagyon boldog voltam,<br \/>\nde elfogyott m\u00e1r minden p\u00e9nzem, elhagyott a feles\u00e9gem,<br \/>\n\u00edgy hozz\u00e1d fordultam.<br \/>\nDe elfogyott m\u00e1r minden p\u00e9nzem, elhagyott a feles\u00e9gem,<br \/>\n\u00edgy hozz\u00e1d fordultam.<\/p>\n<p>\u00c1j,l\u00e1j,l\u00e1j,l\u00e1j,d\u00e9,d\u00e1,r\u00e1,d\u00e9,d\u00e1,r\u00e1,d\u00e9,t\u00e1ncol a csillagos \u00e9g,<br \/>\noj,oj,oj,d\u00e1,d\u00e1,r\u00e1,l\u00e1j,m\u00edg a testv\u00e9rem itt muzsik\u00e1l.<br \/>\n\u00c1j,l\u00e1j,l\u00e1j,l\u00e1j,d\u00e9,d\u00e1,r\u00e1,d\u00e9,d\u00e1,r\u00e1,d\u00e9,t\u00e1ncol a csillagos \u00e9g,<br \/>\noj,oj,oj,d\u00e1,d\u00e1,r\u00e1,l\u00e1j,m\u00edg a testv\u00e9rem itt muzsik\u00e1l.<br \/>\n&#8212;Sz\u00f3l\u00f3&#8212;<\/p>\n<p>J\u00f3 istenem k\u00e9rlek t\u00e9ged, n\u00e9zd el nekem utolj\u00e1ra,<br \/>\ntudom hogy a f\u00f6ld\u00f6n nincsen, n\u00e1lam nagyobb hazug ember,<br \/>\nsej a nagyvil\u00e1gba.<br \/>\nSeg\u00edts meg hogy r\u00e1tal\u00e1ljak, istenem a boldogs\u00e1gra,<br \/>\nhogy utalj\u00e1tok kis \u00f6sszegben, eur\u00f3ba hogyha lehet,<br \/>\naz \u00e9n banksz\u00e1ml\u00e1mra.<br \/>\nHogy utalj\u00e1tok kis \u00f6sszegben, eur\u00f3ba hogyha lehet,<br \/>\naz \u00e9n banksz\u00e1ml\u00e1mra.<\/p>\n<p>\u00c1j,l\u00e1j,l\u00e1j,l\u00e1j,d\u00e9,d\u00e1,r\u00e1,d\u00e9,d\u00e1,r\u00e1,d\u00e9,t\u00e1ncol a csillagos \u00e9g,<br \/>\noj,oj,oj,d\u00e1,d\u00e1,r\u00e1,l\u00e1j,m\u00edg a testv\u00e9rem itt muzsik\u00e1l.<br \/>\n\u00c1j,l\u00e1j,l\u00e1j,l\u00e1j,d\u00e9,d\u00e1,r\u00e1,d\u00e9,d\u00e1,r\u00e1,d\u00e9,t\u00e1ncol a csillagos \u00e9g,<br \/>\noj,oj,oj,d\u00e1,d\u00e1,r\u00e1,l\u00e1j,m\u00edg a testv\u00e9rem itt muzsik\u00e1l.<br \/>\n&#8212;Sz\u00f3l\u00f3&#8212;<br \/>\nJ\u00f3 istenem adj\u00e1l n\u00e9kem, egy icipici boldogs\u00e1got,<br \/>\nmostan\u00e1ban csak h\u00fazattam, a sok l\u00f3v\u00e9t elmulattam,<br \/>\ncsin\u00e1ltam az ad\u00f3ss\u00e1got.<br \/>\nIttam reggel , ittam este, aj de nagyon boldog voltam,<br \/>\nde elfogyott m\u00e1r minden p\u00e9nzem, elhagyott a feles\u00e9gem,<br \/>\n\u00edgy hozz\u00e1d fordultam.<br \/>\nDe elfogyott m\u00e1r minden p\u00e9nzem, elhagyott a feles\u00e9gem,<br \/>\n\u00edgy hozz\u00e1d fordultam.<\/p>\n<p>&#8212;V\u00e9ge&#8211;<\/p>\n","protected":false},"featured_media":8715,"template":"","meta":{"site-sidebar-layout":"default","site-content-layout":"default","ast-site-content-layout":"default","site-content-style":"default","site-sidebar-style":"default","ast-global-header-display":"","ast-banner-title-visibility":"","ast-main-header-display":"","ast-hfb-above-header-display":"","ast-hfb-below-header-display":"","ast-hfb-mobile-header-display":"","site-post-title":"","ast-breadcrumbs-content":"","ast-featured-img":"","footer-sml-layout":"","theme-transparent-header-meta":"default","adv-header-id-meta":"","stick-header-meta":"","header-above-stick-meta":"","header-main-stick-meta":"","header-below-stick-meta":"","astra-migrate-meta-layouts":"set","ast-page-background-enabled":"default","ast-page-background-meta":{"desktop":{"background-color":"var(--ast-global-color-4)","background-image":"","background-repeat":"repeat","background-position":"center center","background-size":"auto","background-attachment":"scroll","background-type":"","background-media":"","overlay-type":"","overlay-color":"","overlay-opacity":"","overlay-gradient":""},"tablet":{"background-color":"","background-image":"","background-repeat":"repeat","background-position":"center center","background-size":"auto","background-attachment":"scroll","background-type":"","background-media":"","overlay-type":"","overlay-color":"","overlay-opacity":"","overlay-gradient":""},"mobile":{"background-color":"","background-image":"","background-repeat":"repeat","background-position":"center center","background-size":"auto","background-attachment":"scroll","background-type":"","background-media":"","overlay-type":"","overlay-color":"","overlay-opacity":"","overlay-gradient":""}},"ast-content-background-meta":{"desktop":{"background-color":"var(--ast-global-color-5)","background-image":"","background-repeat":"repeat","background-position":"center center","background-size":"auto","background-attachment":"scroll","background-type":"","background-media":"","overlay-type":"","overlay-color":"","overlay-opacity":"","overlay-gradient":""},"tablet":{"background-color":"var(--ast-global-color-5)","background-image":"","background-repeat":"repeat","background-position":"center center","background-size":"auto","background-attachment":"scroll","background-type":"","background-media":"","overlay-type":"","overlay-color":"","overlay-opacity":"","overlay-gradient":""},"mobile":{"background-color":"var(--ast-global-color-5)","background-image":"","background-repeat":"repeat","background-position":"center center","background-size":"auto","background-attachment":"scroll","background-type":"","background-media":"","overlay-type":"","overlay-color":"","overlay-opacity":"","overlay-gradient":""}}},"product_cat":[48],"product_tag":[],"class_list":["post-5064","product","type-product","status-publish","has-post-thumbnail","hentry","product_cat-sunkaraoke-dalok","desktop-align-left","tablet-align-left","mobile-align-left"],"_links":{"self":[{"href":"https:\/\/www.sunkaraoke.hu\/index.php\/wp-json\/wp\/v2\/product\/5064","targetHints":{"allow":["GET"]}}],"collection":[{"href":"https:\/\/www.sunkaraoke.hu\/index.php\/wp-json\/wp\/v2\/product"}],"about":[{"href":"https:\/\/www.sunkaraoke.hu\/index.php\/wp-json\/wp\/v2\/types\/product"}],"wp:featuredmedia":[{"embeddable":true,"href":"https:\/\/www.sunkaraoke.hu\/index.php\/wp-json\/wp\/v2\/media\/8715"}],"wp:attachment":[{"href":"https:\/\/www.sunkaraoke.hu\/index.php\/wp-json\/wp\/v2\/media?parent=5064"}],"wp:term":[{"taxonomy":"product_cat","embeddable":true,"href":"https:\/\/www.sunkaraoke.hu\/index.php\/wp-json\/wp\/v2\/product_cat?post=5064"},{"taxonomy":"product_tag","embeddable":true,"href":"https:\/\/www.sunkaraoke.hu\/index.php\/wp-json\/wp\/v2\/product_tag?post=5064"}],"curies":[{"name":"wp","href":"https:\/\/api.w.org\/{rel}","templated":true}]}}