{"id":5057,"date":"2022-08-08T20:48:32","date_gmt":"2022-08-08T20:48:32","guid":{"rendered":"https:\/\/www.sunkaraoke.hu\/index.php\/termek\/postas-jozsi-kell-a-szerelem\/"},"modified":"2025-04-01T16:10:34","modified_gmt":"2025-04-01T16:10:34","slug":"postas-jozsi-kell-a-szerelem","status":"publish","type":"product","link":"https:\/\/www.sunkaraoke.hu\/index.php\/termek\/postas-jozsi-kell-a-szerelem\/","title":{"rendered":"<div class=\"wcmp-player-container product-5057\"><audio controlslist=\"nodownload\" data-product=\"5057\"  volume=\"1\"  preload=\"none\" data-lazyloading=\"none\" class=\"wcmp-player track mejs-classic\" data-duration=\"0:34\" data-estimated_duration=\"4\"><source src=\"https:\/\/www.sunkaraoke.hu\/wp-content\/uploads\/2022\/08\/Kell-a-szerelem-voc.-demooo.mp3\" type=\"audio\/mp3\" \/><\/audio><\/div>Post\u00e1s J\u00f3zsi &#8211; Kell a szerelem (Original)"},"content":{"rendered":"<p><strong>03:42<\/strong> | <strong><img loading=\"lazy\" decoding=\"async\" class=\"alignnone size-full wp-image-466\" src=\"https:\/\/www.sunkaraoke.hu\/wp-content\/uploads\/2022\/07\/choir_1-copy.webp\" alt=\"\" width=\"30\" height=\"30\" \/> <\/strong><\/p>\n","protected":false},"excerpt":{"rendered":"<h6><strong>Bits\u0171r\u0171s\u00e9g: 320<\/strong>kb\/s<strong><br \/>\n<\/strong><strong>Hossz: <\/strong>03:42<strong><br \/>\n<\/strong><strong style=\"font-size: 16px;\">Vok\u00e1lt tartalmaz: <\/strong>Igen <img loading=\"lazy\" decoding=\"async\" class=\"alignnone size-full wp-image-466\" src=\"http:\/\/www.sunkaraoke.hu\/wp-content\/uploads\/2022\/07\/choir_1-copy.png\" alt=\"\" width=\"30\" height=\"30\" \/><strong style=\"font-size: 16px;\"><br \/>\n<\/strong><\/h6>\n<p>Sunkaraoke mp3 st\u00fadi\u00f3 \/ www.sunkaraoke.hu \/ Inf: Tel: 06 20 4275001<\/p>\n<p>&#8212;Intr\u00f3&#8212;<br \/>\nMegtal\u00e1ltam \u00e9n kit kerestem,<br \/>\nc\u00e9lba \u00e9rt most v\u00e9gre a sz\u00edvem,<br \/>\nazt hittem \u00e1lom volt csup\u00e1n,<br \/>\nahogy \u00e1t\u00f6leltelek, \u00e9s k\u00e9z a k\u00e9zben indultunk tov\u00e1bb.<\/p>\n<p>L\u00e1tod, zuhog az es\u0151, kell a szerelem,<br \/>\nminden \u00e9jszak\u00e1n,<br \/>\nsodorja a sz\u00e9l, de messze m\u00e9g az \u00e9j, c\u00e9lhoz \u00e9r tal\u00e1n.<br \/>\nSz\u00edved dobban m\u00e9g az \u00faton, ha elindulsz fel\u00e9m,<br \/>\nmeg se \u00e1llj m\u00edg el nem \u00e9red, a sz\u00edvemet ma m\u00e9g.<\/p>\n<p>Annyi \u00e9ve v\u00e1rtam m\u00e1r re\u00e1d,<br \/>\nmag\u00e1nyos volt minden d\u00e9lut\u00e1n,<br \/>\nn\u00e9lk\u00fcled mit sem \u00e9r az \u00e9let,<br \/>\nlassan m\u00falik el, szeretn\u00e9m ha nem engedn\u00e9l el.<\/p>\n<p>L\u00e1tod, zuhog az es\u0151, kell a szerelem,<br \/>\nminden \u00e9jszak\u00e1n,<br \/>\nsodorja a sz\u00e9l, de messze m\u00e9g az \u00e9j, c\u00e9lhoz \u00e9r tal\u00e1n.<br \/>\nSz\u00edved dobban m\u00e9g az \u00faton, ha elindulsz fel\u00e9m,<br \/>\nmeg se \u00e1llj m\u00edg el nem \u00e9red, a sz\u00edvemet ma m\u00e9g.<br \/>\nL\u00e1tod, zuhog az es\u0151, kell a szerelem,<br \/>\nminden \u00e9jszak\u00e1n,<br \/>\nsodorja a sz\u00e9l, de messze m\u00e9g az \u00e9j, c\u00e9lhoz \u00e9r tal\u00e1n.<br \/>\nSz\u00edved dobban m\u00e9g az \u00faton, ha elindulsz fel\u00e9m,<br \/>\nmeg se \u00e1llj m\u00edg el nem \u00e9red, a sz\u00edvemet ma m\u00e9g.<br \/>\n&#8212;Sz\u00f3l\u00f3&#8212;<br \/>\nN\u00e9lk\u00fcled mit sem \u00e9r az \u00e9let,<br \/>\nlassan m\u00falik el, szeretn\u00e9m ha nem engedn\u00e9l el.<br \/>\nL\u00e1tod, zuhog az es\u0151, kell a szerelem,<br \/>\nminden \u00e9jszak\u00e1n,<br \/>\nsodorja a sz\u00e9l, de messze m\u00e9g az \u00e9j, c\u00e9lhoz \u00e9r tal\u00e1n.<br \/>\nSz\u00edved dobban m\u00e9g az \u00faton, ha elindulsz fel\u00e9m,<br \/>\nmeg se \u00e1llj m\u00edg el nem \u00e9red, a sz\u00edvemet ma m\u00e9g.<br \/>\nL\u00e1tod, zuhog az es\u0151, kell a szerelem,<br \/>\nminden \u00e9jszak\u00e1n,<br \/>\nsodorja a sz\u00e9l, de messze m\u00e9g az \u00e9j, c\u00e9lhoz \u00e9r tal\u00e1n.<br \/>\nSz\u00edved dobban m\u00e9g az \u00faton, ha elindulsz fel\u00e9m,<br \/>\nmeg se \u00e1llj m\u00edg el nem \u00e9red, a sz\u00edvemet ma m\u00e9g.<br \/>\n&#8212;V\u00e9ge&#8212;<\/p>\n","protected":false},"featured_media":9011,"template":"","meta":{"site-sidebar-layout":"default","site-content-layout":"default","ast-site-content-layout":"default","site-content-style":"default","site-sidebar-style":"default","ast-global-header-display":"","ast-banner-title-visibility":"","ast-main-header-display":"","ast-hfb-above-header-display":"","ast-hfb-below-header-display":"","ast-hfb-mobile-header-display":"","site-post-title":"","ast-breadcrumbs-content":"","ast-featured-img":"","footer-sml-layout":"","theme-transparent-header-meta":"default","adv-header-id-meta":"","stick-header-meta":"","header-above-stick-meta":"","header-main-stick-meta":"","header-below-stick-meta":"","astra-migrate-meta-layouts":"set","ast-page-background-enabled":"default","ast-page-background-meta":{"desktop":{"background-color":"var(--ast-global-color-4)","background-image":"","background-repeat":"repeat","background-position":"center center","background-size":"auto","background-attachment":"scroll","background-type":"","background-media":"","overlay-type":"","overlay-color":"","overlay-opacity":"","overlay-gradient":""},"tablet":{"background-color":"","background-image":"","background-repeat":"repeat","background-position":"center center","background-size":"auto","background-attachment":"scroll","background-type":"","background-media":"","overlay-type":"","overlay-color":"","overlay-opacity":"","overlay-gradient":""},"mobile":{"background-color":"","background-image":"","background-repeat":"repeat","background-position":"center center","background-size":"auto","background-attachment":"scroll","background-type":"","background-media":"","overlay-type":"","overlay-color":"","overlay-opacity":"","overlay-gradient":""}},"ast-content-background-meta":{"desktop":{"background-color":"var(--ast-global-color-5)","background-image":"","background-repeat":"repeat","background-position":"center center","background-size":"auto","background-attachment":"scroll","background-type":"","background-media":"","overlay-type":"","overlay-color":"","overlay-opacity":"","overlay-gradient":""},"tablet":{"background-color":"var(--ast-global-color-5)","background-image":"","background-repeat":"repeat","background-position":"center center","background-size":"auto","background-attachment":"scroll","background-type":"","background-media":"","overlay-type":"","overlay-color":"","overlay-opacity":"","overlay-gradient":""},"mobile":{"background-color":"var(--ast-global-color-5)","background-image":"","background-repeat":"repeat","background-position":"center center","background-size":"auto","background-attachment":"scroll","background-type":"","background-media":"","overlay-type":"","overlay-color":"","overlay-opacity":"","overlay-gradient":""}}},"product_cat":[46],"product_tag":[],"class_list":["post-5057","product","type-product","status-publish","has-post-thumbnail","hentry","product_cat-eredeti-karaoke-dalok","desktop-align-left","tablet-align-left","mobile-align-left"],"_links":{"self":[{"href":"https:\/\/www.sunkaraoke.hu\/index.php\/wp-json\/wp\/v2\/product\/5057","targetHints":{"allow":["GET"]}}],"collection":[{"href":"https:\/\/www.sunkaraoke.hu\/index.php\/wp-json\/wp\/v2\/product"}],"about":[{"href":"https:\/\/www.sunkaraoke.hu\/index.php\/wp-json\/wp\/v2\/types\/product"}],"wp:featuredmedia":[{"embeddable":true,"href":"https:\/\/www.sunkaraoke.hu\/index.php\/wp-json\/wp\/v2\/media\/9011"}],"wp:attachment":[{"href":"https:\/\/www.sunkaraoke.hu\/index.php\/wp-json\/wp\/v2\/media?parent=5057"}],"wp:term":[{"taxonomy":"product_cat","embeddable":true,"href":"https:\/\/www.sunkaraoke.hu\/index.php\/wp-json\/wp\/v2\/product_cat?post=5057"},{"taxonomy":"product_tag","embeddable":true,"href":"https:\/\/www.sunkaraoke.hu\/index.php\/wp-json\/wp\/v2\/product_tag?post=5057"}],"curies":[{"name":"wp","href":"https:\/\/api.w.org\/{rel}","templated":true}]}}