{"id":5054,"date":"2022-08-08T20:48:32","date_gmt":"2022-08-08T20:48:32","guid":{"rendered":"https:\/\/www.sunkaraoke.hu\/index.php\/termek\/neoton-ketszazhusz-felett-2016\/"},"modified":"2025-04-03T10:18:50","modified_gmt":"2025-04-03T10:18:50","slug":"neoton-ketszazhusz-felett-2016","status":"publish","type":"product","link":"https:\/\/www.sunkaraoke.hu\/index.php\/termek\/neoton-ketszazhusz-felett-2016\/","title":{"rendered":"<div class=\"wcmp-player-container product-5054\"><audio controlslist=\"nodownload\" data-product=\"5054\"  volume=\"1\"  preload=\"none\" data-lazyloading=\"none\" class=\"wcmp-player track mejs-classic\" data-duration=\"0:33\" data-estimated_duration=\"4\"><source src=\"https:\/\/www.sunkaraoke.hu\/wp-content\/uploads\/2022\/08\/Ketszazhusz-felett-transz-2016.-SBdemoo.mp3\" type=\"audio\/mp3\" \/><\/audio><\/div>Neoton &#8211; K\u00e9tsz\u00e1zh\u00fasz felett (SB. Edition)"},"content":{"rendered":"<p><strong>03:52<\/strong> | <strong><img loading=\"lazy\" decoding=\"async\" class=\"alignnone size-full wp-image-467\" src=\"https:\/\/www.sunkaraoke.hu\/wp-content\/uploads\/2022\/07\/choir_2-copy.webp\" alt=\"\" width=\"30\" height=\"30\" \/> <strong> | <img loading=\"lazy\" decoding=\"async\" class=\"alignnone size-full wp-image-613\" src=\"https:\/\/www.sunkaraoke.hu\/wp-content\/uploads\/2022\/07\/transzponalas.webp\" alt=\"\" width=\"30\" height=\"30\" \/> -3<\/strong><\/strong><\/p>\n","protected":false},"excerpt":{"rendered":"<h6><strong>Bits\u0171r\u0171s\u00e9g: 320<\/strong>kb\/s<strong><br \/>\n<\/strong><strong>Hossz: <\/strong>03:52<strong><br \/>\n<\/strong><strong style=\"font-size: 16px;\">Vok\u00e1lt tartalmaz: <\/strong>Nem <img loading=\"lazy\" decoding=\"async\" class=\"alignnone size-full wp-image-467\" src=\"http:\/\/www.sunkaraoke.hu\/wp-content\/uploads\/2022\/07\/choir_2-copy.png\" alt=\"\" width=\"30\" height=\"30\" \/><strong style=\"font-size: 16px;\"><br \/>\n<\/strong><strong>Transzpon\u00e1l\u00e1s: <\/strong><img loading=\"lazy\" decoding=\"async\" class=\"alignnone size-full wp-image-613\" src=\"http:\/\/www.sunkaraoke.hu\/wp-content\/uploads\/2022\/07\/transzponalas.png\" alt=\"\" width=\"30\" height=\"30\" \/> -3<\/h6>\n<p>Sunkaraoke mp3 st\u00fadi\u00f3 \/ www.sunkaraoke.hu \/ Inf: Tel: 06 20 4275001<\/p>\n<p>&#8212;Intr\u00f3&#8212;<br \/>\nCirkuszt a p\u00e9nz\u00e9rt,a p\u00e1lya ma is megtelt,<br \/>\n\u00e9l\u0151 plak\u00e1tok hirdetik a versenyt.<br \/>\nValaki kisz\u00e1ll, valaki elsz\u00e1ll,<br \/>\nvalaki a p\u00e1lya sz\u00e9l\u00e9n,<br \/>\nhot dogot \u00e9s hideg s\u00f6rt k\u00edn\u00e1l.<\/p>\n<p>K\u00e9tsz\u00e1zh\u00fasz felett, \u00e9szre sem veszed,<br \/>\n\u00e9s elhagyod a val\u00f3s\u00e1got.<br \/>\nK\u00e9tsz\u00e1zh\u00fasz felett,<br \/>\n\u00e1t\u00e9rt\u00e9keled, magadban a vil\u00e1got.<br \/>\nK\u00e9tsz\u00e1zh\u00fasz felett, senki nincs veled,<br \/>\nk\u00f6zelbe ker\u00fcl a t\u00e1vol.<br \/>\nK\u00e9tsz\u00e1zh\u00fasz felett, t\u00f6bb m\u00e1r nem lehet,<br \/>\na ker\u00e9kbe z\u00e1rt mag\u00e1nyb\u00f3l.<br \/>\n&#8212;Sz\u00f3l\u00f3&#8212;<br \/>\nCirkuszt a p\u00e9nz\u00e9rt, a n\u00e9z\u0151 nem vesz\u00edthet,<br \/>\nhajt\u0171kanyarban minden kider\u00fclhet.<br \/>\nValaki kisz\u00e1ll, valaki elsz\u00e1ll,<br \/>\n\u00e9s az este b\u00e1rmilyen k\u00edv\u00e1ncsi,<br \/>\nm\u00e1r csak sz\u00e9tsz\u00f3rt \u00e1lmokat tal\u00e1l.<br \/>\nK\u00e9tsz\u00e1zh\u00fasz felett, \u00e9szre sem veszed,<br \/>\n\u00e9s elhagyod a val\u00f3s\u00e1got.<br \/>\nK\u00e9tsz\u00e1zh\u00fasz felett,<br \/>\n\u00e1t\u00e9rt\u00e9keled, magadban a vil\u00e1got.<br \/>\nK\u00e9tsz\u00e1zh\u00fasz felett, senki nincs veled,<br \/>\nk\u00f6zelbe ker\u00fcl a t\u00e1vol.<br \/>\nK\u00e9tsz\u00e1zh\u00fasz felett, t\u00f6bb m\u00e1r nem lehet,<br \/>\na ker\u00e9kbe z\u00e1rt mag\u00e1nyb\u00f3l.<br \/>\n&#8212;Sz\u00f3l\u00f3&#8212;<br \/>\nValaki kisz\u00e1ll, valaki elsz\u00e1ll,<br \/>\n\u00e9s az este b\u00e1rmilyen k\u00edv\u00e1ncsi,<br \/>\nm\u00e1r csak sz\u00e9tsz\u00f3rt \u00e1lmokat tal\u00e1l.<\/p>\n<p>K\u00e9tsz\u00e1zh\u00fasz felett, \u00e9szre sem veszed,<br \/>\n\u00e9s elhagyod a val\u00f3s\u00e1got.<br \/>\nK\u00e9tsz\u00e1zh\u00fasz felett,<br \/>\n\u00e1t\u00e9rt\u00e9keled, magadban a vil\u00e1got.<br \/>\nK\u00e9tsz\u00e1zh\u00fasz felett, senki nincs veled,<br \/>\nk\u00f6zelbe ker\u00fcl a t\u00e1vol.<br \/>\nK\u00e9tsz\u00e1zh\u00fasz felett, t\u00f6bb m\u00e1r nem lehet,<br \/>\na ker\u00e9kbe z\u00e1rt mag\u00e1nyb\u00f3l.<\/p>\n<p>&#8212;V\u00e9ge&#8211;<\/p>\n","protected":false},"featured_media":9391,"template":"","meta":{"site-sidebar-layout":"default","site-content-layout":"default","ast-site-content-layout":"default","site-content-style":"default","site-sidebar-style":"default","ast-global-header-display":"","ast-banner-title-visibility":"","ast-main-header-display":"","ast-hfb-above-header-display":"","ast-hfb-below-header-display":"","ast-hfb-mobile-header-display":"","site-post-title":"","ast-breadcrumbs-content":"","ast-featured-img":"","footer-sml-layout":"","theme-transparent-header-meta":"default","adv-header-id-meta":"","stick-header-meta":"","header-above-stick-meta":"","header-main-stick-meta":"","header-below-stick-meta":"","astra-migrate-meta-layouts":"set","ast-page-background-enabled":"default","ast-page-background-meta":{"desktop":{"background-color":"var(--ast-global-color-4)","background-image":"","background-repeat":"repeat","background-position":"center center","background-size":"auto","background-attachment":"scroll","background-type":"","background-media":"","overlay-type":"","overlay-color":"","overlay-opacity":"","overlay-gradient":""},"tablet":{"background-color":"","background-image":"","background-repeat":"repeat","background-position":"center center","background-size":"auto","background-attachment":"scroll","background-type":"","background-media":"","overlay-type":"","overlay-color":"","overlay-opacity":"","overlay-gradient":""},"mobile":{"background-color":"","background-image":"","background-repeat":"repeat","background-position":"center center","background-size":"auto","background-attachment":"scroll","background-type":"","background-media":"","overlay-type":"","overlay-color":"","overlay-opacity":"","overlay-gradient":""}},"ast-content-background-meta":{"desktop":{"background-color":"var(--ast-global-color-5)","background-image":"","background-repeat":"repeat","background-position":"center center","background-size":"auto","background-attachment":"scroll","background-type":"","background-media":"","overlay-type":"","overlay-color":"","overlay-opacity":"","overlay-gradient":""},"tablet":{"background-color":"var(--ast-global-color-5)","background-image":"","background-repeat":"repeat","background-position":"center center","background-size":"auto","background-attachment":"scroll","background-type":"","background-media":"","overlay-type":"","overlay-color":"","overlay-opacity":"","overlay-gradient":""},"mobile":{"background-color":"var(--ast-global-color-5)","background-image":"","background-repeat":"repeat","background-position":"center center","background-size":"auto","background-attachment":"scroll","background-type":"","background-media":"","overlay-type":"","overlay-color":"","overlay-opacity":"","overlay-gradient":""}}},"product_cat":[48],"product_tag":[],"class_list":["post-5054","product","type-product","status-publish","has-post-thumbnail","hentry","product_cat-sunkaraoke-dalok","desktop-align-left","tablet-align-left","mobile-align-left"],"_links":{"self":[{"href":"https:\/\/www.sunkaraoke.hu\/index.php\/wp-json\/wp\/v2\/product\/5054","targetHints":{"allow":["GET"]}}],"collection":[{"href":"https:\/\/www.sunkaraoke.hu\/index.php\/wp-json\/wp\/v2\/product"}],"about":[{"href":"https:\/\/www.sunkaraoke.hu\/index.php\/wp-json\/wp\/v2\/types\/product"}],"wp:featuredmedia":[{"embeddable":true,"href":"https:\/\/www.sunkaraoke.hu\/index.php\/wp-json\/wp\/v2\/media\/9391"}],"wp:attachment":[{"href":"https:\/\/www.sunkaraoke.hu\/index.php\/wp-json\/wp\/v2\/media?parent=5054"}],"wp:term":[{"taxonomy":"product_cat","embeddable":true,"href":"https:\/\/www.sunkaraoke.hu\/index.php\/wp-json\/wp\/v2\/product_cat?post=5054"},{"taxonomy":"product_tag","embeddable":true,"href":"https:\/\/www.sunkaraoke.hu\/index.php\/wp-json\/wp\/v2\/product_tag?post=5054"}],"curies":[{"name":"wp","href":"https:\/\/api.w.org\/{rel}","templated":true}]}}