{"id":5052,"date":"2022-08-08T20:48:31","date_gmt":"2022-08-08T20:48:31","guid":{"rendered":"https:\/\/www.sunkaraoke.hu\/index.php\/termek\/csezy-szeretlek\/"},"modified":"2025-04-11T16:19:11","modified_gmt":"2025-04-11T16:19:11","slug":"csezy-szeretlek","status":"publish","type":"product","link":"https:\/\/www.sunkaraoke.hu\/index.php\/termek\/csezy-szeretlek\/","title":{"rendered":"<div class=\"wcmp-player-container product-5052\"><audio controlslist=\"nodownload\" data-product=\"5052\"  volume=\"1\"  preload=\"none\" data-lazyloading=\"none\" class=\"wcmp-player track mejs-classic\" data-duration=\"0:36\" data-estimated_duration=\"4\"><source src=\"https:\/\/www.sunkaraoke.hu\/wp-content\/uploads\/2022\/08\/Szeretlek-Csezy_demo.mp3\" type=\"audio\/mp3\" \/><\/audio><\/div>Cs\u00e9zy &#8211; Szeretlek (Original)"},"content":{"rendered":"<p><strong>03:30<\/strong> | <strong><img loading=\"lazy\" decoding=\"async\" class=\"alignnone size-full wp-image-467\" src=\"https:\/\/www.sunkaraoke.hu\/wp-content\/uploads\/2022\/07\/choir_2-copy.webp\" alt=\"\" width=\"30\" height=\"30\" \/> <\/strong><\/p>\n","protected":false},"excerpt":{"rendered":"<h6><strong>Bits\u0171r\u0171s\u00e9g: 320 kb\/s<\/strong><br \/>\n<strong>Hossz: 03:30<\/strong><br \/>\n<strong>Vok\u00e1lt tartalmaz: Nem\u00a0<img loading=\"lazy\" decoding=\"async\" class=\"alignnone size-full wp-image-467\" style=\"font-weight: inherit;\" src=\"http:\/\/www.sunkaraoke.hu\/wp-content\/uploads\/2022\/07\/choir_2-copy.png\" alt=\"\" width=\"30\" height=\"30\" \/><\/strong><strong style=\"font-size: 16px;\"><br \/>\n<\/strong><\/h6>\n<p>Sunkaraoke mp3 st\u00fadi\u00f3 \/ www.sunkaraoke.hu \/ Inf: Tel: 06 20 4275001<\/p>\n<p>&#8212;Intr\u00f3&#8212;<br \/>\nEz a hajnal m\u00e1sk\u00e9pp \u00e9bresztett fel.<br \/>\nMinden pillant\u00e1som t\u00e9ged figyel.<br \/>\n\u00dagy l\u00fcktet benn a sz\u00edvem, mert elj\u00f6tt\u00e9l ma \u00e9rtem,<br \/>\n\u00e9s itt vagy most velem, kedvesem.<br \/>\nLelkem mint egy sz\u00e1rnyszegett mad\u00e1r.<br \/>\n\u00dagy \u00e9rkeztem meg \u0171zve hozz\u00e1d.<br \/>\nA l\u00e1ncok m\u00e9lyre h\u00faztak s a hangok elcsitultak,<br \/>\nn\u00e9ma lett az \u00e9g ,\u00fagy f\u00e9ltem.<br \/>\nS\u00fagd meg k\u00e9rlek sz\u00e1zszor m\u00e9g,<br \/>\nr\u00e1m tal\u00e1lsz ha elveszn\u00e9k.<br \/>\nK\u00e9t karodban \u00e9rzem, megnyugszik a sz\u00edvem,<br \/>\nnem k\u00edv\u00e1nhatn\u00e9k m\u00e1st, csak t\u00e9ged.<br \/>\nHossz\u00fa volt az \u00fat m\u00edg v\u00e1rt\u00e1l r\u00e1m,<br \/>\n\u00e9s \u00e9n meg \u00e9rkeztem v\u00e9gre hozz\u00e1d.<br \/>\nTe lett\u00e9l az \u00e9let \u00e9s m\u00e1r semmit\u0151l sem f\u00e9lek,<br \/>\nmegtan\u00edtott\u00e1l,\u00fajra \u00e9lnem.<br \/>\nS\u00fagd meg k\u00e9rlek sz\u00e1zszor m\u00e9g,<br \/>\nr\u00e1m tal\u00e1lsz ha elveszn\u00e9k.<br \/>\nK\u00e9t karodban \u00e9rzem, megnyugszik a sz\u00edvem,<br \/>\nnem k\u00edv\u00e1nhatn\u00e9k m\u00e1st, csak t\u00e9ged.<br \/>\nNem sz\u00e1m\u00edt ha sz\u00e9t hull a vil\u00e1g,<br \/>\nk\u00e9t szemednek f\u00e9nye visz az \u00faton tov\u00e1bb.<br \/>\nM\u00e9ly \u00e1lomb\u00f3l \u00e9bred a rem\u00e9ny,<br \/>\ntudom nem v\u00e9letlen k\u00fcld\u00f6tt hozz\u00e1m az \u00e9g.<br \/>\nS\u00fagd meg k\u00e9rlek sz\u00e1zszor m\u00e9g,<br \/>\nr\u00e1m tal\u00e1lsz ha elveszn\u00e9k.<br \/>\nK\u00e9t karodban \u00e9rzem, megnyugszik a sz\u00edvem,<br \/>\nnem k\u00edv\u00e1nhatn\u00e9k m\u00e1st, csak t\u00e9ged.<br \/>\nS\u00fagd meg k\u00e9rlek sz\u00e1zszor m\u00e9g,<br \/>\nr\u00e1m tal\u00e1lsz ha elveszn\u00e9k.<br \/>\nK\u00e9t karodban \u00e9rzem megnyugszik a sz\u00edvem,<br \/>\n\u00e9n \u00fagy szeretlek h\u00e1t m\u00edg \u00e9lek!<br \/>\n&#8212;V\u00e9ge&#8212;<\/p>\n","protected":false},"featured_media":8989,"template":"","meta":{"site-sidebar-layout":"default","site-content-layout":"default","ast-site-content-layout":"default","site-content-style":"default","site-sidebar-style":"default","ast-global-header-display":"","ast-banner-title-visibility":"","ast-main-header-display":"","ast-hfb-above-header-display":"","ast-hfb-below-header-display":"","ast-hfb-mobile-header-display":"","site-post-title":"","ast-breadcrumbs-content":"","ast-featured-img":"","footer-sml-layout":"","theme-transparent-header-meta":"default","adv-header-id-meta":"","stick-header-meta":"","header-above-stick-meta":"","header-main-stick-meta":"","header-below-stick-meta":"","astra-migrate-meta-layouts":"set","ast-page-background-enabled":"default","ast-page-background-meta":{"desktop":{"background-color":"var(--ast-global-color-4)","background-image":"","background-repeat":"repeat","background-position":"center center","background-size":"auto","background-attachment":"scroll","background-type":"","background-media":"","overlay-type":"","overlay-color":"","overlay-opacity":"","overlay-gradient":""},"tablet":{"background-color":"","background-image":"","background-repeat":"repeat","background-position":"center center","background-size":"auto","background-attachment":"scroll","background-type":"","background-media":"","overlay-type":"","overlay-color":"","overlay-opacity":"","overlay-gradient":""},"mobile":{"background-color":"","background-image":"","background-repeat":"repeat","background-position":"center center","background-size":"auto","background-attachment":"scroll","background-type":"","background-media":"","overlay-type":"","overlay-color":"","overlay-opacity":"","overlay-gradient":""}},"ast-content-background-meta":{"desktop":{"background-color":"var(--ast-global-color-5)","background-image":"","background-repeat":"repeat","background-position":"center center","background-size":"auto","background-attachment":"scroll","background-type":"","background-media":"","overlay-type":"","overlay-color":"","overlay-opacity":"","overlay-gradient":""},"tablet":{"background-color":"var(--ast-global-color-5)","background-image":"","background-repeat":"repeat","background-position":"center center","background-size":"auto","background-attachment":"scroll","background-type":"","background-media":"","overlay-type":"","overlay-color":"","overlay-opacity":"","overlay-gradient":""},"mobile":{"background-color":"var(--ast-global-color-5)","background-image":"","background-repeat":"repeat","background-position":"center center","background-size":"auto","background-attachment":"scroll","background-type":"","background-media":"","overlay-type":"","overlay-color":"","overlay-opacity":"","overlay-gradient":""}}},"product_cat":[48],"product_tag":[],"class_list":["post-5052","product","type-product","status-publish","has-post-thumbnail","hentry","product_cat-sunkaraoke-dalok","desktop-align-left","tablet-align-left","mobile-align-left"],"_links":{"self":[{"href":"https:\/\/www.sunkaraoke.hu\/index.php\/wp-json\/wp\/v2\/product\/5052","targetHints":{"allow":["GET"]}}],"collection":[{"href":"https:\/\/www.sunkaraoke.hu\/index.php\/wp-json\/wp\/v2\/product"}],"about":[{"href":"https:\/\/www.sunkaraoke.hu\/index.php\/wp-json\/wp\/v2\/types\/product"}],"wp:featuredmedia":[{"embeddable":true,"href":"https:\/\/www.sunkaraoke.hu\/index.php\/wp-json\/wp\/v2\/media\/8989"}],"wp:attachment":[{"href":"https:\/\/www.sunkaraoke.hu\/index.php\/wp-json\/wp\/v2\/media?parent=5052"}],"wp:term":[{"taxonomy":"product_cat","embeddable":true,"href":"https:\/\/www.sunkaraoke.hu\/index.php\/wp-json\/wp\/v2\/product_cat?post=5052"},{"taxonomy":"product_tag","embeddable":true,"href":"https:\/\/www.sunkaraoke.hu\/index.php\/wp-json\/wp\/v2\/product_tag?post=5052"}],"curies":[{"name":"wp","href":"https:\/\/api.w.org\/{rel}","templated":true}]}}