{"id":5048,"date":"2022-08-08T20:48:31","date_gmt":"2022-08-08T20:48:31","guid":{"rendered":"https:\/\/www.sunkaraoke.hu\/index.php\/termek\/hooligans-apam-transzp-v\/"},"modified":"2025-04-11T16:17:40","modified_gmt":"2025-04-11T16:17:40","slug":"hooligans-apam-transzp-v","status":"publish","type":"product","link":"https:\/\/www.sunkaraoke.hu\/index.php\/termek\/hooligans-apam-transzp-v\/","title":{"rendered":"<div class=\"wcmp-player-container product-5048\"><audio controlslist=\"nodownload\" data-product=\"5048\"  volume=\"1\"  preload=\"none\" data-lazyloading=\"none\" class=\"wcmp-player track mejs-classic\" data-duration=\"0:36\" data-estimated_duration=\"4\"><source src=\"https:\/\/www.sunkaraoke.hu\/wp-content\/uploads\/2022\/08\/Apam-transz-SB.demoo_.mp3\" type=\"audio\/mp3\" \/><\/audio><\/div>Hooligans &#8211; Ap\u00e1m (SB. Edition)"},"content":{"rendered":"<p><strong>03:46<\/strong> | <strong><img loading=\"lazy\" decoding=\"async\" class=\"alignnone size-full wp-image-467\" src=\"https:\/\/www.sunkaraoke.hu\/wp-content\/uploads\/2022\/07\/choir_2-copy.webp\" alt=\"\" width=\"30\" height=\"30\" \/> <strong> | <img loading=\"lazy\" decoding=\"async\" class=\"alignnone size-full wp-image-613\" src=\"https:\/\/www.sunkaraoke.hu\/wp-content\/uploads\/2022\/07\/transzponalas.webp\" alt=\"\" width=\"30\" height=\"30\" \/> <\/strong><strong>-2<\/strong><\/strong><\/p>\n","protected":false},"excerpt":{"rendered":"<h6><strong>Bits\u0171r\u0171s\u00e9g: 320<\/strong>kb\/s<strong><br \/>\n<\/strong><strong>Hossz: <\/strong>03:46<strong><br \/>\n<\/strong><strong style=\"font-size: 16px;\">Vok\u00e1lt tartalmaz: <\/strong>Nem <img loading=\"lazy\" decoding=\"async\" class=\"alignnone size-full wp-image-467\" src=\"http:\/\/www.sunkaraoke.hu\/wp-content\/uploads\/2022\/07\/choir_2-copy.png\" alt=\"\" width=\"30\" height=\"30\" \/><strong style=\"font-size: 16px;\"><br \/>\n<\/strong><strong>Transzpon\u00e1l\u00e1s: <\/strong><img loading=\"lazy\" decoding=\"async\" class=\"alignnone size-full wp-image-613\" src=\"http:\/\/www.sunkaraoke.hu\/wp-content\/uploads\/2022\/07\/transzponalas.png\" alt=\"\" width=\"30\" height=\"30\" \/> -2<\/h6>\n<p>Sunkaraoke mp3 st\u00fadi\u00f3 \/ www.sunkaraoke.hu \/ Inf: Tel: 06 20 4275001<\/p>\n<p>&#8212;Intr\u00f3&#8212;<br \/>\nL\u00e9gy er\u0151s, mint a v\u00e9gtelen \u00f3ce\u00e1n,<br \/>\na f\u00e9rfi h\u0151s mondtad r\u00e9g, ap\u00e1m.<br \/>\nHa b\u00e1rmi b\u00e1nt, ne v\u00e1rj, m\u00edg m\u00e9lyre r\u00e1nt,<br \/>\nne l\u00e9gy olyan, kire v\u00e1rnak, hogy megbocs\u00e1t!<\/p>\n<p>R\u00e9g nem vagy itt,de \u00e9rzem j\u00f3l,hogy fentr\u0151l n\u00e9zel r\u00e1m,<br \/>\ntal\u00e1n ma b\u00fcszke lenn\u00e9l m\u00e1r.<\/p>\n<p>B\u00e1r m\u00e9g egyszer \u00fajra hallan\u00e1m,<br \/>\nahogy sz\u00f3lsz hozz\u00e1m,ap\u00e1m!<br \/>\nSzemedben \u00e9gne a r\u00e9gi l\u00e1ng,<br \/>\naz, amit r\u00e1m hagyt\u00e1l.<br \/>\n&#8212;Sz\u00f3l\u00f3&#8212;<br \/>\nM\u00e9rt \u00edt\u00e9lsz, k\u00e9rdezted ap\u00e1m.<br \/>\nl\u00e9gy mer\u00e9sz, hogy te m\u00e1sk\u00e9ppen csin\u00e1ld!<br \/>\nHol fal led\u0151l, \u00e1ll majd \u00fajra h\u00e1z,<br \/>\nha f\u00e1j bel\u00fcl menj, m\u00edg c\u00e9lt tal\u00e1lsz!<\/p>\n<p>R\u00e9g nem vagy itt,de \u00e9rzem j\u00f3l,hogy fentr\u0151l n\u00e9zel r\u00e1m,<br \/>\ntal\u00e1n ma b\u00fcszke lenn\u00e9l m\u00e1r.<\/p>\n<p>B\u00e1r m\u00e9g egyszer \u00fajra hallan\u00e1m,<br \/>\nahogy sz\u00f3lsz hozz\u00e1m,ap\u00e1m!<br \/>\nSzemedben \u00e9gne a r\u00e9gi l\u00e1ng,<br \/>\naz, amit r\u00e1m hagyt\u00e1l.<br \/>\nB\u00e1r m\u00e9g egyszer \u00fajra hallan\u00e1m,<br \/>\nahogy sz\u00f3lsz hozz\u00e1m,ap\u00e1m!<br \/>\nSzemedben \u00e9gne a r\u00e9gi l\u00e1ng,<br \/>\nbennem \u00e9l tov\u00e1bb.<br \/>\n&#8212;Sz\u00f3l\u00f3&#8212;<br \/>\nB\u00e1r m\u00e9g egyszer \u00fajra hallan\u00e1m,<br \/>\nahogy sz\u00f3lsz hozz\u00e1m,ap\u00e1m!<br \/>\nSzemedben \u00e9gne a r\u00e9gi l\u00e1ng,<br \/>\naz, amit r\u00e1m hagyt\u00e1l.<br \/>\nB\u00e1r m\u00e9g egyszer \u00fajra hallan\u00e1m,<br \/>\nahogy sz\u00f3lsz hozz\u00e1m,ap\u00e1m!<br \/>\nSzemedben \u00e9gne a r\u00e9gi l\u00e1ng,<br \/>\nbennem \u00e9l tov\u00e1bb.<br \/>\n&#8212;Sz\u00f3l\u00f3&#8212;<br \/>\nBennem \u00e9l tov\u00e1bb&#8230;&#8230;<br \/>\n&#8212;Sz\u00f3l\u00f3&#8212;<br \/>\nBennem \u00e9l tov\u00e1bb&#8230;&#8230;<br \/>\n&#8212;V\u00e9ge&#8212;<\/p>\n","protected":false},"featured_media":10422,"template":"","meta":{"site-sidebar-layout":"default","site-content-layout":"default","ast-site-content-layout":"default","site-content-style":"default","site-sidebar-style":"default","ast-global-header-display":"","ast-banner-title-visibility":"","ast-main-header-display":"","ast-hfb-above-header-display":"","ast-hfb-below-header-display":"","ast-hfb-mobile-header-display":"","site-post-title":"","ast-breadcrumbs-content":"","ast-featured-img":"","footer-sml-layout":"","theme-transparent-header-meta":"default","adv-header-id-meta":"","stick-header-meta":"","header-above-stick-meta":"","header-main-stick-meta":"","header-below-stick-meta":"","astra-migrate-meta-layouts":"set","ast-page-background-enabled":"default","ast-page-background-meta":{"desktop":{"background-color":"var(--ast-global-color-4)","background-image":"","background-repeat":"repeat","background-position":"center center","background-size":"auto","background-attachment":"scroll","background-type":"","background-media":"","overlay-type":"","overlay-color":"","overlay-opacity":"","overlay-gradient":""},"tablet":{"background-color":"","background-image":"","background-repeat":"repeat","background-position":"center center","background-size":"auto","background-attachment":"scroll","background-type":"","background-media":"","overlay-type":"","overlay-color":"","overlay-opacity":"","overlay-gradient":""},"mobile":{"background-color":"","background-image":"","background-repeat":"repeat","background-position":"center center","background-size":"auto","background-attachment":"scroll","background-type":"","background-media":"","overlay-type":"","overlay-color":"","overlay-opacity":"","overlay-gradient":""}},"ast-content-background-meta":{"desktop":{"background-color":"var(--ast-global-color-5)","background-image":"","background-repeat":"repeat","background-position":"center center","background-size":"auto","background-attachment":"scroll","background-type":"","background-media":"","overlay-type":"","overlay-color":"","overlay-opacity":"","overlay-gradient":""},"tablet":{"background-color":"var(--ast-global-color-5)","background-image":"","background-repeat":"repeat","background-position":"center center","background-size":"auto","background-attachment":"scroll","background-type":"","background-media":"","overlay-type":"","overlay-color":"","overlay-opacity":"","overlay-gradient":""},"mobile":{"background-color":"var(--ast-global-color-5)","background-image":"","background-repeat":"repeat","background-position":"center center","background-size":"auto","background-attachment":"scroll","background-type":"","background-media":"","overlay-type":"","overlay-color":"","overlay-opacity":"","overlay-gradient":""}}},"product_cat":[48],"product_tag":[],"class_list":["post-5048","product","type-product","status-publish","has-post-thumbnail","hentry","product_cat-sunkaraoke-dalok","desktop-align-left","tablet-align-left","mobile-align-left"],"_links":{"self":[{"href":"https:\/\/www.sunkaraoke.hu\/index.php\/wp-json\/wp\/v2\/product\/5048","targetHints":{"allow":["GET"]}}],"collection":[{"href":"https:\/\/www.sunkaraoke.hu\/index.php\/wp-json\/wp\/v2\/product"}],"about":[{"href":"https:\/\/www.sunkaraoke.hu\/index.php\/wp-json\/wp\/v2\/types\/product"}],"wp:featuredmedia":[{"embeddable":true,"href":"https:\/\/www.sunkaraoke.hu\/index.php\/wp-json\/wp\/v2\/media\/10422"}],"wp:attachment":[{"href":"https:\/\/www.sunkaraoke.hu\/index.php\/wp-json\/wp\/v2\/media?parent=5048"}],"wp:term":[{"taxonomy":"product_cat","embeddable":true,"href":"https:\/\/www.sunkaraoke.hu\/index.php\/wp-json\/wp\/v2\/product_cat?post=5048"},{"taxonomy":"product_tag","embeddable":true,"href":"https:\/\/www.sunkaraoke.hu\/index.php\/wp-json\/wp\/v2\/product_tag?post=5048"}],"curies":[{"name":"wp","href":"https:\/\/api.w.org\/{rel}","templated":true}]}}