{"id":5047,"date":"2022-08-08T20:48:31","date_gmt":"2022-08-08T20:48:31","guid":{"rendered":"https:\/\/www.sunkaraoke.hu\/index.php\/termek\/foky-bulimix-2016\/"},"modified":"2025-04-11T16:14:28","modified_gmt":"2025-04-11T16:14:28","slug":"foky-bulimix-2016","status":"publish","type":"product","link":"https:\/\/www.sunkaraoke.hu\/index.php\/termek\/foky-bulimix-2016\/","title":{"rendered":"<div class=\"wcmp-player-container product-5047\"><audio controlslist=\"nodownload\" data-product=\"5047\"  volume=\"1\"  preload=\"none\" data-lazyloading=\"none\" class=\"wcmp-player track mejs-classic\" data-duration=\"0:38\" data-estimated_duration=\"4\"><source src=\"https:\/\/www.sunkaraoke.hu\/wp-content\/uploads\/2022\/08\/bulimix-02_demoo02.mp3\" type=\"audio\/mp3\" \/><\/audio><\/div>Sunkaraoke DanceMIX &#8211; Dance MIX 02. NEW (SB Edition)"},"content":{"rendered":"<p><strong>04:19<\/strong> | <strong><img loading=\"lazy\" decoding=\"async\" class=\"alignnone size-full wp-image-467\" src=\"https:\/\/www.sunkaraoke.hu\/wp-content\/uploads\/2022\/07\/choir_2-copy.webp\" alt=\"\" width=\"30\" height=\"30\" \/> <\/strong><\/p>\n","protected":false},"excerpt":{"rendered":"<h6><strong>Bits\u0171r\u0171s\u00e9g: 320<\/strong>kb\/s<strong><br \/>\n<\/strong><strong>Hossz: <\/strong>04:19<strong><br \/>\n<\/strong><strong style=\"font-size: 16px;\">Vok\u00e1lt tartalmaz: <\/strong>Nem <img loading=\"lazy\" decoding=\"async\" class=\"alignnone size-full wp-image-467\" src=\"http:\/\/www.sunkaraoke.hu\/wp-content\/uploads\/2022\/07\/choir_2-copy.png\" alt=\"\" width=\"30\" height=\"30\" \/><strong style=\"font-size: 16px;\"><br \/>\n<\/strong><\/h6>\n<p>Sunkaraoke mp3 st\u00fadi\u00f3 \/ www.sunkaraoke.hu \/ Inf: Tel: 06 20 4275001<\/p>\n<p>&#8212;Intr\u00f3&#8212;<br \/>\nZ\u00f6ld szemem k\u00e9k, ilyen a term\u00e9szetem,<br \/>\nez az igazs\u00e1g, mivel, hogy \u00edgy hiszem.<br \/>\nM\u00edg \u00e1ll a f\u00f6ld \u00e9s k\u00f6r\u00f6tte forog a nap,<br \/>\naz \u00e9n kis lelkem nyugalma megmarad.<br \/>\nCsillagos \u00e9g, ha fel nem \u00e9rhetem,<br \/>\nvet\u00edtett h\u00e1tt\u00e9r,d\u00edszlet csak nekem.<br \/>\nMindez oly sz\u00e9p, \u00e9s mindez nagyon j\u00f3,<br \/>\n\u00e9s nincs a f\u00f6ld\u00f6n hozz\u00e1m hasonl\u00f3.<\/p>\n<p>Hej, t\u00fck\u00f6r, mondd meg b\u00e1tran,<br \/>\nki a legszebb a vil\u00e1gban?<br \/>\nHej, t\u00fck\u00f6r, \u00f6sszet\u00f6rlek,<br \/>\nha nem \u00e9n vagyok a legszebb.<br \/>\nHej, t\u00fck\u00f6r, mondd meg b\u00e1tran,<br \/>\nki a legszebb a vil\u00e1gban?<br \/>\nHej, t\u00fck\u00f6r, \u00f6sszet\u00f6rlek,<br \/>\nha nem \u00e9n vagyok a legszebb l\u00e1ny!<\/p>\n<p>Hej, t\u00fck\u00f6r, mondd meg b\u00e1tran,<br \/>\nki a legszebb a vil\u00e1gban?<br \/>\nHej, t\u00fck\u00f6r, \u00f6sszet\u00f6rlek,<br \/>\nha nem \u00e9n vagyok a legszebb.<br \/>\nHej, t\u00fck\u00f6r, mondd meg b\u00e1tran,<br \/>\nki a legszebb a vil\u00e1gban?<br \/>\nHej, t\u00fck\u00f6r, \u00f6sszet\u00f6rlek,<br \/>\nha nem \u00e9n vagyok a legszebb l\u00e1ny!<br \/>\n&#8212;Sz\u00f3l\u00f3&#8212;<br \/>\nAz els\u0151 tal\u00e1lkoz\u00e1s ut\u00e1n, sokszor gondoltam r\u00e1d.<br \/>\nAz este akkor ha r\u00e1d tal\u00e1l k\u00e9rlek gyere hozz\u00e1m.<br \/>\nV\u00e1rtam \u00e9s csak v\u00e1rtam, sz\u00fcrk\u00e9n m\u00falnak napjaim.<br \/>\nNem maradt m\u00e1s, csak a munka s egyszer\u0171ek v\u00e1gyaim.<br \/>\nItt vagyok, hogy \u00fajra l\u00e1ssalak, szabadnak \u00e9rzem magam.<br \/>\nS ha n\u00e9zem arcod arra gondolok, hazudnom nem szabad.<br \/>\nK\u00e9z a k\u00e9zben sz\u00ednes f\u00e9nyek, egy poh\u00e1r ital felvid\u00edt.<br \/>\nForr a v\u00e9rem nyugtalan sz\u00edvem, zen\u00e9re \u00e9hes, megvad\u00edt<\/p>\n<p>\u00d3\u00d3\u00d3 ez az \u00e9letem<br \/>\n\u00d3\u00d3\u00d3 \u00e9nekelj velem!<br \/>\n\u00d3\u00d3\u00d3 a zene kell nekem, ez az \u00e9letem.<br \/>\n&#8212;Sz\u00f3l\u00f3&#8212;<br \/>\n\u00d3\u00d3\u00d3 ez az \u00e9letem<br \/>\n\u00d3\u00d3\u00d3 \u00e9nekelj velem!<br \/>\n\u00d3\u00d3\u00d3 a zene kell nekem, ez az \u00e9letem.<br \/>\n\u00d3\u00d3\u00d3 ez az \u00e9letem<br \/>\n\u00d3\u00d3\u00d3 \u00e9nekelj velem!<br \/>\n\u00d3\u00d3\u00d3 a zene kell nekem, ez az \u00e9letem.<\/p>\n<p>&#8211;V\u00e9ge&#8212;<\/p>\n","protected":false},"featured_media":18265,"template":"","meta":{"site-sidebar-layout":"default","site-content-layout":"default","ast-site-content-layout":"default","site-content-style":"default","site-sidebar-style":"default","ast-global-header-display":"","ast-banner-title-visibility":"","ast-main-header-display":"","ast-hfb-above-header-display":"","ast-hfb-below-header-display":"","ast-hfb-mobile-header-display":"","site-post-title":"","ast-breadcrumbs-content":"","ast-featured-img":"","footer-sml-layout":"","theme-transparent-header-meta":"default","adv-header-id-meta":"","stick-header-meta":"","header-above-stick-meta":"","header-main-stick-meta":"","header-below-stick-meta":"","astra-migrate-meta-layouts":"set","ast-page-background-enabled":"default","ast-page-background-meta":{"desktop":{"background-color":"var(--ast-global-color-4)","background-image":"","background-repeat":"repeat","background-position":"center center","background-size":"auto","background-attachment":"scroll","background-type":"","background-media":"","overlay-type":"","overlay-color":"","overlay-opacity":"","overlay-gradient":""},"tablet":{"background-color":"","background-image":"","background-repeat":"repeat","background-position":"center center","background-size":"auto","background-attachment":"scroll","background-type":"","background-media":"","overlay-type":"","overlay-color":"","overlay-opacity":"","overlay-gradient":""},"mobile":{"background-color":"","background-image":"","background-repeat":"repeat","background-position":"center center","background-size":"auto","background-attachment":"scroll","background-type":"","background-media":"","overlay-type":"","overlay-color":"","overlay-opacity":"","overlay-gradient":""}},"ast-content-background-meta":{"desktop":{"background-color":"var(--ast-global-color-5)","background-image":"","background-repeat":"repeat","background-position":"center center","background-size":"auto","background-attachment":"scroll","background-type":"","background-media":"","overlay-type":"","overlay-color":"","overlay-opacity":"","overlay-gradient":""},"tablet":{"background-color":"var(--ast-global-color-5)","background-image":"","background-repeat":"repeat","background-position":"center center","background-size":"auto","background-attachment":"scroll","background-type":"","background-media":"","overlay-type":"","overlay-color":"","overlay-opacity":"","overlay-gradient":""},"mobile":{"background-color":"var(--ast-global-color-5)","background-image":"","background-repeat":"repeat","background-position":"center center","background-size":"auto","background-attachment":"scroll","background-type":"","background-media":"","overlay-type":"","overlay-color":"","overlay-opacity":"","overlay-gradient":""}}},"product_cat":[48],"product_tag":[],"class_list":["post-5047","product","type-product","status-publish","has-post-thumbnail","hentry","product_cat-sunkaraoke-dalok","desktop-align-left","tablet-align-left","mobile-align-left"],"_links":{"self":[{"href":"https:\/\/www.sunkaraoke.hu\/index.php\/wp-json\/wp\/v2\/product\/5047","targetHints":{"allow":["GET"]}}],"collection":[{"href":"https:\/\/www.sunkaraoke.hu\/index.php\/wp-json\/wp\/v2\/product"}],"about":[{"href":"https:\/\/www.sunkaraoke.hu\/index.php\/wp-json\/wp\/v2\/types\/product"}],"wp:featuredmedia":[{"embeddable":true,"href":"https:\/\/www.sunkaraoke.hu\/index.php\/wp-json\/wp\/v2\/media\/18265"}],"wp:attachment":[{"href":"https:\/\/www.sunkaraoke.hu\/index.php\/wp-json\/wp\/v2\/media?parent=5047"}],"wp:term":[{"taxonomy":"product_cat","embeddable":true,"href":"https:\/\/www.sunkaraoke.hu\/index.php\/wp-json\/wp\/v2\/product_cat?post=5047"},{"taxonomy":"product_tag","embeddable":true,"href":"https:\/\/www.sunkaraoke.hu\/index.php\/wp-json\/wp\/v2\/product_tag?post=5047"}],"curies":[{"name":"wp","href":"https:\/\/api.w.org\/{rel}","templated":true}]}}