{"id":5046,"date":"2022-08-08T20:48:31","date_gmt":"2022-08-08T20:48:31","guid":{"rendered":"https:\/\/www.sunkaraoke.hu\/index.php\/termek\/tesok-ne-sirj-anyam-2\/"},"modified":"2025-03-28T16:50:13","modified_gmt":"2025-03-28T16:50:13","slug":"tesok-ne-sirj-anyam-2","status":"publish","type":"product","link":"https:\/\/www.sunkaraoke.hu\/index.php\/termek\/tesok-ne-sirj-anyam-2\/","title":{"rendered":"<div class=\"wcmp-player-container product-5046\"><audio controlslist=\"nodownload\" data-product=\"5046\"  volume=\"1\"  preload=\"none\" data-lazyloading=\"none\" class=\"wcmp-player track mejs-classic\" data-duration=\"0:32\" data-estimated_duration=\"4\"><source src=\"https:\/\/www.sunkaraoke.hu\/wp-content\/uploads\/2022\/08\/Ne-sirj-anyam-vok.-Tesok-SB_demo.mp3\" type=\"audio\/mp3\" \/><\/audio><\/div>Tes\u00f3k &#8211; Ne s\u00edrj any\u00e1m (Original)"},"content":{"rendered":"<p><strong>03:08<\/strong> | <strong><img loading=\"lazy\" decoding=\"async\" class=\"alignnone size-full wp-image-466\" src=\"https:\/\/www.sunkaraoke.hu\/wp-content\/uploads\/2022\/07\/choir_1-copy.webp\" alt=\"\" width=\"30\" height=\"30\" \/> <\/strong><\/p>\n","protected":false},"excerpt":{"rendered":"<h6>Bits\u0171r\u0171s\u00e9g: 320 kb\/s<br \/>\nHossz: 03:08<br \/>\nVok\u00e1lt tartalmaz: Igen <img loading=\"lazy\" decoding=\"async\" class=\"alignnone size-full wp-image-466\" src=\"http:\/\/www.sunkaraoke.hu\/wp-content\/uploads\/2022\/07\/choir_1-copy.png\" alt=\"\" width=\"30\" height=\"30\" \/><strong style=\"font-size: 16px;\"><br \/>\n<\/strong><\/h6>\n<p>Sunkaraoke mp3 st\u00fadi\u00f3 \/ www.sunkaraoke.hu \/ Inf: Tel: 06 20 4275001<\/p>\n<p>&#8212;Intr\u00f3&#8212;<\/p>\n<p>Nem vagyok egy j\u00f3 gyerek, de szeretnek az emberek,<br \/>\ncsak a dr\u00e1ga j\u00f3 any\u00e1m, sirat minden \u00e9jszak\u00e1n.<\/p>\n<p>Ne s\u00edrj any\u00e1m megv\u00e1ltozom, egyszer j\u00f3 leszek,<br \/>\na vil\u00e1gon egyed\u00fcl m\u00e1r csak benned hiszek.<br \/>\nT\u00f6nkretettek a sz\u00e9p l\u00e1nyok, csak az\u00e9rt iszom,<br \/>\na sz\u00edvemet \u00e9n m\u00e1r m\u00e1sra, t\u00f6bb\u00e9 nem b\u00edzom.<\/p>\n<p>Meg\u00edg\u00e9rtem megteszem, megv\u00e1ltozom teljesen,<br \/>\nmikor azt m\u00e9g nem tudom, j\u00f3 Istenem r\u00e1d b\u00edzom.<\/p>\n<p>Ne s\u00edrj any\u00e1m megv\u00e1ltozom, egyszer j\u00f3 leszek,<br \/>\na vil\u00e1gon egyed\u00fcl m\u00e1r csak benned hiszek.<br \/>\nT\u00f6nkretettek a sz\u00e9p l\u00e1nyok, csak az\u00e9rt iszom,<br \/>\na sz\u00edvemet \u00e9n m\u00e1r m\u00e1sra, t\u00f6bb\u00e9 nem b\u00edzom.<\/p>\n<p>&#8212;Sz\u00f3l\u00f3&#8212;<br \/>\nMeg\u00edg\u00e9rtem megteszem, megv\u00e1ltozom teljesen,<br \/>\nmikor azt m\u00e9g nem tudom, j\u00f3 Istenem r\u00e1d b\u00edzom.<\/p>\n<p>Ne s\u00edrj any\u00e1m megv\u00e1ltozom, egyszer j\u00f3 leszek,<br \/>\na vil\u00e1gon egyed\u00fcl m\u00e1r csak benned hiszek.<br \/>\nT\u00f6nkretettek a sz\u00e9p l\u00e1nyok, csak az\u00e9rt iszom,<br \/>\na sz\u00edvemet \u00e9n m\u00e1r m\u00e1sra, t\u00f6bb\u00e9 nem b\u00edzom.<br \/>\nNe s\u00edrj any\u00e1m megv\u00e1ltozom, egyszer j\u00f3 leszek,<br \/>\na vil\u00e1gon egyed\u00fcl m\u00e1r csak benned hiszek.<br \/>\nT\u00f6nkretettek a sz\u00e9p l\u00e1nyok, csak az\u00e9rt iszom,<br \/>\na sz\u00edvemet \u00e9n m\u00e1r m\u00e1sra, t\u00f6bb\u00e9 nem b\u00edzom.<br \/>\n&#8212;V\u00e9ge&#8212;<\/p>\n","protected":false},"featured_media":8715,"template":"","meta":{"site-sidebar-layout":"default","site-content-layout":"default","ast-site-content-layout":"default","site-content-style":"default","site-sidebar-style":"default","ast-global-header-display":"","ast-banner-title-visibility":"","ast-main-header-display":"","ast-hfb-above-header-display":"","ast-hfb-below-header-display":"","ast-hfb-mobile-header-display":"","site-post-title":"","ast-breadcrumbs-content":"","ast-featured-img":"","footer-sml-layout":"","theme-transparent-header-meta":"default","adv-header-id-meta":"","stick-header-meta":"","header-above-stick-meta":"","header-main-stick-meta":"","header-below-stick-meta":"","astra-migrate-meta-layouts":"set","ast-page-background-enabled":"default","ast-page-background-meta":{"desktop":{"background-color":"var(--ast-global-color-4)","background-image":"","background-repeat":"repeat","background-position":"center center","background-size":"auto","background-attachment":"scroll","background-type":"","background-media":"","overlay-type":"","overlay-color":"","overlay-opacity":"","overlay-gradient":""},"tablet":{"background-color":"","background-image":"","background-repeat":"repeat","background-position":"center center","background-size":"auto","background-attachment":"scroll","background-type":"","background-media":"","overlay-type":"","overlay-color":"","overlay-opacity":"","overlay-gradient":""},"mobile":{"background-color":"","background-image":"","background-repeat":"repeat","background-position":"center center","background-size":"auto","background-attachment":"scroll","background-type":"","background-media":"","overlay-type":"","overlay-color":"","overlay-opacity":"","overlay-gradient":""}},"ast-content-background-meta":{"desktop":{"background-color":"var(--ast-global-color-5)","background-image":"","background-repeat":"repeat","background-position":"center center","background-size":"auto","background-attachment":"scroll","background-type":"","background-media":"","overlay-type":"","overlay-color":"","overlay-opacity":"","overlay-gradient":""},"tablet":{"background-color":"var(--ast-global-color-5)","background-image":"","background-repeat":"repeat","background-position":"center center","background-size":"auto","background-attachment":"scroll","background-type":"","background-media":"","overlay-type":"","overlay-color":"","overlay-opacity":"","overlay-gradient":""},"mobile":{"background-color":"var(--ast-global-color-5)","background-image":"","background-repeat":"repeat","background-position":"center center","background-size":"auto","background-attachment":"scroll","background-type":"","background-media":"","overlay-type":"","overlay-color":"","overlay-opacity":"","overlay-gradient":""}}},"product_cat":[48],"product_tag":[],"class_list":["post-5046","product","type-product","status-publish","has-post-thumbnail","hentry","product_cat-sunkaraoke-dalok","desktop-align-left","tablet-align-left","mobile-align-left"],"_links":{"self":[{"href":"https:\/\/www.sunkaraoke.hu\/index.php\/wp-json\/wp\/v2\/product\/5046","targetHints":{"allow":["GET"]}}],"collection":[{"href":"https:\/\/www.sunkaraoke.hu\/index.php\/wp-json\/wp\/v2\/product"}],"about":[{"href":"https:\/\/www.sunkaraoke.hu\/index.php\/wp-json\/wp\/v2\/types\/product"}],"wp:featuredmedia":[{"embeddable":true,"href":"https:\/\/www.sunkaraoke.hu\/index.php\/wp-json\/wp\/v2\/media\/8715"}],"wp:attachment":[{"href":"https:\/\/www.sunkaraoke.hu\/index.php\/wp-json\/wp\/v2\/media?parent=5046"}],"wp:term":[{"taxonomy":"product_cat","embeddable":true,"href":"https:\/\/www.sunkaraoke.hu\/index.php\/wp-json\/wp\/v2\/product_cat?post=5046"},{"taxonomy":"product_tag","embeddable":true,"href":"https:\/\/www.sunkaraoke.hu\/index.php\/wp-json\/wp\/v2\/product_tag?post=5046"}],"curies":[{"name":"wp","href":"https:\/\/api.w.org\/{rel}","templated":true}]}}