{"id":5044,"date":"2022-08-08T20:48:31","date_gmt":"2022-08-08T20:48:31","guid":{"rendered":"https:\/\/www.sunkaraoke.hu\/index.php\/termek\/kaczor-ferenc-johet-egy-uj-szerelem-2\/"},"modified":"2025-03-27T17:15:35","modified_gmt":"2025-03-27T17:15:35","slug":"kaczor-ferenc-johet-egy-uj-szerelem-2","status":"publish","type":"product","link":"https:\/\/www.sunkaraoke.hu\/index.php\/termek\/kaczor-ferenc-johet-egy-uj-szerelem-2\/","title":{"rendered":"<div class=\"wcmp-player-container product-5044\"><audio controlslist=\"nodownload\" data-product=\"5044\"  volume=\"1\"  preload=\"none\" data-lazyloading=\"none\" class=\"wcmp-player track mejs-classic\" data-duration=\"0:31\" data-estimated_duration=\"4\"><source src=\"https:\/\/www.sunkaraoke.hu\/wp-content\/uploads\/2022\/08\/Johet-egy-uj-szerelem-voc-Kaczor.SB_.-_demo.mp3\" type=\"audio\/mp3\" \/><\/audio><\/div>Kaczor Ferenc &#8211; J\u00f6het egy \u00faj szerelem (Original)"},"content":{"rendered":"<p><strong>03:01<\/strong> | <strong><img loading=\"lazy\" decoding=\"async\" class=\"alignnone size-full wp-image-466\" src=\"https:\/\/www.sunkaraoke.hu\/wp-content\/uploads\/2022\/07\/choir_1-copy.webp\" alt=\"\" width=\"30\" height=\"30\" \/> <\/strong><\/p>\n","protected":false},"excerpt":{"rendered":"<h6>Bits\u0171r\u0171s\u00e9g: 320 kb\/s<br \/>\nHossz: 03:01<br \/>\nVok\u00e1lt tartalmaz: Igen <img loading=\"lazy\" decoding=\"async\" class=\"alignnone size-full wp-image-466\" src=\"http:\/\/www.sunkaraoke.hu\/wp-content\/uploads\/2022\/07\/choir_1-copy.png\" alt=\"\" width=\"30\" height=\"30\" \/><strong style=\"font-size: 16px;\"><br \/>\n<\/strong><\/h6>\n<p>Sunkaraoke mp3 st\u00fadi\u00f3 \/ www.sunkaraoke.hu \/ Inf: Tel: 06 20 4275001<\/p>\n<p>&#8212;Intr\u00f3&#8212;<\/p>\n<p>Olyan az \u00e9n bab\u00e1m mint az id\u0151j\u00e1r\u00e1s,<br \/>\nder\u00fclt \u00e9gb\u0151l vill\u00e1mcsap\u00e1s,<br \/>\negyik percben naps\u00fct\u00e9sben,<br \/>\nm\u00e1sik percben mennyd\u00f6rg\u00e9sben.<br \/>\n\u00dagy d\u00f6nt\u00f6ttem holnapt\u00f3l m\u00e1st szeretek,<br \/>\ncs\u00f3kot adok cs\u00f3kot veszek,<br \/>\nnem leszek t\u00f6bb\u00e9 a j\u00e1t\u00e9kszered,<br \/>\nmehetsz bab\u00e1m isten veled.<\/p>\n<p>H\u00e1t akkor j\u00f6het egy \u00faj szerelem,a r\u00e9git elfeledem,<br \/>\ncsod\u00e1k \u00fagy sincsenek,mehetsz bab\u00e1m isten veled.<br \/>\nJ\u00f6het egy \u00faj szerelem,a r\u00e9git elfeledem,<br \/>\ncsod\u00e1k \u00fagy sincsenek,mehetsz bab\u00e1m isten veled.<\/p>\n<p>&#8212;Sz\u00f3l\u00f3&#8212;<\/p>\n<p>Ha s\u00fct a nap esik es\u0151 mind egyre megy,<br \/>\nmert a hib\u00e1s csak \u00e9n lehetek,<br \/>\negyik percben naps\u00fct\u00e9sben,<br \/>\nm\u00e1sik percben mennyd\u00f6rg\u00e9sben.<br \/>\n\u00dagy d\u00f6nt\u00f6ttem holnapt\u00f3l m\u00e1st szeretek,<br \/>\ncs\u00f3kot adok cs\u00f3kot veszek,<br \/>\nnem leszek t\u00f6bb\u00e9 a j\u00e1t\u00e9kszered,<br \/>\nmehetsz bab\u00e1m isten veled.<\/p>\n<p>H\u00e1t akkor j\u00f6het egy \u00faj szerelem,a r\u00e9git elfeledem,<br \/>\ncsod\u00e1k \u00fagy sincsenek,mehetsz bab\u00e1m isten veled.<br \/>\nJ\u00f6het egy \u00faj szerelem,a r\u00e9git elfeledem,<br \/>\ncsod\u00e1k \u00fagy sincsenek,mehetsz bab\u00e1m isten veled.<br \/>\nJ\u00f6het egy \u00faj szerelem,a r\u00e9git elfeledem,<br \/>\ncsod\u00e1k \u00fagy sincsenek,mehetsz bab\u00e1m isten veled.<br \/>\nJ\u00f6het egy \u00faj szerelem,a r\u00e9git elfeledem,<br \/>\ncsod\u00e1k \u00fagy sincsenek,mehetsz bab\u00e1m isten veled.<\/p>\n<p>&#8212;V\u00e9ge&#8212;<\/p>\n","protected":false},"featured_media":8960,"template":"","meta":{"site-sidebar-layout":"default","site-content-layout":"default","ast-site-content-layout":"default","site-content-style":"default","site-sidebar-style":"default","ast-global-header-display":"","ast-banner-title-visibility":"","ast-main-header-display":"","ast-hfb-above-header-display":"","ast-hfb-below-header-display":"","ast-hfb-mobile-header-display":"","site-post-title":"","ast-breadcrumbs-content":"","ast-featured-img":"","footer-sml-layout":"","theme-transparent-header-meta":"default","adv-header-id-meta":"","stick-header-meta":"","header-above-stick-meta":"","header-main-stick-meta":"","header-below-stick-meta":"","astra-migrate-meta-layouts":"set","ast-page-background-enabled":"default","ast-page-background-meta":{"desktop":{"background-color":"var(--ast-global-color-4)","background-image":"","background-repeat":"repeat","background-position":"center center","background-size":"auto","background-attachment":"scroll","background-type":"","background-media":"","overlay-type":"","overlay-color":"","overlay-opacity":"","overlay-gradient":""},"tablet":{"background-color":"","background-image":"","background-repeat":"repeat","background-position":"center center","background-size":"auto","background-attachment":"scroll","background-type":"","background-media":"","overlay-type":"","overlay-color":"","overlay-opacity":"","overlay-gradient":""},"mobile":{"background-color":"","background-image":"","background-repeat":"repeat","background-position":"center center","background-size":"auto","background-attachment":"scroll","background-type":"","background-media":"","overlay-type":"","overlay-color":"","overlay-opacity":"","overlay-gradient":""}},"ast-content-background-meta":{"desktop":{"background-color":"var(--ast-global-color-5)","background-image":"","background-repeat":"repeat","background-position":"center center","background-size":"auto","background-attachment":"scroll","background-type":"","background-media":"","overlay-type":"","overlay-color":"","overlay-opacity":"","overlay-gradient":""},"tablet":{"background-color":"var(--ast-global-color-5)","background-image":"","background-repeat":"repeat","background-position":"center center","background-size":"auto","background-attachment":"scroll","background-type":"","background-media":"","overlay-type":"","overlay-color":"","overlay-opacity":"","overlay-gradient":""},"mobile":{"background-color":"var(--ast-global-color-5)","background-image":"","background-repeat":"repeat","background-position":"center center","background-size":"auto","background-attachment":"scroll","background-type":"","background-media":"","overlay-type":"","overlay-color":"","overlay-opacity":"","overlay-gradient":""}}},"product_cat":[48],"product_tag":[],"class_list":["post-5044","product","type-product","status-publish","has-post-thumbnail","hentry","product_cat-sunkaraoke-dalok","desktop-align-left","tablet-align-left","mobile-align-left"],"_links":{"self":[{"href":"https:\/\/www.sunkaraoke.hu\/index.php\/wp-json\/wp\/v2\/product\/5044","targetHints":{"allow":["GET"]}}],"collection":[{"href":"https:\/\/www.sunkaraoke.hu\/index.php\/wp-json\/wp\/v2\/product"}],"about":[{"href":"https:\/\/www.sunkaraoke.hu\/index.php\/wp-json\/wp\/v2\/types\/product"}],"wp:featuredmedia":[{"embeddable":true,"href":"https:\/\/www.sunkaraoke.hu\/index.php\/wp-json\/wp\/v2\/media\/8960"}],"wp:attachment":[{"href":"https:\/\/www.sunkaraoke.hu\/index.php\/wp-json\/wp\/v2\/media?parent=5044"}],"wp:term":[{"taxonomy":"product_cat","embeddable":true,"href":"https:\/\/www.sunkaraoke.hu\/index.php\/wp-json\/wp\/v2\/product_cat?post=5044"},{"taxonomy":"product_tag","embeddable":true,"href":"https:\/\/www.sunkaraoke.hu\/index.php\/wp-json\/wp\/v2\/product_tag?post=5044"}],"curies":[{"name":"wp","href":"https:\/\/api.w.org\/{rel}","templated":true}]}}