{"id":5042,"date":"2022-08-08T20:48:31","date_gmt":"2022-08-08T20:48:31","guid":{"rendered":"https:\/\/www.sunkaraoke.hu\/index.php\/termek\/kaczor-ferenc-csak-egyszer-mondd-2\/"},"modified":"2025-06-08T06:49:06","modified_gmt":"2025-06-08T04:49:06","slug":"kaczor-ferenc-csak-egyszer-mondd-2","status":"publish","type":"product","link":"https:\/\/www.sunkaraoke.hu\/index.php\/termek\/kaczor-ferenc-csak-egyszer-mondd-2\/","title":{"rendered":"<div class=\"wcmp-player-container product-5042\"><audio controlslist=\"nodownload\" data-product=\"5042\"  volume=\"1\"  preload=\"none\" data-lazyloading=\"none\" class=\"wcmp-player track mejs-classic\" data-duration=\"0:31\" data-estimated_duration=\"4\"><source src=\"https:\/\/www.sunkaraoke.hu\/wp-content\/uploads\/2022\/08\/Csak-egyszer-mondd-voc-SB._demo.mp3\" type=\"audio\/mp3\" \/><\/audio><\/div>Kaczor Ferenc &#8211; Csak egyszer mondd (Original)"},"content":{"rendered":"<p><strong>03:52<\/strong> | <strong><img loading=\"lazy\" decoding=\"async\" class=\"alignnone size-full wp-image-466\" src=\"https:\/\/www.sunkaraoke.hu\/wp-content\/uploads\/2022\/07\/choir_1-copy.webp\" alt=\"\" width=\"30\" height=\"30\" \/> <\/strong><\/p>\n","protected":false},"excerpt":{"rendered":"<h6>Bits\u0171r\u0171s\u00e9g: 320 kb\/s<br \/>\nHossz: 03:52<br \/>\nVok\u00e1lt tartalmaz: Igen <img loading=\"lazy\" decoding=\"async\" class=\"alignnone size-full wp-image-466\" src=\"http:\/\/www.sunkaraoke.hu\/wp-content\/uploads\/2022\/07\/choir_1-copy.png\" alt=\"\" width=\"30\" height=\"30\" \/><\/h6>\n<p>Sunkaraoke mp3 st\u00fadi\u00f3 \/ www.sunkaraoke.hu \/ Inf: Tel: 06 20 4275001<\/p>\n<p>&#8212;Intr\u00f3&#8212;<br \/>\nHa lenne hozz\u00e1 b\u00e1tors\u00e1gom \u00fagy elmondan\u00e1m n\u00e9ked,<br \/>\nhogy olyan nagyon szeretlek de kimondani f\u00e9lek.<br \/>\nHa belen\u00e9zek a szemedbe a tekinteted \u00e9get,<br \/>\nh\u00e1t mondj ki egy sz\u00f3t k\u00e9rlek, mit \u00e9n kimondani f\u00e9lek.<\/p>\n<p>Csak egyszer mondd azt hogy szeretsz,<br \/>\nakkor \u00e9n oly boldog leszek,<br \/>\nte vagy a mindenem a v\u00e9gzetem, veled le\u00e9ln\u00e9m az \u00e9letem.<br \/>\nCsak egyszer mondd azt hogy szeretsz,<br \/>\nakkor \u00e9n oly boldog leszek,<br \/>\nte vagy a mindenem a v\u00e9gzetem, veled le\u00e9ln\u00e9m az \u00e9letem.<br \/>\n&#8212;Sz\u00f3l\u00f3&#8212;<br \/>\nHa lenne hozz\u00e1 b\u00e1tors\u00e1gom \u00fagy elmondan\u00e1m n\u00e9ked,<br \/>\nveled alszom \u00e9s \u00e9bredem, nekem te vagy az \u00e9let.<br \/>\nHa lenne hozz\u00e1 b\u00e1tors\u00e1gom \u00fagy elmondan\u00e1m n\u00e9ked,<br \/>\nhogy olyan nagyon szeretlek, de kimondani f\u00e9lek.<\/p>\n<p>Csak egyszer mondd azt hogy szeretsz,<br \/>\nakkor \u00e9n oly boldog leszek,<br \/>\nte vagy a mindenem a v\u00e9gzetem, veled le\u00e9ln\u00e9m az \u00e9letem.<br \/>\nCsak egyszer mondd azt hogy szeretsz,<br \/>\nakkor \u00e9n oly boldog leszek,<br \/>\nte vagy a mindenem a v\u00e9gzetem, veled le\u00e9ln\u00e9m az \u00e9letem.<br \/>\n&#8212;Sz\u00f3l\u00f3&#8212;<br \/>\nCsak egyszer mondd azt hogy szeretsz,<br \/>\nakkor \u00e9n oly boldog leszek,<br \/>\nte vagy a mindenem a v\u00e9gzetem, veled le\u00e9ln\u00e9m az \u00e9letem.<br \/>\nCsak egyszer mondd azt hogy szeretsz,<br \/>\nakkor \u00e9n oly boldog leszek,<br \/>\nte vagy a mindenem a v\u00e9gzetem, veled le\u00e9ln\u00e9m az \u00e9letem.<br \/>\nCsak egyszer mondd azt hogy szeretsz,<br \/>\nakkor \u00e9n oly boldog leszek,<br \/>\nte vagy a mindenem a v\u00e9gzetem, veled le\u00e9ln\u00e9m az \u00e9letem.<br \/>\nVeled le\u00e9ln\u00e9m az \u00e9letem.<br \/>\n&#8212;V\u00e9ge&#8212;<\/p>\n","protected":false},"featured_media":8960,"template":"","meta":{"site-sidebar-layout":"default","site-content-layout":"default","ast-site-content-layout":"default","site-content-style":"default","site-sidebar-style":"default","ast-global-header-display":"","ast-banner-title-visibility":"","ast-main-header-display":"","ast-hfb-above-header-display":"","ast-hfb-below-header-display":"","ast-hfb-mobile-header-display":"","site-post-title":"","ast-breadcrumbs-content":"","ast-featured-img":"","footer-sml-layout":"","theme-transparent-header-meta":"default","adv-header-id-meta":"","stick-header-meta":"","header-above-stick-meta":"","header-main-stick-meta":"","header-below-stick-meta":"","astra-migrate-meta-layouts":"set","ast-page-background-enabled":"default","ast-page-background-meta":{"desktop":{"background-color":"var(--ast-global-color-4)","background-image":"","background-repeat":"repeat","background-position":"center center","background-size":"auto","background-attachment":"scroll","background-type":"","background-media":"","overlay-type":"","overlay-color":"","overlay-opacity":"","overlay-gradient":""},"tablet":{"background-color":"","background-image":"","background-repeat":"repeat","background-position":"center center","background-size":"auto","background-attachment":"scroll","background-type":"","background-media":"","overlay-type":"","overlay-color":"","overlay-opacity":"","overlay-gradient":""},"mobile":{"background-color":"","background-image":"","background-repeat":"repeat","background-position":"center center","background-size":"auto","background-attachment":"scroll","background-type":"","background-media":"","overlay-type":"","overlay-color":"","overlay-opacity":"","overlay-gradient":""}},"ast-content-background-meta":{"desktop":{"background-color":"var(--ast-global-color-5)","background-image":"","background-repeat":"repeat","background-position":"center center","background-size":"auto","background-attachment":"scroll","background-type":"","background-media":"","overlay-type":"","overlay-color":"","overlay-opacity":"","overlay-gradient":""},"tablet":{"background-color":"var(--ast-global-color-5)","background-image":"","background-repeat":"repeat","background-position":"center center","background-size":"auto","background-attachment":"scroll","background-type":"","background-media":"","overlay-type":"","overlay-color":"","overlay-opacity":"","overlay-gradient":""},"mobile":{"background-color":"var(--ast-global-color-5)","background-image":"","background-repeat":"repeat","background-position":"center center","background-size":"auto","background-attachment":"scroll","background-type":"","background-media":"","overlay-type":"","overlay-color":"","overlay-opacity":"","overlay-gradient":""}}},"product_cat":[48],"product_tag":[],"class_list":["post-5042","product","type-product","status-publish","has-post-thumbnail","hentry","product_cat-sunkaraoke-dalok","desktop-align-left","tablet-align-left","mobile-align-left"],"_links":{"self":[{"href":"https:\/\/www.sunkaraoke.hu\/index.php\/wp-json\/wp\/v2\/product\/5042","targetHints":{"allow":["GET"]}}],"collection":[{"href":"https:\/\/www.sunkaraoke.hu\/index.php\/wp-json\/wp\/v2\/product"}],"about":[{"href":"https:\/\/www.sunkaraoke.hu\/index.php\/wp-json\/wp\/v2\/types\/product"}],"wp:featuredmedia":[{"embeddable":true,"href":"https:\/\/www.sunkaraoke.hu\/index.php\/wp-json\/wp\/v2\/media\/8960"}],"wp:attachment":[{"href":"https:\/\/www.sunkaraoke.hu\/index.php\/wp-json\/wp\/v2\/media?parent=5042"}],"wp:term":[{"taxonomy":"product_cat","embeddable":true,"href":"https:\/\/www.sunkaraoke.hu\/index.php\/wp-json\/wp\/v2\/product_cat?post=5042"},{"taxonomy":"product_tag","embeddable":true,"href":"https:\/\/www.sunkaraoke.hu\/index.php\/wp-json\/wp\/v2\/product_tag?post=5042"}],"curies":[{"name":"wp","href":"https:\/\/api.w.org\/{rel}","templated":true}]}}