{"id":5038,"date":"2022-08-08T20:48:30","date_gmt":"2022-08-08T20:48:30","guid":{"rendered":"https:\/\/www.sunkaraoke.hu\/index.php\/termek\/kaczor-ferenc-jani\/"},"modified":"2025-03-27T16:58:22","modified_gmt":"2025-03-27T16:58:22","slug":"kaczor-ferenc-jani","status":"publish","type":"product","link":"https:\/\/www.sunkaraoke.hu\/index.php\/termek\/kaczor-ferenc-jani\/","title":{"rendered":"<div class=\"wcmp-player-container product-5038\"><audio controlslist=\"nodownload\" data-product=\"5038\"  volume=\"1\"  preload=\"none\" data-lazyloading=\"none\" class=\"wcmp-player track mejs-classic\" data-duration=\"0:31\" data-estimated_duration=\"4\"><source src=\"https:\/\/www.sunkaraoke.hu\/wp-content\/uploads\/2022\/08\/Jani-Kaczor-SB_demo.mp3\" type=\"audio\/mp3\" \/><\/audio><\/div>Kaczor Ferenc &#8211; Jani (Original)"},"content":{"rendered":"<p><strong>03:31<\/strong> | <strong><img loading=\"lazy\" decoding=\"async\" class=\"alignnone size-full wp-image-467\" src=\"https:\/\/www.sunkaraoke.hu\/wp-content\/uploads\/2022\/07\/choir_2-copy.webp\" alt=\"\" width=\"30\" height=\"30\" \/> <\/strong><\/p>\n","protected":false},"excerpt":{"rendered":"<h6>Bits\u0171r\u0171s\u00e9g: 320 kb\/s<br \/>\nHossz: 03:31<br \/>\nVok\u00e1lt tartalmaz: Nem <img loading=\"lazy\" decoding=\"async\" class=\"alignnone size-full wp-image-467\" src=\"http:\/\/www.sunkaraoke.hu\/wp-content\/uploads\/2022\/07\/choir_2-copy.png\" alt=\"\" width=\"30\" height=\"30\" \/><strong style=\"font-size: 16px;\"><br \/>\n<\/strong><\/h6>\n<p>Sunkaraoke mp3 st\u00fadi\u00f3 \/ www.sunkaraoke.hu \/ Inf: Tel: 06 20 4275001<\/p>\n<p>&#8212;Intr\u00f3&#8212;<br \/>\nAzt besz\u00e9lik a faluba, hogy a Jani nem j\u00e1r haza,<br \/>\nhogy nem j\u00e1r haza p\u00e9nteken, szombaton, vas\u00e1rnap.<br \/>\nHaragszik is \u00e9rte az asszonya, hogy a Jani nem j\u00e1r haza,<br \/>\nhogy nem j\u00e1r haza p\u00e9nteken, szombaton, vas\u00e1rnap.<br \/>\nMert a Jani h\u00e1rom napja, z\u00fcllik mulat,<br \/>\npezsg\u0151t iszik \u00f6leli a sz\u00e9p l\u00e1nyokat,<br \/>\nh\u00e1t Jani, Jani j\u00f3l vigy\u00e1zz, hogy meg ne tudja az asszony, hogy merre j\u00e1rsz.<br \/>\nMert a Jani h\u00e1rom napja, z\u00fcllik mulat,<br \/>\npezsg\u0151t iszik \u00f6leli a sz\u00e9p l\u00e1nyokat,<br \/>\nh\u00e1t Jani, Jani j\u00f3l vigy\u00e1zz, hogy meg ne tudja az asszony, hogy merre j\u00e1rsz.<br \/>\nA haverokkal mulat az az oka, hogy a Jani nem j\u00e1r haza,<br \/>\nhogy nem j\u00e1r haza, p\u00e9nteken, szombaton, vas\u00e1rnap.<br \/>\nHaragszik is \u00e9rte az asszonya, hogy a Jani nem j\u00e1r haza,<br \/>\nhogy nem j\u00e1r haza p\u00e9nteken, szombaton, vas\u00e1rnap.<br \/>\nMert a Jani h\u00e1rom napja, z\u00fcllik mulat,<br \/>\npezsg\u0151t iszik \u00f6leli a sz\u00e9p l\u00e1nyokat,<br \/>\nh\u00e1t Jani, Jani j\u00f3l vigy\u00e1zz, hogy meg ne tudja az asszony, hogy merre j\u00e1rsz.<br \/>\nMert a Jani h\u00e1rom napja, z\u00fcllik mulat,<br \/>\npezsg\u0151t iszik \u00f6leli a sz\u00e9p l\u00e1nyokat,<br \/>\nh\u00e1t Jani, Jani j\u00f3l vigy\u00e1zz, hogy meg ne tudja az asszony, hogy merre j\u00e1rsz.<br \/>\n&#8212;Sz\u00f3l\u00f3&#8212;<br \/>\nMert a Jani h\u00e1rom napja, z\u00fcllik mulat,<br \/>\npezsg\u0151t iszik \u00f6leli a sz\u00e9p l\u00e1nyokat,<br \/>\nh\u00e1t Jani, Jani j\u00f3l vigy\u00e1zz, hogy meg ne tudja az asszony, hogy merre j\u00e1rsz.<br \/>\nMert a Jani h\u00e1rom napja, z\u00fcllik mulat,<br \/>\npezsg\u0151t iszik \u00f6leli a sz\u00e9p l\u00e1nyokat,<br \/>\nh\u00e1t Jani, Jani j\u00f3l vigy\u00e1zz, hogy meg ne tudja az asszony, hogy merre j\u00e1rsz.<br \/>\nMert a Jani h\u00e1rom napja, z\u00fcllik mulat,<br \/>\npezsg\u0151t iszik \u00f6leli a sz\u00e9p l\u00e1nyokat,<br \/>\nh\u00e1t Jani, Jani j\u00f3l vigy\u00e1zz, hogy meg ne tudja az asszony, hogy merre j\u00e1rsz.<br \/>\nMert a Jani h\u00e1rom napja, z\u00fcllik mulat,<br \/>\npezsg\u0151t iszik \u00f6leli a sz\u00e9p l\u00e1nyokat,<br \/>\nh\u00e1t Jani, Jani j\u00f3l vigy\u00e1zz, hogy meg ne tudja az asszony, hogy merre j\u00e1rsz.<br \/>\nHogy meg ne tudja az asszony, hogy merre j\u00e1rsz.<\/p>\n<p>&#8212;V\u00e9ge&#8212;<\/p>\n","protected":false},"featured_media":8960,"template":"","meta":{"site-sidebar-layout":"default","site-content-layout":"default","ast-site-content-layout":"default","site-content-style":"default","site-sidebar-style":"default","ast-global-header-display":"","ast-banner-title-visibility":"","ast-main-header-display":"","ast-hfb-above-header-display":"","ast-hfb-below-header-display":"","ast-hfb-mobile-header-display":"","site-post-title":"","ast-breadcrumbs-content":"","ast-featured-img":"","footer-sml-layout":"","theme-transparent-header-meta":"default","adv-header-id-meta":"","stick-header-meta":"","header-above-stick-meta":"","header-main-stick-meta":"","header-below-stick-meta":"","astra-migrate-meta-layouts":"set","ast-page-background-enabled":"default","ast-page-background-meta":{"desktop":{"background-color":"var(--ast-global-color-4)","background-image":"","background-repeat":"repeat","background-position":"center center","background-size":"auto","background-attachment":"scroll","background-type":"","background-media":"","overlay-type":"","overlay-color":"","overlay-opacity":"","overlay-gradient":""},"tablet":{"background-color":"","background-image":"","background-repeat":"repeat","background-position":"center center","background-size":"auto","background-attachment":"scroll","background-type":"","background-media":"","overlay-type":"","overlay-color":"","overlay-opacity":"","overlay-gradient":""},"mobile":{"background-color":"","background-image":"","background-repeat":"repeat","background-position":"center center","background-size":"auto","background-attachment":"scroll","background-type":"","background-media":"","overlay-type":"","overlay-color":"","overlay-opacity":"","overlay-gradient":""}},"ast-content-background-meta":{"desktop":{"background-color":"var(--ast-global-color-5)","background-image":"","background-repeat":"repeat","background-position":"center center","background-size":"auto","background-attachment":"scroll","background-type":"","background-media":"","overlay-type":"","overlay-color":"","overlay-opacity":"","overlay-gradient":""},"tablet":{"background-color":"var(--ast-global-color-5)","background-image":"","background-repeat":"repeat","background-position":"center center","background-size":"auto","background-attachment":"scroll","background-type":"","background-media":"","overlay-type":"","overlay-color":"","overlay-opacity":"","overlay-gradient":""},"mobile":{"background-color":"var(--ast-global-color-5)","background-image":"","background-repeat":"repeat","background-position":"center center","background-size":"auto","background-attachment":"scroll","background-type":"","background-media":"","overlay-type":"","overlay-color":"","overlay-opacity":"","overlay-gradient":""}}},"product_cat":[48],"product_tag":[],"class_list":["post-5038","product","type-product","status-publish","has-post-thumbnail","hentry","product_cat-sunkaraoke-dalok","desktop-align-left","tablet-align-left","mobile-align-left"],"_links":{"self":[{"href":"https:\/\/www.sunkaraoke.hu\/index.php\/wp-json\/wp\/v2\/product\/5038","targetHints":{"allow":["GET"]}}],"collection":[{"href":"https:\/\/www.sunkaraoke.hu\/index.php\/wp-json\/wp\/v2\/product"}],"about":[{"href":"https:\/\/www.sunkaraoke.hu\/index.php\/wp-json\/wp\/v2\/types\/product"}],"wp:featuredmedia":[{"embeddable":true,"href":"https:\/\/www.sunkaraoke.hu\/index.php\/wp-json\/wp\/v2\/media\/8960"}],"wp:attachment":[{"href":"https:\/\/www.sunkaraoke.hu\/index.php\/wp-json\/wp\/v2\/media?parent=5038"}],"wp:term":[{"taxonomy":"product_cat","embeddable":true,"href":"https:\/\/www.sunkaraoke.hu\/index.php\/wp-json\/wp\/v2\/product_cat?post=5038"},{"taxonomy":"product_tag","embeddable":true,"href":"https:\/\/www.sunkaraoke.hu\/index.php\/wp-json\/wp\/v2\/product_tag?post=5038"}],"curies":[{"name":"wp","href":"https:\/\/api.w.org\/{rel}","templated":true}]}}