{"id":5036,"date":"2022-08-08T20:48:30","date_gmt":"2022-08-08T20:48:30","guid":{"rendered":"https:\/\/www.sunkaraoke.hu\/index.php\/termek\/delta-mese-original-verzio\/"},"modified":"2025-03-31T09:40:14","modified_gmt":"2025-03-31T09:40:14","slug":"delta-mese-original-verzio","status":"publish","type":"product","link":"https:\/\/www.sunkaraoke.hu\/index.php\/termek\/delta-mese-original-verzio\/","title":{"rendered":"<div class=\"wcmp-player-container product-5036\"><audio controlslist=\"nodownload\" data-product=\"5036\"  volume=\"1\"  preload=\"none\" data-lazyloading=\"none\" class=\"wcmp-player track mejs-classic\" data-duration=\"0:31\" data-estimated_duration=\"4\"><source src=\"https:\/\/www.sunkaraoke.hu\/wp-content\/uploads\/2022\/08\/Mese-Orig-Delta-SB.-demo.mp3\" type=\"audio\/mp3\" \/><\/audio><\/div>Delta &#8211; Mese (Original)"},"content":{"rendered":"<p><strong>03:48<\/strong> | <strong><img loading=\"lazy\" decoding=\"async\" class=\"alignnone size-full wp-image-467\" src=\"https:\/\/www.sunkaraoke.hu\/wp-content\/uploads\/2022\/07\/choir_2-copy.webp\" alt=\"\" width=\"30\" height=\"30\" \/> <\/strong><\/p>\n","protected":false},"excerpt":{"rendered":"<h6><strong>Bits\u0171r\u0171s\u00e9g: 320<\/strong>kb\/s<strong><br \/>\n<\/strong><strong>Hossz: <\/strong>03:48<strong><br \/>\n<\/strong><strong style=\"font-size: 16px;\">Vok\u00e1lt tartalmaz: <\/strong>Nem <img loading=\"lazy\" decoding=\"async\" class=\"alignnone size-full wp-image-467\" src=\"http:\/\/www.sunkaraoke.hu\/wp-content\/uploads\/2022\/07\/choir_2-copy.png\" alt=\"\" width=\"30\" height=\"30\" \/><strong style=\"font-size: 16px;\"><br \/>\n<\/strong><\/h6>\n<p>Sunkaraoke mp3 st\u00fadi\u00f3 \/ www.sunkaraoke.hu \/ Inf: Tel: 06 20 4275001<\/p>\n<p>&#8212;Intr\u00f3&#8212;<\/p>\n<p>Csak egy csillag megy az \u00e9gen,<br \/>\ncsakis \u0151t keresi, \u0151t szereti az \u00e9j,<br \/>\ncsakis hozz\u00e1 visz a sz\u00edvem,<br \/>\nvele \u00e1lmodom \u00e9des \u00e1lmaimat \u00e9n.<br \/>\nRap: Nincs baj a vil\u00e1ggal ez egy vid\u00e1m dal,<br \/>\nbecsengetek kezemben vir\u00e1ggal, ak\u00e1r egy l\u00e1tom\u00e1s, \u00e1llsz a k\u00fcsz\u00f6b\u00f6n,<br \/>\nnem j\u00f6n a sz\u00f3 a bet\u0171kkel k\u00fcszk\u00f6d\u00f6m.<br \/>\nMost csak azt k\u00e9rem t\u0151led hogy hallgass meg,<br \/>\nvan egy l\u00e1ny akit \u00e1br\u00e1ndok \u0151riznek,<br \/>\nmint a mes\u00e9ben angyalok sz\u00e1rny\u00e1n sz\u00e1ll,<br \/>\nmindig r\u00e1 v\u00e1rtam, \u0151 meg csak r\u00e1m v\u00e1rt.<\/p>\n<p>\u00c1lmaimban l\u00e1tom,s \u0151 m\u00e1r a hold f\u00e9ny\u00e9n\u00e9l v\u00e1r a mesebeli l\u00e1ny.<br \/>\nCsak egy csillag megy az \u00e9gen,<br \/>\ncsakis \u0151t keresi, \u0151t szereti az \u00e9j,<br \/>\ncsakis hozz\u00e1 visz a sz\u00edvem,<br \/>\nvele \u00e1lmodom \u00e9des \u00e1lmaimat \u00e9n.<br \/>\nCsak egy csillag megy az \u00e9gen,<br \/>\ncsakis \u0151t keresi, \u0151t szereti az \u00e9j,<br \/>\ncsakis hozz\u00e1 visz a sz\u00edvem,<br \/>\nvele \u00e1lmodom \u00e9des \u00e1lmaimat \u00e9n.<\/p>\n<p>Rap: Aki reggel is sz\u00e9p \u00e9s mindene illatos,<br \/>\nmint egy k\u00f6ltem\u00e9ny, \u00f6t\u00f6snek csillagos,<br \/>\nvele \u00fagy \u00e9rzem nem leszek \u00e1tlagos,\u00e9s egy pillanat is var\u00e1zslatos.<br \/>\nNekem csak \u0151 kell ez a puszta t\u00e9ny,<br \/>\nrem\u00e9lem nem marad vak rem\u00e9ny, ahogy \u00e9n majd \u0151 is \u00fagy szeret bel\u00e9m,<br \/>\na j\u00f6v\u0151nk egy szerelmes sz\u00e9p reg\u00e9ny.<br \/>\n\u00c1lmaimban l\u00e1tom,s \u0151 m\u00e1r a hold f\u00e9ny\u00e9n\u00e9l v\u00e1r a mesebeli l\u00e1ny.<br \/>\nCsak egy csillag megy az \u00e9gen,<br \/>\ncsakis \u0151t keresi, \u0151t szereti az \u00e9j,<br \/>\ncsakis hozz\u00e1 visz a sz\u00edvem,<br \/>\nvele \u00e1lmodom \u00e9des \u00e1lmaimat \u00e9n.<br \/>\nCsak egy csillag megy az \u00e9gen,<br \/>\ncsakis \u0151t keresi, \u0151t szereti az \u00e9j,<br \/>\ncsakis hozz\u00e1 visz a sz\u00edvem,<br \/>\nvele \u00e1lmodom \u00e9des \u00e1lmaimat \u00e9n.<br \/>\nRap: B\u00e1rmikor h\u00edvj , csak sz\u00f3lj \u00e9s ott leszek,<br \/>\nrep\u0171l\u00f6k hozz\u00e1d a bajb\u00f3l kimentelek,<br \/>\nj\u00f6hetnek utamba hegyek \u00e9s tengerek,<br \/>\nhogy boldog legy\u00e9l \u00e9n b\u00e1rmit megteszek, el\u0151ttem nincsen akad\u00e1ly.<\/p>\n<p>Csak egy csillag megy az \u00e9gen,<br \/>\ncsakis \u0151t keresi, \u0151t szereti az \u00e9j,<br \/>\ncsakis hozz\u00e1 visz a sz\u00edvem,<br \/>\nvele \u00e1lmodom \u00e9des \u00e1lmaimat \u00e9n.(Transzpon\u00e1l)<br \/>\nCsak egy csillag megy az \u00e9gen,<br \/>\ncsakis \u0151t keresi, \u0151t szereti az \u00e9j,<br \/>\ncsakis hozz\u00e1 visz a sz\u00edvem,<br \/>\nvele \u00e1lmodom \u00e9des \u00e1lmaimat \u00e9n.<br \/>\n&#8212;V\u00e9ge&#8212;<\/p>\n","protected":false},"featured_media":9005,"template":"","meta":{"site-sidebar-layout":"default","site-content-layout":"default","ast-site-content-layout":"default","site-content-style":"default","site-sidebar-style":"default","ast-global-header-display":"","ast-banner-title-visibility":"","ast-main-header-display":"","ast-hfb-above-header-display":"","ast-hfb-below-header-display":"","ast-hfb-mobile-header-display":"","site-post-title":"","ast-breadcrumbs-content":"","ast-featured-img":"","footer-sml-layout":"","theme-transparent-header-meta":"default","adv-header-id-meta":"","stick-header-meta":"","header-above-stick-meta":"","header-main-stick-meta":"","header-below-stick-meta":"","astra-migrate-meta-layouts":"set","ast-page-background-enabled":"default","ast-page-background-meta":{"desktop":{"background-color":"var(--ast-global-color-4)","background-image":"","background-repeat":"repeat","background-position":"center center","background-size":"auto","background-attachment":"scroll","background-type":"","background-media":"","overlay-type":"","overlay-color":"","overlay-opacity":"","overlay-gradient":""},"tablet":{"background-color":"","background-image":"","background-repeat":"repeat","background-position":"center center","background-size":"auto","background-attachment":"scroll","background-type":"","background-media":"","overlay-type":"","overlay-color":"","overlay-opacity":"","overlay-gradient":""},"mobile":{"background-color":"","background-image":"","background-repeat":"repeat","background-position":"center center","background-size":"auto","background-attachment":"scroll","background-type":"","background-media":"","overlay-type":"","overlay-color":"","overlay-opacity":"","overlay-gradient":""}},"ast-content-background-meta":{"desktop":{"background-color":"var(--ast-global-color-5)","background-image":"","background-repeat":"repeat","background-position":"center center","background-size":"auto","background-attachment":"scroll","background-type":"","background-media":"","overlay-type":"","overlay-color":"","overlay-opacity":"","overlay-gradient":""},"tablet":{"background-color":"var(--ast-global-color-5)","background-image":"","background-repeat":"repeat","background-position":"center center","background-size":"auto","background-attachment":"scroll","background-type":"","background-media":"","overlay-type":"","overlay-color":"","overlay-opacity":"","overlay-gradient":""},"mobile":{"background-color":"var(--ast-global-color-5)","background-image":"","background-repeat":"repeat","background-position":"center center","background-size":"auto","background-attachment":"scroll","background-type":"","background-media":"","overlay-type":"","overlay-color":"","overlay-opacity":"","overlay-gradient":""}}},"product_cat":[48],"product_tag":[],"class_list":["post-5036","product","type-product","status-publish","has-post-thumbnail","hentry","product_cat-sunkaraoke-dalok","desktop-align-left","tablet-align-left","mobile-align-left"],"_links":{"self":[{"href":"https:\/\/www.sunkaraoke.hu\/index.php\/wp-json\/wp\/v2\/product\/5036","targetHints":{"allow":["GET"]}}],"collection":[{"href":"https:\/\/www.sunkaraoke.hu\/index.php\/wp-json\/wp\/v2\/product"}],"about":[{"href":"https:\/\/www.sunkaraoke.hu\/index.php\/wp-json\/wp\/v2\/types\/product"}],"wp:featuredmedia":[{"embeddable":true,"href":"https:\/\/www.sunkaraoke.hu\/index.php\/wp-json\/wp\/v2\/media\/9005"}],"wp:attachment":[{"href":"https:\/\/www.sunkaraoke.hu\/index.php\/wp-json\/wp\/v2\/media?parent=5036"}],"wp:term":[{"taxonomy":"product_cat","embeddable":true,"href":"https:\/\/www.sunkaraoke.hu\/index.php\/wp-json\/wp\/v2\/product_cat?post=5036"},{"taxonomy":"product_tag","embeddable":true,"href":"https:\/\/www.sunkaraoke.hu\/index.php\/wp-json\/wp\/v2\/product_tag?post=5036"}],"curies":[{"name":"wp","href":"https:\/\/api.w.org\/{rel}","templated":true}]}}